{"id":98,"date":"2013-12-15T04:40:11","date_gmt":"2013-12-15T03:40:11","guid":{"rendered":"http:\/\/littorelles.org\/?page_id=98"},"modified":"2025-07-23T12:31:39","modified_gmt":"2025-07-23T11:31:39","slug":"accueil","status":"publish","type":"page","link":"https:\/\/www.littorelles.org\/","title":{"rendered":"Accueil"},"content":{"rendered":"\n<figure class=\"wp-block-image size-large\"><a href=\"https:\/\/www.littorelles.org\/wp-content\/uploads\/2025\/07\/accueil_littorelles.png\"><img loading=\"lazy\" decoding=\"async\" width=\"1024\" height=\"768\" src=\"https:\/\/www.littorelles.org\/wp-content\/uploads\/2025\/07\/accueil_littorelles-1024x768.png\" alt=\"\" class=\"wp-image-4606\" srcset=\"https:\/\/www.littorelles.org\/wp-content\/uploads\/2025\/07\/accueil_littorelles-1024x768.png 1024w, https:\/\/www.littorelles.org\/wp-content\/uploads\/2025\/07\/accueil_littorelles-300x225.png 300w, https:\/\/www.littorelles.org\/wp-content\/uploads\/2025\/07\/accueil_littorelles-768x576.png 768w, https:\/\/www.littorelles.org\/wp-content\/uploads\/2025\/07\/accueil_littorelles-1536x1152.png 1536w, https:\/\/www.littorelles.org\/wp-content\/uploads\/2025\/07\/accueil_littorelles.png 1600w\" sizes=\"auto, (max-width: 1024px) 100vw, 1024px\" \/><\/a><\/figure>\n\n\n\n<p>Littor\u2019<em>Elles<\/em>, plus qu\u2019une Association\u2026 une Rencontre<br> Littor\u2019<em>Elles<\/em>, des journ\u00e9es de Bonheur au fil du Temps<br> Littor\u2019<em>Elles<\/em>&nbsp;entre Mer et Beffrois, rien que pour Elles<br> Littor\u2019<em>Elles<\/em>&nbsp;r\u00e8gne sur un territoire qui s\u2019\u00e9tend de la Flandre \u00e0 la C\u00f4te d\u2019Opale&nbsp;<\/p>\n\n\n\n<p>Six femmes passionn\u00e9es et enthousiastes, cinq femmes en marche ayant acquis 20 ans d\u2019exp\u00e9rience dans l\u2019organisation et la gestion d\u2019\u00e9v\u00e9nements culturels, six femmes de terrain :&nbsp;Chantal Bertrand, Christine Sery, Anne Ducoin, Brigitte Decroocq, Dolly Feghali, No\u00eblle Soupey<\/p>\n\n\n\n<p>Littor\u2019Elles&nbsp;propose \u00e0 ses adh\u00e9rentes et \u00e0 leurs invit\u00e9(e)s des visites d\u2019exception, dans un climat d\u2019harmonie et de convivialit\u00e9 et vous invite \u00e0 des journ\u00e9es \u00ab&nbsp;privil\u00e8ges&nbsp;\u00bb,<\/p>\n\n\n\n<p>Nous vous ferons d\u00e9couvrir et aimer les multiples expressions du patrimoine culturel qui jalonnent nos routes : le Nord\/Pas-de-Calais, la Picardie, l\u2019Ile de France, l\u2019Angleterre et la Belgique\u2026&nbsp;Littor\u2019<em>Elles<\/em>,&nbsp;un concept original \u2026..<\/p>\n\n\n\n<figure class=\"wp-block-embed is-type-video is-provider-youtube wp-block-embed-youtube wp-embed-aspect-16-9 wp-has-aspect-ratio\"><div class=\"wp-block-embed__wrapper\">\n<iframe loading=\"lazy\" title=\"Littorelles\" width=\"604\" height=\"340\" src=\"https:\/\/www.youtube.com\/embed\/rHmOtY7ly9Q?feature=oembed\" frameborder=\"0\" allow=\"accelerometer; autoplay; clipboard-write; encrypted-media; gyroscope; picture-in-picture; web-share\" referrerpolicy=\"strict-origin-when-cross-origin\" allowfullscreen><\/iframe>\n<\/div><\/figure>\n","protected":false},"excerpt":{"rendered":"<p>Littor\u2019Elles, plus qu\u2019une Association\u2026 une Rencontre Littor\u2019Elles, des journ\u00e9es de Bonheur au fil du Temps Littor\u2019Elles&nbsp;entre Mer et Beffrois, rien que pour Elles Littor\u2019Elles&nbsp;r\u00e8gne sur un territoire qui s\u2019\u00e9tend de la Flandre \u00e0 la C\u00f4te d\u2019Opale&nbsp; Six femmes passionn\u00e9es et enthousiastes, cinq femmes en marche ayant acquis 20 ans d\u2019exp\u00e9rience dans l\u2019organisation et la gestion &hellip; <a href=\"https:\/\/www.littorelles.org\/\" class=\"more-link\">Continuer la lecture de <span class=\"screen-reader-text\">Accueil<\/span> <span class=\"meta-nav\">&rarr;<\/span><\/a><\/p>\n","protected":false},"author":1,"featured_media":0,"parent":0,"menu_order":0,"comment_status":"closed","ping_status":"closed","template":"","meta":{"ngg_post_thumbnail":0,"footnotes":""},"class_list":["post-98","page","type-page","status-publish","hentry"],"_links":{"self":[{"href":"https:\/\/www.littorelles.org\/index.php?rest_route=\/wp\/v2\/pages\/98","targetHints":{"allow":["GET"]}}],"collection":[{"href":"https:\/\/www.littorelles.org\/index.php?rest_route=\/wp\/v2\/pages"}],"about":[{"href":"https:\/\/www.littorelles.org\/index.php?rest_route=\/wp\/v2\/types\/page"}],"author":[{"embeddable":true,"href":"https:\/\/www.littorelles.org\/index.php?rest_route=\/wp\/v2\/users\/1"}],"replies":[{"embeddable":true,"href":"https:\/\/www.littorelles.org\/index.php?rest_route=%2Fwp%2Fv2%2Fcomments&post=98"}],"version-history":[{"count":2,"href":"https:\/\/www.littorelles.org\/index.php?rest_route=\/wp\/v2\/pages\/98\/revisions"}],"predecessor-version":[{"id":4607,"href":"https:\/\/www.littorelles.org\/index.php?rest_route=\/wp\/v2\/pages\/98\/revisions\/4607"}],"wp:attachment":[{"href":"https:\/\/www.littorelles.org\/index.php?rest_route=%2Fwp%2Fv2%2Fmedia&parent=98"}],"curies":[{"name":"wp","href":"https:\/\/api.w.org\/{rel}","templated":true}]}}