{"id":916,"date":"2014-02-22T21:36:10","date_gmt":"2014-02-22T20:36:10","guid":{"rendered":"http:\/\/littorelles.org\/?page_id=916"},"modified":"2014-02-22T21:36:10","modified_gmt":"2014-02-22T20:36:10","slug":"une-journee-onirique-a-paris-le-marche-aux-puces-de-st-ouen","status":"publish","type":"page","link":"https:\/\/www.littorelles.org\/?page_id=916","title":{"rendered":"Une journ\u00e9e onirique \u00e0 Paris &#8211; le march\u00e9 aux puces de St ouen"},"content":{"rendered":"<p>Nous avons par un froid glacial visit\u00e9 le grenier du monde &#8211; ou plus modestement- le plus grand march\u00e9 aux puces d&rsquo;Europe.<img decoding=\"async\" class=\"ngg_displayed_gallery mceItem\" alt=\"\" src=\"littorelles.org\/index.php\/nextgen-attach_to_post\/preview\/id--946\" \/><\/p>\n<p>Cette visite guid\u00e9e fort int\u00e9ressante nous a appris qu&rsquo;il y a 15 march\u00e9s ind\u00e9pendants avec 2000 marchands. Certains sont plus c\u00e9l\u00e8bres avec des ferrailleurs ou restaurateurs d&rsquo;objets d&rsquo;art . Les march\u00e9s sont nombreux comme Antica pour le mobilier et objets du XVIII et XIX\u00e8me si\u00e8cles, Cambo qui est un march\u00e9 de charme au coeur des Puces. L\u2019entrep\u00f4t des Puces&#8230; en grand format, le Passage pour trouver des v\u00eatements, livres anciens, effets militaires, bibelots, Rosiers pour les amoureux des luminaires et des objets d&rsquo;art du XX\u00e8me si\u00e8cle<\/p>\n","protected":false},"excerpt":{"rendered":"<p>Nous avons par un froid glacial visit\u00e9 le grenier du monde &#8211; ou plus modestement- le plus grand march\u00e9 aux puces d&rsquo;Europe. Cette visite guid\u00e9e fort int\u00e9ressante nous a appris qu&rsquo;il y a 15 march\u00e9s ind\u00e9pendants avec 2000 marchands. Certains sont plus c\u00e9l\u00e8bres avec des ferrailleurs ou restaurateurs d&rsquo;objets d&rsquo;art . Les march\u00e9s sont nombreux &hellip; <a href=\"https:\/\/www.littorelles.org\/?page_id=916\" class=\"more-link\">Continuer la lecture de <span class=\"screen-reader-text\">Une journ\u00e9e onirique \u00e0 Paris &#8211; le march\u00e9 aux puces de St ouen<\/span> <span class=\"meta-nav\">&rarr;<\/span><\/a><\/p>\n","protected":false},"author":1,"featured_media":0,"parent":240,"menu_order":0,"comment_status":"closed","ping_status":"open","template":"","meta":{"ngg_post_thumbnail":0,"footnotes":""},"class_list":["post-916","page","type-page","status-publish","hentry"],"_links":{"self":[{"href":"https:\/\/www.littorelles.org\/index.php?rest_route=\/wp\/v2\/pages\/916","targetHints":{"allow":["GET"]}}],"collection":[{"href":"https:\/\/www.littorelles.org\/index.php?rest_route=\/wp\/v2\/pages"}],"about":[{"href":"https:\/\/www.littorelles.org\/index.php?rest_route=\/wp\/v2\/types\/page"}],"author":[{"embeddable":true,"href":"https:\/\/www.littorelles.org\/index.php?rest_route=\/wp\/v2\/users\/1"}],"replies":[{"embeddable":true,"href":"https:\/\/www.littorelles.org\/index.php?rest_route=%2Fwp%2Fv2%2Fcomments&post=916"}],"version-history":[{"count":0,"href":"https:\/\/www.littorelles.org\/index.php?rest_route=\/wp\/v2\/pages\/916\/revisions"}],"up":[{"embeddable":true,"href":"https:\/\/www.littorelles.org\/index.php?rest_route=\/wp\/v2\/pages\/240"}],"wp:attachment":[{"href":"https:\/\/www.littorelles.org\/index.php?rest_route=%2Fwp%2Fv2%2Fmedia&parent=916"}],"curies":[{"name":"wp","href":"https:\/\/api.w.org\/{rel}","templated":true}]}}