{"id":914,"date":"2014-02-22T21:28:58","date_gmt":"2014-02-22T20:28:58","guid":{"rendered":"http:\/\/littorelles.org\/?page_id=914"},"modified":"2014-02-22T21:28:58","modified_gmt":"2014-02-22T20:28:58","slug":"demain-mariage-pour-tous-conference-de-caroline-matrat","status":"publish","type":"page","link":"https:\/\/www.littorelles.org\/?page_id=914","title":{"rendered":"Demain mariage pour tous &#8211; conf\u00e9rence de Caroline Matrat"},"content":{"rendered":"<p>C&rsquo;est un oui, tr\u00e8s majoritaire au mariage homo tandis qu&rsquo;une petite moiti\u00e9 est pour l&rsquo;adoption. Certes, il y a un clivage gauche-droite et jeune-vieux sur le sujet . Tout cela arrive apr\u00e8s une banalisation de homosexualit\u00e9 et une \u00e9volution de la valeur du mariage.<\/p>\n<p>Caroline Matrat nous a donn\u00e9 les en jeux et cons\u00e9quences du mariage pour tous<\/p>\n<p><img decoding=\"async\" class=\"ngg_displayed_gallery mceItem\" alt=\"\" src=\"littorelles.org\/index.php\/nextgen-attach_to_post\/preview\/id--953\" \/><\/p>\n<p>&nbsp;<\/p>\n","protected":false},"excerpt":{"rendered":"<p>C&rsquo;est un oui, tr\u00e8s majoritaire au mariage homo tandis qu&rsquo;une petite moiti\u00e9 est pour l&rsquo;adoption. Certes, il y a un clivage gauche-droite et jeune-vieux sur le sujet . Tout cela arrive apr\u00e8s une banalisation de homosexualit\u00e9 et une \u00e9volution de la valeur du mariage. Caroline Matrat nous a donn\u00e9 les en jeux et cons\u00e9quences du &hellip; <a href=\"https:\/\/www.littorelles.org\/?page_id=914\" class=\"more-link\">Continuer la lecture de <span class=\"screen-reader-text\">Demain mariage pour tous &#8211; conf\u00e9rence de Caroline Matrat<\/span> <span class=\"meta-nav\">&rarr;<\/span><\/a><\/p>\n","protected":false},"author":1,"featured_media":0,"parent":175,"menu_order":0,"comment_status":"closed","ping_status":"open","template":"","meta":{"ngg_post_thumbnail":0,"footnotes":""},"class_list":["post-914","page","type-page","status-publish","hentry"],"_links":{"self":[{"href":"https:\/\/www.littorelles.org\/index.php?rest_route=\/wp\/v2\/pages\/914","targetHints":{"allow":["GET"]}}],"collection":[{"href":"https:\/\/www.littorelles.org\/index.php?rest_route=\/wp\/v2\/pages"}],"about":[{"href":"https:\/\/www.littorelles.org\/index.php?rest_route=\/wp\/v2\/types\/page"}],"author":[{"embeddable":true,"href":"https:\/\/www.littorelles.org\/index.php?rest_route=\/wp\/v2\/users\/1"}],"replies":[{"embeddable":true,"href":"https:\/\/www.littorelles.org\/index.php?rest_route=%2Fwp%2Fv2%2Fcomments&post=914"}],"version-history":[{"count":0,"href":"https:\/\/www.littorelles.org\/index.php?rest_route=\/wp\/v2\/pages\/914\/revisions"}],"up":[{"embeddable":true,"href":"https:\/\/www.littorelles.org\/index.php?rest_route=\/wp\/v2\/pages\/175"}],"wp:attachment":[{"href":"https:\/\/www.littorelles.org\/index.php?rest_route=%2Fwp%2Fv2%2Fmedia&parent=914"}],"curies":[{"name":"wp","href":"https:\/\/api.w.org\/{rel}","templated":true}]}}