{"id":895,"date":"2014-02-22T21:12:48","date_gmt":"2014-02-22T20:12:48","guid":{"rendered":"http:\/\/littorelles.org\/?page_id=895"},"modified":"2014-02-22T21:12:48","modified_gmt":"2014-02-22T20:12:48","slug":"salvador-dali","status":"publish","type":"page","link":"https:\/\/www.littorelles.org\/?page_id=895","title":{"rendered":"Salvador Dali"},"content":{"rendered":"<p><img decoding=\"async\" class=\"ngg_displayed_gallery mceItem\" alt=\"\" src=\"littorelles.org\/index.php\/nextgen-attach_to_post\/preview\/id--911\" \/>Une exposition qui restera un grand souvenir, tant la conf\u00e9renci\u00e8re nous a donn\u00e9 les clefs de cet artiste.<\/p>\n<p>Salavador Dali \u00ab\u00a0peintre g\u00e9nial, sculpteur, auteur d\u2019\u0153uvres saisissantes, mais aussi manipulateur des m\u00e9dias, investigateur de la photographie, du cin\u00e9ma et de la vid\u00e9o et enfin un \u00e9crivain prolixe, il est l&rsquo;un des artistes les plus c\u00e9l\u00e8bres du XX\u00e8me si\u00e8cle?\u00a0\u00bb<\/p>\n","protected":false},"excerpt":{"rendered":"<p>Une exposition qui restera un grand souvenir, tant la conf\u00e9renci\u00e8re nous a donn\u00e9 les clefs de cet artiste. Salavador Dali \u00ab\u00a0peintre g\u00e9nial, sculpteur, auteur d\u2019\u0153uvres saisissantes, mais aussi manipulateur des m\u00e9dias, investigateur de la photographie, du cin\u00e9ma et de la vid\u00e9o et enfin un \u00e9crivain prolixe, il est l&rsquo;un des artistes les plus c\u00e9l\u00e8bres du &hellip; <a href=\"https:\/\/www.littorelles.org\/?page_id=895\" class=\"more-link\">Continuer la lecture de <span class=\"screen-reader-text\">Salvador Dali<\/span> <span class=\"meta-nav\">&rarr;<\/span><\/a><\/p>\n","protected":false},"author":1,"featured_media":0,"parent":104,"menu_order":0,"comment_status":"closed","ping_status":"open","template":"","meta":{"ngg_post_thumbnail":0,"footnotes":""},"class_list":["post-895","page","type-page","status-publish","hentry"],"_links":{"self":[{"href":"https:\/\/www.littorelles.org\/index.php?rest_route=\/wp\/v2\/pages\/895","targetHints":{"allow":["GET"]}}],"collection":[{"href":"https:\/\/www.littorelles.org\/index.php?rest_route=\/wp\/v2\/pages"}],"about":[{"href":"https:\/\/www.littorelles.org\/index.php?rest_route=\/wp\/v2\/types\/page"}],"author":[{"embeddable":true,"href":"https:\/\/www.littorelles.org\/index.php?rest_route=\/wp\/v2\/users\/1"}],"replies":[{"embeddable":true,"href":"https:\/\/www.littorelles.org\/index.php?rest_route=%2Fwp%2Fv2%2Fcomments&post=895"}],"version-history":[{"count":0,"href":"https:\/\/www.littorelles.org\/index.php?rest_route=\/wp\/v2\/pages\/895\/revisions"}],"up":[{"embeddable":true,"href":"https:\/\/www.littorelles.org\/index.php?rest_route=\/wp\/v2\/pages\/104"}],"wp:attachment":[{"href":"https:\/\/www.littorelles.org\/index.php?rest_route=%2Fwp%2Fv2%2Fmedia&parent=895"}],"curies":[{"name":"wp","href":"https:\/\/api.w.org\/{rel}","templated":true}]}}