{"id":801,"date":"2014-02-20T21:51:28","date_gmt":"2014-02-20T20:51:28","guid":{"rendered":"http:\/\/littorelles.org\/?page_id=801"},"modified":"2014-02-20T21:51:28","modified_gmt":"2014-02-20T20:51:28","slug":"retrospective-jean-roulland","status":"publish","type":"page","link":"https:\/\/www.littorelles.org\/?page_id=801","title":{"rendered":"R\u00e9trospective Jean ROULLAND"},"content":{"rendered":"<p><img decoding=\"async\" class=\"ngg_displayed_gallery mceItem\" alt=\"\" src=\"littorelles.org\/index.php\/nextgen-attach_to_post\/preview\/id--813\" \/>Jean Roulland est une figure artistique importante de la r\u00e9gion de Calais. c&rsquo;est un des derniers repr\u00e9sentants de l&rsquo;Ecole de Roubaix et du groupe de Gravelines.<\/p>\n<p>Sa r\u00e9putation d\u00e9passe les limites du Nord &#8211; Pas de Calais. Son travail, classique dans la technique bronze et c\u00e9ramique) et expressionniste dans l&rsquo;esth\u00e9tique, est l&rsquo;h\u00e9ritier de l&rsquo;art des ann\u00e9es cinquante ; r\u00e9aliste et excessif ans la repr\u00e9sentation de la souffrance et de l&rsquo;humanit\u00e9.<\/p>\n","protected":false},"excerpt":{"rendered":"<p>Jean Roulland est une figure artistique importante de la r\u00e9gion de Calais. c&rsquo;est un des derniers repr\u00e9sentants de l&rsquo;Ecole de Roubaix et du groupe de Gravelines. Sa r\u00e9putation d\u00e9passe les limites du Nord &#8211; Pas de Calais. Son travail, classique dans la technique bronze et c\u00e9ramique) et expressionniste dans l&rsquo;esth\u00e9tique, est l&rsquo;h\u00e9ritier de l&rsquo;art des &hellip; <a href=\"https:\/\/www.littorelles.org\/?page_id=801\" class=\"more-link\">Continuer la lecture de <span class=\"screen-reader-text\">R\u00e9trospective Jean ROULLAND<\/span> <span class=\"meta-nav\">&rarr;<\/span><\/a><\/p>\n","protected":false},"author":1,"featured_media":0,"parent":104,"menu_order":0,"comment_status":"closed","ping_status":"open","template":"","meta":{"ngg_post_thumbnail":0,"footnotes":""},"class_list":["post-801","page","type-page","status-publish","hentry"],"_links":{"self":[{"href":"https:\/\/www.littorelles.org\/index.php?rest_route=\/wp\/v2\/pages\/801","targetHints":{"allow":["GET"]}}],"collection":[{"href":"https:\/\/www.littorelles.org\/index.php?rest_route=\/wp\/v2\/pages"}],"about":[{"href":"https:\/\/www.littorelles.org\/index.php?rest_route=\/wp\/v2\/types\/page"}],"author":[{"embeddable":true,"href":"https:\/\/www.littorelles.org\/index.php?rest_route=\/wp\/v2\/users\/1"}],"replies":[{"embeddable":true,"href":"https:\/\/www.littorelles.org\/index.php?rest_route=%2Fwp%2Fv2%2Fcomments&post=801"}],"version-history":[{"count":0,"href":"https:\/\/www.littorelles.org\/index.php?rest_route=\/wp\/v2\/pages\/801\/revisions"}],"up":[{"embeddable":true,"href":"https:\/\/www.littorelles.org\/index.php?rest_route=\/wp\/v2\/pages\/104"}],"wp:attachment":[{"href":"https:\/\/www.littorelles.org\/index.php?rest_route=%2Fwp%2Fv2%2Fmedia&parent=801"}],"curies":[{"name":"wp","href":"https:\/\/api.w.org\/{rel}","templated":true}]}}