{"id":798,"date":"2014-02-20T21:46:29","date_gmt":"2014-02-20T20:46:29","guid":{"rendered":"http:\/\/littorelles.org\/?page_id=798"},"modified":"2014-02-20T21:46:29","modified_gmt":"2014-02-20T20:46:29","slug":"ravissement-dans-les-jardins-anglais-du-kent-et-de-east-sussex","status":"publish","type":"page","link":"https:\/\/www.littorelles.org\/?page_id=798","title":{"rendered":"Ravissement dans les jardins anglais du Kent et de East Sussex"},"content":{"rendered":"<p><img decoding=\"async\" class=\"ngg_displayed_gallery mceItem\" alt=\"\" src=\"littorelles.org\/index.php\/nextgen-attach_to_post\/preview\/id--1359\" \/><\/p>\n<p>Une \u00e9chapp\u00e9e romantique et bucolique dans 3 magnifiques ch\u00e2teaux :<\/p>\n<p>The King &lsquo;s Lodge dont l&rsquo;histoire remonte au Moyen Age, \u00a0en 1355, avec \u00a0Edward, le prince de Galles qui aurait fait prisonnier le roi de France Jean II dans cette r\u00e9sidence.<\/p>\n<p>Pashley Manor dans la superbe campagne du Sussex, un \u00a0relais de chasse d&rsquo;Anne Boleyn<\/p>\n<p><img decoding=\"async\" class=\"ngg_displayed_gallery mceItem\" alt=\"\" src=\"littorelles.org\/index.php\/nextgen-attach_to_post\/preview\/id--1360\" \/><\/p>\n<p>Merriment avec un jardin cr\u00e9\u00e9 en 1990 d&rsquo;un hectare et demi, magnifique exemple d&rsquo;un jardin anglais contemporain.<\/p>\n","protected":false},"excerpt":{"rendered":"<p>Une \u00e9chapp\u00e9e romantique et bucolique dans 3 magnifiques ch\u00e2teaux : The King &lsquo;s Lodge dont l&rsquo;histoire remonte au Moyen Age, \u00a0en 1355, avec \u00a0Edward, le prince de Galles qui aurait fait prisonnier le roi de France Jean II dans cette r\u00e9sidence. Pashley Manor dans la superbe campagne du Sussex, un \u00a0relais de chasse d&rsquo;Anne Boleyn &hellip; <a href=\"https:\/\/www.littorelles.org\/?page_id=798\" class=\"more-link\">Continuer la lecture de <span class=\"screen-reader-text\">Ravissement dans les jardins anglais du Kent et de East Sussex<\/span> <span class=\"meta-nav\">&rarr;<\/span><\/a><\/p>\n","protected":false},"author":1,"featured_media":0,"parent":39,"menu_order":0,"comment_status":"closed","ping_status":"open","template":"","meta":{"ngg_post_thumbnail":0,"footnotes":""},"class_list":["post-798","page","type-page","status-publish","hentry"],"_links":{"self":[{"href":"https:\/\/www.littorelles.org\/index.php?rest_route=\/wp\/v2\/pages\/798","targetHints":{"allow":["GET"]}}],"collection":[{"href":"https:\/\/www.littorelles.org\/index.php?rest_route=\/wp\/v2\/pages"}],"about":[{"href":"https:\/\/www.littorelles.org\/index.php?rest_route=\/wp\/v2\/types\/page"}],"author":[{"embeddable":true,"href":"https:\/\/www.littorelles.org\/index.php?rest_route=\/wp\/v2\/users\/1"}],"replies":[{"embeddable":true,"href":"https:\/\/www.littorelles.org\/index.php?rest_route=%2Fwp%2Fv2%2Fcomments&post=798"}],"version-history":[{"count":0,"href":"https:\/\/www.littorelles.org\/index.php?rest_route=\/wp\/v2\/pages\/798\/revisions"}],"up":[{"embeddable":true,"href":"https:\/\/www.littorelles.org\/index.php?rest_route=\/wp\/v2\/pages\/39"}],"wp:attachment":[{"href":"https:\/\/www.littorelles.org\/index.php?rest_route=%2Fwp%2Fv2%2Fmedia&parent=798"}],"curies":[{"name":"wp","href":"https:\/\/api.w.org\/{rel}","templated":true}]}}