{"id":795,"date":"2014-02-20T21:37:16","date_gmt":"2014-02-20T20:37:16","guid":{"rendered":"http:\/\/littorelles.org\/?page_id=795"},"modified":"2014-02-20T21:37:16","modified_gmt":"2014-02-20T20:37:16","slug":"le-louvre-lens","status":"publish","type":"page","link":"https:\/\/www.littorelles.org\/?page_id=795","title":{"rendered":"Le LOUVRE LENS"},"content":{"rendered":"<p><img decoding=\"async\" class=\"ngg_displayed_gallery mceItem\" alt=\"\" src=\"littorelles.org\/index.php\/nextgen-attach_to_post\/preview\/id--796\" \/>Magnifique d\u00e9couverte du LOUVRE LENS avec la grande galerie de plus de 120 m de longueur et d&rsquo;une surface de 3000 m2<\/p>\n<p>Dans la grande Galerie du Temps se trouvent des \u0153uvres issues des collections du Mus\u00e9e du Louvres, mais selon une pr\u00e9sentation nouvelle chronologique.<\/p>\n<p>Puis, exposition de \u00ab\u00a0Rubens et l&rsquo;Europe\u00a0\u00bbqui vise \u00e0 \u00e9clairer l&rsquo;\u00e9poque de Rubens, \u00e0 travers plus de 170 oeuvres de l&rsquo;artiste, de ses mod\u00e8les et de quelques uns de ses contemporains, issues des collections du Louvre et de prestigieux mus\u00e9es europ\u00e9ens et am\u00e9ricains.<\/p>\n","protected":false},"excerpt":{"rendered":"<p>Magnifique d\u00e9couverte du LOUVRE LENS avec la grande galerie de plus de 120 m de longueur et d&rsquo;une surface de 3000 m2 Dans la grande Galerie du Temps se trouvent des \u0153uvres issues des collections du Mus\u00e9e du Louvres, mais selon une pr\u00e9sentation nouvelle chronologique. Puis, exposition de \u00ab\u00a0Rubens et l&rsquo;Europe\u00a0\u00bbqui vise \u00e0 \u00e9clairer l&rsquo;\u00e9poque &hellip; <a href=\"https:\/\/www.littorelles.org\/?page_id=795\" class=\"more-link\">Continuer la lecture de <span class=\"screen-reader-text\">Le LOUVRE LENS<\/span> <span class=\"meta-nav\">&rarr;<\/span><\/a><\/p>\n","protected":false},"author":1,"featured_media":0,"parent":104,"menu_order":0,"comment_status":"closed","ping_status":"open","template":"","meta":{"ngg_post_thumbnail":0,"footnotes":""},"class_list":["post-795","page","type-page","status-publish","hentry"],"_links":{"self":[{"href":"https:\/\/www.littorelles.org\/index.php?rest_route=\/wp\/v2\/pages\/795","targetHints":{"allow":["GET"]}}],"collection":[{"href":"https:\/\/www.littorelles.org\/index.php?rest_route=\/wp\/v2\/pages"}],"about":[{"href":"https:\/\/www.littorelles.org\/index.php?rest_route=\/wp\/v2\/types\/page"}],"author":[{"embeddable":true,"href":"https:\/\/www.littorelles.org\/index.php?rest_route=\/wp\/v2\/users\/1"}],"replies":[{"embeddable":true,"href":"https:\/\/www.littorelles.org\/index.php?rest_route=%2Fwp%2Fv2%2Fcomments&post=795"}],"version-history":[{"count":0,"href":"https:\/\/www.littorelles.org\/index.php?rest_route=\/wp\/v2\/pages\/795\/revisions"}],"up":[{"embeddable":true,"href":"https:\/\/www.littorelles.org\/index.php?rest_route=\/wp\/v2\/pages\/104"}],"wp:attachment":[{"href":"https:\/\/www.littorelles.org\/index.php?rest_route=%2Fwp%2Fv2%2Fmedia&parent=795"}],"curies":[{"name":"wp","href":"https:\/\/api.w.org\/{rel}","templated":true}]}}