{"id":579,"date":"2014-02-03T20:59:04","date_gmt":"2014-02-03T19:59:04","guid":{"rendered":"http:\/\/littorelles.org\/?page_id=579"},"modified":"2014-02-03T20:59:04","modified_gmt":"2014-02-03T19:59:04","slug":"la-femme-indienne-conference-de-douglas-gressieux","status":"publish","type":"page","link":"https:\/\/www.littorelles.org\/?page_id=579","title":{"rendered":"La femme indienne &#8211; Conf\u00e9rence de Douglas Gressieux"},"content":{"rendered":"<p><img decoding=\"async\" class=\"ngg_displayed_gallery mceItem\" alt=\"\" src=\"littorelles.org\/index.php\/nextgen-attach_to_post\/preview\/id--831\" \/><\/p>\n<p>Nous avons assist\u00e9 \u00e0 une excellente conf\u00e9rence de Mr Douglas Gressieux , chercheur et conf\u00e9rencier sur l&rsquo;Inde.<\/p>\n<p>\u00ab\u00a0Quelle est la place de la femme en Inde actuellement ? La question est complexe, parce que le statut de la femme en Inde est ambigu. En effet ce sont elles que l\u2019on remarque en premier. Elles sont partout. Leurs costumes color\u00e9s (saris, chudidars, penjabis..) animent les paysages, leurs fleurs dans les cheveux \u00e9clairent la grisaille poussi\u00e9reuse des villes, parfument les rues. Qu&rsquo;elles soient Rajasthani, Mahrati ou Adivasi, leur saris vifs comme des fleurs en font en quelque sorte des oiseaux aux plumages brillants. Elles sont remarquables, elles sont remarqu\u00e9es, dans les champs comme dans les villes&#8230; et elles fascinent les occidentaux qui d\u00e9barquent en Inde. En outre, selon les textes de la Tradition hindoue, la femme, en tant que ciment et initiatrice du couple, doit \u00eatre v\u00e9n\u00e9r\u00e9e \u00e0 l&rsquo;\u00e9gal de la D\u00e9esse, la Shakti, compagne de chaque Dieu. Pourtant la r\u00e9alit\u00e9 est bien diff\u00e9rente dans la majorit\u00e9 des cas\u2026<\/p>\n<p>Le viol collectif et sauvage et meurtrier d&rsquo;une jeune \u00e9tudiante de 23 ans en d\u00e9cembre 2012 en Inde, en est le cruel exemple. Cette agression a d\u00e9clench\u00e9 une vague d\u2019indignation et de manifestations en Inde mais au-del\u00e0 de l&rsquo;\u00e9motion, ce crime devrait pousser \u00e0 une r\u00e9flexion sur l\u2019\u00e9tat de la soci\u00e9t\u00e9 et de ses institutions et a et pris en d\u00e9faut un pouvoir et une classe politique accus\u00e9s d&rsquo;indiff\u00e9rence face aux violences faites aux femmes.\u00a0\u00bb<\/p>\n<h3><\/h3>\n","protected":false},"excerpt":{"rendered":"<p>Nous avons assist\u00e9 \u00e0 une excellente conf\u00e9rence de Mr Douglas Gressieux , chercheur et conf\u00e9rencier sur l&rsquo;Inde. \u00ab\u00a0Quelle est la place de la femme en Inde actuellement ? La question est complexe, parce que le statut de la femme en Inde est ambigu. En effet ce sont elles que l\u2019on remarque en premier. Elles sont &hellip; <a href=\"https:\/\/www.littorelles.org\/?page_id=579\" class=\"more-link\">Continuer la lecture de <span class=\"screen-reader-text\">La femme indienne &#8211; Conf\u00e9rence de Douglas Gressieux<\/span> <span class=\"meta-nav\">&rarr;<\/span><\/a><\/p>\n","protected":false},"author":1,"featured_media":0,"parent":175,"menu_order":0,"comment_status":"closed","ping_status":"closed","template":"","meta":{"ngg_post_thumbnail":0,"footnotes":""},"class_list":["post-579","page","type-page","status-publish","hentry"],"_links":{"self":[{"href":"https:\/\/www.littorelles.org\/index.php?rest_route=\/wp\/v2\/pages\/579","targetHints":{"allow":["GET"]}}],"collection":[{"href":"https:\/\/www.littorelles.org\/index.php?rest_route=\/wp\/v2\/pages"}],"about":[{"href":"https:\/\/www.littorelles.org\/index.php?rest_route=\/wp\/v2\/types\/page"}],"author":[{"embeddable":true,"href":"https:\/\/www.littorelles.org\/index.php?rest_route=\/wp\/v2\/users\/1"}],"replies":[{"embeddable":true,"href":"https:\/\/www.littorelles.org\/index.php?rest_route=%2Fwp%2Fv2%2Fcomments&post=579"}],"version-history":[{"count":0,"href":"https:\/\/www.littorelles.org\/index.php?rest_route=\/wp\/v2\/pages\/579\/revisions"}],"up":[{"embeddable":true,"href":"https:\/\/www.littorelles.org\/index.php?rest_route=\/wp\/v2\/pages\/175"}],"wp:attachment":[{"href":"https:\/\/www.littorelles.org\/index.php?rest_route=%2Fwp%2Fv2%2Fmedia&parent=579"}],"curies":[{"name":"wp","href":"https:\/\/api.w.org\/{rel}","templated":true}]}}