{"id":571,"date":"2014-02-03T20:39:31","date_gmt":"2014-02-03T19:39:31","guid":{"rendered":"http:\/\/littorelles.org\/?page_id=571"},"modified":"2014-02-03T20:39:31","modified_gmt":"2014-02-03T19:39:31","slug":"le-caravage-conference-de-monique-vanlaer","status":"publish","type":"page","link":"https:\/\/www.littorelles.org\/?page_id=571","title":{"rendered":"Le CARAVAGE Conf\u00e9rence de Monique VANLAER"},"content":{"rendered":"<p><img decoding=\"async\" class=\"ngg_displayed_gallery mceItem\" alt=\"\" src=\"littorelles.org\/index.php\/nextgen-attach_to_post\/preview\/id--639\" \/>Monique VANLAER nous a cont\u00e9 avec brio la vie de ce peintre du XVI\u00e8me si\u00e8cle, d\u00e9cri\u00e9 de son temps mais qui a eu une influence importante sur les peintres de cette p\u00e9riode ; qui mieux que Monique peut nous expliquer un tableau, le d\u00e9cortiquer, nous faire appara\u00eetre des \u00e9l\u00e9ments que l&rsquo;on ne voit pas du premier coup et qui aide \u00e0 la compr\u00e9hension de ce que l&rsquo;artiste a voulu nous exprimer&#8230;<\/p>\n<p>Le Caravage, de son vrai nom Michelangelo Merisi da Caravaggio, na\u00eet le 29 septembre 1571, \u00e0 Milan, en Italie. Il marque l&rsquo;histoire de la peinture de son empreinte par un caract\u00e8re naturaliste, un r\u00e9alisme brutal et un \u00e9rotisme saisissant. Sa technique du clair-obscur sera particuli\u00e8rement utilis\u00e9e par la suite. Sa vie sulfureuse lui attire des ennuis avec les tenants de l&rsquo;ordre moral dont l&rsquo;Eglise et la justice. Il meurt \u00e0 Porto Ercole le 18 juillet 1610.<\/p>\n<p>&nbsp;<\/p>\n","protected":false},"excerpt":{"rendered":"<p>Monique VANLAER nous a cont\u00e9 avec brio la vie de ce peintre du XVI\u00e8me si\u00e8cle, d\u00e9cri\u00e9 de son temps mais qui a eu une influence importante sur les peintres de cette p\u00e9riode ; qui mieux que Monique peut nous expliquer un tableau, le d\u00e9cortiquer, nous faire appara\u00eetre des \u00e9l\u00e9ments que l&rsquo;on ne voit pas du &hellip; <a href=\"https:\/\/www.littorelles.org\/?page_id=571\" class=\"more-link\">Continuer la lecture de <span class=\"screen-reader-text\">Le CARAVAGE Conf\u00e9rence de Monique VANLAER<\/span> <span class=\"meta-nav\">&rarr;<\/span><\/a><\/p>\n","protected":false},"author":1,"featured_media":0,"parent":104,"menu_order":0,"comment_status":"closed","ping_status":"closed","template":"","meta":{"ngg_post_thumbnail":0,"footnotes":""},"class_list":["post-571","page","type-page","status-publish","hentry"],"_links":{"self":[{"href":"https:\/\/www.littorelles.org\/index.php?rest_route=\/wp\/v2\/pages\/571","targetHints":{"allow":["GET"]}}],"collection":[{"href":"https:\/\/www.littorelles.org\/index.php?rest_route=\/wp\/v2\/pages"}],"about":[{"href":"https:\/\/www.littorelles.org\/index.php?rest_route=\/wp\/v2\/types\/page"}],"author":[{"embeddable":true,"href":"https:\/\/www.littorelles.org\/index.php?rest_route=\/wp\/v2\/users\/1"}],"replies":[{"embeddable":true,"href":"https:\/\/www.littorelles.org\/index.php?rest_route=%2Fwp%2Fv2%2Fcomments&post=571"}],"version-history":[{"count":0,"href":"https:\/\/www.littorelles.org\/index.php?rest_route=\/wp\/v2\/pages\/571\/revisions"}],"up":[{"embeddable":true,"href":"https:\/\/www.littorelles.org\/index.php?rest_route=\/wp\/v2\/pages\/104"}],"wp:attachment":[{"href":"https:\/\/www.littorelles.org\/index.php?rest_route=%2Fwp%2Fv2%2Fmedia&parent=571"}],"curies":[{"name":"wp","href":"https:\/\/api.w.org\/{rel}","templated":true}]}}