{"id":57,"date":"2013-11-06T03:02:41","date_gmt":"2013-11-06T02:02:41","guid":{"rendered":"http:\/\/localhost:81\/littorelles\/?page_id=57"},"modified":"2025-07-23T11:01:18","modified_gmt":"2025-07-23T10:01:18","slug":"london-with-a-french-touch","status":"publish","type":"page","link":"https:\/\/www.littorelles.org\/?page_id=57","title":{"rendered":"London with a french touch"},"content":{"rendered":"<p><img decoding=\"async\" class=\"ngg_displayed_gallery mceItem\" alt=\"\" src=\"littorelles.org\/index.php\/nextgen-attach_to_post\/preview\/id--1056\" \/>Visite le matin avec notre charmante guide Victoria de\u00a0la Galerie Courtauld avec \u00a0les \u0153uvres impressionnistes et post impressionneistes \u00a0: Monet, Renoir, Seurat, Gauguin, C\u00e9zanne..<\/p>\n<p>L&rsquo;apr\u00e8s midi, \u00e0 la Tate Modern nous participons \u00e0 l&rsquo;exposition GAUGUIN qui met en lumi\u00e8re le r\u00f4le de l&rsquo;imaginaire et le th\u00e8me de la spiritualit\u00e9 et de l\u2019\u00e9nigme dans l&rsquo;oeuvre du peintre.<\/p>\n","protected":false},"excerpt":{"rendered":"<p>Visite le matin avec notre charmante guide Victoria de\u00a0la Galerie Courtauld avec \u00a0les \u0153uvres impressionnistes et post impressionneistes \u00a0: Monet, Renoir, Seurat, Gauguin, C\u00e9zanne.. L&rsquo;apr\u00e8s midi, \u00e0 la Tate Modern nous participons \u00e0 l&rsquo;exposition GAUGUIN qui met en lumi\u00e8re le r\u00f4le de l&rsquo;imaginaire et le th\u00e8me de la spiritualit\u00e9 et de l\u2019\u00e9nigme dans l&rsquo;oeuvre du &hellip; <a href=\"https:\/\/www.littorelles.org\/?page_id=57\" class=\"more-link\">Continuer la lecture de <span class=\"screen-reader-text\">London with a french touch<\/span> <span class=\"meta-nav\">&rarr;<\/span><\/a><\/p>\n","protected":false},"author":1,"featured_media":0,"parent":39,"menu_order":0,"comment_status":"closed","ping_status":"open","template":"","meta":{"ngg_post_thumbnail":0,"footnotes":""},"class_list":["post-57","page","type-page","status-publish","hentry"],"_links":{"self":[{"href":"https:\/\/www.littorelles.org\/index.php?rest_route=\/wp\/v2\/pages\/57","targetHints":{"allow":["GET"]}}],"collection":[{"href":"https:\/\/www.littorelles.org\/index.php?rest_route=\/wp\/v2\/pages"}],"about":[{"href":"https:\/\/www.littorelles.org\/index.php?rest_route=\/wp\/v2\/types\/page"}],"author":[{"embeddable":true,"href":"https:\/\/www.littorelles.org\/index.php?rest_route=\/wp\/v2\/users\/1"}],"replies":[{"embeddable":true,"href":"https:\/\/www.littorelles.org\/index.php?rest_route=%2Fwp%2Fv2%2Fcomments&post=57"}],"version-history":[{"count":1,"href":"https:\/\/www.littorelles.org\/index.php?rest_route=\/wp\/v2\/pages\/57\/revisions"}],"predecessor-version":[{"id":4599,"href":"https:\/\/www.littorelles.org\/index.php?rest_route=\/wp\/v2\/pages\/57\/revisions\/4599"}],"up":[{"embeddable":true,"href":"https:\/\/www.littorelles.org\/index.php?rest_route=\/wp\/v2\/pages\/39"}],"wp:attachment":[{"href":"https:\/\/www.littorelles.org\/index.php?rest_route=%2Fwp%2Fv2%2Fmedia&parent=57"}],"curies":[{"name":"wp","href":"https:\/\/api.w.org\/{rel}","templated":true}]}}