{"id":551,"date":"2014-01-31T22:29:06","date_gmt":"2014-01-31T21:29:06","guid":{"rendered":"http:\/\/littorelles.org\/?page_id=551"},"modified":"2014-01-31T22:29:06","modified_gmt":"2014-01-31T21:29:06","slug":"happy-brithday-galerie-perrotin-au-tri-postal-de-lille","status":"publish","type":"page","link":"https:\/\/www.littorelles.org\/?page_id=551","title":{"rendered":"Happy Brithday,  Galerie Perrotin au TRI POSTAL de LILLE"},"content":{"rendered":"<p>Une vaste exposition qui pr\u00e9sente des \u0153uvres marquantes de l&rsquo;histoire de l&rsquo;art contemporain dans le cadre de LILLE 3000<\/p>\n<p>De loin d\u00e8s la billetterie, on aper\u00e7oit les gracieuses \u00a0sculptures \u00a0d&rsquo;Othoniel en verre de Murano color\u00e9 ; \u00e0 droite d&rsquo;\u00e9tranges chevaux sont accroch\u00e9s au mur&#8230; Impossible de d\u00e9crire toutes les \u0153uvres qui jalonnent cette exposition&#8230; pr\u00e8s de 150, par 77 artistes.<\/p>\n<p>Nous sommes \u00e9blouies par ces \u0153uvres marquantes de l\u2019histoire de l&rsquo;art contemporain et la visite guid\u00e9e nous faire appr\u00e9cier les id\u00e9es les plus excentriques de ces artistes.<img decoding=\"async\" class=\"ngg_displayed_gallery mceItem\" alt=\"\" src=\"littorelles.org\/index.php\/nextgen-attach_to_post\/preview\/id--673\" \/><\/p>\n","protected":false},"excerpt":{"rendered":"<p>Une vaste exposition qui pr\u00e9sente des \u0153uvres marquantes de l&rsquo;histoire de l&rsquo;art contemporain dans le cadre de LILLE 3000 De loin d\u00e8s la billetterie, on aper\u00e7oit les gracieuses \u00a0sculptures \u00a0d&rsquo;Othoniel en verre de Murano color\u00e9 ; \u00e0 droite d&rsquo;\u00e9tranges chevaux sont accroch\u00e9s au mur&#8230; Impossible de d\u00e9crire toutes les \u0153uvres qui jalonnent cette exposition&#8230; pr\u00e8s &hellip; <a href=\"https:\/\/www.littorelles.org\/?page_id=551\" class=\"more-link\">Continuer la lecture de <span class=\"screen-reader-text\">Happy Brithday,  Galerie Perrotin au TRI POSTAL de LILLE<\/span> <span class=\"meta-nav\">&rarr;<\/span><\/a><\/p>\n","protected":false},"author":1,"featured_media":0,"parent":300,"menu_order":0,"comment_status":"closed","ping_status":"closed","template":"","meta":{"ngg_post_thumbnail":0,"footnotes":""},"class_list":["post-551","page","type-page","status-publish","hentry"],"_links":{"self":[{"href":"https:\/\/www.littorelles.org\/index.php?rest_route=\/wp\/v2\/pages\/551","targetHints":{"allow":["GET"]}}],"collection":[{"href":"https:\/\/www.littorelles.org\/index.php?rest_route=\/wp\/v2\/pages"}],"about":[{"href":"https:\/\/www.littorelles.org\/index.php?rest_route=\/wp\/v2\/types\/page"}],"author":[{"embeddable":true,"href":"https:\/\/www.littorelles.org\/index.php?rest_route=\/wp\/v2\/users\/1"}],"replies":[{"embeddable":true,"href":"https:\/\/www.littorelles.org\/index.php?rest_route=%2Fwp%2Fv2%2Fcomments&post=551"}],"version-history":[{"count":0,"href":"https:\/\/www.littorelles.org\/index.php?rest_route=\/wp\/v2\/pages\/551\/revisions"}],"up":[{"embeddable":true,"href":"https:\/\/www.littorelles.org\/index.php?rest_route=\/wp\/v2\/pages\/300"}],"wp:attachment":[{"href":"https:\/\/www.littorelles.org\/index.php?rest_route=%2Fwp%2Fv2%2Fmedia&parent=551"}],"curies":[{"name":"wp","href":"https:\/\/api.w.org\/{rel}","templated":true}]}}