{"id":548,"date":"2014-01-31T22:23:47","date_gmt":"2014-01-31T21:23:47","guid":{"rendered":"http:\/\/littorelles.org\/?page_id=548"},"modified":"2014-01-31T22:23:47","modified_gmt":"2014-01-31T21:23:47","slug":"lelectricite-et-les-centrales-nucleaires-conference-de-bernard-lachery","status":"publish","type":"page","link":"https:\/\/www.littorelles.org\/?page_id=548","title":{"rendered":"L&rsquo;Electricit\u00e9 et les Centrales Nucl\u00e9aires &#8211; Conf\u00e9rence de Bernard Lachery"},"content":{"rendered":"<p>Mr Bernard LACHERY, ing\u00e9nieur EDF nous a expliqu\u00e9 l&rsquo;historique de la production de l&rsquo;\u00e9lectricit\u00e9 et France depuis 1945. Tout \u00e9tait d\u00e9centralis\u00e9 et l&rsquo;\u00e9lectricit\u00e9 \u00e9tait produite par divers fournisseurs en Electricit\u00e9. Il nous a expliqu\u00e9 comment la France produisait l&rsquo;Electricit\u00e9 (centrale thermique, centrales hydrauliques, centrales nucl\u00e9aires, \u00e9nergie solaire, \u00e9oliennes, charbon..) avec les avantages et les inconv\u00e9nients.<\/p>\n<p>Aujourd&rsquo;hui nous avons EDF SA dans la production, RTE dans le transport, ERDF dans la distribution et EDF SA dans la commercialisation avec les autres concurrents, notre intervenant, Mr Bernard Lachery nous a pr\u00e9cis\u00e9 \u00a0le \u00a0propri\u00e9taire des biens (\u00e9tat ou EDF SA ou les collectivit\u00e9s ou les ind\u00e9pendants).<\/p>\n<p>Nous avons discut\u00e9 des \u00e9oliennes et des centrales nucl\u00e9aires et nous avons pu comprendre l&rsquo;int\u00e9r\u00eat des unes et des autres.<\/p>\n<p><img decoding=\"async\" class=\"ngg_displayed_gallery mceItem\" alt=\"\" src=\"littorelles.org\/index.php\/nextgen-attach_to_post\/preview\/id--681\" \/><\/p>\n","protected":false},"excerpt":{"rendered":"<p>Mr Bernard LACHERY, ing\u00e9nieur EDF nous a expliqu\u00e9 l&rsquo;historique de la production de l&rsquo;\u00e9lectricit\u00e9 et France depuis 1945. Tout \u00e9tait d\u00e9centralis\u00e9 et l&rsquo;\u00e9lectricit\u00e9 \u00e9tait produite par divers fournisseurs en Electricit\u00e9. Il nous a expliqu\u00e9 comment la France produisait l&rsquo;Electricit\u00e9 (centrale thermique, centrales hydrauliques, centrales nucl\u00e9aires, \u00e9nergie solaire, \u00e9oliennes, charbon..) avec les avantages et les inconv\u00e9nients. &hellip; <a href=\"https:\/\/www.littorelles.org\/?page_id=548\" class=\"more-link\">Continuer la lecture de <span class=\"screen-reader-text\">L&rsquo;Electricit\u00e9 et les Centrales Nucl\u00e9aires &#8211; Conf\u00e9rence de Bernard Lachery<\/span> <span class=\"meta-nav\">&rarr;<\/span><\/a><\/p>\n","protected":false},"author":1,"featured_media":0,"parent":219,"menu_order":0,"comment_status":"closed","ping_status":"closed","template":"","meta":{"ngg_post_thumbnail":0,"footnotes":""},"class_list":["post-548","page","type-page","status-publish","hentry"],"_links":{"self":[{"href":"https:\/\/www.littorelles.org\/index.php?rest_route=\/wp\/v2\/pages\/548","targetHints":{"allow":["GET"]}}],"collection":[{"href":"https:\/\/www.littorelles.org\/index.php?rest_route=\/wp\/v2\/pages"}],"about":[{"href":"https:\/\/www.littorelles.org\/index.php?rest_route=\/wp\/v2\/types\/page"}],"author":[{"embeddable":true,"href":"https:\/\/www.littorelles.org\/index.php?rest_route=\/wp\/v2\/users\/1"}],"replies":[{"embeddable":true,"href":"https:\/\/www.littorelles.org\/index.php?rest_route=%2Fwp%2Fv2%2Fcomments&post=548"}],"version-history":[{"count":0,"href":"https:\/\/www.littorelles.org\/index.php?rest_route=\/wp\/v2\/pages\/548\/revisions"}],"up":[{"embeddable":true,"href":"https:\/\/www.littorelles.org\/index.php?rest_route=\/wp\/v2\/pages\/219"}],"wp:attachment":[{"href":"https:\/\/www.littorelles.org\/index.php?rest_route=%2Fwp%2Fv2%2Fmedia&parent=548"}],"curies":[{"name":"wp","href":"https:\/\/api.w.org\/{rel}","templated":true}]}}