{"id":53,"date":"2013-11-06T03:02:00","date_gmt":"2013-11-06T02:02:00","guid":{"rendered":"http:\/\/localhost:81\/littorelles\/?page_id=53"},"modified":"2013-11-06T03:02:00","modified_gmt":"2013-11-06T02:02:00","slug":"la-tamise-pour-fil-dariane-ham-house","status":"publish","type":"page","link":"https:\/\/www.littorelles.org\/?page_id=53","title":{"rendered":"La Tamise pour fil d\u2019Ariane \u2013 Ham House"},"content":{"rendered":"<p>Apr\u00e8s un d\u00e9jeuner particuli\u00e8rement sympathique au bord de la Tamise.. nous avons visit\u00e9 Ham House. Cette maison d&rsquo;influence Stuart se trouve sur les rives de la Tamise \u00e0 Richmond. La maison est reconnue internationalement pour sa superbe collection de peintures, de meubles et de textiles. Elle est r\u00e9put\u00e9e pour \u00eatre l&rsquo;une des maisons les plus hant\u00e9es en Grande-Bretagne. A l&rsquo;ext\u00e9rieur, le jardin du 17e si\u00e8cle restaur\u00e9 comprend \u00a0un potager et une magnifique roseraie pour les pique nique et balade&#8230; <img decoding=\"async\" class=\"ngg_displayed_gallery mceItem\" alt=\"\" src=\"littorelles.org\/index.php\/nextgen-attach_to_post\/preview\/id--781\" \/><\/p>\n","protected":false},"excerpt":{"rendered":"<p>Apr\u00e8s un d\u00e9jeuner particuli\u00e8rement sympathique au bord de la Tamise.. nous avons visit\u00e9 Ham House. Cette maison d&rsquo;influence Stuart se trouve sur les rives de la Tamise \u00e0 Richmond. La maison est reconnue internationalement pour sa superbe collection de peintures, de meubles et de textiles. Elle est r\u00e9put\u00e9e pour \u00eatre l&rsquo;une des maisons les plus &hellip; <a href=\"https:\/\/www.littorelles.org\/?page_id=53\" class=\"more-link\">Continuer la lecture de <span class=\"screen-reader-text\">La Tamise pour fil d\u2019Ariane \u2013 Ham House<\/span> <span class=\"meta-nav\">&rarr;<\/span><\/a><\/p>\n","protected":false},"author":1,"featured_media":0,"parent":39,"menu_order":0,"comment_status":"open","ping_status":"open","template":"","meta":{"ngg_post_thumbnail":0,"footnotes":""},"class_list":["post-53","page","type-page","status-publish","hentry"],"_links":{"self":[{"href":"https:\/\/www.littorelles.org\/index.php?rest_route=\/wp\/v2\/pages\/53","targetHints":{"allow":["GET"]}}],"collection":[{"href":"https:\/\/www.littorelles.org\/index.php?rest_route=\/wp\/v2\/pages"}],"about":[{"href":"https:\/\/www.littorelles.org\/index.php?rest_route=\/wp\/v2\/types\/page"}],"author":[{"embeddable":true,"href":"https:\/\/www.littorelles.org\/index.php?rest_route=\/wp\/v2\/users\/1"}],"replies":[{"embeddable":true,"href":"https:\/\/www.littorelles.org\/index.php?rest_route=%2Fwp%2Fv2%2Fcomments&post=53"}],"version-history":[{"count":0,"href":"https:\/\/www.littorelles.org\/index.php?rest_route=\/wp\/v2\/pages\/53\/revisions"}],"up":[{"embeddable":true,"href":"https:\/\/www.littorelles.org\/index.php?rest_route=\/wp\/v2\/pages\/39"}],"wp:attachment":[{"href":"https:\/\/www.littorelles.org\/index.php?rest_route=%2Fwp%2Fv2%2Fmedia&parent=53"}],"curies":[{"name":"wp","href":"https:\/\/api.w.org\/{rel}","templated":true}]}}