{"id":4723,"date":"2025-12-18T16:53:52","date_gmt":"2025-12-18T15:53:52","guid":{"rendered":"https:\/\/www.littorelles.org\/?page_id=4723"},"modified":"2025-12-18T16:53:52","modified_gmt":"2025-12-18T15:53:52","slug":"conference-daudrey-coudevylle-profession-autrice-sur-les-chemins-de-la-construction-de-lecriture-des-femmes-dans-la-litterature-francaise","status":"publish","type":"page","link":"https:\/\/www.littorelles.org\/?page_id=4723","title":{"rendered":"Conf\u00e9rence d&rsquo;Audrey Coudevylle  : \u00ab Profession autrice \u00bb, sur les chemins de la construction de l\u2019\u00e9criture des femmes dans la litt\u00e9rature fran\u00e7aise."},"content":{"rendered":"\n<p>Audrey Coudevylle, f\u00e9ministe et brillante universitaire, nous a tenues en haleine avec un sujet difficile sur les femmes autrices au cours des si\u00e8cles et plus pr\u00e9cisement au moyen age&nbsp;<\/p>\n\n\n\n<p>Les Autrices furent ces grandes effac\u00e9es qui ont fait la litt\u00e9rature du Moyen Age ; en effet, les obstacles \u00e9taient nombreux car elles n&rsquo;arrivaient jamais au niveau d\u2019instruction des hommes.<\/p>\n\n\n\n<p>Christine de Pisan, la plus connue, a eu une instruction par son p\u00e8re astrologue italien arrive en France \u2013 elle a commenc\u00e9 par \u00e9crire des po\u00e8mes qui ont plu&nbsp; \u00e0 la cour puis elle en fait son m\u00e9tier \u00e0 la mort de son \u00e9poux.&nbsp;Le livre de la cit\u00e9 des dames est consid\u00e9r\u00e9 comme le premier ouvrage f\u00e9ministe pour&nbsp; sortir les femmes de la d\u00e9pendance par l\u2019\u00e9ducation<\/p>\n\n\n\n<p>Cette po\u00e9tesse fut l\u2019une des premi\u00e8res femmes \u00e0 vivre de sa plume et son g\u00e9nie a marqu\u00e9 la litt\u00e9rature du Moyen-\u00c2ge ; ce qui au Moyen \u00c2ge \u00e9tait inconcevable. Une femme libre \u00e9tait consid\u00e9r\u00e9e de mauvaise vie.<\/p>\n\n\n\n<p>Nous avons ensuite eu d&rsquo;autres exemples&nbsp;de femmes&nbsp; autrices, tout au long des si\u00e8cles suivants, toujours mises sur le c\u00f4t\u00e9 \u00e0 cause du pouvoir dominant masculin ; certaines sont enfin remises \u00e0 l&rsquo;honneur depuis quelques ann\u00e9es.<\/p>\n\n\n\n<p><a href=\"https:\/\/www.radiofrance.fr\/franceculture\/podcasts\/le-pourquoi-du-comment-histoire\/comment-christine-de-pizan-devint-la-premiere-femme-reconnue-comme-homme-de-lettres-8000117\">https:\/\/www.radiofrance.fr\/franceculture\/podcasts\/le-pourquoi-du-comment-histoire\/comment-christine-de-pizan-devint-la-premiere-femme-reconnue-comme-homme-de-lettres-8000117<\/a><\/p>\n\n\n\n<p>S&rsquo;en est suivi un agr\u00e9able go\u00fbter de No\u00ebl&nbsp; et la distribution de jolis cadeaux de fin d&rsquo;ann\u00e9e &#8211; Une tr\u00e8s agr\u00e9able apr\u00e8s midi dans une v\u00e9ritable amiti\u00e9 et bonne humeur<\/p>\n\n\n\n<figure class=\"wp-block-gallery has-nested-images columns-default is-cropped wp-block-gallery-1 is-layout-flex wp-block-gallery-is-layout-flex\">\n<figure class=\"wp-block-image size-large\"><img loading=\"lazy\" decoding=\"async\" width=\"1024\" height=\"768\" data-id=\"4728\" src=\"https:\/\/www.littorelles.org\/wp-content\/uploads\/2025\/12\/autrice3.jpg\" alt=\"\" class=\"wp-image-4728\" srcset=\"https:\/\/www.littorelles.org\/wp-content\/uploads\/2025\/12\/autrice3.jpg 1024w, https:\/\/www.littorelles.org\/wp-content\/uploads\/2025\/12\/autrice3-300x225.jpg 300w, https:\/\/www.littorelles.org\/wp-content\/uploads\/2025\/12\/autrice3-768x576.jpg 768w\" sizes=\"auto, (max-width: 1024px) 100vw, 1024px\" \/><\/figure>\n\n\n\n<figure class=\"wp-block-image size-large\"><img loading=\"lazy\" decoding=\"async\" width=\"1024\" height=\"768\" data-id=\"4727\" src=\"https:\/\/www.littorelles.org\/wp-content\/uploads\/2025\/12\/52765aa7-b7a0-4b37-89db-8bc8786b8e2b.jpeg\" alt=\"\" class=\"wp-image-4727\" srcset=\"https:\/\/www.littorelles.org\/wp-content\/uploads\/2025\/12\/52765aa7-b7a0-4b37-89db-8bc8786b8e2b.jpeg 1024w, https:\/\/www.littorelles.org\/wp-content\/uploads\/2025\/12\/52765aa7-b7a0-4b37-89db-8bc8786b8e2b-300x225.jpeg 300w, https:\/\/www.littorelles.org\/wp-content\/uploads\/2025\/12\/52765aa7-b7a0-4b37-89db-8bc8786b8e2b-768x576.jpeg 768w\" sizes=\"auto, (max-width: 1024px) 100vw, 1024px\" \/><\/figure>\n\n\n\n<figure class=\"wp-block-image size-large\"><img loading=\"lazy\" decoding=\"async\" width=\"1024\" height=\"768\" data-id=\"4724\" src=\"https:\/\/www.littorelles.org\/wp-content\/uploads\/2025\/12\/612f23c2-68e8-433c-9e8c-36ac238aa608.jpeg\" alt=\"\" class=\"wp-image-4724\" srcset=\"https:\/\/www.littorelles.org\/wp-content\/uploads\/2025\/12\/612f23c2-68e8-433c-9e8c-36ac238aa608.jpeg 1024w, https:\/\/www.littorelles.org\/wp-content\/uploads\/2025\/12\/612f23c2-68e8-433c-9e8c-36ac238aa608-300x225.jpeg 300w, https:\/\/www.littorelles.org\/wp-content\/uploads\/2025\/12\/612f23c2-68e8-433c-9e8c-36ac238aa608-768x576.jpeg 768w\" sizes=\"auto, (max-width: 1024px) 100vw, 1024px\" \/><\/figure>\n\n\n\n<figure class=\"wp-block-image size-large\"><img loading=\"lazy\" decoding=\"async\" width=\"1024\" height=\"768\" data-id=\"4726\" src=\"https:\/\/www.littorelles.org\/wp-content\/uploads\/2025\/12\/autrices.jpg\" alt=\"\" class=\"wp-image-4726\" srcset=\"https:\/\/www.littorelles.org\/wp-content\/uploads\/2025\/12\/autrices.jpg 1024w, https:\/\/www.littorelles.org\/wp-content\/uploads\/2025\/12\/autrices-300x225.jpg 300w, https:\/\/www.littorelles.org\/wp-content\/uploads\/2025\/12\/autrices-768x576.jpg 768w\" sizes=\"auto, (max-width: 1024px) 100vw, 1024px\" \/><\/figure>\n\n\n\n<figure class=\"wp-block-image size-large\"><img loading=\"lazy\" decoding=\"async\" width=\"1024\" height=\"768\" data-id=\"4729\" src=\"https:\/\/www.littorelles.org\/wp-content\/uploads\/2025\/12\/autrices2.jpg\" alt=\"\" class=\"wp-image-4729\" srcset=\"https:\/\/www.littorelles.org\/wp-content\/uploads\/2025\/12\/autrices2.jpg 1024w, https:\/\/www.littorelles.org\/wp-content\/uploads\/2025\/12\/autrices2-300x225.jpg 300w, https:\/\/www.littorelles.org\/wp-content\/uploads\/2025\/12\/autrices2-768x576.jpg 768w\" sizes=\"auto, (max-width: 1024px) 100vw, 1024px\" \/><\/figure>\n\n\n\n<figure class=\"wp-block-image size-large\"><img loading=\"lazy\" decoding=\"async\" width=\"768\" height=\"1024\" data-id=\"4725\" src=\"https:\/\/www.littorelles.org\/wp-content\/uploads\/2025\/12\/autrices4.jpg\" alt=\"\" class=\"wp-image-4725\" srcset=\"https:\/\/www.littorelles.org\/wp-content\/uploads\/2025\/12\/autrices4.jpg 768w, https:\/\/www.littorelles.org\/wp-content\/uploads\/2025\/12\/autrices4-225x300.jpg 225w\" sizes=\"auto, (max-width: 768px) 100vw, 768px\" \/><\/figure>\n\n\n\n<figure class=\"wp-block-image size-large\"><img loading=\"lazy\" decoding=\"async\" width=\"1024\" height=\"768\" data-id=\"4731\" src=\"https:\/\/www.littorelles.org\/wp-content\/uploads\/2025\/12\/b15b493e-dbcc-4829-8dce-39ebd50ac385.jpeg\" alt=\"\" class=\"wp-image-4731\" srcset=\"https:\/\/www.littorelles.org\/wp-content\/uploads\/2025\/12\/b15b493e-dbcc-4829-8dce-39ebd50ac385.jpeg 1024w, https:\/\/www.littorelles.org\/wp-content\/uploads\/2025\/12\/b15b493e-dbcc-4829-8dce-39ebd50ac385-300x225.jpeg 300w, https:\/\/www.littorelles.org\/wp-content\/uploads\/2025\/12\/b15b493e-dbcc-4829-8dce-39ebd50ac385-768x576.jpeg 768w\" sizes=\"auto, (max-width: 1024px) 100vw, 1024px\" \/><\/figure>\n\n\n\n<figure class=\"wp-block-image size-large\"><img loading=\"lazy\" decoding=\"async\" width=\"654\" height=\"1000\" data-id=\"4732\" src=\"https:\/\/www.littorelles.org\/wp-content\/uploads\/2025\/12\/christien-de-P.jpg\" alt=\"\" class=\"wp-image-4732\" srcset=\"https:\/\/www.littorelles.org\/wp-content\/uploads\/2025\/12\/christien-de-P.jpg 654w, https:\/\/www.littorelles.org\/wp-content\/uploads\/2025\/12\/christien-de-P-196x300.jpg 196w\" sizes=\"auto, (max-width: 654px) 100vw, 654px\" \/><\/figure>\n\n\n\n<figure class=\"wp-block-image size-large\"><img loading=\"lazy\" decoding=\"async\" width=\"370\" height=\"495\" data-id=\"4730\" src=\"https:\/\/www.littorelles.org\/wp-content\/uploads\/2025\/12\/christien-de-pisan.png\" alt=\"\" class=\"wp-image-4730\" srcset=\"https:\/\/www.littorelles.org\/wp-content\/uploads\/2025\/12\/christien-de-pisan.png 370w, https:\/\/www.littorelles.org\/wp-content\/uploads\/2025\/12\/christien-de-pisan-224x300.png 224w\" sizes=\"auto, (max-width: 370px) 100vw, 370px\" \/><\/figure>\n<\/figure>\n","protected":false},"excerpt":{"rendered":"<p>Audrey Coudevylle, f\u00e9ministe et brillante universitaire, nous a tenues en haleine avec un sujet difficile sur les femmes autrices au cours des si\u00e8cles et plus pr\u00e9cisement au moyen age&nbsp; Les Autrices furent ces grandes effac\u00e9es qui ont fait la litt\u00e9rature du Moyen Age ; en effet, les obstacles \u00e9taient nombreux car elles n&rsquo;arrivaient jamais au &hellip; <a href=\"https:\/\/www.littorelles.org\/?page_id=4723\" class=\"more-link\">Continuer la lecture de <span class=\"screen-reader-text\">Conf\u00e9rence d&rsquo;Audrey Coudevylle  : \u00ab Profession autrice \u00bb, sur les chemins de la construction de l\u2019\u00e9criture des femmes dans la litt\u00e9rature fran\u00e7aise.<\/span> <span class=\"meta-nav\">&rarr;<\/span><\/a><\/p>\n","protected":false},"author":1,"featured_media":0,"parent":4290,"menu_order":0,"comment_status":"closed","ping_status":"closed","template":"","meta":{"ngg_post_thumbnail":0,"footnotes":""},"class_list":["post-4723","page","type-page","status-publish","hentry"],"_links":{"self":[{"href":"https:\/\/www.littorelles.org\/index.php?rest_route=\/wp\/v2\/pages\/4723","targetHints":{"allow":["GET"]}}],"collection":[{"href":"https:\/\/www.littorelles.org\/index.php?rest_route=\/wp\/v2\/pages"}],"about":[{"href":"https:\/\/www.littorelles.org\/index.php?rest_route=\/wp\/v2\/types\/page"}],"author":[{"embeddable":true,"href":"https:\/\/www.littorelles.org\/index.php?rest_route=\/wp\/v2\/users\/1"}],"replies":[{"embeddable":true,"href":"https:\/\/www.littorelles.org\/index.php?rest_route=%2Fwp%2Fv2%2Fcomments&post=4723"}],"version-history":[{"count":1,"href":"https:\/\/www.littorelles.org\/index.php?rest_route=\/wp\/v2\/pages\/4723\/revisions"}],"predecessor-version":[{"id":4733,"href":"https:\/\/www.littorelles.org\/index.php?rest_route=\/wp\/v2\/pages\/4723\/revisions\/4733"}],"up":[{"embeddable":true,"href":"https:\/\/www.littorelles.org\/index.php?rest_route=\/wp\/v2\/pages\/4290"}],"wp:attachment":[{"href":"https:\/\/www.littorelles.org\/index.php?rest_route=%2Fwp%2Fv2%2Fmedia&parent=4723"}],"curies":[{"name":"wp","href":"https:\/\/api.w.org\/{rel}","templated":true}]}}