{"id":4709,"date":"2025-12-18T16:40:49","date_gmt":"2025-12-18T15:40:49","guid":{"rendered":"https:\/\/www.littorelles.org\/?page_id=4709"},"modified":"2025-12-18T16:40:49","modified_gmt":"2025-12-18T15:40:49","slug":"conference-de-nicolas-felliers-lart-du-camouflage-au-service-de-la-grande-guerre","status":"publish","type":"page","link":"https:\/\/www.littorelles.org\/?page_id=4709","title":{"rendered":"Conf\u00e9rence de Nicolas Felliers : L&rsquo;art du camouflage au service de la grande guerre"},"content":{"rendered":"\n<p>Nicola Felliers, avec la tenue ad\u00e9quate,&nbsp; nous a racont\u00e9 cette incroyable histoire de camouflage pendant la premi\u00e8re guerre de 14\/18 ; longtemps secret d\u00e9fense,&nbsp; les documents sont aujourd&rsquo;hui consultables.<\/p>\n\n\n\n<p>Nous avons pu apprendre beaucoup de choses insoup\u00e7onn\u00e9es sur l&rsquo;\u00e9lan du milieu artistique pendant la guerre.<\/p>\n\n\n\n<p>Un sujet qui a \u00e9t\u00e9 peu abord\u00e9 par les militaires, pourtant ces camouflages ont mis un doute dans l\u2019esprit du combattant inverse&nbsp;; ces leurres pouvaient \u00eatre visuel, olfactif acoustique comportemental ou tactique. On a modifi\u00e9 la couleur des uniformes &#8211;&nbsp; peint les avions et les camions &nbsp;&nbsp;&#8211; faux cadavres d\u2019animaux&nbsp; &#8211; faux arbres \u2013 cacher les routes par des toiles \u2013 fausses t\u00eates de soldats<\/p>\n\n\n\n<p>&nbsp;Pendant la Premi\u00e8re Guerre mondiale, des artistes fran\u00e7ais ont fini par convaincre l&rsquo;\u00e9tat-major de l&rsquo;int\u00e9r\u00eat de dissimuler les canons pour que l&rsquo;ennemi ne les rep\u00e8re pas. Comment ? Avec des toiles peintes ! idem avec les avions peints selon les d\u00e9cors du ciel&nbsp;<\/p>\n\n\n\n<p>&nbsp;En ce 11 novembre, date de l&rsquo;armistice, Le Midi libre raconte l&rsquo;histoire de Guirand de Scevola, un artiste originaire de S\u00e8te, qui avant la guerre s&rsquo;\u00e9tait illustr\u00e9 comme portraitiste, avant d&rsquo;\u00eatre mobilis\u00e9. Sous les drapeaux, il rencontre un peintre lorrain, Louis Guingot. Guingot avait observ\u00e9 un cam\u00e9l\u00e9on qu&rsquo;il gardait dans son atelier &#8211; de l&rsquo;art de se fondre dans le paysage &#8211; et voir les soldats fran\u00e7ais monter au front dans leur pantalon rouge garance l&rsquo;avait profond\u00e9ment \u00e9mu.<\/p>\n\n\n\n<p>Mais ce n&rsquo;est pas seulement aux uniformes que les deux artistes vont s&rsquo;attaquer. Ils vont proposer de recouvrir les pi\u00e8ces d&rsquo;artillerie, ces canons qui brillent au soleil, de toiles peintes pour qu&rsquo;ils ne puissent plus \u00eatre rep\u00e9r\u00e9s du ciel par les ballons d&rsquo;observation. En f\u00e9vrier 1915, le premier atelier de camouflage est cr\u00e9\u00e9 \u00e0 Toul. D&rsquo;autres artistes seront recrut\u00e9s, notamment Pinchon, le dessinateur de B\u00e9cassine. Et en ao\u00fbt 1915, le g\u00e9n\u00e9ral Joffre lance officiellement l&rsquo;unit\u00e9 des camoufleurs, avec le cam\u00e9l\u00e9on pour embl\u00e8me.<\/p>\n\n\n\n<p>Il est \u00e0 noter aussi que les peintre ont form\u00e9 le groupe des cubistes suite \u00e0 la guerre 14\/18<\/p>\n\n\n\n<figure class=\"wp-block-embed is-type-video is-provider-youtube wp-block-embed-youtube wp-embed-aspect-4-3 wp-has-aspect-ratio\"><div class=\"wp-block-embed__wrapper\">\n<iframe loading=\"lazy\" title=\"Les objets de la grande guerre 4 - Le camouflage\" width=\"604\" height=\"453\" src=\"https:\/\/www.youtube.com\/embed\/SOqO-ksBsRk?feature=oembed\" frameborder=\"0\" allow=\"accelerometer; autoplay; clipboard-write; encrypted-media; gyroscope; picture-in-picture; web-share\" referrerpolicy=\"strict-origin-when-cross-origin\" allowfullscreen><\/iframe>\n<\/div><\/figure>\n\n\n\n<figure class=\"wp-block-gallery has-nested-images columns-default is-cropped wp-block-gallery-1 is-layout-flex wp-block-gallery-is-layout-flex\">\n<figure class=\"wp-block-image size-large\"><img loading=\"lazy\" decoding=\"async\" width=\"768\" height=\"1024\" data-id=\"4715\" src=\"https:\/\/www.littorelles.org\/wp-content\/uploads\/2025\/12\/camouflage_-5-768x1024.jpg\" alt=\"\" class=\"wp-image-4715\" srcset=\"https:\/\/www.littorelles.org\/wp-content\/uploads\/2025\/12\/camouflage_-5-768x1024.jpg 768w, https:\/\/www.littorelles.org\/wp-content\/uploads\/2025\/12\/camouflage_-5-225x300.jpg 225w, https:\/\/www.littorelles.org\/wp-content\/uploads\/2025\/12\/camouflage_-5-1152x1536.jpg 1152w, https:\/\/www.littorelles.org\/wp-content\/uploads\/2025\/12\/camouflage_-5.jpg 1200w\" sizes=\"auto, (max-width: 768px) 100vw, 768px\" \/><\/figure>\n\n\n\n<figure class=\"wp-block-image size-large\"><img loading=\"lazy\" decoding=\"async\" width=\"640\" height=\"495\" data-id=\"4710\" src=\"https:\/\/www.littorelles.org\/wp-content\/uploads\/2025\/12\/camouflage_-2.webp\" alt=\"\" class=\"wp-image-4710\" srcset=\"https:\/\/www.littorelles.org\/wp-content\/uploads\/2025\/12\/camouflage_-2.webp 640w, https:\/\/www.littorelles.org\/wp-content\/uploads\/2025\/12\/camouflage_-2-300x232.webp 300w\" sizes=\"auto, (max-width: 640px) 100vw, 640px\" \/><\/figure>\n\n\n\n<figure class=\"wp-block-image size-large\"><img loading=\"lazy\" decoding=\"async\" width=\"805\" height=\"453\" data-id=\"4716\" src=\"https:\/\/www.littorelles.org\/wp-content\/uploads\/2025\/12\/camouflage_-1.webp\" alt=\"\" class=\"wp-image-4716\" srcset=\"https:\/\/www.littorelles.org\/wp-content\/uploads\/2025\/12\/camouflage_-1.webp 805w, https:\/\/www.littorelles.org\/wp-content\/uploads\/2025\/12\/camouflage_-1-300x169.webp 300w, https:\/\/www.littorelles.org\/wp-content\/uploads\/2025\/12\/camouflage_-1-768x432.webp 768w\" sizes=\"auto, (max-width: 805px) 100vw, 805px\" \/><\/figure>\n\n\n\n<figure class=\"wp-block-image size-large\"><img loading=\"lazy\" decoding=\"async\" width=\"600\" height=\"729\" data-id=\"4717\" src=\"https:\/\/www.littorelles.org\/wp-content\/uploads\/2025\/12\/camouflage_-6.jpg\" alt=\"\" class=\"wp-image-4717\" srcset=\"https:\/\/www.littorelles.org\/wp-content\/uploads\/2025\/12\/camouflage_-6.jpg 600w, https:\/\/www.littorelles.org\/wp-content\/uploads\/2025\/12\/camouflage_-6-247x300.jpg 247w\" sizes=\"auto, (max-width: 600px) 100vw, 600px\" \/><\/figure>\n\n\n\n<figure class=\"wp-block-image size-large\"><img loading=\"lazy\" decoding=\"async\" width=\"778\" height=\"1024\" data-id=\"4712\" src=\"https:\/\/www.littorelles.org\/wp-content\/uploads\/2025\/12\/camouflage_-3-778x1024.webp\" alt=\"\" class=\"wp-image-4712\" srcset=\"https:\/\/www.littorelles.org\/wp-content\/uploads\/2025\/12\/camouflage_-3-778x1024.webp 778w, https:\/\/www.littorelles.org\/wp-content\/uploads\/2025\/12\/camouflage_-3-228x300.webp 228w, https:\/\/www.littorelles.org\/wp-content\/uploads\/2025\/12\/camouflage_-3-768x1011.webp 768w, https:\/\/www.littorelles.org\/wp-content\/uploads\/2025\/12\/camouflage_-3.webp 860w\" sizes=\"auto, (max-width: 778px) 100vw, 778px\" \/><\/figure>\n\n\n\n<figure class=\"wp-block-image size-large\"><img loading=\"lazy\" decoding=\"async\" width=\"1024\" height=\"691\" data-id=\"4720\" src=\"https:\/\/www.littorelles.org\/wp-content\/uploads\/2025\/12\/camouflage_-1-1024x691.png\" alt=\"\" class=\"wp-image-4720\" srcset=\"https:\/\/www.littorelles.org\/wp-content\/uploads\/2025\/12\/camouflage_-1-1024x691.png 1024w, https:\/\/www.littorelles.org\/wp-content\/uploads\/2025\/12\/camouflage_-1-300x203.png 300w, https:\/\/www.littorelles.org\/wp-content\/uploads\/2025\/12\/camouflage_-1-768x518.png 768w, https:\/\/www.littorelles.org\/wp-content\/uploads\/2025\/12\/camouflage_-1.png 1191w\" sizes=\"auto, (max-width: 1024px) 100vw, 1024px\" \/><\/figure>\n\n\n\n<figure class=\"wp-block-image size-large\"><img loading=\"lazy\" decoding=\"async\" width=\"1024\" height=\"768\" data-id=\"4719\" src=\"https:\/\/www.littorelles.org\/wp-content\/uploads\/2025\/12\/camouflage_-2-1024x768.jpg\" alt=\"\" class=\"wp-image-4719\" srcset=\"https:\/\/www.littorelles.org\/wp-content\/uploads\/2025\/12\/camouflage_-2-1024x768.jpg 1024w, https:\/\/www.littorelles.org\/wp-content\/uploads\/2025\/12\/camouflage_-2-300x225.jpg 300w, https:\/\/www.littorelles.org\/wp-content\/uploads\/2025\/12\/camouflage_-2-768x576.jpg 768w, https:\/\/www.littorelles.org\/wp-content\/uploads\/2025\/12\/camouflage_-2.jpg 1200w\" sizes=\"auto, (max-width: 1024px) 100vw, 1024px\" \/><\/figure>\n\n\n\n<figure class=\"wp-block-image size-large\"><img loading=\"lazy\" decoding=\"async\" width=\"900\" height=\"900\" data-id=\"4714\" src=\"https:\/\/www.littorelles.org\/wp-content\/uploads\/2025\/12\/camouflage_-3.jpg\" alt=\"\" class=\"wp-image-4714\" srcset=\"https:\/\/www.littorelles.org\/wp-content\/uploads\/2025\/12\/camouflage_-3.jpg 900w, https:\/\/www.littorelles.org\/wp-content\/uploads\/2025\/12\/camouflage_-3-300x300.jpg 300w, https:\/\/www.littorelles.org\/wp-content\/uploads\/2025\/12\/camouflage_-3-150x150.jpg 150w, https:\/\/www.littorelles.org\/wp-content\/uploads\/2025\/12\/camouflage_-3-768x768.jpg 768w\" sizes=\"auto, (max-width: 900px) 100vw, 900px\" \/><\/figure>\n\n\n\n<figure class=\"wp-block-image size-large\"><img loading=\"lazy\" decoding=\"async\" width=\"672\" height=\"372\" data-id=\"4713\" src=\"https:\/\/www.littorelles.org\/wp-content\/uploads\/2025\/12\/camouflage_-4.jpg\" alt=\"\" class=\"wp-image-4713\" srcset=\"https:\/\/www.littorelles.org\/wp-content\/uploads\/2025\/12\/camouflage_-4.jpg 672w, https:\/\/www.littorelles.org\/wp-content\/uploads\/2025\/12\/camouflage_-4-300x166.jpg 300w\" sizes=\"auto, (max-width: 672px) 100vw, 672px\" \/><\/figure>\n\n\n\n<figure class=\"wp-block-image size-large\"><img loading=\"lazy\" decoding=\"async\" width=\"625\" height=\"1000\" data-id=\"4718\" src=\"https:\/\/www.littorelles.org\/wp-content\/uploads\/2025\/12\/camouflage_-1.jpg\" alt=\"\" class=\"wp-image-4718\" srcset=\"https:\/\/www.littorelles.org\/wp-content\/uploads\/2025\/12\/camouflage_-1.jpg 625w, https:\/\/www.littorelles.org\/wp-content\/uploads\/2025\/12\/camouflage_-1-188x300.jpg 188w\" sizes=\"auto, (max-width: 625px) 100vw, 625px\" \/><\/figure>\n\n\n\n<figure class=\"wp-block-image size-large\"><img loading=\"lazy\" decoding=\"async\" width=\"309\" height=\"500\" data-id=\"4711\" src=\"https:\/\/www.littorelles.org\/wp-content\/uploads\/2025\/12\/camouflage0.jpg\" alt=\"\" class=\"wp-image-4711\" srcset=\"https:\/\/www.littorelles.org\/wp-content\/uploads\/2025\/12\/camouflage0.jpg 309w, https:\/\/www.littorelles.org\/wp-content\/uploads\/2025\/12\/camouflage0-185x300.jpg 185w\" sizes=\"auto, (max-width: 309px) 100vw, 309px\" \/><\/figure>\n<\/figure>\n","protected":false},"excerpt":{"rendered":"<p>Nicola Felliers, avec la tenue ad\u00e9quate,&nbsp; nous a racont\u00e9 cette incroyable histoire de camouflage pendant la premi\u00e8re guerre de 14\/18 ; longtemps secret d\u00e9fense,&nbsp; les documents sont aujourd&rsquo;hui consultables. Nous avons pu apprendre beaucoup de choses insoup\u00e7onn\u00e9es sur l&rsquo;\u00e9lan du milieu artistique pendant la guerre. Un sujet qui a \u00e9t\u00e9 peu abord\u00e9 par les militaires, &hellip; <a href=\"https:\/\/www.littorelles.org\/?page_id=4709\" class=\"more-link\">Continuer la lecture de <span class=\"screen-reader-text\">Conf\u00e9rence de Nicolas Felliers : L&rsquo;art du camouflage au service de la grande guerre<\/span> <span class=\"meta-nav\">&rarr;<\/span><\/a><\/p>\n","protected":false},"author":1,"featured_media":0,"parent":4290,"menu_order":0,"comment_status":"closed","ping_status":"closed","template":"","meta":{"ngg_post_thumbnail":0,"footnotes":""},"class_list":["post-4709","page","type-page","status-publish","hentry"],"_links":{"self":[{"href":"https:\/\/www.littorelles.org\/index.php?rest_route=\/wp\/v2\/pages\/4709","targetHints":{"allow":["GET"]}}],"collection":[{"href":"https:\/\/www.littorelles.org\/index.php?rest_route=\/wp\/v2\/pages"}],"about":[{"href":"https:\/\/www.littorelles.org\/index.php?rest_route=\/wp\/v2\/types\/page"}],"author":[{"embeddable":true,"href":"https:\/\/www.littorelles.org\/index.php?rest_route=\/wp\/v2\/users\/1"}],"replies":[{"embeddable":true,"href":"https:\/\/www.littorelles.org\/index.php?rest_route=%2Fwp%2Fv2%2Fcomments&post=4709"}],"version-history":[{"count":1,"href":"https:\/\/www.littorelles.org\/index.php?rest_route=\/wp\/v2\/pages\/4709\/revisions"}],"predecessor-version":[{"id":4721,"href":"https:\/\/www.littorelles.org\/index.php?rest_route=\/wp\/v2\/pages\/4709\/revisions\/4721"}],"up":[{"embeddable":true,"href":"https:\/\/www.littorelles.org\/index.php?rest_route=\/wp\/v2\/pages\/4290"}],"wp:attachment":[{"href":"https:\/\/www.littorelles.org\/index.php?rest_route=%2Fwp%2Fv2%2Fmedia&parent=4709"}],"curies":[{"name":"wp","href":"https:\/\/api.w.org\/{rel}","templated":true}]}}