{"id":47,"date":"2013-11-06T02:58:52","date_gmt":"2013-11-06T01:58:52","guid":{"rendered":"http:\/\/localhost:81\/littorelles\/?page_id=47"},"modified":"2025-08-12T11:00:01","modified_gmt":"2025-08-12T10:00:01","slug":"glamour-des-stars-glamour-de-la-monarchie-britanique","status":"publish","type":"page","link":"https:\/\/www.littorelles.org\/?page_id=47","title":{"rendered":"Glamour des Stars \u2013 Glamour de la Monarchie Britanique"},"content":{"rendered":"<p><img decoding=\"async\" class=\"ngg_displayed_gallery mceItem\" alt=\"\" src=\"littorelles.org\/index.php\/nextgen-attach_to_post\/preview\/id--1042\" \/>Le palais de Buckingham nous a ouvert ses portes pour notre plus grand enchantement. \u00a0Ce palais sert \u00e0 la fois de bureau et de r\u00e9sidence londonienne \u00e0 sa majest\u00e9 la Reine, ainsi que le si\u00e8ge administratif de la Maison Royale.<\/p>\n<p>Nous avons visit\u00e9 le ch\u00e2teau et avons vu la robe du mariage de Kate et William<\/p>\n<p>Nous avons vu l&rsquo;exposition FABERGE, des \u0153ufs de P\u00e2ques imp\u00e9riaux incrust\u00e9s de pierres pr\u00e9cieuses et des boites aux \u00a0sculptures miniatures d&rsquo;animaux de compagnie.<\/p>\n<p>Nous avons m\u00eame eu une visite priv\u00e9e du jardin de la Reine !<\/p>\n","protected":false},"excerpt":{"rendered":"<p>Le palais de Buckingham nous a ouvert ses portes pour notre plus grand enchantement. \u00a0Ce palais sert \u00e0 la fois de bureau et de r\u00e9sidence londonienne \u00e0 sa majest\u00e9 la Reine, ainsi que le si\u00e8ge administratif de la Maison Royale. Nous avons visit\u00e9 le ch\u00e2teau et avons vu la robe du mariage de Kate et &hellip; <a href=\"https:\/\/www.littorelles.org\/?page_id=47\" class=\"more-link\">Continuer la lecture de <span class=\"screen-reader-text\">Glamour des Stars \u2013 Glamour de la Monarchie Britanique<\/span> <span class=\"meta-nav\">&rarr;<\/span><\/a><\/p>\n","protected":false},"author":1,"featured_media":0,"parent":39,"menu_order":0,"comment_status":"closed","ping_status":"open","template":"","meta":{"ngg_post_thumbnail":0,"footnotes":""},"class_list":["post-47","page","type-page","status-publish","hentry"],"_links":{"self":[{"href":"https:\/\/www.littorelles.org\/index.php?rest_route=\/wp\/v2\/pages\/47","targetHints":{"allow":["GET"]}}],"collection":[{"href":"https:\/\/www.littorelles.org\/index.php?rest_route=\/wp\/v2\/pages"}],"about":[{"href":"https:\/\/www.littorelles.org\/index.php?rest_route=\/wp\/v2\/types\/page"}],"author":[{"embeddable":true,"href":"https:\/\/www.littorelles.org\/index.php?rest_route=\/wp\/v2\/users\/1"}],"replies":[{"embeddable":true,"href":"https:\/\/www.littorelles.org\/index.php?rest_route=%2Fwp%2Fv2%2Fcomments&post=47"}],"version-history":[{"count":1,"href":"https:\/\/www.littorelles.org\/index.php?rest_route=\/wp\/v2\/pages\/47\/revisions"}],"predecessor-version":[{"id":4618,"href":"https:\/\/www.littorelles.org\/index.php?rest_route=\/wp\/v2\/pages\/47\/revisions\/4618"}],"up":[{"embeddable":true,"href":"https:\/\/www.littorelles.org\/index.php?rest_route=\/wp\/v2\/pages\/39"}],"wp:attachment":[{"href":"https:\/\/www.littorelles.org\/index.php?rest_route=%2Fwp%2Fv2%2Fmedia&parent=47"}],"curies":[{"name":"wp","href":"https:\/\/api.w.org\/{rel}","templated":true}]}}