{"id":4687,"date":"2025-12-18T16:14:22","date_gmt":"2025-12-18T15:14:22","guid":{"rendered":"https:\/\/www.littorelles.org\/?page_id=4687"},"modified":"2025-12-18T16:14:22","modified_gmt":"2025-12-18T15:14:22","slug":"conference-de-justine-pluchar-lincroyable-parcours-de-jeanne-de-flandre","status":"publish","type":"page","link":"https:\/\/www.littorelles.org\/?page_id=4687","title":{"rendered":"Conf\u00e9rence de Justine Pluchar : L&rsquo;incroyable parcours de Jeanne de Flandre ."},"content":{"rendered":"\n<p>Un vrai plaisir d\u2019\u00e9couter notre conf\u00e9renci\u00e8re, <strong>Justine Pluchard<\/strong>, qui a su nous faire voyager dans le temps en nous racontant la vie de <strong>Jeanne de Flandre<\/strong>. \u00c0 travers son r\u00e9cit vivant et rythm\u00e9, les p\u00e9rip\u00e9ties de cette grande figure historique prenaient des allures de v\u00e9ritable feuilleton, captivant l\u2019auditoire du d\u00e9but \u00e0 la fin.<\/p>\n\n\n\n<p>Jeanne de Constantinople, plus connue sous le nom de <strong>Jeanne de Flandre<\/strong> (1199-1244), est la fille a\u00een\u00e9e de <strong>Baudouin IX<\/strong>, comte de Flandre et de Hainaut, devenu empereur latin de Constantinople, et de <strong>Marie de Champagne<\/strong>. Elle gouverne la Flandre et le Hainaut de 1205 \u00e0 1244, s\u2019imposant comme une femme \u00e0 la fois pieuse, d\u00e9termin\u00e9e et profond\u00e9ment engag\u00e9e.<\/p>\n\n\n\n<p>Grande m\u00e9c\u00e8ne religieuse, Jeanne de Flandre est \u00e0 l\u2019origine de la fondation de nombreux couvents et abbayes, dont la c\u00e9l\u00e8bre <strong>abbaye cistercienne de Marquette<\/strong>, consid\u00e9r\u00e9e comme l\u2019une des plus importantes de France \u00e0 son \u00e9poque. Soucieuse des plus d\u00e9munis, elle y fait \u00e9galement cr\u00e9er un h\u00f4pital destin\u00e9 aux malades pauvres. Son engagement social se manifeste aussi par la cr\u00e9ation de <strong>l\u00e9proseries et d\u2019h\u00f4pitaux<\/strong>, parmi lesquels figure le renomm\u00e9 <strong>Hospice Comtesse de Lille<\/strong>.<\/p>\n\n\n\n<p>Aux c\u00f4t\u00e9s de son \u00e9poux, <strong>Ferrand de Portugal<\/strong>, Jeanne de Flandre \u0153uvre au renforcement du pouvoir des communes. Sous leur gouvernement, les villes flamandes connaissent un essor remarquable, tant sur le plan politique qu\u2019\u00e9conomique, contribuant durablement \u00e0 la prosp\u00e9rit\u00e9 de la r\u00e9gion.<br><\/p>\n\n\n\n<figure class=\"wp-block-gallery has-nested-images columns-default is-cropped wp-block-gallery-1 is-layout-flex wp-block-gallery-is-layout-flex\">\n<figure class=\"wp-block-image size-large\"><img loading=\"lazy\" decoding=\"async\" width=\"768\" height=\"1024\" data-id=\"4689\" src=\"https:\/\/www.littorelles.org\/wp-content\/uploads\/2025\/12\/justine-P-rotated.jpg\" alt=\"\" class=\"wp-image-4689\" srcset=\"https:\/\/www.littorelles.org\/wp-content\/uploads\/2025\/12\/justine-P-rotated.jpg 768w, https:\/\/www.littorelles.org\/wp-content\/uploads\/2025\/12\/justine-P-225x300.jpg 225w\" sizes=\"auto, (max-width: 768px) 100vw, 768px\" \/><\/figure>\n\n\n\n<figure class=\"wp-block-image size-large\"><img loading=\"lazy\" decoding=\"async\" width=\"1024\" height=\"808\" data-id=\"4690\" src=\"https:\/\/www.littorelles.org\/wp-content\/uploads\/2025\/12\/jeanne-2-1024x808.jpg\" alt=\"\" class=\"wp-image-4690\" srcset=\"https:\/\/www.littorelles.org\/wp-content\/uploads\/2025\/12\/jeanne-2-1024x808.jpg 1024w, https:\/\/www.littorelles.org\/wp-content\/uploads\/2025\/12\/jeanne-2-300x237.jpg 300w, https:\/\/www.littorelles.org\/wp-content\/uploads\/2025\/12\/jeanne-2-768x606.jpg 768w, https:\/\/www.littorelles.org\/wp-content\/uploads\/2025\/12\/jeanne-2.jpg 1106w\" sizes=\"auto, (max-width: 1024px) 100vw, 1024px\" \/><\/figure>\n\n\n\n<figure class=\"wp-block-image size-large\"><img loading=\"lazy\" decoding=\"async\" width=\"682\" height=\"1024\" data-id=\"4691\" src=\"https:\/\/www.littorelles.org\/wp-content\/uploads\/2025\/12\/jeanne-de-Flandre.jpg\" alt=\"\" class=\"wp-image-4691\" srcset=\"https:\/\/www.littorelles.org\/wp-content\/uploads\/2025\/12\/jeanne-de-Flandre.jpg 682w, https:\/\/www.littorelles.org\/wp-content\/uploads\/2025\/12\/jeanne-de-Flandre-200x300.jpg 200w\" sizes=\"auto, (max-width: 682px) 100vw, 682px\" \/><\/figure>\n\n\n\n<figure class=\"wp-block-image size-large\"><img loading=\"lazy\" decoding=\"async\" width=\"550\" height=\"688\" data-id=\"4688\" src=\"https:\/\/www.littorelles.org\/wp-content\/uploads\/2025\/12\/lille_hospice_v2.jpg\" alt=\"\" class=\"wp-image-4688\" srcset=\"https:\/\/www.littorelles.org\/wp-content\/uploads\/2025\/12\/lille_hospice_v2.jpg 550w, https:\/\/www.littorelles.org\/wp-content\/uploads\/2025\/12\/lille_hospice_v2-240x300.jpg 240w\" sizes=\"auto, (max-width: 550px) 100vw, 550px\" \/><\/figure>\n\n\n\n<figure class=\"wp-block-image size-large\"><img loading=\"lazy\" decoding=\"async\" width=\"513\" height=\"1024\" data-id=\"4692\" src=\"https:\/\/www.littorelles.org\/wp-content\/uploads\/2025\/12\/Joan_of_Flandres-513x1024.jpg\" alt=\"\" class=\"wp-image-4692\" srcset=\"https:\/\/www.littorelles.org\/wp-content\/uploads\/2025\/12\/Joan_of_Flandres-513x1024.jpg 513w, https:\/\/www.littorelles.org\/wp-content\/uploads\/2025\/12\/Joan_of_Flandres-150x300.jpg 150w, https:\/\/www.littorelles.org\/wp-content\/uploads\/2025\/12\/Joan_of_Flandres-768x1535.jpg 768w, https:\/\/www.littorelles.org\/wp-content\/uploads\/2025\/12\/Joan_of_Flandres-769x1536.jpg 769w, https:\/\/www.littorelles.org\/wp-content\/uploads\/2025\/12\/Joan_of_Flandres.jpg 1025w\" sizes=\"auto, (max-width: 513px) 100vw, 513px\" \/><\/figure>\n<\/figure>\n","protected":false},"excerpt":{"rendered":"<p>Un vrai plaisir d\u2019\u00e9couter notre conf\u00e9renci\u00e8re, Justine Pluchard, qui a su nous faire voyager dans le temps en nous racontant la vie de Jeanne de Flandre. \u00c0 travers son r\u00e9cit vivant et rythm\u00e9, les p\u00e9rip\u00e9ties de cette grande figure historique prenaient des allures de v\u00e9ritable feuilleton, captivant l\u2019auditoire du d\u00e9but \u00e0 la fin. Jeanne de &hellip; <a href=\"https:\/\/www.littorelles.org\/?page_id=4687\" class=\"more-link\">Continuer la lecture de <span class=\"screen-reader-text\">Conf\u00e9rence de Justine Pluchar : L&rsquo;incroyable parcours de Jeanne de Flandre .<\/span> <span class=\"meta-nav\">&rarr;<\/span><\/a><\/p>\n","protected":false},"author":1,"featured_media":0,"parent":4290,"menu_order":0,"comment_status":"closed","ping_status":"closed","template":"","meta":{"ngg_post_thumbnail":0,"footnotes":""},"class_list":["post-4687","page","type-page","status-publish","hentry"],"_links":{"self":[{"href":"https:\/\/www.littorelles.org\/index.php?rest_route=\/wp\/v2\/pages\/4687","targetHints":{"allow":["GET"]}}],"collection":[{"href":"https:\/\/www.littorelles.org\/index.php?rest_route=\/wp\/v2\/pages"}],"about":[{"href":"https:\/\/www.littorelles.org\/index.php?rest_route=\/wp\/v2\/types\/page"}],"author":[{"embeddable":true,"href":"https:\/\/www.littorelles.org\/index.php?rest_route=\/wp\/v2\/users\/1"}],"replies":[{"embeddable":true,"href":"https:\/\/www.littorelles.org\/index.php?rest_route=%2Fwp%2Fv2%2Fcomments&post=4687"}],"version-history":[{"count":1,"href":"https:\/\/www.littorelles.org\/index.php?rest_route=\/wp\/v2\/pages\/4687\/revisions"}],"predecessor-version":[{"id":4693,"href":"https:\/\/www.littorelles.org\/index.php?rest_route=\/wp\/v2\/pages\/4687\/revisions\/4693"}],"up":[{"embeddable":true,"href":"https:\/\/www.littorelles.org\/index.php?rest_route=\/wp\/v2\/pages\/4290"}],"wp:attachment":[{"href":"https:\/\/www.littorelles.org\/index.php?rest_route=%2Fwp%2Fv2%2Fmedia&parent=4687"}],"curies":[{"name":"wp","href":"https:\/\/api.w.org\/{rel}","templated":true}]}}