{"id":4675,"date":"2025-12-18T16:04:41","date_gmt":"2025-12-18T15:04:41","guid":{"rendered":"https:\/\/www.littorelles.org\/?page_id=4675"},"modified":"2025-12-18T16:07:36","modified_gmt":"2025-12-18T15:07:36","slug":"4675-2","status":"publish","type":"page","link":"https:\/\/www.littorelles.org\/?page_id=4675","title":{"rendered":"Conf\u00e9rence d&rsquo;Audrey Coudevylle. \u00catre B\u00e9guine au XII &#8211; XIV\u00e8me si\u00e8cle."},"content":{"rendered":"\n<p>Avec passion, notre conf\u00e9renci\u00e8re, Audrey Coudevylle,&nbsp; nous a cont\u00e9 l&rsquo;histoire de Marguerite&nbsp;Porete et aussi des B\u00e9guines<\/p>\n\n\n\n<p>Vivre dans un b\u00e9guinage \u00e9tait la volont\u00e9 de se prot\u00e9ger du joug des hommes et de vivre libre, tout en ayant une vie spirituelle&nbsp; &#8211; chaque b\u00e9guinage avait sa propre r\u00e8gle et les femmes pouvaient quitter le groupe,&nbsp; car il n\u2019y avait pas de v\u0153ux perp\u00e9tuels \u2013 ces femmes se d\u00e9vouaient&nbsp; aux malades et aux bonnes \u0153uvres<\/p>\n\n\n\n<p>&nbsp;L&rsquo;une des plus c\u00e9l\u00e8bres,&nbsp;&nbsp;Marguerite Porete (vers 1250 \u2013 1310) fut&nbsp;une \u00e9crivaine et po\u00e9tesse mystique chr\u00e9tienne. Son livre \u00ab\u00a0Le Miroir des simples \u00e2mes an\u00e9anties\u00a0\u00bb, explorant l\u2019amour de Dieu, a choqu\u00e9 l\u2019Eglise de l\u2019\u00e9poque. Aujourd\u2019hui, il est de plus en plus consid\u00e9r\u00e9 comme un ouvrage majeur du Moyen \u00c2ge.<\/p>\n\n\n\n<p>&nbsp;Marguerite&nbsp; a re\u00e7u&nbsp;une bonne \u00e9ducation et a choisi d&rsquo;\u00eatre&nbsp;une b\u00e9guine ;&nbsp; ces femmes g\u00e9n\u00e9ralement c\u00e9libataires ou veuves qui formaient des communaut\u00e9s religieuses la\u00efques. Tr\u00e8s r\u00e9pandues en Flandres, les b\u00e9guines vivaient selon une r\u00e8gle monastique mais ne pr\u00eataient aucun v\u0153u perp\u00e9tuel. Elles vivaient dans des b\u00e9guinages (comme on peut en voir \u00e0 Bruges, \u00e0 Louvain, \u00e0 Courtrai\u2026), constitu\u00e9es de petites maisons individuelles install\u00e9es autour d\u2019un jardin central et d\u2019une \u00e9glise. Les b\u00e9guines jouissaient d\u2019une grande libert\u00e9, s\u2019affranchissant de la domination masculine tout en continuant \u00e0 vivre dans le monde, au sein des villes. En outre, \u00e9tant la\u00efques, elles n&rsquo;\u00e9taient pas sous l\u2019autorit\u00e9 de l\u2019Eglise et cette libert\u00e9 f\u00e9minine a d\u00e9plu&nbsp;rapidement \u00e0 l&rsquo;institution. Elles s\u2019occupent de la sant\u00e9, de la pharmacologie et avaient&nbsp;des ateliers de tissage<\/p>\n\n\n\n<p>Aux alentours de&nbsp;1290, son livre rencontre rapidement le succ\u00e8s et le scandale. L\u2019Eglise y voit une d\u00e9marche visant \u00e0 se passer de l\u2019institution, et \u00e0 s\u2019attaquer \u00e0 ses fondements parmi lesquels les sacrements. La qualit\u00e9 de b\u00e9guine de son&nbsp;auteure, et sa libert\u00e9 de fait, ne peut que lui nuire. \u00ab\u00a0Le Miroir des simples&nbsp;an\u00e9anties\u00a0\u00bb est&nbsp;condamn\u00e9 pour h\u00e9r\u00e9sie d\u00e8s 1300.&nbsp;Le 1er juin 1310, trois semaines apr\u00e8s l\u2019ex\u00e9cution de cinquante-quatre templiers, Marguerite Porete est br\u00fbl\u00e9e vive en place de Gr\u00e8ve \u00e0 Paris&nbsp;\u00bb.<\/p>\n\n\n\n<figure class=\"wp-block-gallery has-nested-images columns-default is-cropped wp-block-gallery-1 is-layout-flex wp-block-gallery-is-layout-flex\">\n<figure class=\"wp-block-image size-large\"><img loading=\"lazy\" decoding=\"async\" width=\"768\" height=\"1024\" data-id=\"4679\" src=\"https:\/\/www.littorelles.org\/wp-content\/uploads\/2025\/12\/audrey-Coudevylle.jpg\" alt=\"\" class=\"wp-image-4679\" srcset=\"https:\/\/www.littorelles.org\/wp-content\/uploads\/2025\/12\/audrey-Coudevylle.jpg 768w, https:\/\/www.littorelles.org\/wp-content\/uploads\/2025\/12\/audrey-Coudevylle-225x300.jpg 225w\" sizes=\"auto, (max-width: 768px) 100vw, 768px\" \/><\/figure>\n\n\n\n<figure class=\"wp-block-image size-large\"><img loading=\"lazy\" decoding=\"async\" width=\"260\" height=\"382\" data-id=\"4676\" src=\"https:\/\/www.littorelles.org\/wp-content\/uploads\/2025\/12\/Beguine_porete.jpg\" alt=\"\" class=\"wp-image-4676\" srcset=\"https:\/\/www.littorelles.org\/wp-content\/uploads\/2025\/12\/Beguine_porete.jpg 260w, https:\/\/www.littorelles.org\/wp-content\/uploads\/2025\/12\/Beguine_porete-204x300.jpg 204w\" sizes=\"auto, (max-width: 260px) 100vw, 260px\" \/><\/figure>\n\n\n\n<figure class=\"wp-block-image size-large\"><img loading=\"lazy\" decoding=\"async\" width=\"1024\" height=\"672\" data-id=\"4678\" src=\"https:\/\/www.littorelles.org\/wp-content\/uploads\/2025\/12\/10317-1024x672.jpg\" alt=\"\" class=\"wp-image-4678\" srcset=\"https:\/\/www.littorelles.org\/wp-content\/uploads\/2025\/12\/10317-1024x672.jpg 1024w, https:\/\/www.littorelles.org\/wp-content\/uploads\/2025\/12\/10317-300x197.jpg 300w, https:\/\/www.littorelles.org\/wp-content\/uploads\/2025\/12\/10317-768x504.jpg 768w, https:\/\/www.littorelles.org\/wp-content\/uploads\/2025\/12\/10317.jpg 1170w\" sizes=\"auto, (max-width: 1024px) 100vw, 1024px\" \/><\/figure>\n\n\n\n<figure class=\"wp-block-image size-large\"><img loading=\"lazy\" decoding=\"async\" width=\"640\" height=\"387\" data-id=\"4677\" src=\"https:\/\/www.littorelles.org\/wp-content\/uploads\/2025\/12\/Beguines_2.jpg\" alt=\"\" class=\"wp-image-4677\" srcset=\"https:\/\/www.littorelles.org\/wp-content\/uploads\/2025\/12\/Beguines_2.jpg 640w, https:\/\/www.littorelles.org\/wp-content\/uploads\/2025\/12\/Beguines_2-300x181.jpg 300w\" sizes=\"auto, (max-width: 640px) 100vw, 640px\" \/><\/figure>\n\n\n\n<figure class=\"wp-block-image size-large\"><img loading=\"lazy\" decoding=\"async\" width=\"625\" height=\"1024\" data-id=\"4681\" src=\"https:\/\/www.littorelles.org\/wp-content\/uploads\/2025\/12\/penelope-625x1024.jpg\" alt=\"\" class=\"wp-image-4681\" srcset=\"https:\/\/www.littorelles.org\/wp-content\/uploads\/2025\/12\/penelope-625x1024.jpg 625w, https:\/\/www.littorelles.org\/wp-content\/uploads\/2025\/12\/penelope-183x300.jpg 183w, https:\/\/www.littorelles.org\/wp-content\/uploads\/2025\/12\/penelope.jpg 640w\" sizes=\"auto, (max-width: 625px) 100vw, 625px\" \/><\/figure>\n\n\n\n<figure class=\"wp-block-image size-large\"><img loading=\"lazy\" decoding=\"async\" width=\"598\" height=\"446\" data-id=\"4680\" src=\"https:\/\/www.littorelles.org\/wp-content\/uploads\/2025\/12\/gasthuizen438.jpg\" alt=\"\" class=\"wp-image-4680\" srcset=\"https:\/\/www.littorelles.org\/wp-content\/uploads\/2025\/12\/gasthuizen438.jpg 598w, https:\/\/www.littorelles.org\/wp-content\/uploads\/2025\/12\/gasthuizen438-300x224.jpg 300w\" sizes=\"auto, (max-width: 598px) 100vw, 598px\" \/><\/figure>\n<\/figure>\n","protected":false},"excerpt":{"rendered":"<p>Avec passion, notre conf\u00e9renci\u00e8re, Audrey Coudevylle,&nbsp; nous a cont\u00e9 l&rsquo;histoire de Marguerite&nbsp;Porete et aussi des B\u00e9guines Vivre dans un b\u00e9guinage \u00e9tait la volont\u00e9 de se prot\u00e9ger du joug des hommes et de vivre libre, tout en ayant une vie spirituelle&nbsp; &#8211; chaque b\u00e9guinage avait sa propre r\u00e8gle et les femmes pouvaient quitter le groupe,&nbsp; car &hellip; <a href=\"https:\/\/www.littorelles.org\/?page_id=4675\" class=\"more-link\">Continuer la lecture de <span class=\"screen-reader-text\">Conf\u00e9rence d&rsquo;Audrey Coudevylle. \u00catre B\u00e9guine au XII &#8211; XIV\u00e8me si\u00e8cle.<\/span> <span class=\"meta-nav\">&rarr;<\/span><\/a><\/p>\n","protected":false},"author":1,"featured_media":0,"parent":4290,"menu_order":0,"comment_status":"closed","ping_status":"closed","template":"","meta":{"ngg_post_thumbnail":0,"footnotes":""},"class_list":["post-4675","page","type-page","status-publish","hentry"],"_links":{"self":[{"href":"https:\/\/www.littorelles.org\/index.php?rest_route=\/wp\/v2\/pages\/4675","targetHints":{"allow":["GET"]}}],"collection":[{"href":"https:\/\/www.littorelles.org\/index.php?rest_route=\/wp\/v2\/pages"}],"about":[{"href":"https:\/\/www.littorelles.org\/index.php?rest_route=\/wp\/v2\/types\/page"}],"author":[{"embeddable":true,"href":"https:\/\/www.littorelles.org\/index.php?rest_route=\/wp\/v2\/users\/1"}],"replies":[{"embeddable":true,"href":"https:\/\/www.littorelles.org\/index.php?rest_route=%2Fwp%2Fv2%2Fcomments&post=4675"}],"version-history":[{"count":4,"href":"https:\/\/www.littorelles.org\/index.php?rest_route=\/wp\/v2\/pages\/4675\/revisions"}],"predecessor-version":[{"id":4685,"href":"https:\/\/www.littorelles.org\/index.php?rest_route=\/wp\/v2\/pages\/4675\/revisions\/4685"}],"up":[{"embeddable":true,"href":"https:\/\/www.littorelles.org\/index.php?rest_route=\/wp\/v2\/pages\/4290"}],"wp:attachment":[{"href":"https:\/\/www.littorelles.org\/index.php?rest_route=%2Fwp%2Fv2%2Fmedia&parent=4675"}],"curies":[{"name":"wp","href":"https:\/\/api.w.org\/{rel}","templated":true}]}}