{"id":4638,"date":"2025-12-18T15:42:48","date_gmt":"2025-12-18T14:42:48","guid":{"rendered":"https:\/\/www.littorelles.org\/?page_id=4638"},"modified":"2025-12-18T15:48:44","modified_gmt":"2025-12-18T14:48:44","slug":"itineraire-belge-du-beguinage-a-lart-nouveau","status":"publish","type":"page","link":"https:\/\/www.littorelles.org\/?page_id=4638","title":{"rendered":"Itineraire belge, du Beguinage \u00e0 l&rsquo;art nouveau"},"content":{"rendered":"\n<p>Dans une ambiance tr\u00e8s sympathique, c\u2019est avec un mini car que nous sommes all\u00e9es \u00e0 COURTRAI puis \u00e0 Tournai<\/p>\n\n\n\n<p>\u00ab&nbsp;Glorieuses et saintes dames&nbsp;\u00bb&nbsp;: nous avons visit\u00e9 le b\u00e9guinage de Courtrai particuli\u00e8rement bien r\u00e9nov\u00e9. Ces dames au XII\u00e8me si\u00e8cle se consacraient \u00e0 la contemplation mystique, aux soins des malades, au tissage. Pour la premi\u00e8re fois, des<\/p>\n\n\n\n<p>&nbsp;femmes pouvaient socialement exister sans \u00eatre \u00e9pouses, ni moniales.<\/p>\n\n\n\n<p>La ville de Courtrai compte une quarantaine de maisons du XVII\u00e8me si\u00e8cle blanchies \u00e0 la chaux et blotties dans des ruelles pav\u00e9es de son centre historique. Le B\u00e9guinage Elisabeth date de 1238 et est class\u00e9 au patrimoine mondial de l\u2019Unesco \u2013 chaque maison a un petit jardin et l\u2019ensemble est vraiment ravissant.<\/p>\n\n\n\n<p>Apr\u00e8s un d\u00e9jeuner fort agr\u00e9able nous sommes all\u00e9es \u00e0 Tournai pour une visite guid\u00e9e du Mus\u00e9e.<\/p>\n\n\n\n<p>D\u00e9j\u00e0 le b\u00e2timent est int\u00e9ressant avec un plan en forme de Tortue, un exemple de transition entre l\u2019art nouveau et l\u2019art d\u00e9co.<\/p>\n\n\n\n<p>Le mus\u00e9e poss\u00e8de la collection du m\u00e9c\u00e8ne Henri Van Cutsem avec deux \u0153uvres de Manet, des peintures et des sculptures qui vont des primitifs flamands (Campin, Van der Weyden, Bruegel) aux artistes contemporains \u2013 le mus\u00e9e pr\u00e9sente aussi des \u0153uvres de Rubens, Watteau, Snyders, Monet, Seurat, Van Gogh et des artistes belges comme Ensor, Claus, De Braekeleer Rogier de la Pasture, Pion, Dumoulin \u2026.<\/p>\n\n\n\n<figure class=\"wp-block-gallery has-nested-images columns-default is-cropped wp-block-gallery-1 is-layout-flex wp-block-gallery-is-layout-flex\">\n<figure class=\"wp-block-image size-large\"><img loading=\"lazy\" decoding=\"async\" width=\"1024\" height=\"768\" data-id=\"4649\" src=\"https:\/\/www.littorelles.org\/wp-content\/uploads\/2025\/12\/IMG_1606.jpg\" alt=\"\" class=\"wp-image-4649\" srcset=\"https:\/\/www.littorelles.org\/wp-content\/uploads\/2025\/12\/IMG_1606.jpg 1024w, https:\/\/www.littorelles.org\/wp-content\/uploads\/2025\/12\/IMG_1606-300x225.jpg 300w, https:\/\/www.littorelles.org\/wp-content\/uploads\/2025\/12\/IMG_1606-768x576.jpg 768w\" sizes=\"auto, (max-width: 1024px) 100vw, 1024px\" \/><\/figure>\n\n\n\n<figure class=\"wp-block-image size-large\"><img loading=\"lazy\" decoding=\"async\" width=\"1024\" height=\"768\" data-id=\"4651\" src=\"https:\/\/www.littorelles.org\/wp-content\/uploads\/2025\/12\/IMG_1511.jpg\" alt=\"\" class=\"wp-image-4651\" srcset=\"https:\/\/www.littorelles.org\/wp-content\/uploads\/2025\/12\/IMG_1511.jpg 1024w, https:\/\/www.littorelles.org\/wp-content\/uploads\/2025\/12\/IMG_1511-300x225.jpg 300w, https:\/\/www.littorelles.org\/wp-content\/uploads\/2025\/12\/IMG_1511-768x576.jpg 768w\" sizes=\"auto, (max-width: 1024px) 100vw, 1024px\" \/><\/figure>\n\n\n\n<figure class=\"wp-block-image size-large\"><img loading=\"lazy\" decoding=\"async\" width=\"1024\" height=\"768\" data-id=\"4642\" src=\"https:\/\/www.littorelles.org\/wp-content\/uploads\/2025\/12\/IMG_1489.jpg\" alt=\"\" class=\"wp-image-4642\" srcset=\"https:\/\/www.littorelles.org\/wp-content\/uploads\/2025\/12\/IMG_1489.jpg 1024w, https:\/\/www.littorelles.org\/wp-content\/uploads\/2025\/12\/IMG_1489-300x225.jpg 300w, https:\/\/www.littorelles.org\/wp-content\/uploads\/2025\/12\/IMG_1489-768x576.jpg 768w\" sizes=\"auto, (max-width: 1024px) 100vw, 1024px\" \/><\/figure>\n\n\n\n<figure class=\"wp-block-image size-large\"><img loading=\"lazy\" decoding=\"async\" width=\"768\" height=\"1024\" data-id=\"4650\" src=\"https:\/\/www.littorelles.org\/wp-content\/uploads\/2025\/12\/IMG_1491-rotated.jpg\" alt=\"\" class=\"wp-image-4650\" srcset=\"https:\/\/www.littorelles.org\/wp-content\/uploads\/2025\/12\/IMG_1491-rotated.jpg 768w, https:\/\/www.littorelles.org\/wp-content\/uploads\/2025\/12\/IMG_1491-225x300.jpg 225w\" sizes=\"auto, (max-width: 768px) 100vw, 768px\" \/><\/figure>\n\n\n\n<figure class=\"wp-block-image size-large\"><img loading=\"lazy\" decoding=\"async\" width=\"768\" height=\"1024\" data-id=\"4643\" src=\"https:\/\/www.littorelles.org\/wp-content\/uploads\/2025\/12\/IMG_1502-rotated.jpg\" alt=\"\" class=\"wp-image-4643\" srcset=\"https:\/\/www.littorelles.org\/wp-content\/uploads\/2025\/12\/IMG_1502-rotated.jpg 768w, https:\/\/www.littorelles.org\/wp-content\/uploads\/2025\/12\/IMG_1502-225x300.jpg 225w\" sizes=\"auto, (max-width: 768px) 100vw, 768px\" \/><\/figure>\n\n\n\n<figure class=\"wp-block-image size-large\"><img loading=\"lazy\" decoding=\"async\" width=\"768\" height=\"1024\" data-id=\"4639\" src=\"https:\/\/www.littorelles.org\/wp-content\/uploads\/2025\/12\/IMG_1505-rotated.jpg\" alt=\"\" class=\"wp-image-4639\" srcset=\"https:\/\/www.littorelles.org\/wp-content\/uploads\/2025\/12\/IMG_1505-rotated.jpg 768w, https:\/\/www.littorelles.org\/wp-content\/uploads\/2025\/12\/IMG_1505-225x300.jpg 225w\" sizes=\"auto, (max-width: 768px) 100vw, 768px\" \/><\/figure>\n\n\n\n<figure class=\"wp-block-image size-large\"><img loading=\"lazy\" decoding=\"async\" width=\"768\" height=\"1024\" data-id=\"4647\" src=\"https:\/\/www.littorelles.org\/wp-content\/uploads\/2025\/12\/IMG_1530-rotated.jpg\" alt=\"\" class=\"wp-image-4647\" srcset=\"https:\/\/www.littorelles.org\/wp-content\/uploads\/2025\/12\/IMG_1530-rotated.jpg 768w, https:\/\/www.littorelles.org\/wp-content\/uploads\/2025\/12\/IMG_1530-225x300.jpg 225w\" sizes=\"auto, (max-width: 768px) 100vw, 768px\" \/><\/figure>\n\n\n\n<figure class=\"wp-block-image size-large\"><img loading=\"lazy\" decoding=\"async\" width=\"768\" height=\"1024\" data-id=\"4641\" src=\"https:\/\/www.littorelles.org\/wp-content\/uploads\/2025\/12\/IMG_1536-rotated.jpg\" alt=\"\" class=\"wp-image-4641\" srcset=\"https:\/\/www.littorelles.org\/wp-content\/uploads\/2025\/12\/IMG_1536-rotated.jpg 768w, https:\/\/www.littorelles.org\/wp-content\/uploads\/2025\/12\/IMG_1536-225x300.jpg 225w\" sizes=\"auto, (max-width: 768px) 100vw, 768px\" \/><\/figure>\n\n\n\n<figure class=\"wp-block-image size-large\"><img loading=\"lazy\" decoding=\"async\" width=\"1024\" height=\"768\" data-id=\"4648\" src=\"https:\/\/www.littorelles.org\/wp-content\/uploads\/2025\/12\/IMG_1540.jpg\" alt=\"\" class=\"wp-image-4648\" srcset=\"https:\/\/www.littorelles.org\/wp-content\/uploads\/2025\/12\/IMG_1540.jpg 1024w, https:\/\/www.littorelles.org\/wp-content\/uploads\/2025\/12\/IMG_1540-300x225.jpg 300w, https:\/\/www.littorelles.org\/wp-content\/uploads\/2025\/12\/IMG_1540-768x576.jpg 768w\" sizes=\"auto, (max-width: 1024px) 100vw, 1024px\" \/><\/figure>\n\n\n\n<figure class=\"wp-block-image size-large\"><img loading=\"lazy\" decoding=\"async\" width=\"768\" height=\"1024\" data-id=\"4640\" src=\"https:\/\/www.littorelles.org\/wp-content\/uploads\/2025\/12\/IMG_1549-rotated.jpg\" alt=\"\" class=\"wp-image-4640\" srcset=\"https:\/\/www.littorelles.org\/wp-content\/uploads\/2025\/12\/IMG_1549-rotated.jpg 768w, https:\/\/www.littorelles.org\/wp-content\/uploads\/2025\/12\/IMG_1549-225x300.jpg 225w\" sizes=\"auto, (max-width: 768px) 100vw, 768px\" \/><\/figure>\n\n\n\n<figure class=\"wp-block-image size-large\"><img loading=\"lazy\" decoding=\"async\" width=\"1024\" height=\"768\" data-id=\"4646\" src=\"https:\/\/www.littorelles.org\/wp-content\/uploads\/2025\/12\/IMG_1550.jpg\" alt=\"\" class=\"wp-image-4646\" srcset=\"https:\/\/www.littorelles.org\/wp-content\/uploads\/2025\/12\/IMG_1550.jpg 1024w, https:\/\/www.littorelles.org\/wp-content\/uploads\/2025\/12\/IMG_1550-300x225.jpg 300w, https:\/\/www.littorelles.org\/wp-content\/uploads\/2025\/12\/IMG_1550-768x576.jpg 768w\" sizes=\"auto, (max-width: 1024px) 100vw, 1024px\" \/><\/figure>\n\n\n\n<figure class=\"wp-block-image size-large\"><img loading=\"lazy\" decoding=\"async\" width=\"768\" height=\"1024\" data-id=\"4644\" src=\"https:\/\/www.littorelles.org\/wp-content\/uploads\/2025\/12\/IMG_1593-rotated.jpg\" alt=\"\" class=\"wp-image-4644\" srcset=\"https:\/\/www.littorelles.org\/wp-content\/uploads\/2025\/12\/IMG_1593-rotated.jpg 768w, https:\/\/www.littorelles.org\/wp-content\/uploads\/2025\/12\/IMG_1593-225x300.jpg 225w\" sizes=\"auto, (max-width: 768px) 100vw, 768px\" \/><\/figure>\n\n\n\n<figure class=\"wp-block-image size-large\"><img loading=\"lazy\" decoding=\"async\" width=\"1024\" height=\"768\" data-id=\"4645\" src=\"https:\/\/www.littorelles.org\/wp-content\/uploads\/2025\/12\/IMG_1576.jpg\" alt=\"\" class=\"wp-image-4645\" srcset=\"https:\/\/www.littorelles.org\/wp-content\/uploads\/2025\/12\/IMG_1576.jpg 1024w, https:\/\/www.littorelles.org\/wp-content\/uploads\/2025\/12\/IMG_1576-300x225.jpg 300w, https:\/\/www.littorelles.org\/wp-content\/uploads\/2025\/12\/IMG_1576-768x576.jpg 768w\" sizes=\"auto, (max-width: 1024px) 100vw, 1024px\" \/><\/figure>\n<\/figure>\n","protected":false},"excerpt":{"rendered":"<p>Dans une ambiance tr\u00e8s sympathique, c\u2019est avec un mini car que nous sommes all\u00e9es \u00e0 COURTRAI puis \u00e0 Tournai \u00ab&nbsp;Glorieuses et saintes dames&nbsp;\u00bb&nbsp;: nous avons visit\u00e9 le b\u00e9guinage de Courtrai particuli\u00e8rement bien r\u00e9nov\u00e9. Ces dames au XII\u00e8me si\u00e8cle se consacraient \u00e0 la contemplation mystique, aux soins des malades, au tissage. Pour la premi\u00e8re fois, des &hellip; <a href=\"https:\/\/www.littorelles.org\/?page_id=4638\" class=\"more-link\">Continuer la lecture de <span class=\"screen-reader-text\">Itineraire belge, du Beguinage \u00e0 l&rsquo;art nouveau<\/span> <span class=\"meta-nav\">&rarr;<\/span><\/a><\/p>\n","protected":false},"author":1,"featured_media":0,"parent":4290,"menu_order":0,"comment_status":"closed","ping_status":"closed","template":"","meta":{"ngg_post_thumbnail":0,"footnotes":""},"class_list":["post-4638","page","type-page","status-publish","hentry"],"_links":{"self":[{"href":"https:\/\/www.littorelles.org\/index.php?rest_route=\/wp\/v2\/pages\/4638","targetHints":{"allow":["GET"]}}],"collection":[{"href":"https:\/\/www.littorelles.org\/index.php?rest_route=\/wp\/v2\/pages"}],"about":[{"href":"https:\/\/www.littorelles.org\/index.php?rest_route=\/wp\/v2\/types\/page"}],"author":[{"embeddable":true,"href":"https:\/\/www.littorelles.org\/index.php?rest_route=\/wp\/v2\/users\/1"}],"replies":[{"embeddable":true,"href":"https:\/\/www.littorelles.org\/index.php?rest_route=%2Fwp%2Fv2%2Fcomments&post=4638"}],"version-history":[{"count":2,"href":"https:\/\/www.littorelles.org\/index.php?rest_route=\/wp\/v2\/pages\/4638\/revisions"}],"predecessor-version":[{"id":4656,"href":"https:\/\/www.littorelles.org\/index.php?rest_route=\/wp\/v2\/pages\/4638\/revisions\/4656"}],"up":[{"embeddable":true,"href":"https:\/\/www.littorelles.org\/index.php?rest_route=\/wp\/v2\/pages\/4290"}],"wp:attachment":[{"href":"https:\/\/www.littorelles.org\/index.php?rest_route=%2Fwp%2Fv2%2Fmedia&parent=4638"}],"curies":[{"name":"wp","href":"https:\/\/api.w.org\/{rel}","templated":true}]}}