{"id":4555,"date":"2025-07-03T14:39:10","date_gmt":"2025-07-03T13:39:10","guid":{"rendered":"https:\/\/www.littorelles.org\/?page_id=4555"},"modified":"2025-07-03T14:39:10","modified_gmt":"2025-07-03T13:39:10","slug":"conservatoire-regional-de-bailleul","status":"publish","type":"page","link":"https:\/\/www.littorelles.org\/?page_id=4555","title":{"rendered":"Conservatoire R\u00e9gional de Bailleul"},"content":{"rendered":"\n<p>Quoi de plus charmant que de visiter des jardins quand il fait bon ?&nbsp;Le conservatoire de Bailleul ne m\u00e9nage pas ses efforts pour prot\u00e9ger la flore ; il est reconnu par la communaut\u00e9 scientifique et par les pouvoirs publics.<br>Nous avons eu une visite guid\u00e9e tr\u00e8s fournie sur les esp\u00e8ces v\u00e9g\u00e9tales, leurs utilit\u00e9s dans la nature, leurs compl\u00e9mentarit\u00e9s. Les esp\u00e8ces prot\u00e9g\u00e9es&nbsp;25 hectares avec une prairie et des biotopes naturels et trois jardins th\u00e9matiques de plantes sauvages et m\u00e9dicinales cultiv\u00e9es pour leurs \u00e9tudes et permettre au public de les d\u00e9couvrir. Le tout extr\u00eamement bien&nbsp;pr\u00e9sent\u00e9.&nbsp;Tout en nous promenant et en \u00e9coutant la jeune guide,&nbsp; nous avons apr\u00e8s beaucoup de choses sur l&rsquo;extraordinaire&nbsp;nature !<\/p>\n\n\n\n<figure class=\"wp-block-gallery has-nested-images columns-default is-cropped wp-block-gallery-1 is-layout-flex wp-block-gallery-is-layout-flex\">\n<figure class=\"wp-block-image size-large\"><img loading=\"lazy\" decoding=\"async\" width=\"1024\" height=\"768\" data-id=\"4556\" src=\"https:\/\/www.littorelles.org\/wp-content\/uploads\/2025\/07\/d.jpg\" alt=\"\" class=\"wp-image-4556\" srcset=\"https:\/\/www.littorelles.org\/wp-content\/uploads\/2025\/07\/d.jpg 1024w, https:\/\/www.littorelles.org\/wp-content\/uploads\/2025\/07\/d-300x225.jpg 300w, https:\/\/www.littorelles.org\/wp-content\/uploads\/2025\/07\/d-768x576.jpg 768w\" sizes=\"auto, (max-width: 1024px) 100vw, 1024px\" \/><\/figure>\n\n\n\n<figure class=\"wp-block-image size-large\"><img loading=\"lazy\" decoding=\"async\" width=\"768\" height=\"1024\" data-id=\"4557\" src=\"https:\/\/www.littorelles.org\/wp-content\/uploads\/2025\/07\/a-rotated.jpg\" alt=\"\" class=\"wp-image-4557\" srcset=\"https:\/\/www.littorelles.org\/wp-content\/uploads\/2025\/07\/a-rotated.jpg 768w, https:\/\/www.littorelles.org\/wp-content\/uploads\/2025\/07\/a-225x300.jpg 225w\" sizes=\"auto, (max-width: 768px) 100vw, 768px\" \/><\/figure>\n\n\n\n<figure class=\"wp-block-image size-large\"><img loading=\"lazy\" decoding=\"async\" width=\"768\" height=\"1024\" data-id=\"4559\" src=\"https:\/\/www.littorelles.org\/wp-content\/uploads\/2025\/07\/e-rotated.jpg\" alt=\"\" class=\"wp-image-4559\" srcset=\"https:\/\/www.littorelles.org\/wp-content\/uploads\/2025\/07\/e-rotated.jpg 768w, https:\/\/www.littorelles.org\/wp-content\/uploads\/2025\/07\/e-225x300.jpg 225w\" sizes=\"auto, (max-width: 768px) 100vw, 768px\" \/><\/figure>\n\n\n\n<figure class=\"wp-block-image size-large\"><img loading=\"lazy\" decoding=\"async\" width=\"768\" height=\"1024\" data-id=\"4558\" src=\"https:\/\/www.littorelles.org\/wp-content\/uploads\/2025\/07\/f-rotated.jpg\" alt=\"\" class=\"wp-image-4558\" srcset=\"https:\/\/www.littorelles.org\/wp-content\/uploads\/2025\/07\/f-rotated.jpg 768w, https:\/\/www.littorelles.org\/wp-content\/uploads\/2025\/07\/f-225x300.jpg 225w\" sizes=\"auto, (max-width: 768px) 100vw, 768px\" \/><\/figure>\n\n\n\n<figure class=\"wp-block-image size-large\"><img loading=\"lazy\" decoding=\"async\" width=\"768\" height=\"1024\" data-id=\"4560\" src=\"https:\/\/www.littorelles.org\/wp-content\/uploads\/2025\/07\/g-rotated.jpg\" alt=\"\" class=\"wp-image-4560\" srcset=\"https:\/\/www.littorelles.org\/wp-content\/uploads\/2025\/07\/g-rotated.jpg 768w, https:\/\/www.littorelles.org\/wp-content\/uploads\/2025\/07\/g-225x300.jpg 225w\" sizes=\"auto, (max-width: 768px) 100vw, 768px\" \/><\/figure>\n<\/figure>\n","protected":false},"excerpt":{"rendered":"<p>Quoi de plus charmant que de visiter des jardins quand il fait bon ?&nbsp;Le conservatoire de Bailleul ne m\u00e9nage pas ses efforts pour prot\u00e9ger la flore ; il est reconnu par la communaut\u00e9 scientifique et par les pouvoirs publics.Nous avons eu une visite guid\u00e9e tr\u00e8s fournie sur les esp\u00e8ces v\u00e9g\u00e9tales, leurs utilit\u00e9s dans la nature, &hellip; <a href=\"https:\/\/www.littorelles.org\/?page_id=4555\" class=\"more-link\">Continuer la lecture de <span class=\"screen-reader-text\">Conservatoire R\u00e9gional de Bailleul<\/span> <span class=\"meta-nav\">&rarr;<\/span><\/a><\/p>\n","protected":false},"author":1,"featured_media":0,"parent":4290,"menu_order":0,"comment_status":"closed","ping_status":"closed","template":"","meta":{"ngg_post_thumbnail":0,"footnotes":""},"class_list":["post-4555","page","type-page","status-publish","hentry"],"_links":{"self":[{"href":"https:\/\/www.littorelles.org\/index.php?rest_route=\/wp\/v2\/pages\/4555","targetHints":{"allow":["GET"]}}],"collection":[{"href":"https:\/\/www.littorelles.org\/index.php?rest_route=\/wp\/v2\/pages"}],"about":[{"href":"https:\/\/www.littorelles.org\/index.php?rest_route=\/wp\/v2\/types\/page"}],"author":[{"embeddable":true,"href":"https:\/\/www.littorelles.org\/index.php?rest_route=\/wp\/v2\/users\/1"}],"replies":[{"embeddable":true,"href":"https:\/\/www.littorelles.org\/index.php?rest_route=%2Fwp%2Fv2%2Fcomments&post=4555"}],"version-history":[{"count":1,"href":"https:\/\/www.littorelles.org\/index.php?rest_route=\/wp\/v2\/pages\/4555\/revisions"}],"predecessor-version":[{"id":4561,"href":"https:\/\/www.littorelles.org\/index.php?rest_route=\/wp\/v2\/pages\/4555\/revisions\/4561"}],"up":[{"embeddable":true,"href":"https:\/\/www.littorelles.org\/index.php?rest_route=\/wp\/v2\/pages\/4290"}],"wp:attachment":[{"href":"https:\/\/www.littorelles.org\/index.php?rest_route=%2Fwp%2Fv2%2Fmedia&parent=4555"}],"curies":[{"name":"wp","href":"https:\/\/api.w.org\/{rel}","templated":true}]}}