{"id":4533,"date":"2025-07-03T14:24:34","date_gmt":"2025-07-03T13:24:34","guid":{"rendered":"https:\/\/www.littorelles.org\/?page_id=4533"},"modified":"2025-07-03T14:58:50","modified_gmt":"2025-07-03T13:58:50","slug":"4533-2","status":"publish","type":"page","link":"https:\/\/www.littorelles.org\/?page_id=4533","title":{"rendered":"Camille Saint-Sa\u00ebns"},"content":{"rendered":"\n<p><strong>Sylvie AERTS nous a pr\u00e9sent\u00e9 avec toute sa passion Camille Saint Saens avec un excellent diaporama&nbsp;tr\u00e8s document\u00e9&nbsp;<\/strong><\/p>\n\n\n\n<p><strong>Un g\u00e9nie de la musique dont on conna\u00eet&nbsp;surtout le Carnaval des animaux<\/strong><\/p>\n\n\n\n<figure class=\"wp-block-embed is-type-video is-provider-youtube wp-block-embed-youtube wp-embed-aspect-16-9 wp-has-aspect-ratio\"><div class=\"wp-block-embed__wrapper\">\n<iframe loading=\"lazy\" title=\"Camille Saint-Sa\u00ebns \u2013 The Carnival Of The Animals, Le Carnaval des animaux\" width=\"604\" height=\"340\" src=\"https:\/\/www.youtube.com\/embed\/7SjagpXeNhM?feature=oembed\" frameborder=\"0\" allow=\"accelerometer; autoplay; clipboard-write; encrypted-media; gyroscope; picture-in-picture; web-share\" referrerpolicy=\"strict-origin-when-cross-origin\" allowfullscreen><\/iframe>\n<\/div><\/figure>\n\n\n\n<p>\ud83c\udfbc <strong>\u00c0 la d\u00e9couverte de Camille Saint-Sa\u00ebns, g\u00e9nie pr\u00e9coce et figure du romantisme fran\u00e7ais<\/strong><\/p>\n\n\n\n<p>N\u00e9 \u00e0 Paris le 9 octobre 1835, <strong>Camille Saint-Sa\u00ebns<\/strong> a tr\u00e8s t\u00f4t r\u00e9v\u00e9l\u00e9 un talent hors du commun. \u00c0 seulement deux ans et demi, il posait d\u00e9j\u00e0 ses petites mains sur le piano, et d\u00e8s cinq ans, il composait sa premi\u00e8re pi\u00e8ce. \u00c0 11 ans, il se produisait en public avec des \u0153uvres de Mozart et Beethoven, impressionnant d\u00e9j\u00e0 par sa virtuosit\u00e9 et sa sensibilit\u00e9 musicale.<\/p>\n\n\n\n<p>Apr\u00e8s de brillantes \u00e9tudes, il entre au Conservatoire de Paris en 1848. \u00c0 16 ans, il d\u00e9croche le Premier prix d\u2019orgue, et deux ans plus tard, il compose sa Premi\u00e8re Symphonie. Son talent est rapidement reconnu et salu\u00e9 par de grandes figures comme Hector Berlioz et Franz Liszt. En 1857, il devient organiste de l\u2019\u00e9glise de la Madeleine, un poste prestigieux qu\u2019il occupera pendant vingt ans.<\/p>\n\n\n\n<p>En parall\u00e8le de sa carri\u00e8re d\u2019organiste, Saint-Sa\u00ebns est un compositeur prolifique : <strong>12 op\u00e9ras<\/strong> dont le c\u00e9l\u00e8bre <em>Samson et Dalila<\/em> (1877), des \u0153uvres religieuses, des oratorios, et surtout des po\u00e8mes symphoniques pittoresques comme <em>Le Rouet d&rsquo;Omphale<\/em> (1871), <em>Pha\u00e9ton<\/em> (1873) et l\u2019inoubliable <em>Danse macabre<\/em> (1874). Il laisse \u00e9galement <strong>5 symphonies<\/strong> dont la fameuse Symphonie n\u00b03 avec orgue (1886), ainsi que de nombreux concertos, pi\u00e8ces pour musique de chambre et le tr\u00e8s populaire <em>Carnaval des animaux<\/em> (1886).<\/p>\n\n\n\n<p>Saint-Sa\u00ebns \u00e9tait aussi un improvisateur hors pair, capable d\u2019inventer des morceaux au fil de son inspiration, donnant \u00e0 ses concerts une dimension unique et spontan\u00e9e.<\/p>\n\n\n\n<p>\u00c9lu \u00e0 l\u2019Acad\u00e9mie des Beaux-Arts en 1881 et fait officier de la L\u00e9gion d\u2019Honneur en 1884, il poursuit son activit\u00e9 artistique jusqu\u2019\u00e0 un \u00e2ge avanc\u00e9. En 1921, alors qu\u2019il est venu passer l\u2019hiver \u00e0 Alger, Camille Saint-Sa\u00ebns s\u2019\u00e9teint \u00e0 86 ans, laissant derri\u00e8re lui une \u0153uvre immense, \u00e0 la fois riche et vari\u00e9e, qui continue de r\u00e9sonner dans le c\u0153ur des m\u00e9lomanes du monde entier.<\/p>\n\n\n\n<figure class=\"wp-block-gallery has-nested-images columns-default is-cropped wp-block-gallery-1 is-layout-flex wp-block-gallery-is-layout-flex\">\n<figure class=\"wp-block-image size-large\"><img loading=\"lazy\" decoding=\"async\" width=\"768\" height=\"1024\" data-id=\"4534\" src=\"https:\/\/www.littorelles.org\/wp-content\/uploads\/2025\/07\/IMG_5867-rotated.jpg\" alt=\"\" class=\"wp-image-4534\" srcset=\"https:\/\/www.littorelles.org\/wp-content\/uploads\/2025\/07\/IMG_5867-rotated.jpg 768w, https:\/\/www.littorelles.org\/wp-content\/uploads\/2025\/07\/IMG_5867-225x300.jpg 225w\" sizes=\"auto, (max-width: 768px) 100vw, 768px\" \/><\/figure>\n\n\n\n<figure class=\"wp-block-image size-large\"><img loading=\"lazy\" decoding=\"async\" width=\"768\" height=\"1024\" data-id=\"4536\" src=\"https:\/\/www.littorelles.org\/wp-content\/uploads\/2025\/07\/IMG_5870-rotated.jpg\" alt=\"\" class=\"wp-image-4536\" srcset=\"https:\/\/www.littorelles.org\/wp-content\/uploads\/2025\/07\/IMG_5870-rotated.jpg 768w, https:\/\/www.littorelles.org\/wp-content\/uploads\/2025\/07\/IMG_5870-225x300.jpg 225w\" sizes=\"auto, (max-width: 768px) 100vw, 768px\" \/><\/figure>\n\n\n\n<figure class=\"wp-block-image size-large\"><img loading=\"lazy\" decoding=\"async\" width=\"768\" height=\"1024\" data-id=\"4537\" src=\"https:\/\/www.littorelles.org\/wp-content\/uploads\/2025\/07\/IMG_5873-rotated.jpg\" alt=\"\" class=\"wp-image-4537\" srcset=\"https:\/\/www.littorelles.org\/wp-content\/uploads\/2025\/07\/IMG_5873-rotated.jpg 768w, https:\/\/www.littorelles.org\/wp-content\/uploads\/2025\/07\/IMG_5873-225x300.jpg 225w\" sizes=\"auto, (max-width: 768px) 100vw, 768px\" \/><\/figure>\n\n\n\n<figure class=\"wp-block-image size-large\"><img loading=\"lazy\" decoding=\"async\" width=\"1024\" height=\"768\" data-id=\"4535\" src=\"https:\/\/www.littorelles.org\/wp-content\/uploads\/2025\/07\/IMG_5869.jpg\" alt=\"\" class=\"wp-image-4535\" srcset=\"https:\/\/www.littorelles.org\/wp-content\/uploads\/2025\/07\/IMG_5869.jpg 1024w, https:\/\/www.littorelles.org\/wp-content\/uploads\/2025\/07\/IMG_5869-300x225.jpg 300w, https:\/\/www.littorelles.org\/wp-content\/uploads\/2025\/07\/IMG_5869-768x576.jpg 768w\" sizes=\"auto, (max-width: 1024px) 100vw, 1024px\" \/><\/figure>\n\n\n\n<figure class=\"wp-block-image size-large\"><img loading=\"lazy\" decoding=\"async\" width=\"1024\" height=\"768\" data-id=\"4538\" src=\"https:\/\/www.littorelles.org\/wp-content\/uploads\/2025\/07\/IMG_5872.jpg\" alt=\"\" class=\"wp-image-4538\" srcset=\"https:\/\/www.littorelles.org\/wp-content\/uploads\/2025\/07\/IMG_5872.jpg 1024w, https:\/\/www.littorelles.org\/wp-content\/uploads\/2025\/07\/IMG_5872-300x225.jpg 300w, https:\/\/www.littorelles.org\/wp-content\/uploads\/2025\/07\/IMG_5872-768x576.jpg 768w\" sizes=\"auto, (max-width: 1024px) 100vw, 1024px\" \/><\/figure>\n<\/figure>\n","protected":false},"excerpt":{"rendered":"<p>Sylvie AERTS nous a pr\u00e9sent\u00e9 avec toute sa passion Camille Saint Saens avec un excellent diaporama&nbsp;tr\u00e8s document\u00e9&nbsp; Un g\u00e9nie de la musique dont on conna\u00eet&nbsp;surtout le Carnaval des animaux \ud83c\udfbc \u00c0 la d\u00e9couverte de Camille Saint-Sa\u00ebns, g\u00e9nie pr\u00e9coce et figure du romantisme fran\u00e7ais N\u00e9 \u00e0 Paris le 9 octobre 1835, Camille Saint-Sa\u00ebns a tr\u00e8s t\u00f4t &hellip; <a href=\"https:\/\/www.littorelles.org\/?page_id=4533\" class=\"more-link\">Continuer la lecture de <span class=\"screen-reader-text\">Camille Saint-Sa\u00ebns<\/span> <span class=\"meta-nav\">&rarr;<\/span><\/a><\/p>\n","protected":false},"author":1,"featured_media":0,"parent":4290,"menu_order":0,"comment_status":"closed","ping_status":"closed","template":"","meta":{"ngg_post_thumbnail":0,"footnotes":""},"class_list":["post-4533","page","type-page","status-publish","hentry"],"_links":{"self":[{"href":"https:\/\/www.littorelles.org\/index.php?rest_route=\/wp\/v2\/pages\/4533","targetHints":{"allow":["GET"]}}],"collection":[{"href":"https:\/\/www.littorelles.org\/index.php?rest_route=\/wp\/v2\/pages"}],"about":[{"href":"https:\/\/www.littorelles.org\/index.php?rest_route=\/wp\/v2\/types\/page"}],"author":[{"embeddable":true,"href":"https:\/\/www.littorelles.org\/index.php?rest_route=\/wp\/v2\/users\/1"}],"replies":[{"embeddable":true,"href":"https:\/\/www.littorelles.org\/index.php?rest_route=%2Fwp%2Fv2%2Fcomments&post=4533"}],"version-history":[{"count":2,"href":"https:\/\/www.littorelles.org\/index.php?rest_route=\/wp\/v2\/pages\/4533\/revisions"}],"predecessor-version":[{"id":4593,"href":"https:\/\/www.littorelles.org\/index.php?rest_route=\/wp\/v2\/pages\/4533\/revisions\/4593"}],"up":[{"embeddable":true,"href":"https:\/\/www.littorelles.org\/index.php?rest_route=\/wp\/v2\/pages\/4290"}],"wp:attachment":[{"href":"https:\/\/www.littorelles.org\/index.php?rest_route=%2Fwp%2Fv2%2Fmedia&parent=4533"}],"curies":[{"name":"wp","href":"https:\/\/api.w.org\/{rel}","templated":true}]}}