{"id":45,"date":"2013-11-06T02:58:27","date_gmt":"2013-11-06T01:58:27","guid":{"rendered":"http:\/\/localhost:81\/littorelles\/?page_id=45"},"modified":"2025-07-23T11:01:41","modified_gmt":"2025-07-23T10:01:41","slug":"deux-geants-a-londres-bacon-et-rothko","status":"publish","type":"page","link":"https:\/\/www.littorelles.org\/?page_id=45","title":{"rendered":"Deux g\u00e9ants \u00e0  Londres BACON et Rothko"},"content":{"rendered":"<p>L&rsquo;irlandais Francis Bacon (1909-1992) et l&rsquo;am\u00e9ricain Marck Rothko (1903-1970) expriment avec la m\u00eame intensit\u00e9 la trag\u00e9die du XX\u00e8me si\u00e8cle. Ces deux artistes contemporains sont les plus chers du monde .<\/p>\n<p>Nous sommes all\u00e9es appr\u00e9cier les \u0153uvres successivement au Tate Britain de Londres puis \u00e0 la Tate Modern<img decoding=\"async\" class=\"ngg_displayed_gallery mceItem\" alt=\"\" src=\"littorelles.org\/index.php\/nextgen-attach_to_post\/preview\/id--775\" \/><\/p>\n","protected":false},"excerpt":{"rendered":"<p>L&rsquo;irlandais Francis Bacon (1909-1992) et l&rsquo;am\u00e9ricain Marck Rothko (1903-1970) expriment avec la m\u00eame intensit\u00e9 la trag\u00e9die du XX\u00e8me si\u00e8cle. Ces deux artistes contemporains sont les plus chers du monde . Nous sommes all\u00e9es appr\u00e9cier les \u0153uvres successivement au Tate Britain de Londres puis \u00e0 la Tate Modern<\/p>\n","protected":false},"author":1,"featured_media":0,"parent":39,"menu_order":0,"comment_status":"closed","ping_status":"open","template":"","meta":{"ngg_post_thumbnail":0,"footnotes":""},"class_list":["post-45","page","type-page","status-publish","hentry"],"_links":{"self":[{"href":"https:\/\/www.littorelles.org\/index.php?rest_route=\/wp\/v2\/pages\/45","targetHints":{"allow":["GET"]}}],"collection":[{"href":"https:\/\/www.littorelles.org\/index.php?rest_route=\/wp\/v2\/pages"}],"about":[{"href":"https:\/\/www.littorelles.org\/index.php?rest_route=\/wp\/v2\/types\/page"}],"author":[{"embeddable":true,"href":"https:\/\/www.littorelles.org\/index.php?rest_route=\/wp\/v2\/users\/1"}],"replies":[{"embeddable":true,"href":"https:\/\/www.littorelles.org\/index.php?rest_route=%2Fwp%2Fv2%2Fcomments&post=45"}],"version-history":[{"count":1,"href":"https:\/\/www.littorelles.org\/index.php?rest_route=\/wp\/v2\/pages\/45\/revisions"}],"predecessor-version":[{"id":4601,"href":"https:\/\/www.littorelles.org\/index.php?rest_route=\/wp\/v2\/pages\/45\/revisions\/4601"}],"up":[{"embeddable":true,"href":"https:\/\/www.littorelles.org\/index.php?rest_route=\/wp\/v2\/pages\/39"}],"wp:attachment":[{"href":"https:\/\/www.littorelles.org\/index.php?rest_route=%2Fwp%2Fv2%2Fmedia&parent=45"}],"curies":[{"name":"wp","href":"https:\/\/api.w.org\/{rel}","templated":true}]}}