{"id":4496,"date":"2025-07-03T14:01:10","date_gmt":"2025-07-03T13:01:10","guid":{"rendered":"https:\/\/www.littorelles.org\/?page_id=4496"},"modified":"2025-07-03T14:04:56","modified_gmt":"2025-07-03T13:04:56","slug":"la-fete-en-flandres-au-temps-de-bruegel-lancien","status":"publish","type":"page","link":"https:\/\/www.littorelles.org\/?page_id=4496","title":{"rendered":"La f\u00eate en Flandres au temps de Bruegel l&rsquo;ancien"},"content":{"rendered":"\n<p>Christian Defebvre nous a vraiment bien pr\u00e9par\u00e9s \u00e0 l&rsquo;exposition de Lille dans le cadre de FIESTA &#8211; il a d\u00e9taill\u00e9 avec pr\u00e9cision certains tableaux et bien expliqu\u00e9 le pourquoi des f\u00eates et tradition au temps de Bruegel le p\u00e8re&nbsp;ou tous les autres membres de la famille qui sous un air amuseur \u00e9taient engag\u00e9s politiquement&nbsp;<\/p>\n\n\n\n<p>Nous avons tous en t\u00eate les kermesses flamandes endiabl\u00e9es avec les paysans qui dansent, boivent et ripaillent au son de la cornemuse. Nous les associons naturellement \u00e0 Pieter Bruegel l\u2019Ancien, peintre de g\u00e9nie. Certes, il parvient&nbsp; \u00e0 nous transporter dans la ronde mais ses f\u00eates truff\u00e9es de d\u00e9tails, de personnages et de symboles deviennent populaires gr\u00e2ce \u00e0 toute une g\u00e9n\u00e9ration de peintres talentueux<\/p>\n\n\n\n<p><em>\u00ab\u00a0Les f\u00eates r\u00e9pondent \u00e0 deux imp\u00e9ratifs : constituer un moment de sociabilit\u00e9, visant \u00e0 cr\u00e9er et \u00e0 entretenir un sentiment d\u2019appartenance \u00e0 une communaut\u00e9, et une manifestation de r\u00e9jouissances. C\u2019est \u00e0 travers le prisme du divertissement collectif que cette exposition propose d\u2019explorer les f\u00eates flamandes aux XVIe et XVIIe si\u00e8cles, des f\u00eates urbaines aux kermesses et f\u00eates des rois.<\/em><\/p>\n\n\n\n<p><em>Dans une soci\u00e9t\u00e9 hi\u00e9rarchis\u00e9e et corporative, la f\u00eate sert \u00e0 la fois de rituel social et d&rsquo;exutoire. Aux XVIe et XVIIe si\u00e8cles, les habitants des Pays-Bas sont touch\u00e9s r\u00e9guli\u00e8rement par des \u00e9pid\u00e9mies et subissent les outrages de la Guerre de Quatre-Vingts Ans. La f\u00eate constitue alors un moment crucial pour rel\u00e2cher les tensions et renforcer le tissu social.<\/em><\/p>\n\n\n\n<p><em>L\u2019exposition explore les sens de l\u2019imagerie festive. Des repr\u00e9sentations telles que les kermesses et la F\u00eate des rois constituent des genres picturaux \u00e0 part enti\u00e8re, appr\u00e9ci\u00e9s bien au-del\u00e0 des fronti\u00e8res. Aux Pays-Bas, l&rsquo;\u00c9tat spectacle puise abondamment dans les coutumes locales, faisant des solennit\u00e9s un moyen de n\u00e9gociation entre les diff\u00e9rents niveaux d\u2019autorit\u00e9. Les multiples repr\u00e9sentations de ces c\u00e9l\u00e9brations montrent aussi comment l&rsquo;\u00c9tat et l&rsquo;\u00c9glise tentent, \u00e0 cette \u00e9poque, de r\u00e9guler les exc\u00e8s festifs. Malgr\u00e9 cela, l&rsquo;aspect ludique et divertissant des f\u00eates perdure.\u00a0\u00bb<\/em><\/p>\n\n\n\n<figure class=\"wp-block-gallery has-nested-images columns-default is-cropped wp-block-gallery-1 is-layout-flex wp-block-gallery-is-layout-flex\">\n<figure class=\"wp-block-image size-large\"><img loading=\"lazy\" decoding=\"async\" width=\"1024\" height=\"768\" data-id=\"4500\" src=\"https:\/\/www.littorelles.org\/wp-content\/uploads\/2025\/07\/IMG_7639.jpg\" alt=\"\" class=\"wp-image-4500\" srcset=\"https:\/\/www.littorelles.org\/wp-content\/uploads\/2025\/07\/IMG_7639.jpg 1024w, https:\/\/www.littorelles.org\/wp-content\/uploads\/2025\/07\/IMG_7639-300x225.jpg 300w, https:\/\/www.littorelles.org\/wp-content\/uploads\/2025\/07\/IMG_7639-768x576.jpg 768w\" sizes=\"auto, (max-width: 1024px) 100vw, 1024px\" \/><\/figure>\n\n\n\n<figure class=\"wp-block-image size-large\"><img loading=\"lazy\" decoding=\"async\" width=\"1024\" height=\"768\" data-id=\"4497\" src=\"https:\/\/www.littorelles.org\/wp-content\/uploads\/2025\/07\/IMG_7641.jpg\" alt=\"\" class=\"wp-image-4497\" srcset=\"https:\/\/www.littorelles.org\/wp-content\/uploads\/2025\/07\/IMG_7641.jpg 1024w, https:\/\/www.littorelles.org\/wp-content\/uploads\/2025\/07\/IMG_7641-300x225.jpg 300w, https:\/\/www.littorelles.org\/wp-content\/uploads\/2025\/07\/IMG_7641-768x576.jpg 768w\" sizes=\"auto, (max-width: 1024px) 100vw, 1024px\" \/><\/figure>\n\n\n\n<figure class=\"wp-block-image size-large\"><img loading=\"lazy\" decoding=\"async\" width=\"1024\" height=\"768\" data-id=\"4499\" src=\"https:\/\/www.littorelles.org\/wp-content\/uploads\/2025\/07\/IMG_7645.jpg\" alt=\"\" class=\"wp-image-4499\" srcset=\"https:\/\/www.littorelles.org\/wp-content\/uploads\/2025\/07\/IMG_7645.jpg 1024w, https:\/\/www.littorelles.org\/wp-content\/uploads\/2025\/07\/IMG_7645-300x225.jpg 300w, https:\/\/www.littorelles.org\/wp-content\/uploads\/2025\/07\/IMG_7645-768x576.jpg 768w\" sizes=\"auto, (max-width: 1024px) 100vw, 1024px\" \/><\/figure>\n\n\n\n<figure class=\"wp-block-image size-large\"><img loading=\"lazy\" decoding=\"async\" width=\"1024\" height=\"768\" data-id=\"4502\" src=\"https:\/\/www.littorelles.org\/wp-content\/uploads\/2025\/07\/IMG_7647.jpg\" alt=\"\" class=\"wp-image-4502\" srcset=\"https:\/\/www.littorelles.org\/wp-content\/uploads\/2025\/07\/IMG_7647.jpg 1024w, https:\/\/www.littorelles.org\/wp-content\/uploads\/2025\/07\/IMG_7647-300x225.jpg 300w, https:\/\/www.littorelles.org\/wp-content\/uploads\/2025\/07\/IMG_7647-768x576.jpg 768w\" sizes=\"auto, (max-width: 1024px) 100vw, 1024px\" \/><\/figure>\n\n\n\n<figure class=\"wp-block-image size-large\"><img loading=\"lazy\" decoding=\"async\" width=\"768\" height=\"1024\" data-id=\"4498\" src=\"https:\/\/www.littorelles.org\/wp-content\/uploads\/2025\/07\/IMG_7649-rotated.jpg\" alt=\"\" class=\"wp-image-4498\" srcset=\"https:\/\/www.littorelles.org\/wp-content\/uploads\/2025\/07\/IMG_7649-rotated.jpg 768w, https:\/\/www.littorelles.org\/wp-content\/uploads\/2025\/07\/IMG_7649-225x300.jpg 225w\" sizes=\"auto, (max-width: 768px) 100vw, 768px\" \/><\/figure>\n\n\n\n<figure class=\"wp-block-image size-large\"><img loading=\"lazy\" decoding=\"async\" width=\"1024\" height=\"768\" data-id=\"4503\" src=\"https:\/\/www.littorelles.org\/wp-content\/uploads\/2025\/07\/IMG_7653.jpg\" alt=\"\" class=\"wp-image-4503\" srcset=\"https:\/\/www.littorelles.org\/wp-content\/uploads\/2025\/07\/IMG_7653.jpg 1024w, https:\/\/www.littorelles.org\/wp-content\/uploads\/2025\/07\/IMG_7653-300x225.jpg 300w, https:\/\/www.littorelles.org\/wp-content\/uploads\/2025\/07\/IMG_7653-768x576.jpg 768w\" sizes=\"auto, (max-width: 1024px) 100vw, 1024px\" \/><\/figure>\n\n\n\n<figure class=\"wp-block-image size-large\"><img loading=\"lazy\" decoding=\"async\" width=\"1024\" height=\"768\" data-id=\"4501\" src=\"https:\/\/www.littorelles.org\/wp-content\/uploads\/2025\/07\/IMG_7656.jpg\" alt=\"\" class=\"wp-image-4501\" srcset=\"https:\/\/www.littorelles.org\/wp-content\/uploads\/2025\/07\/IMG_7656.jpg 1024w, https:\/\/www.littorelles.org\/wp-content\/uploads\/2025\/07\/IMG_7656-300x225.jpg 300w, https:\/\/www.littorelles.org\/wp-content\/uploads\/2025\/07\/IMG_7656-768x576.jpg 768w\" sizes=\"auto, (max-width: 1024px) 100vw, 1024px\" \/><\/figure>\n\n\n\n<figure class=\"wp-block-image size-large\"><img loading=\"lazy\" decoding=\"async\" width=\"768\" height=\"1024\" data-id=\"4505\" src=\"https:\/\/www.littorelles.org\/wp-content\/uploads\/2025\/07\/IMG_7663-rotated.jpg\" alt=\"\" class=\"wp-image-4505\" srcset=\"https:\/\/www.littorelles.org\/wp-content\/uploads\/2025\/07\/IMG_7663-rotated.jpg 768w, https:\/\/www.littorelles.org\/wp-content\/uploads\/2025\/07\/IMG_7663-225x300.jpg 225w\" sizes=\"auto, (max-width: 768px) 100vw, 768px\" \/><\/figure>\n\n\n\n<figure class=\"wp-block-image size-large\"><img loading=\"lazy\" decoding=\"async\" width=\"1024\" height=\"768\" data-id=\"4506\" src=\"https:\/\/www.littorelles.org\/wp-content\/uploads\/2025\/07\/IMG_7667.jpg\" alt=\"\" class=\"wp-image-4506\" srcset=\"https:\/\/www.littorelles.org\/wp-content\/uploads\/2025\/07\/IMG_7667.jpg 1024w, https:\/\/www.littorelles.org\/wp-content\/uploads\/2025\/07\/IMG_7667-300x225.jpg 300w, https:\/\/www.littorelles.org\/wp-content\/uploads\/2025\/07\/IMG_7667-768x576.jpg 768w\" sizes=\"auto, (max-width: 1024px) 100vw, 1024px\" \/><\/figure>\n\n\n\n<figure class=\"wp-block-image size-large\"><img loading=\"lazy\" decoding=\"async\" width=\"1024\" height=\"768\" data-id=\"4504\" src=\"https:\/\/www.littorelles.org\/wp-content\/uploads\/2025\/07\/IMG_7670.jpg\" alt=\"\" class=\"wp-image-4504\" srcset=\"https:\/\/www.littorelles.org\/wp-content\/uploads\/2025\/07\/IMG_7670.jpg 1024w, https:\/\/www.littorelles.org\/wp-content\/uploads\/2025\/07\/IMG_7670-300x225.jpg 300w, https:\/\/www.littorelles.org\/wp-content\/uploads\/2025\/07\/IMG_7670-768x576.jpg 768w\" sizes=\"auto, (max-width: 1024px) 100vw, 1024px\" \/><\/figure>\n<\/figure>\n","protected":false},"excerpt":{"rendered":"<p>Christian Defebvre nous a vraiment bien pr\u00e9par\u00e9s \u00e0 l&rsquo;exposition de Lille dans le cadre de FIESTA &#8211; il a d\u00e9taill\u00e9 avec pr\u00e9cision certains tableaux et bien expliqu\u00e9 le pourquoi des f\u00eates et tradition au temps de Bruegel le p\u00e8re&nbsp;ou tous les autres membres de la famille qui sous un air amuseur \u00e9taient engag\u00e9s politiquement&nbsp; Nous &hellip; <a href=\"https:\/\/www.littorelles.org\/?page_id=4496\" class=\"more-link\">Continuer la lecture de <span class=\"screen-reader-text\">La f\u00eate en Flandres au temps de Bruegel l&rsquo;ancien<\/span> <span class=\"meta-nav\">&rarr;<\/span><\/a><\/p>\n","protected":false},"author":1,"featured_media":0,"parent":4290,"menu_order":0,"comment_status":"closed","ping_status":"closed","template":"","meta":{"ngg_post_thumbnail":0,"footnotes":""},"class_list":["post-4496","page","type-page","status-publish","hentry"],"_links":{"self":[{"href":"https:\/\/www.littorelles.org\/index.php?rest_route=\/wp\/v2\/pages\/4496","targetHints":{"allow":["GET"]}}],"collection":[{"href":"https:\/\/www.littorelles.org\/index.php?rest_route=\/wp\/v2\/pages"}],"about":[{"href":"https:\/\/www.littorelles.org\/index.php?rest_route=\/wp\/v2\/types\/page"}],"author":[{"embeddable":true,"href":"https:\/\/www.littorelles.org\/index.php?rest_route=\/wp\/v2\/users\/1"}],"replies":[{"embeddable":true,"href":"https:\/\/www.littorelles.org\/index.php?rest_route=%2Fwp%2Fv2%2Fcomments&post=4496"}],"version-history":[{"count":2,"href":"https:\/\/www.littorelles.org\/index.php?rest_route=\/wp\/v2\/pages\/4496\/revisions"}],"predecessor-version":[{"id":4509,"href":"https:\/\/www.littorelles.org\/index.php?rest_route=\/wp\/v2\/pages\/4496\/revisions\/4509"}],"up":[{"embeddable":true,"href":"https:\/\/www.littorelles.org\/index.php?rest_route=\/wp\/v2\/pages\/4290"}],"wp:attachment":[{"href":"https:\/\/www.littorelles.org\/index.php?rest_route=%2Fwp%2Fv2%2Fmedia&parent=4496"}],"curies":[{"name":"wp","href":"https:\/\/api.w.org\/{rel}","templated":true}]}}