{"id":4393,"date":"2025-01-30T17:11:19","date_gmt":"2025-01-30T16:11:19","guid":{"rendered":"https:\/\/www.littorelles.org\/?page_id=4393"},"modified":"2025-01-30T17:31:06","modified_gmt":"2025-01-30T16:31:06","slug":"yuima-nakazato-au-dela-de-la-couture","status":"publish","type":"page","link":"https:\/\/www.littorelles.org\/?page_id=4393","title":{"rendered":"Yuima Nakazato, au del\u00e0 de la couture"},"content":{"rendered":"\n<p>Chaque&nbsp;ann\u00e9e, \u00e0 Calais,&nbsp; la cit\u00e9 de la dentelle et de la mode pr\u00e9sente une collection de grands couturiers et nous \u00e9tions&nbsp; ravies de voir l&rsquo;exposition YUIMA NAKAZATO, cr\u00e9ateur de mode d&rsquo;avant garde japonais, avec une conf\u00e9renci\u00e8re passionnante&#8230;Son travail \u00e0 la crois\u00e9e de l&rsquo;innovation (inspiration manga), de la tradition et de la haute couture&nbsp; a aussi une volont\u00e9 \u00e9cologique . Il veut cr\u00e9er&nbsp;une mode plus vertueuse avec des mati\u00e8res recycl\u00e9es et des pi\u00e8ces \u00e9volutives en d\u00e9veloppant des textiles et des proc\u00e9d\u00e9s de fabrication innovants (textiles \u00e0 base de PVC, de prot\u00e9ines animales, de compressions de mati\u00e8re).60 v\u00eatements, des croquis de mode, des photos et vid\u00e9os nous ont \u00e9tonn\u00e9es et passionn\u00e9es. \u00c9videmment, ces&nbsp;v\u00eatements&nbsp;sont des prototypes loin du pr\u00eat \u00e0 porter.<\/p>\n\n\n\n<figure class=\"wp-block-gallery has-nested-images columns-default is-cropped wp-block-gallery-1 is-layout-flex wp-block-gallery-is-layout-flex\">\n<figure class=\"wp-block-image size-large\"><img loading=\"lazy\" decoding=\"async\" width=\"768\" height=\"1024\" data-id=\"4396\" src=\"https:\/\/www.littorelles.org\/wp-content\/uploads\/2025\/01\/IMG_1681-rotated.jpg\" alt=\"\" class=\"wp-image-4396\" srcset=\"https:\/\/www.littorelles.org\/wp-content\/uploads\/2025\/01\/IMG_1681-rotated.jpg 768w, https:\/\/www.littorelles.org\/wp-content\/uploads\/2025\/01\/IMG_1681-225x300.jpg 225w\" sizes=\"auto, (max-width: 768px) 100vw, 768px\" \/><\/figure>\n\n\n\n<figure class=\"wp-block-image size-large\"><img loading=\"lazy\" decoding=\"async\" width=\"768\" height=\"1024\" data-id=\"4397\" src=\"https:\/\/www.littorelles.org\/wp-content\/uploads\/2025\/01\/IMG_1679-rotated.jpg\" alt=\"\" class=\"wp-image-4397\" srcset=\"https:\/\/www.littorelles.org\/wp-content\/uploads\/2025\/01\/IMG_1679-rotated.jpg 768w, https:\/\/www.littorelles.org\/wp-content\/uploads\/2025\/01\/IMG_1679-225x300.jpg 225w\" sizes=\"auto, (max-width: 768px) 100vw, 768px\" \/><\/figure>\n\n\n\n<figure class=\"wp-block-image size-large\"><img loading=\"lazy\" decoding=\"async\" width=\"768\" height=\"1024\" data-id=\"4394\" src=\"https:\/\/www.littorelles.org\/wp-content\/uploads\/2025\/01\/IMG_1667-rotated.jpg\" alt=\"\" class=\"wp-image-4394\" srcset=\"https:\/\/www.littorelles.org\/wp-content\/uploads\/2025\/01\/IMG_1667-rotated.jpg 768w, https:\/\/www.littorelles.org\/wp-content\/uploads\/2025\/01\/IMG_1667-225x300.jpg 225w\" sizes=\"auto, (max-width: 768px) 100vw, 768px\" \/><\/figure>\n\n\n\n<figure class=\"wp-block-image size-large\"><img loading=\"lazy\" decoding=\"async\" width=\"768\" height=\"1024\" data-id=\"4398\" src=\"https:\/\/www.littorelles.org\/wp-content\/uploads\/2025\/01\/IMG_1658-rotated.jpg\" alt=\"\" class=\"wp-image-4398\" srcset=\"https:\/\/www.littorelles.org\/wp-content\/uploads\/2025\/01\/IMG_1658-rotated.jpg 768w, https:\/\/www.littorelles.org\/wp-content\/uploads\/2025\/01\/IMG_1658-225x300.jpg 225w\" sizes=\"auto, (max-width: 768px) 100vw, 768px\" \/><\/figure>\n\n\n\n<figure class=\"wp-block-image size-large\"><img loading=\"lazy\" decoding=\"async\" width=\"768\" height=\"1024\" data-id=\"4395\" src=\"https:\/\/www.littorelles.org\/wp-content\/uploads\/2025\/01\/IMG_1672-rotated.jpg\" alt=\"\" class=\"wp-image-4395\" srcset=\"https:\/\/www.littorelles.org\/wp-content\/uploads\/2025\/01\/IMG_1672-rotated.jpg 768w, https:\/\/www.littorelles.org\/wp-content\/uploads\/2025\/01\/IMG_1672-225x300.jpg 225w\" sizes=\"auto, (max-width: 768px) 100vw, 768px\" \/><\/figure>\n\n\n\n<figure class=\"wp-block-image size-large\"><img loading=\"lazy\" decoding=\"async\" width=\"768\" height=\"1024\" data-id=\"4400\" src=\"https:\/\/www.littorelles.org\/wp-content\/uploads\/2025\/01\/IMG_1678-rotated.jpg\" alt=\"\" class=\"wp-image-4400\" srcset=\"https:\/\/www.littorelles.org\/wp-content\/uploads\/2025\/01\/IMG_1678-rotated.jpg 768w, https:\/\/www.littorelles.org\/wp-content\/uploads\/2025\/01\/IMG_1678-225x300.jpg 225w\" sizes=\"auto, (max-width: 768px) 100vw, 768px\" \/><\/figure>\n\n\n\n<figure class=\"wp-block-image size-large\"><img loading=\"lazy\" decoding=\"async\" width=\"1024\" height=\"768\" data-id=\"4399\" src=\"https:\/\/www.littorelles.org\/wp-content\/uploads\/2025\/01\/IMG_1676.jpg\" alt=\"\" class=\"wp-image-4399\" srcset=\"https:\/\/www.littorelles.org\/wp-content\/uploads\/2025\/01\/IMG_1676.jpg 1024w, https:\/\/www.littorelles.org\/wp-content\/uploads\/2025\/01\/IMG_1676-300x225.jpg 300w, https:\/\/www.littorelles.org\/wp-content\/uploads\/2025\/01\/IMG_1676-768x576.jpg 768w\" sizes=\"auto, (max-width: 1024px) 100vw, 1024px\" \/><\/figure>\n<\/figure>\n","protected":false},"excerpt":{"rendered":"<p>Chaque&nbsp;ann\u00e9e, \u00e0 Calais,&nbsp; la cit\u00e9 de la dentelle et de la mode pr\u00e9sente une collection de grands couturiers et nous \u00e9tions&nbsp; ravies de voir l&rsquo;exposition YUIMA NAKAZATO, cr\u00e9ateur de mode d&rsquo;avant garde japonais, avec une conf\u00e9renci\u00e8re passionnante&#8230;Son travail \u00e0 la crois\u00e9e de l&rsquo;innovation (inspiration manga), de la tradition et de la haute couture&nbsp; a aussi &hellip; <a href=\"https:\/\/www.littorelles.org\/?page_id=4393\" class=\"more-link\">Continuer la lecture de <span class=\"screen-reader-text\">Yuima Nakazato, au del\u00e0 de la couture<\/span> <span class=\"meta-nav\">&rarr;<\/span><\/a><\/p>\n","protected":false},"author":1,"featured_media":0,"parent":4012,"menu_order":0,"comment_status":"closed","ping_status":"closed","template":"","meta":{"ngg_post_thumbnail":0,"footnotes":""},"class_list":["post-4393","page","type-page","status-publish","hentry"],"_links":{"self":[{"href":"https:\/\/www.littorelles.org\/index.php?rest_route=\/wp\/v2\/pages\/4393","targetHints":{"allow":["GET"]}}],"collection":[{"href":"https:\/\/www.littorelles.org\/index.php?rest_route=\/wp\/v2\/pages"}],"about":[{"href":"https:\/\/www.littorelles.org\/index.php?rest_route=\/wp\/v2\/types\/page"}],"author":[{"embeddable":true,"href":"https:\/\/www.littorelles.org\/index.php?rest_route=\/wp\/v2\/users\/1"}],"replies":[{"embeddable":true,"href":"https:\/\/www.littorelles.org\/index.php?rest_route=%2Fwp%2Fv2%2Fcomments&post=4393"}],"version-history":[{"count":0,"href":"https:\/\/www.littorelles.org\/index.php?rest_route=\/wp\/v2\/pages\/4393\/revisions"}],"up":[{"embeddable":true,"href":"https:\/\/www.littorelles.org\/index.php?rest_route=\/wp\/v2\/pages\/4012"}],"wp:attachment":[{"href":"https:\/\/www.littorelles.org\/index.php?rest_route=%2Fwp%2Fv2%2Fmedia&parent=4393"}],"curies":[{"name":"wp","href":"https:\/\/api.w.org\/{rel}","templated":true}]}}