{"id":4370,"date":"2025-01-30T17:00:57","date_gmt":"2025-01-30T16:00:57","guid":{"rendered":"https:\/\/www.littorelles.org\/?page_id=4370"},"modified":"2025-01-30T17:48:39","modified_gmt":"2025-01-30T16:48:39","slug":"la-chine-des-tang-et-lor-des-ming-au-musee-guimet","status":"publish","type":"page","link":"https:\/\/www.littorelles.org\/?page_id=4370","title":{"rendered":"La Chine des Tang et L&rsquo;Or des Ming au Mus\u00e9e Guimet"},"content":{"rendered":"\n<p>Au Mus\u00e9e&nbsp;Guimet, Arnaud Bertrand nous a invit\u00e9 au c\u0153ur de Chang&rsquo;an, la glorieuse et cosmopolite capitale de la dynastie des Tang (608-907) au carrefour des Routes de la Soie, cette cit\u00e9 tentaculaire \u00e9tait la plus grande ville du monde au 8\u00e8me si\u00e8cle. Exceptionnellement, plus de 200 \u0153uvres ont \u00e9t\u00e9 pr\u00eat\u00e9es&nbsp;par le gouvernement chinois,&nbsp; pour notre plus grand plaisir,&nbsp; pour repr\u00e9senter la vie \u00e0 Chang&rsquo;an avec les chevaux Zhaoling, la vie \u00e0 la cour avec les musiciens et les danseuses.. cette ville \u00e9tati \u00e0 la crois\u00e9e des pens\u00e9e : le confucianisme, le tao\u00efsme et le bouddhisme, avait 130 temples et monast\u00e8res. L&rsquo;exposition&nbsp;repr\u00e9sente aussi le monde des lettres avec les po\u00e9sies et l&rsquo;art du pinceau avec la calligraphie&#8230;. et \u00e0 chaque fois la beaut\u00e9 dans la perfection.Cette ville \u00e9tait sur les routes de la soie&nbsp;et gr\u00e2ce&nbsp;aux chevaux et chameaux mais aussi \u00e0 la navigation,&nbsp; le commerce \u00e9tait intense, des cargaisons partaient vers toute l&rsquo;Asie et l&rsquo;Oc\u00e9an indien notamment pour les c\u00e9ramiques.Cette dynastie a aussi intensifi\u00e9 la production agricole et artisanale , elle est toujours consid\u00e9r\u00e9e comme l&rsquo;un des sommets de la civilisation chinoise.<br>Nous avons vu aussi l&rsquo;Or de Ming et les beaut\u00e9 de la chine imp\u00e9riale (14\u00e8me-17\u00e8me), une ensemble exceptionnel&nbsp;d&rsquo;objets en or r\u00e9unissant parures, bijoux&nbsp;et objets d\u00e9coratifs incrust\u00e9s de jade et de pierres pr\u00e9cieuses. Des pi\u00e8ces magnifiques qui illustrent la parfaite ma\u00eetrise&nbsp;de l&rsquo;art de l&rsquo;orf\u00e8vrerie&nbsp;imp\u00e9riale sous la dynastie Ming.Une<\/p>\n\n\n\n<p>&nbsp;journ\u00e9e Littorelles de grande qualit\u00e9 !<\/p>\n\n\n\n<figure class=\"wp-block-gallery has-nested-images columns-default is-cropped wp-block-gallery-1 is-layout-flex wp-block-gallery-is-layout-flex\">\n<figure class=\"wp-block-image size-large\"><img loading=\"lazy\" decoding=\"async\" width=\"1024\" height=\"768\" data-id=\"4373\" src=\"https:\/\/www.littorelles.org\/wp-content\/uploads\/2025\/01\/IMG_4776.jpg\" alt=\"\" class=\"wp-image-4373\" srcset=\"https:\/\/www.littorelles.org\/wp-content\/uploads\/2025\/01\/IMG_4776.jpg 1024w, https:\/\/www.littorelles.org\/wp-content\/uploads\/2025\/01\/IMG_4776-300x225.jpg 300w, https:\/\/www.littorelles.org\/wp-content\/uploads\/2025\/01\/IMG_4776-768x576.jpg 768w\" sizes=\"auto, (max-width: 1024px) 100vw, 1024px\" \/><\/figure>\n\n\n\n<figure class=\"wp-block-image size-large\"><img loading=\"lazy\" decoding=\"async\" width=\"768\" height=\"1024\" data-id=\"4376\" src=\"https:\/\/www.littorelles.org\/wp-content\/uploads\/2025\/01\/IMG_4770-rotated.jpg\" alt=\"\" class=\"wp-image-4376\" srcset=\"https:\/\/www.littorelles.org\/wp-content\/uploads\/2025\/01\/IMG_4770-rotated.jpg 768w, https:\/\/www.littorelles.org\/wp-content\/uploads\/2025\/01\/IMG_4770-225x300.jpg 225w\" sizes=\"auto, (max-width: 768px) 100vw, 768px\" \/><\/figure>\n\n\n\n<figure class=\"wp-block-image size-large\"><img loading=\"lazy\" decoding=\"async\" width=\"768\" height=\"1024\" data-id=\"4372\" src=\"https:\/\/www.littorelles.org\/wp-content\/uploads\/2025\/01\/IMG_4765-rotated.jpg\" alt=\"\" class=\"wp-image-4372\" srcset=\"https:\/\/www.littorelles.org\/wp-content\/uploads\/2025\/01\/IMG_4765-rotated.jpg 768w, https:\/\/www.littorelles.org\/wp-content\/uploads\/2025\/01\/IMG_4765-225x300.jpg 225w\" sizes=\"auto, (max-width: 768px) 100vw, 768px\" \/><\/figure>\n\n\n\n<figure class=\"wp-block-image size-large\"><img loading=\"lazy\" decoding=\"async\" width=\"768\" height=\"1024\" data-id=\"4371\" src=\"https:\/\/www.littorelles.org\/wp-content\/uploads\/2025\/01\/IMG_4779-rotated.jpg\" alt=\"\" class=\"wp-image-4371\" srcset=\"https:\/\/www.littorelles.org\/wp-content\/uploads\/2025\/01\/IMG_4779-rotated.jpg 768w, https:\/\/www.littorelles.org\/wp-content\/uploads\/2025\/01\/IMG_4779-225x300.jpg 225w\" sizes=\"auto, (max-width: 768px) 100vw, 768px\" \/><\/figure>\n\n\n\n<figure class=\"wp-block-image size-large\"><img loading=\"lazy\" decoding=\"async\" width=\"768\" height=\"1024\" data-id=\"4377\" src=\"https:\/\/www.littorelles.org\/wp-content\/uploads\/2025\/01\/IMG_4763-rotated.jpg\" alt=\"\" class=\"wp-image-4377\" srcset=\"https:\/\/www.littorelles.org\/wp-content\/uploads\/2025\/01\/IMG_4763-rotated.jpg 768w, https:\/\/www.littorelles.org\/wp-content\/uploads\/2025\/01\/IMG_4763-225x300.jpg 225w\" sizes=\"auto, (max-width: 768px) 100vw, 768px\" \/><\/figure>\n\n\n\n<figure class=\"wp-block-image size-large\"><img loading=\"lazy\" decoding=\"async\" width=\"768\" height=\"1024\" data-id=\"4378\" src=\"https:\/\/www.littorelles.org\/wp-content\/uploads\/2025\/01\/IMG_4761-rotated.jpg\" alt=\"\" class=\"wp-image-4378\" srcset=\"https:\/\/www.littorelles.org\/wp-content\/uploads\/2025\/01\/IMG_4761-rotated.jpg 768w, https:\/\/www.littorelles.org\/wp-content\/uploads\/2025\/01\/IMG_4761-225x300.jpg 225w\" sizes=\"auto, (max-width: 768px) 100vw, 768px\" \/><\/figure>\n\n\n\n<figure class=\"wp-block-image size-large\"><img loading=\"lazy\" decoding=\"async\" width=\"1024\" height=\"768\" data-id=\"4380\" src=\"https:\/\/www.littorelles.org\/wp-content\/uploads\/2025\/01\/IMG_4728.jpg\" alt=\"\" class=\"wp-image-4380\" srcset=\"https:\/\/www.littorelles.org\/wp-content\/uploads\/2025\/01\/IMG_4728.jpg 1024w, https:\/\/www.littorelles.org\/wp-content\/uploads\/2025\/01\/IMG_4728-300x225.jpg 300w, https:\/\/www.littorelles.org\/wp-content\/uploads\/2025\/01\/IMG_4728-768x576.jpg 768w\" sizes=\"auto, (max-width: 1024px) 100vw, 1024px\" \/><\/figure>\n\n\n\n<figure class=\"wp-block-image size-large\"><img loading=\"lazy\" decoding=\"async\" width=\"1024\" height=\"768\" data-id=\"4375\" src=\"https:\/\/www.littorelles.org\/wp-content\/uploads\/2025\/01\/IMG_4727.jpg\" alt=\"\" class=\"wp-image-4375\" srcset=\"https:\/\/www.littorelles.org\/wp-content\/uploads\/2025\/01\/IMG_4727.jpg 1024w, https:\/\/www.littorelles.org\/wp-content\/uploads\/2025\/01\/IMG_4727-300x225.jpg 300w, https:\/\/www.littorelles.org\/wp-content\/uploads\/2025\/01\/IMG_4727-768x576.jpg 768w\" sizes=\"auto, (max-width: 1024px) 100vw, 1024px\" \/><\/figure>\n\n\n\n<figure class=\"wp-block-image size-large\"><img loading=\"lazy\" decoding=\"async\" width=\"1024\" height=\"768\" data-id=\"4374\" src=\"https:\/\/www.littorelles.org\/wp-content\/uploads\/2025\/01\/IMG_4725.jpg\" alt=\"\" class=\"wp-image-4374\" srcset=\"https:\/\/www.littorelles.org\/wp-content\/uploads\/2025\/01\/IMG_4725.jpg 1024w, https:\/\/www.littorelles.org\/wp-content\/uploads\/2025\/01\/IMG_4725-300x225.jpg 300w, https:\/\/www.littorelles.org\/wp-content\/uploads\/2025\/01\/IMG_4725-768x576.jpg 768w\" sizes=\"auto, (max-width: 1024px) 100vw, 1024px\" \/><\/figure>\n<\/figure>\n\n\n\n<figure class=\"wp-block-image size-large\"><img loading=\"lazy\" decoding=\"async\" width=\"768\" height=\"1024\" src=\"https:\/\/www.littorelles.org\/wp-content\/uploads\/2025\/01\/IMG_4757-rotated.jpg\" alt=\"\" class=\"wp-image-4379\" srcset=\"https:\/\/www.littorelles.org\/wp-content\/uploads\/2025\/01\/IMG_4757-rotated.jpg 768w, https:\/\/www.littorelles.org\/wp-content\/uploads\/2025\/01\/IMG_4757-225x300.jpg 225w\" sizes=\"auto, (max-width: 768px) 100vw, 768px\" \/><\/figure>\n","protected":false},"excerpt":{"rendered":"<p>Au Mus\u00e9e&nbsp;Guimet, Arnaud Bertrand nous a invit\u00e9 au c\u0153ur de Chang&rsquo;an, la glorieuse et cosmopolite capitale de la dynastie des Tang (608-907) au carrefour des Routes de la Soie, cette cit\u00e9 tentaculaire \u00e9tait la plus grande ville du monde au 8\u00e8me si\u00e8cle. Exceptionnellement, plus de 200 \u0153uvres ont \u00e9t\u00e9 pr\u00eat\u00e9es&nbsp;par le gouvernement chinois,&nbsp; pour notre &hellip; <a href=\"https:\/\/www.littorelles.org\/?page_id=4370\" class=\"more-link\">Continuer la lecture de <span class=\"screen-reader-text\">La Chine des Tang et L&rsquo;Or des Ming au Mus\u00e9e Guimet<\/span> <span class=\"meta-nav\">&rarr;<\/span><\/a><\/p>\n","protected":false},"author":1,"featured_media":0,"parent":4012,"menu_order":0,"comment_status":"closed","ping_status":"closed","template":"","meta":{"ngg_post_thumbnail":0,"footnotes":""},"class_list":["post-4370","page","type-page","status-publish","hentry"],"_links":{"self":[{"href":"https:\/\/www.littorelles.org\/index.php?rest_route=\/wp\/v2\/pages\/4370","targetHints":{"allow":["GET"]}}],"collection":[{"href":"https:\/\/www.littorelles.org\/index.php?rest_route=\/wp\/v2\/pages"}],"about":[{"href":"https:\/\/www.littorelles.org\/index.php?rest_route=\/wp\/v2\/types\/page"}],"author":[{"embeddable":true,"href":"https:\/\/www.littorelles.org\/index.php?rest_route=\/wp\/v2\/users\/1"}],"replies":[{"embeddable":true,"href":"https:\/\/www.littorelles.org\/index.php?rest_route=%2Fwp%2Fv2%2Fcomments&post=4370"}],"version-history":[{"count":0,"href":"https:\/\/www.littorelles.org\/index.php?rest_route=\/wp\/v2\/pages\/4370\/revisions"}],"up":[{"embeddable":true,"href":"https:\/\/www.littorelles.org\/index.php?rest_route=\/wp\/v2\/pages\/4012"}],"wp:attachment":[{"href":"https:\/\/www.littorelles.org\/index.php?rest_route=%2Fwp%2Fv2%2Fmedia&parent=4370"}],"curies":[{"name":"wp","href":"https:\/\/api.w.org\/{rel}","templated":true}]}}