{"id":4345,"date":"2025-01-30T16:48:20","date_gmt":"2025-01-30T15:48:20","guid":{"rendered":"https:\/\/www.littorelles.org\/?page_id=4345"},"modified":"2025-01-30T17:31:22","modified_gmt":"2025-01-30T16:31:22","slug":"coree-au-pays-de-la-jeunesse-eternelle","status":"publish","type":"page","link":"https:\/\/www.littorelles.org\/?page_id=4345","title":{"rendered":"Cor\u00e9e au pays de la jeunesse \u00e9ternelle"},"content":{"rendered":"\n<p>Arnaud Bertrand a commenc\u00e9 sa conf\u00e9rence avec&nbsp; la dynastie GORYEO (918-1320) puis le bouddhisme, le&nbsp;Kiseang (chants et danses li\u00e9es \u00e0 la famille royale) le rappel&nbsp; des cinq \u00e9l\u00e9ments (bois-terre-feu-m\u00e9tal- eau)&nbsp; pour nous retracer l&rsquo;histoire de la Cor\u00e9e :&nbsp;il a soulign\u00e9&nbsp;la scission&nbsp; \u00e9norme entre les 2 \u00e9poques \u2013 Aujourd&rsquo;hui, les jeunes se savent m\u00eame plus lire l\u2019alphabet traditionnel par exemple&#8230;<\/p>\n\n\n\n<p>Aujourd&rsquo;hui La jeunesse est tr\u00e8s mat\u00e9rielle,&nbsp; chacun veut avoir un corps et un visage parfait, avec un besoin de rallonger la vie et tout faire pour fortifier son corps. Certes, tout cela avec des principes du confucianisme&nbsp;:&nbsp;Honorer ses voisins en se montrant sous le meilleur jour &#8211;&nbsp;Prendre soin de son apparence contribue \u00e0 la coh\u00e9sion sociale &#8211; et un&nbsp;Teint blanc quitte \u00e0 faire usage de plomb&nbsp;&nbsp;<\/p>\n\n\n\n<p>&nbsp;Pour cela, la soci\u00e9t\u00e9 sud-cor\u00e9enne est tr\u00e8s&nbsp;&nbsp;codifi\u00e9e pour la nourriture et l\u2019habillement ;&nbsp;les produits de beaut\u00e9 de Joseon tournent autour de 3 \u00e9l\u00e9ments&nbsp;: le ginseng, l\u2019eau de riz et le th\u00e9 vert.<\/p>\n\n\n\n<p>Tout doucement, et par l\u2019interm\u00e9diaire du Japon, les cor\u00e9ens ont d\u00e9couvert le monde occidental et cela a renvers\u00e9 les codes de la soci\u00e9t\u00e9.&nbsp;Il existe une strat\u00e9gie de distinction sociale qui aboutit \u00e0 une hausse des classes moyennes, une modernisation spectaculaire du pays et une course vers la r\u00e9ussite&nbsp; et une consommation ostentatoire.. le ph\u00e9nom\u00e8ne de la chirurgie esth\u00e9tique , le go\u00fbt du luxe avec la volont\u00e9 d\u2019\u00eatre beau<\/p>\n\n\n\n<p>Cette soci\u00e9t\u00e9 mise sur une&nbsp; \u00ab\u00a0sur \u00e9ducation\u00a0\u00bb et les concours multiples, avec la robotisation de la soci\u00e9t\u00e9 mais le revers et le nombre \u00e9lev\u00e9 de suicides des jeunes &#8211; il y a aussi une chute vertigineuse de la natalit\u00e9&nbsp;<\/p>\n\n\n\n<p>Les mod\u00e8les&nbsp;pour les jeunes cor\u00e9ens sont la&nbsp;K-pop toujours pouss\u00e9s \u00e0 l\u2019extr\u00eame et le groupe BTS compl\u00e8tement&nbsp;liss\u00e9 sur son apparence &#8211; c&rsquo;est bien \u00e9trange&nbsp;comme perspective d&rsquo;avenir ?Nous avons beaucoup appr\u00e9ci\u00e9 cette conf\u00e9rence&nbsp;qui a \u00e9t\u00e9 suivie d&rsquo;un th\u00e9 de NOEL&nbsp;<\/p>\n\n\n\n<figure class=\"wp-block-embed is-type-video is-provider-youtube wp-block-embed-youtube wp-embed-aspect-16-9 wp-has-aspect-ratio\"><div class=\"wp-block-embed__wrapper\">\n<iframe loading=\"lazy\" title=\"LA CHIRURGIE ESTH\u00c9TIQUE CHEZ LES IDOLS DE KPOP ET ACTEURS COR\u00c9ENS\" width=\"604\" height=\"340\" src=\"https:\/\/www.youtube.com\/embed\/6JpGivUtizo?feature=oembed\" frameborder=\"0\" allow=\"accelerometer; autoplay; clipboard-write; encrypted-media; gyroscope; picture-in-picture; web-share\" referrerpolicy=\"strict-origin-when-cross-origin\" allowfullscreen><\/iframe>\n<\/div><\/figure>\n\n\n\n<figure class=\"wp-block-embed is-type-video is-provider-youtube wp-block-embed-youtube wp-embed-aspect-16-9 wp-has-aspect-ratio\"><div class=\"wp-block-embed__wrapper\">\n<iframe loading=\"lazy\" title=\"K-Pop : Ils traversent l&#039;enfer pour atteindre la gloire\" width=\"604\" height=\"340\" src=\"https:\/\/www.youtube.com\/embed\/Zib50vfo960?feature=oembed\" frameborder=\"0\" allow=\"accelerometer; autoplay; clipboard-write; encrypted-media; gyroscope; picture-in-picture; web-share\" referrerpolicy=\"strict-origin-when-cross-origin\" allowfullscreen><\/iframe>\n<\/div><\/figure>\n\n\n\n<figure class=\"wp-block-gallery has-nested-images columns-default is-cropped wp-block-gallery-1 is-layout-flex wp-block-gallery-is-layout-flex\">\n<figure class=\"wp-block-image size-large\"><img loading=\"lazy\" decoding=\"async\" width=\"768\" height=\"1024\" data-id=\"4347\" src=\"https:\/\/www.littorelles.org\/wp-content\/uploads\/2025\/01\/1-rotated.jpeg\" alt=\"\" class=\"wp-image-4347\" srcset=\"https:\/\/www.littorelles.org\/wp-content\/uploads\/2025\/01\/1-rotated.jpeg 768w, https:\/\/www.littorelles.org\/wp-content\/uploads\/2025\/01\/1-225x300.jpeg 225w\" sizes=\"auto, (max-width: 768px) 100vw, 768px\" \/><\/figure>\n\n\n\n<figure class=\"wp-block-image size-large\"><img loading=\"lazy\" decoding=\"async\" width=\"1024\" height=\"768\" data-id=\"4346\" src=\"https:\/\/www.littorelles.org\/wp-content\/uploads\/2025\/01\/IMG_5353.jpeg\" alt=\"\" class=\"wp-image-4346\" srcset=\"https:\/\/www.littorelles.org\/wp-content\/uploads\/2025\/01\/IMG_5353.jpeg 1024w, https:\/\/www.littorelles.org\/wp-content\/uploads\/2025\/01\/IMG_5353-300x225.jpeg 300w, https:\/\/www.littorelles.org\/wp-content\/uploads\/2025\/01\/IMG_5353-768x576.jpeg 768w\" sizes=\"auto, (max-width: 1024px) 100vw, 1024px\" \/><\/figure>\n\n\n\n<figure class=\"wp-block-image size-large\"><img loading=\"lazy\" decoding=\"async\" width=\"1024\" height=\"768\" data-id=\"4349\" src=\"https:\/\/www.littorelles.org\/wp-content\/uploads\/2025\/01\/IMG_5327.jpeg\" alt=\"\" class=\"wp-image-4349\" srcset=\"https:\/\/www.littorelles.org\/wp-content\/uploads\/2025\/01\/IMG_5327.jpeg 1024w, https:\/\/www.littorelles.org\/wp-content\/uploads\/2025\/01\/IMG_5327-300x225.jpeg 300w, https:\/\/www.littorelles.org\/wp-content\/uploads\/2025\/01\/IMG_5327-768x576.jpeg 768w\" sizes=\"auto, (max-width: 1024px) 100vw, 1024px\" \/><\/figure>\n\n\n\n<figure class=\"wp-block-image size-large\"><img loading=\"lazy\" decoding=\"async\" width=\"1024\" height=\"768\" data-id=\"4351\" src=\"https:\/\/www.littorelles.org\/wp-content\/uploads\/2025\/01\/IMG_5328.jpeg\" alt=\"\" class=\"wp-image-4351\" srcset=\"https:\/\/www.littorelles.org\/wp-content\/uploads\/2025\/01\/IMG_5328.jpeg 1024w, https:\/\/www.littorelles.org\/wp-content\/uploads\/2025\/01\/IMG_5328-300x225.jpeg 300w, https:\/\/www.littorelles.org\/wp-content\/uploads\/2025\/01\/IMG_5328-768x576.jpeg 768w\" sizes=\"auto, (max-width: 1024px) 100vw, 1024px\" \/><\/figure>\n\n\n\n<figure class=\"wp-block-image size-large\"><img loading=\"lazy\" decoding=\"async\" width=\"1024\" height=\"768\" data-id=\"4352\" src=\"https:\/\/www.littorelles.org\/wp-content\/uploads\/2025\/01\/IMG_5329.jpeg\" alt=\"\" class=\"wp-image-4352\" srcset=\"https:\/\/www.littorelles.org\/wp-content\/uploads\/2025\/01\/IMG_5329.jpeg 1024w, https:\/\/www.littorelles.org\/wp-content\/uploads\/2025\/01\/IMG_5329-300x225.jpeg 300w, https:\/\/www.littorelles.org\/wp-content\/uploads\/2025\/01\/IMG_5329-768x576.jpeg 768w\" sizes=\"auto, (max-width: 1024px) 100vw, 1024px\" \/><\/figure>\n\n\n\n<figure class=\"wp-block-image size-large\"><img loading=\"lazy\" decoding=\"async\" width=\"1024\" height=\"768\" data-id=\"4350\" src=\"https:\/\/www.littorelles.org\/wp-content\/uploads\/2025\/01\/IMG_5332-1.jpeg\" alt=\"\" class=\"wp-image-4350\" srcset=\"https:\/\/www.littorelles.org\/wp-content\/uploads\/2025\/01\/IMG_5332-1.jpeg 1024w, https:\/\/www.littorelles.org\/wp-content\/uploads\/2025\/01\/IMG_5332-1-300x225.jpeg 300w, https:\/\/www.littorelles.org\/wp-content\/uploads\/2025\/01\/IMG_5332-1-768x576.jpeg 768w\" sizes=\"auto, (max-width: 1024px) 100vw, 1024px\" \/><\/figure>\n\n\n\n<figure class=\"wp-block-image size-large\"><img loading=\"lazy\" decoding=\"async\" width=\"768\" height=\"1024\" data-id=\"4348\" src=\"https:\/\/www.littorelles.org\/wp-content\/uploads\/2025\/01\/IMG_5333-rotated.jpeg\" alt=\"\" class=\"wp-image-4348\" srcset=\"https:\/\/www.littorelles.org\/wp-content\/uploads\/2025\/01\/IMG_5333-rotated.jpeg 768w, https:\/\/www.littorelles.org\/wp-content\/uploads\/2025\/01\/IMG_5333-225x300.jpeg 225w\" sizes=\"auto, (max-width: 768px) 100vw, 768px\" \/><\/figure>\n\n\n\n<figure class=\"wp-block-image size-large\"><img loading=\"lazy\" decoding=\"async\" width=\"1024\" height=\"768\" data-id=\"4356\" src=\"https:\/\/www.littorelles.org\/wp-content\/uploads\/2025\/01\/IMG_5336.jpeg\" alt=\"\" class=\"wp-image-4356\" srcset=\"https:\/\/www.littorelles.org\/wp-content\/uploads\/2025\/01\/IMG_5336.jpeg 1024w, https:\/\/www.littorelles.org\/wp-content\/uploads\/2025\/01\/IMG_5336-300x225.jpeg 300w, https:\/\/www.littorelles.org\/wp-content\/uploads\/2025\/01\/IMG_5336-768x576.jpeg 768w\" sizes=\"auto, (max-width: 1024px) 100vw, 1024px\" \/><\/figure>\n\n\n\n<figure class=\"wp-block-image size-large\"><img loading=\"lazy\" decoding=\"async\" width=\"1024\" height=\"768\" data-id=\"4353\" src=\"https:\/\/www.littorelles.org\/wp-content\/uploads\/2025\/01\/IMG_5345.jpeg\" alt=\"\" class=\"wp-image-4353\" srcset=\"https:\/\/www.littorelles.org\/wp-content\/uploads\/2025\/01\/IMG_5345.jpeg 1024w, https:\/\/www.littorelles.org\/wp-content\/uploads\/2025\/01\/IMG_5345-300x225.jpeg 300w, https:\/\/www.littorelles.org\/wp-content\/uploads\/2025\/01\/IMG_5345-768x576.jpeg 768w\" sizes=\"auto, (max-width: 1024px) 100vw, 1024px\" \/><\/figure>\n\n\n\n<figure class=\"wp-block-image size-large\"><img loading=\"lazy\" decoding=\"async\" width=\"1024\" height=\"768\" data-id=\"4355\" src=\"https:\/\/www.littorelles.org\/wp-content\/uploads\/2025\/01\/IMG_5346.jpeg\" alt=\"\" class=\"wp-image-4355\" srcset=\"https:\/\/www.littorelles.org\/wp-content\/uploads\/2025\/01\/IMG_5346.jpeg 1024w, https:\/\/www.littorelles.org\/wp-content\/uploads\/2025\/01\/IMG_5346-300x225.jpeg 300w, https:\/\/www.littorelles.org\/wp-content\/uploads\/2025\/01\/IMG_5346-768x576.jpeg 768w\" sizes=\"auto, (max-width: 1024px) 100vw, 1024px\" \/><\/figure>\n\n\n\n<figure class=\"wp-block-image size-large\"><img loading=\"lazy\" decoding=\"async\" width=\"1024\" height=\"768\" data-id=\"4354\" src=\"https:\/\/www.littorelles.org\/wp-content\/uploads\/2025\/01\/IMG_5347.jpeg\" alt=\"\" class=\"wp-image-4354\" srcset=\"https:\/\/www.littorelles.org\/wp-content\/uploads\/2025\/01\/IMG_5347.jpeg 1024w, https:\/\/www.littorelles.org\/wp-content\/uploads\/2025\/01\/IMG_5347-300x225.jpeg 300w, https:\/\/www.littorelles.org\/wp-content\/uploads\/2025\/01\/IMG_5347-768x576.jpeg 768w\" sizes=\"auto, (max-width: 1024px) 100vw, 1024px\" \/><\/figure>\n\n\n\n<figure class=\"wp-block-image size-large\"><img loading=\"lazy\" decoding=\"async\" width=\"1024\" height=\"768\" data-id=\"4357\" src=\"https:\/\/www.littorelles.org\/wp-content\/uploads\/2025\/01\/IMG_5348.jpeg\" alt=\"\" class=\"wp-image-4357\" srcset=\"https:\/\/www.littorelles.org\/wp-content\/uploads\/2025\/01\/IMG_5348.jpeg 1024w, https:\/\/www.littorelles.org\/wp-content\/uploads\/2025\/01\/IMG_5348-300x225.jpeg 300w, https:\/\/www.littorelles.org\/wp-content\/uploads\/2025\/01\/IMG_5348-768x576.jpeg 768w\" sizes=\"auto, (max-width: 1024px) 100vw, 1024px\" \/><\/figure>\n\n\n\n<figure class=\"wp-block-image size-large\"><img loading=\"lazy\" decoding=\"async\" width=\"1024\" height=\"768\" data-id=\"4358\" src=\"https:\/\/www.littorelles.org\/wp-content\/uploads\/2025\/01\/IMG_5349.jpeg\" alt=\"\" class=\"wp-image-4358\" srcset=\"https:\/\/www.littorelles.org\/wp-content\/uploads\/2025\/01\/IMG_5349.jpeg 1024w, https:\/\/www.littorelles.org\/wp-content\/uploads\/2025\/01\/IMG_5349-300x225.jpeg 300w, https:\/\/www.littorelles.org\/wp-content\/uploads\/2025\/01\/IMG_5349-768x576.jpeg 768w\" sizes=\"auto, (max-width: 1024px) 100vw, 1024px\" \/><\/figure>\n<\/figure>\n","protected":false},"excerpt":{"rendered":"<p>Arnaud Bertrand a commenc\u00e9 sa conf\u00e9rence avec&nbsp; la dynastie GORYEO (918-1320) puis le bouddhisme, le&nbsp;Kiseang (chants et danses li\u00e9es \u00e0 la famille royale) le rappel&nbsp; des cinq \u00e9l\u00e9ments (bois-terre-feu-m\u00e9tal- eau)&nbsp; pour nous retracer l&rsquo;histoire de la Cor\u00e9e :&nbsp;il a soulign\u00e9&nbsp;la scission&nbsp; \u00e9norme entre les 2 \u00e9poques \u2013 Aujourd&rsquo;hui, les jeunes se savent m\u00eame plus lire &hellip; <a href=\"https:\/\/www.littorelles.org\/?page_id=4345\" class=\"more-link\">Continuer la lecture de <span class=\"screen-reader-text\">Cor\u00e9e au pays de la jeunesse \u00e9ternelle<\/span> <span class=\"meta-nav\">&rarr;<\/span><\/a><\/p>\n","protected":false},"author":1,"featured_media":0,"parent":4012,"menu_order":0,"comment_status":"closed","ping_status":"closed","template":"","meta":{"ngg_post_thumbnail":0,"footnotes":""},"class_list":["post-4345","page","type-page","status-publish","hentry"],"_links":{"self":[{"href":"https:\/\/www.littorelles.org\/index.php?rest_route=\/wp\/v2\/pages\/4345","targetHints":{"allow":["GET"]}}],"collection":[{"href":"https:\/\/www.littorelles.org\/index.php?rest_route=\/wp\/v2\/pages"}],"about":[{"href":"https:\/\/www.littorelles.org\/index.php?rest_route=\/wp\/v2\/types\/page"}],"author":[{"embeddable":true,"href":"https:\/\/www.littorelles.org\/index.php?rest_route=\/wp\/v2\/users\/1"}],"replies":[{"embeddable":true,"href":"https:\/\/www.littorelles.org\/index.php?rest_route=%2Fwp%2Fv2%2Fcomments&post=4345"}],"version-history":[{"count":0,"href":"https:\/\/www.littorelles.org\/index.php?rest_route=\/wp\/v2\/pages\/4345\/revisions"}],"up":[{"embeddable":true,"href":"https:\/\/www.littorelles.org\/index.php?rest_route=\/wp\/v2\/pages\/4012"}],"wp:attachment":[{"href":"https:\/\/www.littorelles.org\/index.php?rest_route=%2Fwp%2Fv2%2Fmedia&parent=4345"}],"curies":[{"name":"wp","href":"https:\/\/api.w.org\/{rel}","templated":true}]}}