{"id":4335,"date":"2025-01-30T16:46:28","date_gmt":"2025-01-30T15:46:28","guid":{"rendered":"https:\/\/www.littorelles.org\/?page_id=4335"},"modified":"2025-01-30T17:31:22","modified_gmt":"2025-01-30T16:31:22","slug":"le-harcelement-conference-de-celine-houzet-aerts","status":"publish","type":"page","link":"https:\/\/www.littorelles.org\/?page_id=4335","title":{"rendered":"Le Harc\u00e8lement conf\u00e9rence de C\u00e9line Houzet-Aerts"},"content":{"rendered":"\n<p>\u00ab\u00a0T&rsquo;es plus ma copine\u00a0\u00bb,&nbsp; \u00ab\u00a0On me ghoste en ce moment\u00a0\u00bb,&nbsp; \u00ab\u00a0on m&rsquo;accepte que si je viens en jean\u00a0\u00bb&nbsp; Voici certaines phrases entendues dans les familles. Il est fr\u00e9quent d&rsquo;entendre , d&rsquo;observer des souffrances qui pourraient \u00eatre \u00e9vit\u00e9es.<br><strong>C\u00e9line HOUZET-AERTS<\/strong>, dipl\u00f4m\u00e9e de psychologie et d&rsquo;anthropologie, travaille \u00e0 Chamb\u00e9ry dans l&rsquo;\u00e9ducation nationale,&nbsp; est venue nous \u00e9clairer sur ce sujet&nbsp;Grandir \u00e0 l&rsquo;\u00e9cole, dans un collectif, est la premi\u00e8re mission de la scolarit\u00e9 . Pour autant, malgr\u00e9 une grande vigilance des adultes entourant les jeunes, parfois cela ne se fait pas sereinement. Comment accompagner les jeunes ? Comment les \u00e9couter, comment r\u00e9agir ? comment faire exprimer les \u00e9tats d&rsquo;\u00e2me ? comment \u00e9viter les maladresses relationnelles ?&nbsp;<br><strong>Le harc\u00e8lement, tout le monde en parle , mais il est difficile de le faire cesser. Il peut prendre plusieurs formes et contrairement aux id\u00e9es re\u00e7ues, victimes et harceleurs ne correspondent pas \u00e0 des profils type&nbsp; &#8211;&nbsp;<\/strong><strong>Les situation de harc\u00e8lement sont avant tout aliment\u00e9es par la peur et la vuln\u00e9rabilit\u00e9&nbsp;<\/strong><strong>Tout enfant peut \u00eatre harcel\u00e9 \u00e0 un moment de fragilit\u00e9&nbsp;<\/strong><\/p>\n\n\n\n<figure class=\"wp-block-gallery has-nested-images columns-default is-cropped wp-block-gallery-1 is-layout-flex wp-block-gallery-is-layout-flex\">\n<figure class=\"wp-block-image size-large\"><img loading=\"lazy\" decoding=\"async\" width=\"768\" height=\"1024\" data-id=\"4336\" src=\"https:\/\/www.littorelles.org\/wp-content\/uploads\/2025\/01\/IMG_3978-rotated.jpg\" alt=\"\" class=\"wp-image-4336\" srcset=\"https:\/\/www.littorelles.org\/wp-content\/uploads\/2025\/01\/IMG_3978-rotated.jpg 768w, https:\/\/www.littorelles.org\/wp-content\/uploads\/2025\/01\/IMG_3978-225x300.jpg 225w\" sizes=\"auto, (max-width: 768px) 100vw, 768px\" \/><\/figure>\n\n\n\n<figure class=\"wp-block-image size-large\"><img loading=\"lazy\" decoding=\"async\" width=\"768\" height=\"1024\" data-id=\"4337\" src=\"https:\/\/www.littorelles.org\/wp-content\/uploads\/2025\/01\/IMG_3968-rotated.jpg\" alt=\"\" class=\"wp-image-4337\" srcset=\"https:\/\/www.littorelles.org\/wp-content\/uploads\/2025\/01\/IMG_3968-rotated.jpg 768w, https:\/\/www.littorelles.org\/wp-content\/uploads\/2025\/01\/IMG_3968-225x300.jpg 225w\" sizes=\"auto, (max-width: 768px) 100vw, 768px\" \/><\/figure>\n\n\n\n<figure class=\"wp-block-image size-large\"><img loading=\"lazy\" decoding=\"async\" width=\"1024\" height=\"768\" data-id=\"4338\" src=\"https:\/\/www.littorelles.org\/wp-content\/uploads\/2025\/01\/IMG_3972.jpg\" alt=\"\" class=\"wp-image-4338\" srcset=\"https:\/\/www.littorelles.org\/wp-content\/uploads\/2025\/01\/IMG_3972.jpg 1024w, https:\/\/www.littorelles.org\/wp-content\/uploads\/2025\/01\/IMG_3972-300x225.jpg 300w, https:\/\/www.littorelles.org\/wp-content\/uploads\/2025\/01\/IMG_3972-768x576.jpg 768w\" sizes=\"auto, (max-width: 1024px) 100vw, 1024px\" \/><\/figure>\n\n\n\n<figure class=\"wp-block-image size-large\"><img loading=\"lazy\" decoding=\"async\" width=\"1024\" height=\"768\" data-id=\"4339\" src=\"https:\/\/www.littorelles.org\/wp-content\/uploads\/2025\/01\/IMG_3973.jpg\" alt=\"\" class=\"wp-image-4339\" srcset=\"https:\/\/www.littorelles.org\/wp-content\/uploads\/2025\/01\/IMG_3973.jpg 1024w, https:\/\/www.littorelles.org\/wp-content\/uploads\/2025\/01\/IMG_3973-300x225.jpg 300w, https:\/\/www.littorelles.org\/wp-content\/uploads\/2025\/01\/IMG_3973-768x576.jpg 768w\" sizes=\"auto, (max-width: 1024px) 100vw, 1024px\" \/><\/figure>\n\n\n\n<figure class=\"wp-block-image size-large\"><img loading=\"lazy\" decoding=\"async\" width=\"1024\" height=\"768\" data-id=\"4340\" src=\"https:\/\/www.littorelles.org\/wp-content\/uploads\/2025\/01\/IMG_3974.jpg\" alt=\"\" class=\"wp-image-4340\" srcset=\"https:\/\/www.littorelles.org\/wp-content\/uploads\/2025\/01\/IMG_3974.jpg 1024w, https:\/\/www.littorelles.org\/wp-content\/uploads\/2025\/01\/IMG_3974-300x225.jpg 300w, https:\/\/www.littorelles.org\/wp-content\/uploads\/2025\/01\/IMG_3974-768x576.jpg 768w\" sizes=\"auto, (max-width: 1024px) 100vw, 1024px\" \/><\/figure>\n\n\n\n<figure class=\"wp-block-image size-large\"><img loading=\"lazy\" decoding=\"async\" width=\"1024\" height=\"768\" data-id=\"4341\" src=\"https:\/\/www.littorelles.org\/wp-content\/uploads\/2025\/01\/IMG_3975.jpg\" alt=\"\" class=\"wp-image-4341\" srcset=\"https:\/\/www.littorelles.org\/wp-content\/uploads\/2025\/01\/IMG_3975.jpg 1024w, https:\/\/www.littorelles.org\/wp-content\/uploads\/2025\/01\/IMG_3975-300x225.jpg 300w, https:\/\/www.littorelles.org\/wp-content\/uploads\/2025\/01\/IMG_3975-768x576.jpg 768w\" sizes=\"auto, (max-width: 1024px) 100vw, 1024px\" \/><\/figure>\n\n\n\n<figure class=\"wp-block-image size-large\"><img loading=\"lazy\" decoding=\"async\" width=\"1024\" height=\"768\" data-id=\"4343\" src=\"https:\/\/www.littorelles.org\/wp-content\/uploads\/2025\/01\/IMG_3976.jpg\" alt=\"\" class=\"wp-image-4343\" srcset=\"https:\/\/www.littorelles.org\/wp-content\/uploads\/2025\/01\/IMG_3976.jpg 1024w, https:\/\/www.littorelles.org\/wp-content\/uploads\/2025\/01\/IMG_3976-300x225.jpg 300w, https:\/\/www.littorelles.org\/wp-content\/uploads\/2025\/01\/IMG_3976-768x576.jpg 768w\" sizes=\"auto, (max-width: 1024px) 100vw, 1024px\" \/><\/figure>\n\n\n\n<figure class=\"wp-block-image size-large\"><img loading=\"lazy\" decoding=\"async\" width=\"1024\" height=\"768\" data-id=\"4342\" src=\"https:\/\/www.littorelles.org\/wp-content\/uploads\/2025\/01\/IMG_3977.jpg\" alt=\"\" class=\"wp-image-4342\" srcset=\"https:\/\/www.littorelles.org\/wp-content\/uploads\/2025\/01\/IMG_3977.jpg 1024w, https:\/\/www.littorelles.org\/wp-content\/uploads\/2025\/01\/IMG_3977-300x225.jpg 300w, https:\/\/www.littorelles.org\/wp-content\/uploads\/2025\/01\/IMG_3977-768x576.jpg 768w\" sizes=\"auto, (max-width: 1024px) 100vw, 1024px\" \/><\/figure>\n<\/figure>\n","protected":false},"excerpt":{"rendered":"<p>\u00ab\u00a0T&rsquo;es plus ma copine\u00a0\u00bb,&nbsp; \u00ab\u00a0On me ghoste en ce moment\u00a0\u00bb,&nbsp; \u00ab\u00a0on m&rsquo;accepte que si je viens en jean\u00a0\u00bb&nbsp; Voici certaines phrases entendues dans les familles. Il est fr\u00e9quent d&rsquo;entendre , d&rsquo;observer des souffrances qui pourraient \u00eatre \u00e9vit\u00e9es.C\u00e9line HOUZET-AERTS, dipl\u00f4m\u00e9e de psychologie et d&rsquo;anthropologie, travaille \u00e0 Chamb\u00e9ry dans l&rsquo;\u00e9ducation nationale,&nbsp; est venue nous \u00e9clairer sur ce &hellip; <a href=\"https:\/\/www.littorelles.org\/?page_id=4335\" class=\"more-link\">Continuer la lecture de <span class=\"screen-reader-text\">Le Harc\u00e8lement conf\u00e9rence de C\u00e9line Houzet-Aerts<\/span> <span class=\"meta-nav\">&rarr;<\/span><\/a><\/p>\n","protected":false},"author":1,"featured_media":0,"parent":4012,"menu_order":0,"comment_status":"closed","ping_status":"closed","template":"","meta":{"ngg_post_thumbnail":0,"footnotes":""},"class_list":["post-4335","page","type-page","status-publish","hentry"],"_links":{"self":[{"href":"https:\/\/www.littorelles.org\/index.php?rest_route=\/wp\/v2\/pages\/4335","targetHints":{"allow":["GET"]}}],"collection":[{"href":"https:\/\/www.littorelles.org\/index.php?rest_route=\/wp\/v2\/pages"}],"about":[{"href":"https:\/\/www.littorelles.org\/index.php?rest_route=\/wp\/v2\/types\/page"}],"author":[{"embeddable":true,"href":"https:\/\/www.littorelles.org\/index.php?rest_route=\/wp\/v2\/users\/1"}],"replies":[{"embeddable":true,"href":"https:\/\/www.littorelles.org\/index.php?rest_route=%2Fwp%2Fv2%2Fcomments&post=4335"}],"version-history":[{"count":0,"href":"https:\/\/www.littorelles.org\/index.php?rest_route=\/wp\/v2\/pages\/4335\/revisions"}],"up":[{"embeddable":true,"href":"https:\/\/www.littorelles.org\/index.php?rest_route=\/wp\/v2\/pages\/4012"}],"wp:attachment":[{"href":"https:\/\/www.littorelles.org\/index.php?rest_route=%2Fwp%2Fv2%2Fmedia&parent=4335"}],"curies":[{"name":"wp","href":"https:\/\/api.w.org\/{rel}","templated":true}]}}