{"id":4317,"date":"2025-01-30T16:44:27","date_gmt":"2025-01-30T15:44:27","guid":{"rendered":"https:\/\/www.littorelles.org\/?page_id=4317"},"modified":"2025-01-30T17:31:22","modified_gmt":"2025-01-30T16:31:22","slug":"chefs-doeuvre-de-la-collection-torlonia","status":"publish","type":"page","link":"https:\/\/www.littorelles.org\/?page_id=4317","title":{"rendered":"Chefs-d&rsquo;\u0153uvre de la collection Torlonia"},"content":{"rendered":"\n<p>Qui mieux que Jean Claude Bonnier pour nous pr\u00e9senter les chefs d&rsquo;\u0153uvre de la Collection&nbsp;Torlonia&nbsp; &#8211; pour beaucoup d&rsquo;entre nous qui aimons l&rsquo;Italie, c&rsquo;\u00e9tait une d\u00e9couverte&#8230;<\/p>\n\n\n\n<p>\u00ab\u00a0La plus grande collection priv\u00e9e de sculpture&nbsp;antique romaine conserv\u00e9e \u00e0 ce jour &#8211; celle rassembl\u00e9e par les princes Torlonia durant tout le XIX\u00e8me si\u00e8cle \u00e0 Rome &#8211; a \u00e9t\u00e9 d\u00e9voil\u00e9e au public, au Louvre Paris,&nbsp; pour la premi\u00e8re fois depuis le milieu du XX\u00e8me si\u00e8cle .- toute une saga familiale et un patrimoine incroyable !&nbsp;<\/p>\n\n\n\n<p><a href=\"https:\/\/lepetitjournal.com\/rome\/comprendre-italie\/famille-torlonia-ou-lhistoire-incroyable-des-rothschild-de-rome-297909\">https:\/\/lepetitjournal.com\/rome\/comprendre-italie\/famille-torlonia-ou-lhistoire-incroyable-des-rothschild-de-rome-297909<\/a><\/p>\n\n\n\n<figure class=\"wp-block-embed is-type-video is-provider-youtube wp-block-embed-youtube wp-embed-aspect-16-9 wp-has-aspect-ratio\"><div class=\"wp-block-embed__wrapper\">\n<iframe loading=\"lazy\" title=\"Pr\u00e9sentation d&#039;exposition : \u00ab Chefs-d\u2019\u0153uvre de la collection Torlonia \u00bb\" width=\"604\" height=\"340\" src=\"https:\/\/www.youtube.com\/embed\/d7f-xP49y8w?feature=oembed\" frameborder=\"0\" allow=\"accelerometer; autoplay; clipboard-write; encrypted-media; gyroscope; picture-in-picture; web-share\" referrerpolicy=\"strict-origin-when-cross-origin\" allowfullscreen><\/iframe>\n<\/div><\/figure>\n\n\n\n<p><\/p>\n\n\n\n<figure class=\"wp-block-gallery has-nested-images columns-default is-cropped wp-block-gallery-1 is-layout-flex wp-block-gallery-is-layout-flex\">\n<figure class=\"wp-block-image size-large\"><img loading=\"lazy\" decoding=\"async\" width=\"768\" height=\"1024\" data-id=\"4318\" src=\"https:\/\/www.littorelles.org\/wp-content\/uploads\/2025\/01\/IMG_4598-rotated.jpg\" alt=\"\" class=\"wp-image-4318\" srcset=\"https:\/\/www.littorelles.org\/wp-content\/uploads\/2025\/01\/IMG_4598-rotated.jpg 768w, https:\/\/www.littorelles.org\/wp-content\/uploads\/2025\/01\/IMG_4598-225x300.jpg 225w\" sizes=\"auto, (max-width: 768px) 100vw, 768px\" \/><\/figure>\n\n\n\n<figure class=\"wp-block-image size-large\"><img loading=\"lazy\" decoding=\"async\" width=\"768\" height=\"1024\" data-id=\"4319\" src=\"https:\/\/www.littorelles.org\/wp-content\/uploads\/2025\/01\/IMG_4601-rotated.jpg\" alt=\"\" class=\"wp-image-4319\" srcset=\"https:\/\/www.littorelles.org\/wp-content\/uploads\/2025\/01\/IMG_4601-rotated.jpg 768w, https:\/\/www.littorelles.org\/wp-content\/uploads\/2025\/01\/IMG_4601-225x300.jpg 225w\" sizes=\"auto, (max-width: 768px) 100vw, 768px\" \/><\/figure>\n\n\n\n<figure class=\"wp-block-image size-large\"><img loading=\"lazy\" decoding=\"async\" width=\"768\" height=\"1024\" data-id=\"4320\" src=\"https:\/\/www.littorelles.org\/wp-content\/uploads\/2025\/01\/IMG_4604-rotated.jpg\" alt=\"\" class=\"wp-image-4320\" srcset=\"https:\/\/www.littorelles.org\/wp-content\/uploads\/2025\/01\/IMG_4604-rotated.jpg 768w, https:\/\/www.littorelles.org\/wp-content\/uploads\/2025\/01\/IMG_4604-225x300.jpg 225w\" sizes=\"auto, (max-width: 768px) 100vw, 768px\" \/><\/figure>\n\n\n\n<figure class=\"wp-block-image size-large\"><img loading=\"lazy\" decoding=\"async\" width=\"683\" height=\"1024\" data-id=\"4321\" src=\"https:\/\/www.littorelles.org\/wp-content\/uploads\/2025\/01\/t1-683x1024.jpg\" alt=\"\" class=\"wp-image-4321\" srcset=\"https:\/\/www.littorelles.org\/wp-content\/uploads\/2025\/01\/t1-683x1024.jpg 683w, https:\/\/www.littorelles.org\/wp-content\/uploads\/2025\/01\/t1-200x300.jpg 200w, https:\/\/www.littorelles.org\/wp-content\/uploads\/2025\/01\/t1.jpg 768w\" sizes=\"auto, (max-width: 683px) 100vw, 683px\" \/><\/figure>\n\n\n\n<figure class=\"wp-block-image size-large\"><img loading=\"lazy\" decoding=\"async\" width=\"683\" height=\"1024\" data-id=\"4323\" src=\"https:\/\/www.littorelles.org\/wp-content\/uploads\/2025\/01\/t1_1-683x1024.jpg\" alt=\"\" class=\"wp-image-4323\" srcset=\"https:\/\/www.littorelles.org\/wp-content\/uploads\/2025\/01\/t1_1-683x1024.jpg 683w, https:\/\/www.littorelles.org\/wp-content\/uploads\/2025\/01\/t1_1-200x300.jpg 200w, https:\/\/www.littorelles.org\/wp-content\/uploads\/2025\/01\/t1_1.jpg 768w\" sizes=\"auto, (max-width: 683px) 100vw, 683px\" \/><\/figure>\n\n\n\n<figure class=\"wp-block-image size-large\"><img loading=\"lazy\" decoding=\"async\" width=\"683\" height=\"1024\" data-id=\"4322\" src=\"https:\/\/www.littorelles.org\/wp-content\/uploads\/2025\/01\/t3-683x1024.jpg\" alt=\"\" class=\"wp-image-4322\" srcset=\"https:\/\/www.littorelles.org\/wp-content\/uploads\/2025\/01\/t3-683x1024.jpg 683w, https:\/\/www.littorelles.org\/wp-content\/uploads\/2025\/01\/t3-200x300.jpg 200w, https:\/\/www.littorelles.org\/wp-content\/uploads\/2025\/01\/t3.jpg 768w\" sizes=\"auto, (max-width: 683px) 100vw, 683px\" \/><\/figure>\n<\/figure>\n\n\n\n<figure class=\"wp-block-gallery has-nested-images columns-default is-cropped wp-block-gallery-2 is-layout-flex wp-block-gallery-is-layout-flex\">\n<figure class=\"wp-block-image size-large\"><img loading=\"lazy\" decoding=\"async\" width=\"183\" height=\"275\" data-id=\"4324\" src=\"https:\/\/www.littorelles.org\/wp-content\/uploads\/2025\/01\/T.jpg\" alt=\"\" class=\"wp-image-4324\"\/><\/figure>\n\n\n\n<figure class=\"wp-block-image size-large\"><img loading=\"lazy\" decoding=\"async\" width=\"194\" height=\"259\" data-id=\"4325\" src=\"https:\/\/www.littorelles.org\/wp-content\/uploads\/2025\/01\/T5.jpg\" alt=\"\" class=\"wp-image-4325\"\/><\/figure>\n\n\n\n<figure class=\"wp-block-image size-large\"><img loading=\"lazy\" decoding=\"async\" width=\"268\" height=\"188\" data-id=\"4326\" src=\"https:\/\/www.littorelles.org\/wp-content\/uploads\/2025\/01\/T6.jpg\" alt=\"\" class=\"wp-image-4326\"\/><\/figure>\n\n\n\n<figure class=\"wp-block-image size-large\"><img loading=\"lazy\" decoding=\"async\" width=\"275\" height=\"183\" data-id=\"4327\" src=\"https:\/\/www.littorelles.org\/wp-content\/uploads\/2025\/01\/T7.jpg\" alt=\"\" class=\"wp-image-4327\"\/><\/figure>\n\n\n\n<figure class=\"wp-block-image size-large\"><img loading=\"lazy\" decoding=\"async\" width=\"259\" height=\"194\" data-id=\"4328\" src=\"https:\/\/www.littorelles.org\/wp-content\/uploads\/2025\/01\/T8.jpg\" alt=\"\" class=\"wp-image-4328\"\/><\/figure>\n\n\n\n<figure class=\"wp-block-image size-large\"><img loading=\"lazy\" decoding=\"async\" width=\"275\" height=\"183\" data-id=\"4333\" src=\"https:\/\/www.littorelles.org\/wp-content\/uploads\/2025\/01\/t3-2.jpg\" alt=\"\" class=\"wp-image-4333\"\/><\/figure>\n\n\n\n<figure class=\"wp-block-image size-large\"><img loading=\"lazy\" decoding=\"async\" width=\"275\" height=\"183\" data-id=\"4332\" src=\"https:\/\/www.littorelles.org\/wp-content\/uploads\/2025\/01\/t4-1.jpg\" alt=\"\" class=\"wp-image-4332\"\/><\/figure>\n\n\n\n<figure class=\"wp-block-image size-large\"><img loading=\"lazy\" decoding=\"async\" width=\"300\" height=\"168\" data-id=\"4329\" src=\"https:\/\/www.littorelles.org\/wp-content\/uploads\/2025\/01\/T2.jpg\" alt=\"\" class=\"wp-image-4329\"\/><\/figure>\n<\/figure>\n","protected":false},"excerpt":{"rendered":"<p>Qui mieux que Jean Claude Bonnier pour nous pr\u00e9senter les chefs d&rsquo;\u0153uvre de la Collection&nbsp;Torlonia&nbsp; &#8211; pour beaucoup d&rsquo;entre nous qui aimons l&rsquo;Italie, c&rsquo;\u00e9tait une d\u00e9couverte&#8230; \u00ab\u00a0La plus grande collection priv\u00e9e de sculpture&nbsp;antique romaine conserv\u00e9e \u00e0 ce jour &#8211; celle rassembl\u00e9e par les princes Torlonia durant tout le XIX\u00e8me si\u00e8cle \u00e0 Rome &#8211; a \u00e9t\u00e9 &hellip; <a href=\"https:\/\/www.littorelles.org\/?page_id=4317\" class=\"more-link\">Continuer la lecture de <span class=\"screen-reader-text\">Chefs-d&rsquo;\u0153uvre de la collection Torlonia<\/span> <span class=\"meta-nav\">&rarr;<\/span><\/a><\/p>\n","protected":false},"author":1,"featured_media":0,"parent":4012,"menu_order":0,"comment_status":"closed","ping_status":"closed","template":"","meta":{"ngg_post_thumbnail":0,"footnotes":""},"class_list":["post-4317","page","type-page","status-publish","hentry"],"_links":{"self":[{"href":"https:\/\/www.littorelles.org\/index.php?rest_route=\/wp\/v2\/pages\/4317","targetHints":{"allow":["GET"]}}],"collection":[{"href":"https:\/\/www.littorelles.org\/index.php?rest_route=\/wp\/v2\/pages"}],"about":[{"href":"https:\/\/www.littorelles.org\/index.php?rest_route=\/wp\/v2\/types\/page"}],"author":[{"embeddable":true,"href":"https:\/\/www.littorelles.org\/index.php?rest_route=\/wp\/v2\/users\/1"}],"replies":[{"embeddable":true,"href":"https:\/\/www.littorelles.org\/index.php?rest_route=%2Fwp%2Fv2%2Fcomments&post=4317"}],"version-history":[{"count":0,"href":"https:\/\/www.littorelles.org\/index.php?rest_route=\/wp\/v2\/pages\/4317\/revisions"}],"up":[{"embeddable":true,"href":"https:\/\/www.littorelles.org\/index.php?rest_route=\/wp\/v2\/pages\/4012"}],"wp:attachment":[{"href":"https:\/\/www.littorelles.org\/index.php?rest_route=%2Fwp%2Fv2%2Fmedia&parent=4317"}],"curies":[{"name":"wp","href":"https:\/\/api.w.org\/{rel}","templated":true}]}}