{"id":4307,"date":"2025-01-30T16:36:09","date_gmt":"2025-01-30T15:36:09","guid":{"rendered":"https:\/\/www.littorelles.org\/?page_id=4307"},"modified":"2025-01-30T17:31:22","modified_gmt":"2025-01-30T16:31:22","slug":"la-saga-des-grands-magasins","status":"publish","type":"page","link":"https:\/\/www.littorelles.org\/?page_id=4307","title":{"rendered":"la saga des grands magasins"},"content":{"rendered":"\n<p>A la cit\u00e9 de l&rsquo;architecture, dans un riche d\u00e9cor,&nbsp; une conf\u00e9renci\u00e8re, avec beaucoup d&rsquo;humour,&nbsp; nous a expliqu\u00e9 l&rsquo;histoire des grands magasins de Paris (et en France) et en voici un r\u00e9sum\u00e9 :&nbsp;<\/p>\n\n\n\n<p>\u00ab\u00a0Les grands magasins refl\u00e8tent les \u00e9volutions de nos soci\u00e9t\u00e9s \u00e0 travers leurs architectures \u00e9blouissantes. Leur \u00e2ge d\u2019or se situe entre 1850 et 1930 parall\u00e8lement \u00e0 l\u2019essor des transports et de l\u2019industrie. A cette \u00e9poque, ils r\u00e9volutionnent les modes de consommation tout en inventant une organisation sociale nouvelle, souvent compar\u00e9e \u00e0 une ruche, avec une multitude d\u2019employ\u00e9s sous la supervision d\u2019un fondateur charismatique.<\/p>\n\n\n\n<p>Entre 1930 \u00e0 1980, les grands magasins font face \u00e0 l&rsquo;\u00e9mergence des supermarch\u00e9s et hypermarch\u00e9s. Pour survivre, ils deviennent des \u00ab\u00a0machines \u00e0 vendre\u00a0\u00bb, avec des strat\u00e9gies marketing et une rationalisation des espaces. Ils maintiennent leur influence en proposant un art de vivre et en participant \u00e0 la r\u00e9volution du pr\u00eat-\u00e0-porter.<\/p>\n\n\n\n<p>\u00c0 partir des ann\u00e9es 1980, les crises \u00e9conomiques et la concurrence des grandes surfaces entra\u00eenent une remise en question des grands magasins. Certains ferment tandis que d&rsquo;autres renouent avec leur identit\u00e9 architecturale. De nos jours, le commerce en ligne pousse les grands magasins \u00e0 se r\u00e9inventer sans cesse, en offrant des exp\u00e9riences uniques et des services toujours plus nombreux.\u00a0\u00bb<\/p>\n\n\n\n<figure class=\"wp-block-gallery has-nested-images columns-default is-cropped wp-block-gallery-1 is-layout-flex wp-block-gallery-is-layout-flex\">\n<figure class=\"wp-block-image size-large\"><img loading=\"lazy\" decoding=\"async\" width=\"1024\" height=\"768\" data-id=\"4385\" src=\"https:\/\/www.littorelles.org\/wp-content\/uploads\/2025\/01\/SENE1566.jpg\" alt=\"\" class=\"wp-image-4385\" srcset=\"https:\/\/www.littorelles.org\/wp-content\/uploads\/2025\/01\/SENE1566.jpg 1024w, https:\/\/www.littorelles.org\/wp-content\/uploads\/2025\/01\/SENE1566-300x225.jpg 300w, https:\/\/www.littorelles.org\/wp-content\/uploads\/2025\/01\/SENE1566-768x576.jpg 768w\" sizes=\"auto, (max-width: 1024px) 100vw, 1024px\" \/><\/figure>\n\n\n\n<figure class=\"wp-block-image size-large\"><img loading=\"lazy\" decoding=\"async\" width=\"768\" height=\"1024\" data-id=\"4383\" src=\"https:\/\/www.littorelles.org\/wp-content\/uploads\/2025\/01\/IMG_4887-rotated.jpg\" alt=\"\" class=\"wp-image-4383\" srcset=\"https:\/\/www.littorelles.org\/wp-content\/uploads\/2025\/01\/IMG_4887-rotated.jpg 768w, https:\/\/www.littorelles.org\/wp-content\/uploads\/2025\/01\/IMG_4887-225x300.jpg 225w\" sizes=\"auto, (max-width: 768px) 100vw, 768px\" \/><\/figure>\n\n\n\n<figure class=\"wp-block-image size-large\"><img loading=\"lazy\" decoding=\"async\" width=\"768\" height=\"1024\" data-id=\"4387\" src=\"https:\/\/www.littorelles.org\/wp-content\/uploads\/2025\/01\/IMG_4880-rotated.jpg\" alt=\"\" class=\"wp-image-4387\" srcset=\"https:\/\/www.littorelles.org\/wp-content\/uploads\/2025\/01\/IMG_4880-rotated.jpg 768w, https:\/\/www.littorelles.org\/wp-content\/uploads\/2025\/01\/IMG_4880-225x300.jpg 225w\" sizes=\"auto, (max-width: 768px) 100vw, 768px\" \/><\/figure>\n\n\n\n<figure class=\"wp-block-image size-large\"><img loading=\"lazy\" decoding=\"async\" width=\"1024\" height=\"768\" data-id=\"4382\" src=\"https:\/\/www.littorelles.org\/wp-content\/uploads\/2025\/01\/IMG_4848-rotated.jpg\" alt=\"\" class=\"wp-image-4382\" srcset=\"https:\/\/www.littorelles.org\/wp-content\/uploads\/2025\/01\/IMG_4848-rotated.jpg 1024w, https:\/\/www.littorelles.org\/wp-content\/uploads\/2025\/01\/IMG_4848-300x225.jpg 300w, https:\/\/www.littorelles.org\/wp-content\/uploads\/2025\/01\/IMG_4848-768x576.jpg 768w\" sizes=\"auto, (max-width: 1024px) 100vw, 1024px\" \/><\/figure>\n\n\n\n<figure class=\"wp-block-image size-large\"><img loading=\"lazy\" decoding=\"async\" width=\"768\" height=\"1024\" data-id=\"4386\" src=\"https:\/\/www.littorelles.org\/wp-content\/uploads\/2025\/01\/IMG_4853-rotated.jpg\" alt=\"\" class=\"wp-image-4386\" srcset=\"https:\/\/www.littorelles.org\/wp-content\/uploads\/2025\/01\/IMG_4853-rotated.jpg 768w, https:\/\/www.littorelles.org\/wp-content\/uploads\/2025\/01\/IMG_4853-225x300.jpg 225w\" sizes=\"auto, (max-width: 768px) 100vw, 768px\" \/><\/figure>\n\n\n\n<figure class=\"wp-block-image size-large\"><img loading=\"lazy\" decoding=\"async\" width=\"768\" height=\"1024\" data-id=\"4384\" src=\"https:\/\/www.littorelles.org\/wp-content\/uploads\/2025\/01\/RYBC2911.jpg\" alt=\"\" class=\"wp-image-4384\" srcset=\"https:\/\/www.littorelles.org\/wp-content\/uploads\/2025\/01\/RYBC2911.jpg 768w, https:\/\/www.littorelles.org\/wp-content\/uploads\/2025\/01\/RYBC2911-225x300.jpg 225w\" sizes=\"auto, (max-width: 768px) 100vw, 768px\" \/><\/figure>\n\n\n\n<figure class=\"wp-block-image size-large\"><img loading=\"lazy\" decoding=\"async\" width=\"1024\" height=\"768\" data-id=\"4389\" src=\"https:\/\/www.littorelles.org\/wp-content\/uploads\/2025\/01\/TKUF3765.jpg\" alt=\"\" class=\"wp-image-4389\" srcset=\"https:\/\/www.littorelles.org\/wp-content\/uploads\/2025\/01\/TKUF3765.jpg 1024w, https:\/\/www.littorelles.org\/wp-content\/uploads\/2025\/01\/TKUF3765-300x225.jpg 300w, https:\/\/www.littorelles.org\/wp-content\/uploads\/2025\/01\/TKUF3765-768x576.jpg 768w\" sizes=\"auto, (max-width: 1024px) 100vw, 1024px\" \/><\/figure>\n\n\n\n<figure class=\"wp-block-image size-large\"><img loading=\"lazy\" decoding=\"async\" width=\"1024\" height=\"768\" data-id=\"4388\" src=\"https:\/\/www.littorelles.org\/wp-content\/uploads\/2025\/01\/TWFN3625.jpg\" alt=\"\" class=\"wp-image-4388\" srcset=\"https:\/\/www.littorelles.org\/wp-content\/uploads\/2025\/01\/TWFN3625.jpg 1024w, https:\/\/www.littorelles.org\/wp-content\/uploads\/2025\/01\/TWFN3625-300x225.jpg 300w, https:\/\/www.littorelles.org\/wp-content\/uploads\/2025\/01\/TWFN3625-768x576.jpg 768w\" sizes=\"auto, (max-width: 1024px) 100vw, 1024px\" \/><\/figure>\n<\/figure>\n\n\n\n<figure class=\"wp-block-gallery has-nested-images columns-default is-cropped wp-block-gallery-2 is-layout-flex wp-block-gallery-is-layout-flex\">\n<figure class=\"wp-block-image size-large\"><img loading=\"lazy\" decoding=\"async\" width=\"600\" height=\"400\" data-id=\"4309\" src=\"https:\/\/www.littorelles.org\/wp-content\/uploads\/2025\/01\/gm10.jpeg\" alt=\"\" class=\"wp-image-4309\" srcset=\"https:\/\/www.littorelles.org\/wp-content\/uploads\/2025\/01\/gm10.jpeg 600w, https:\/\/www.littorelles.org\/wp-content\/uploads\/2025\/01\/gm10-300x200.jpeg 300w\" sizes=\"auto, (max-width: 600px) 100vw, 600px\" \/><\/figure>\n\n\n\n<figure class=\"wp-block-image size-large\"><img loading=\"lazy\" decoding=\"async\" width=\"275\" height=\"183\" data-id=\"4308\" src=\"https:\/\/www.littorelles.org\/wp-content\/uploads\/2025\/01\/gm7.jpg\" alt=\"\" class=\"wp-image-4308\"\/><\/figure>\n\n\n\n<figure class=\"wp-block-image size-large\"><img loading=\"lazy\" decoding=\"async\" width=\"281\" height=\"179\" data-id=\"4310\" src=\"https:\/\/www.littorelles.org\/wp-content\/uploads\/2025\/01\/gm3.jpg\" alt=\"\" class=\"wp-image-4310\"\/><\/figure>\n\n\n\n<figure class=\"wp-block-image size-large\"><img loading=\"lazy\" decoding=\"async\" width=\"301\" height=\"167\" data-id=\"4313\" src=\"https:\/\/www.littorelles.org\/wp-content\/uploads\/2025\/01\/gm2.jpg\" alt=\"\" class=\"wp-image-4313\"\/><\/figure>\n\n\n\n<figure class=\"wp-block-image size-large\"><img loading=\"lazy\" decoding=\"async\" width=\"297\" height=\"170\" data-id=\"4314\" src=\"https:\/\/www.littorelles.org\/wp-content\/uploads\/2025\/01\/gm.jpg\" alt=\"\" class=\"wp-image-4314\"\/><\/figure>\n\n\n\n<figure class=\"wp-block-image size-large\"><img loading=\"lazy\" decoding=\"async\" width=\"800\" height=\"491\" data-id=\"4312\" src=\"https:\/\/www.littorelles.org\/wp-content\/uploads\/2025\/01\/gm5.jpg\" alt=\"\" class=\"wp-image-4312\" srcset=\"https:\/\/www.littorelles.org\/wp-content\/uploads\/2025\/01\/gm5.jpg 800w, https:\/\/www.littorelles.org\/wp-content\/uploads\/2025\/01\/gm5-300x184.jpg 300w, https:\/\/www.littorelles.org\/wp-content\/uploads\/2025\/01\/gm5-768x471.jpg 768w\" sizes=\"auto, (max-width: 800px) 100vw, 800px\" \/><\/figure>\n\n\n\n<figure class=\"wp-block-image size-large\"><img loading=\"lazy\" decoding=\"async\" width=\"1024\" height=\"576\" data-id=\"4311\" src=\"https:\/\/www.littorelles.org\/wp-content\/uploads\/2025\/01\/gm6.jpg\" alt=\"\" class=\"wp-image-4311\" srcset=\"https:\/\/www.littorelles.org\/wp-content\/uploads\/2025\/01\/gm6.jpg 1024w, https:\/\/www.littorelles.org\/wp-content\/uploads\/2025\/01\/gm6-300x169.jpg 300w, https:\/\/www.littorelles.org\/wp-content\/uploads\/2025\/01\/gm6-768x432.jpg 768w\" sizes=\"auto, (max-width: 1024px) 100vw, 1024px\" \/><\/figure>\n\n\n\n<figure class=\"wp-block-image size-large\"><img loading=\"lazy\" decoding=\"async\" width=\"1024\" height=\"640\" data-id=\"4315\" src=\"https:\/\/www.littorelles.org\/wp-content\/uploads\/2025\/01\/gm9-1024x640.jpg\" alt=\"\" class=\"wp-image-4315\" srcset=\"https:\/\/www.littorelles.org\/wp-content\/uploads\/2025\/01\/gm9-1024x640.jpg 1024w, https:\/\/www.littorelles.org\/wp-content\/uploads\/2025\/01\/gm9-300x188.jpg 300w, https:\/\/www.littorelles.org\/wp-content\/uploads\/2025\/01\/gm9-768x480.jpg 768w, https:\/\/www.littorelles.org\/wp-content\/uploads\/2025\/01\/gm9.jpg 1200w\" sizes=\"auto, (max-width: 1024px) 100vw, 1024px\" \/><\/figure>\n<\/figure>\n","protected":false},"excerpt":{"rendered":"<p>A la cit\u00e9 de l&rsquo;architecture, dans un riche d\u00e9cor,&nbsp; une conf\u00e9renci\u00e8re, avec beaucoup d&rsquo;humour,&nbsp; nous a expliqu\u00e9 l&rsquo;histoire des grands magasins de Paris (et en France) et en voici un r\u00e9sum\u00e9 :&nbsp; \u00ab\u00a0Les grands magasins refl\u00e8tent les \u00e9volutions de nos soci\u00e9t\u00e9s \u00e0 travers leurs architectures \u00e9blouissantes. Leur \u00e2ge d\u2019or se situe entre 1850 et 1930 &hellip; <a href=\"https:\/\/www.littorelles.org\/?page_id=4307\" class=\"more-link\">Continuer la lecture de <span class=\"screen-reader-text\">la saga des grands magasins<\/span> <span class=\"meta-nav\">&rarr;<\/span><\/a><\/p>\n","protected":false},"author":1,"featured_media":0,"parent":4012,"menu_order":0,"comment_status":"closed","ping_status":"closed","template":"","meta":{"ngg_post_thumbnail":0,"footnotes":""},"class_list":["post-4307","page","type-page","status-publish","hentry"],"_links":{"self":[{"href":"https:\/\/www.littorelles.org\/index.php?rest_route=\/wp\/v2\/pages\/4307","targetHints":{"allow":["GET"]}}],"collection":[{"href":"https:\/\/www.littorelles.org\/index.php?rest_route=\/wp\/v2\/pages"}],"about":[{"href":"https:\/\/www.littorelles.org\/index.php?rest_route=\/wp\/v2\/types\/page"}],"author":[{"embeddable":true,"href":"https:\/\/www.littorelles.org\/index.php?rest_route=\/wp\/v2\/users\/1"}],"replies":[{"embeddable":true,"href":"https:\/\/www.littorelles.org\/index.php?rest_route=%2Fwp%2Fv2%2Fcomments&post=4307"}],"version-history":[{"count":0,"href":"https:\/\/www.littorelles.org\/index.php?rest_route=\/wp\/v2\/pages\/4307\/revisions"}],"up":[{"embeddable":true,"href":"https:\/\/www.littorelles.org\/index.php?rest_route=\/wp\/v2\/pages\/4012"}],"wp:attachment":[{"href":"https:\/\/www.littorelles.org\/index.php?rest_route=%2Fwp%2Fv2%2Fmedia&parent=4307"}],"curies":[{"name":"wp","href":"https:\/\/api.w.org\/{rel}","templated":true}]}}