{"id":4292,"date":"2025-01-30T16:29:54","date_gmt":"2025-01-30T15:29:54","guid":{"rendered":"https:\/\/www.littorelles.org\/?page_id=4292"},"modified":"2025-01-30T17:31:22","modified_gmt":"2025-01-30T16:31:22","slug":"parcours-street-art-a-boulogne-sur-mer","status":"publish","type":"page","link":"https:\/\/www.littorelles.org\/?page_id=4292","title":{"rendered":"Parcours Street Art \u00e0 Boulogne sur Mer"},"content":{"rendered":"\n<p><strong>Quelle premi\u00e8re sortie de rentr\u00e9e r\u00e9ussie\u00a0!\u00a0 Nous \u00e9tions \u00e9tonn\u00e9es et ravies de cette d\u00e9couverte,\u00a0 sous un soleil d\u2019automne,\u00a0 de la richesse des \u0153uvres et aussi, pour certaines, de d\u00e9couvrir BOULOGNE sur Mer.\u00a0Une balade avec un guide au fil des ruelles pour nous ouvrir grand les yeux sur les \u0153uvres\u00a0<\/strong><strong>de grands artistes du monde entier comme<\/strong>James BULLOUGH, Aaron li-Hill ou Onur.<\/p>\n\n\n\n<p>\u00ab&nbsp;Surprendre, interpeller, intriguer et susciter de la curiosit\u00e9, voil\u00e0 la philosophie du \u00ab Street art \u00bb qui place l\u2019art dans l\u2019espace public, cet espace qui appartient \u00e0 tous. Fort d\u2019une premi\u00e8re \u00e9dition r\u00e9ussie qui a conquis Boulonnais et touristes, la Ville de Boulogne-sur-Mer se lance dans une nouvelle dynamique plac\u00e9e sous le signe de la cr\u00e9ativit\u00e9 des artistes locaux et internationaux, venus embellir notre ville et votre cadre de vie gr\u00e2ce \u00e0 leur talent.<\/p>\n\n\n\n<p>Boulogne-sur-Mer, ville riche de 2000 ans d\u2019histoire, pr\u00e9sente un visage en grande partie issu de la reconstruction suite au deuxi\u00e8me conflit mondial. Gr\u00e2ce au festival \u00ab Parcours d\u2019Art urbain \u2013 Street art \u00bb, murs et pignons, fruits de cette histoire, affichent aujourd\u2019hui un nouveau visage et composent une galerie \u00e0 ciel ouvert accessible \u00e0 toutes et \u00e0 tous. J\u2019invite donc chacun \u00e0 se balader au fil des rues, selon son rythme et ses envies, pour poser un nouveau regard sur la ville.<\/p>\n\n\n\n<p><\/p>\n\n\n\n<figure class=\"wp-block-gallery has-nested-images columns-default is-cropped wp-block-gallery-1 is-layout-flex wp-block-gallery-is-layout-flex\">\n<figure class=\"wp-block-image size-large\"><img loading=\"lazy\" decoding=\"async\" width=\"640\" height=\"640\" data-id=\"4295\" src=\"https:\/\/www.littorelles.org\/wp-content\/uploads\/2025\/01\/steet-art3.jpg\" alt=\"\" class=\"wp-image-4295\" srcset=\"https:\/\/www.littorelles.org\/wp-content\/uploads\/2025\/01\/steet-art3.jpg 640w, https:\/\/www.littorelles.org\/wp-content\/uploads\/2025\/01\/steet-art3-300x300.jpg 300w, https:\/\/www.littorelles.org\/wp-content\/uploads\/2025\/01\/steet-art3-150x150.jpg 150w\" sizes=\"auto, (max-width: 640px) 100vw, 640px\" \/><\/figure>\n\n\n\n<figure class=\"wp-block-image size-large\"><img loading=\"lazy\" decoding=\"async\" width=\"768\" height=\"884\" data-id=\"4297\" src=\"https:\/\/www.littorelles.org\/wp-content\/uploads\/2025\/01\/street-art-13.jpg\" alt=\"\" class=\"wp-image-4297\" srcset=\"https:\/\/www.littorelles.org\/wp-content\/uploads\/2025\/01\/street-art-13.jpg 768w, https:\/\/www.littorelles.org\/wp-content\/uploads\/2025\/01\/street-art-13-261x300.jpg 261w\" sizes=\"auto, (max-width: 768px) 100vw, 768px\" \/><\/figure>\n\n\n\n<figure class=\"wp-block-image size-large\"><img loading=\"lazy\" decoding=\"async\" width=\"739\" height=\"1024\" data-id=\"4296\" src=\"https:\/\/www.littorelles.org\/wp-content\/uploads\/2025\/01\/dtreet-art-11.jpg\" alt=\"\" class=\"wp-image-4296\" srcset=\"https:\/\/www.littorelles.org\/wp-content\/uploads\/2025\/01\/dtreet-art-11.jpg 739w, https:\/\/www.littorelles.org\/wp-content\/uploads\/2025\/01\/dtreet-art-11-217x300.jpg 217w\" sizes=\"auto, (max-width: 739px) 100vw, 739px\" \/><\/figure>\n\n\n\n<figure class=\"wp-block-image size-large\"><img loading=\"lazy\" decoding=\"async\" width=\"750\" height=\"563\" data-id=\"4293\" src=\"https:\/\/www.littorelles.org\/wp-content\/uploads\/2025\/01\/street-art-4.jpg\" alt=\"\" class=\"wp-image-4293\" srcset=\"https:\/\/www.littorelles.org\/wp-content\/uploads\/2025\/01\/street-art-4.jpg 750w, https:\/\/www.littorelles.org\/wp-content\/uploads\/2025\/01\/street-art-4-300x225.jpg 300w\" sizes=\"auto, (max-width: 750px) 100vw, 750px\" \/><\/figure>\n\n\n\n<figure class=\"wp-block-image size-large\"><img loading=\"lazy\" decoding=\"async\" width=\"1024\" height=\"640\" data-id=\"4301\" src=\"https:\/\/www.littorelles.org\/wp-content\/uploads\/2025\/01\/street-art-5-1024x640.jpg\" alt=\"\" class=\"wp-image-4301\" srcset=\"https:\/\/www.littorelles.org\/wp-content\/uploads\/2025\/01\/street-art-5-1024x640.jpg 1024w, https:\/\/www.littorelles.org\/wp-content\/uploads\/2025\/01\/street-art-5-300x188.jpg 300w, https:\/\/www.littorelles.org\/wp-content\/uploads\/2025\/01\/street-art-5-768x480.jpg 768w, https:\/\/www.littorelles.org\/wp-content\/uploads\/2025\/01\/street-art-5.jpg 1080w\" sizes=\"auto, (max-width: 1024px) 100vw, 1024px\" \/><\/figure>\n\n\n\n<figure class=\"wp-block-image size-large\"><img loading=\"lazy\" decoding=\"async\" width=\"1024\" height=\"768\" data-id=\"4300\" src=\"https:\/\/www.littorelles.org\/wp-content\/uploads\/2025\/01\/street-art-6-1024x768.jpg\" alt=\"\" class=\"wp-image-4300\" srcset=\"https:\/\/www.littorelles.org\/wp-content\/uploads\/2025\/01\/street-art-6-1024x768.jpg 1024w, https:\/\/www.littorelles.org\/wp-content\/uploads\/2025\/01\/street-art-6-300x225.jpg 300w, https:\/\/www.littorelles.org\/wp-content\/uploads\/2025\/01\/street-art-6-768x576.jpg 768w, https:\/\/www.littorelles.org\/wp-content\/uploads\/2025\/01\/street-art-6-1536x1152.jpg 1536w, https:\/\/www.littorelles.org\/wp-content\/uploads\/2025\/01\/street-art-6.jpg 1920w\" sizes=\"auto, (max-width: 1024px) 100vw, 1024px\" \/><\/figure>\n\n\n\n<figure class=\"wp-block-image size-large\"><img loading=\"lazy\" decoding=\"async\" width=\"749\" height=\"1024\" data-id=\"4302\" src=\"https:\/\/www.littorelles.org\/wp-content\/uploads\/2025\/01\/street-art-9.jpg\" alt=\"\" class=\"wp-image-4302\" srcset=\"https:\/\/www.littorelles.org\/wp-content\/uploads\/2025\/01\/street-art-9.jpg 749w, https:\/\/www.littorelles.org\/wp-content\/uploads\/2025\/01\/street-art-9-219x300.jpg 219w\" sizes=\"auto, (max-width: 749px) 100vw, 749px\" \/><\/figure>\n\n\n\n<figure class=\"wp-block-image size-large\"><img loading=\"lazy\" decoding=\"async\" width=\"646\" height=\"1024\" data-id=\"4298\" src=\"https:\/\/www.littorelles.org\/wp-content\/uploads\/2025\/01\/street-art-12.jpg\" alt=\"\" class=\"wp-image-4298\" srcset=\"https:\/\/www.littorelles.org\/wp-content\/uploads\/2025\/01\/street-art-12.jpg 646w, https:\/\/www.littorelles.org\/wp-content\/uploads\/2025\/01\/street-art-12-189x300.jpg 189w\" sizes=\"auto, (max-width: 646px) 100vw, 646px\" \/><\/figure>\n\n\n\n<figure class=\"wp-block-image size-large\"><img loading=\"lazy\" decoding=\"async\" width=\"679\" height=\"1024\" data-id=\"4294\" src=\"https:\/\/www.littorelles.org\/wp-content\/uploads\/2025\/01\/street-art-15.jpg\" alt=\"\" class=\"wp-image-4294\" srcset=\"https:\/\/www.littorelles.org\/wp-content\/uploads\/2025\/01\/street-art-15.jpg 679w, https:\/\/www.littorelles.org\/wp-content\/uploads\/2025\/01\/street-art-15-199x300.jpg 199w\" sizes=\"auto, (max-width: 679px) 100vw, 679px\" \/><\/figure>\n\n\n\n<figure class=\"wp-block-image size-large\"><img loading=\"lazy\" decoding=\"async\" width=\"768\" height=\"772\" data-id=\"4303\" src=\"https:\/\/www.littorelles.org\/wp-content\/uploads\/2025\/01\/street-art7.jpg\" alt=\"\" class=\"wp-image-4303\" srcset=\"https:\/\/www.littorelles.org\/wp-content\/uploads\/2025\/01\/street-art7.jpg 768w, https:\/\/www.littorelles.org\/wp-content\/uploads\/2025\/01\/street-art7-298x300.jpg 298w, https:\/\/www.littorelles.org\/wp-content\/uploads\/2025\/01\/street-art7-150x150.jpg 150w\" sizes=\"auto, (max-width: 768px) 100vw, 768px\" \/><\/figure>\n<\/figure>\n","protected":false},"excerpt":{"rendered":"<p>Quelle premi\u00e8re sortie de rentr\u00e9e r\u00e9ussie\u00a0!\u00a0 Nous \u00e9tions \u00e9tonn\u00e9es et ravies de cette d\u00e9couverte,\u00a0 sous un soleil d\u2019automne,\u00a0 de la richesse des \u0153uvres et aussi, pour certaines, de d\u00e9couvrir BOULOGNE sur Mer.\u00a0Une balade avec un guide au fil des ruelles pour nous ouvrir grand les yeux sur les \u0153uvres\u00a0de grands artistes du monde entier commeJames &hellip; <a href=\"https:\/\/www.littorelles.org\/?page_id=4292\" class=\"more-link\">Continuer la lecture de <span class=\"screen-reader-text\">Parcours Street Art \u00e0 Boulogne sur Mer<\/span> <span class=\"meta-nav\">&rarr;<\/span><\/a><\/p>\n","protected":false},"author":1,"featured_media":0,"parent":4012,"menu_order":0,"comment_status":"closed","ping_status":"closed","template":"","meta":{"ngg_post_thumbnail":0,"footnotes":""},"class_list":["post-4292","page","type-page","status-publish","hentry"],"_links":{"self":[{"href":"https:\/\/www.littorelles.org\/index.php?rest_route=\/wp\/v2\/pages\/4292","targetHints":{"allow":["GET"]}}],"collection":[{"href":"https:\/\/www.littorelles.org\/index.php?rest_route=\/wp\/v2\/pages"}],"about":[{"href":"https:\/\/www.littorelles.org\/index.php?rest_route=\/wp\/v2\/types\/page"}],"author":[{"embeddable":true,"href":"https:\/\/www.littorelles.org\/index.php?rest_route=\/wp\/v2\/users\/1"}],"replies":[{"embeddable":true,"href":"https:\/\/www.littorelles.org\/index.php?rest_route=%2Fwp%2Fv2%2Fcomments&post=4292"}],"version-history":[{"count":0,"href":"https:\/\/www.littorelles.org\/index.php?rest_route=\/wp\/v2\/pages\/4292\/revisions"}],"up":[{"embeddable":true,"href":"https:\/\/www.littorelles.org\/index.php?rest_route=\/wp\/v2\/pages\/4012"}],"wp:attachment":[{"href":"https:\/\/www.littorelles.org\/index.php?rest_route=%2Fwp%2Fv2%2Fmedia&parent=4292"}],"curies":[{"name":"wp","href":"https:\/\/api.w.org\/{rel}","templated":true}]}}