{"id":4290,"date":"2025-01-30T16:26:28","date_gmt":"2025-01-30T15:26:28","guid":{"rendered":"https:\/\/www.littorelles.org\/?page_id=4290"},"modified":"2025-12-18T17:01:33","modified_gmt":"2025-12-18T16:01:33","slug":"2025-2","status":"publish","type":"page","link":"https:\/\/www.littorelles.org\/?page_id=4290","title":{"rendered":"2025"},"content":{"rendered":"\n<p><\/p>\n\n\n\n<ul class=\"wp-block-list\">\n<li><a href=\"https:\/\/www.littorelles.org\/?page_id=4657\">Bruxelles, Art Nouveau, Art Imp\u00e9rial, Art Contemporain<\/a><\/li>\n\n\n\n<li><a href=\"https:\/\/www.littorelles.org\/?page_id=4533\">Camille Saint-Sa\u00ebns<\/a><\/li>\n\n\n\n<li><a href=\"https:\/\/www.littorelles.org\/?page_id=4723\">Conf\u00e9rence d&rsquo;Audrey Coudevylle : \u00ab Profession autrice \u00bb, sur les chemins de la construction de l\u2019\u00e9criture des femmes dans la litt\u00e9rature fran\u00e7aise.<\/a><\/li>\n\n\n\n<li><a href=\"https:\/\/www.littorelles.org\/?page_id=4675\">Conf\u00e9rence d&rsquo;Audrey Coudevylle. \u00catre B\u00e9guine au XII &#8211; XIV\u00e8me si\u00e8cle.<\/a><\/li>\n\n\n\n<li><a href=\"https:\/\/www.littorelles.org\/?page_id=4687\">Conf\u00e9rence de Justine Pluchar : L&rsquo;incroyable parcours de Jeanne de Flandre .<\/a><\/li>\n\n\n\n<li><a href=\"https:\/\/www.littorelles.org\/?page_id=4695\">Conf\u00e9rence de Nicolas Felliers : CHANA ORLOFF une vie de l\u00e9gende.<\/a><\/li>\n\n\n\n<li><a href=\"https:\/\/www.littorelles.org\/?page_id=4709\">Conf\u00e9rence de Nicolas Felliers : L&rsquo;art du camouflage au service de la grande guerre<\/a><\/li>\n\n\n\n<li><a href=\"https:\/\/www.littorelles.org\/?page_id=4555\">Conservatoire R\u00e9gional de Bailleul<\/a><\/li>\n\n\n\n<li><a href=\"https:\/\/www.littorelles.org\/?page_id=4519\">Corps au travail, corps en mouvement<\/a><\/li>\n\n\n\n<li><a href=\"https:\/\/www.littorelles.org\/?page_id=4548\">FIESTA<\/a><\/li>\n\n\n\n<li><a href=\"https:\/\/www.littorelles.org\/?page_id=4576\">Isadora Duncan (1877-1927)<\/a><\/li>\n\n\n\n<li><a href=\"https:\/\/www.littorelles.org\/?page_id=4638\">Itineraire belge, du Beguinage \u00e0 l&rsquo;art nouveau<\/a><\/li>\n\n\n\n<li><a href=\"https:\/\/www.littorelles.org\/?page_id=4496\">La f\u00eate en Flandres au temps de Bruegel l&rsquo;ancien<\/a><\/li>\n\n\n\n<li><a href=\"https:\/\/www.littorelles.org\/?page_id=4540\">Les archives du monde du travail \u00e0 Roubaix<\/a><\/li>\n\n\n\n<li><a href=\"https:\/\/www.littorelles.org\/?page_id=4562\">Marguerite Yourcenar<\/a><\/li>\n\n\n\n<li><a href=\"https:\/\/www.littorelles.org\/?page_id=4510\">Roubaix au XIX\u00e8me si\u00e8cle<\/a><\/li>\n<\/ul>\n\n\n\n<p><\/p>\n","protected":false},"excerpt":{"rendered":"","protected":false},"author":1,"featured_media":0,"parent":0,"menu_order":0,"comment_status":"closed","ping_status":"closed","template":"","meta":{"ngg_post_thumbnail":0,"footnotes":""},"class_list":["post-4290","page","type-page","status-publish","hentry"],"_links":{"self":[{"href":"https:\/\/www.littorelles.org\/index.php?rest_route=\/wp\/v2\/pages\/4290","targetHints":{"allow":["GET"]}}],"collection":[{"href":"https:\/\/www.littorelles.org\/index.php?rest_route=\/wp\/v2\/pages"}],"about":[{"href":"https:\/\/www.littorelles.org\/index.php?rest_route=\/wp\/v2\/types\/page"}],"author":[{"embeddable":true,"href":"https:\/\/www.littorelles.org\/index.php?rest_route=\/wp\/v2\/users\/1"}],"replies":[{"embeddable":true,"href":"https:\/\/www.littorelles.org\/index.php?rest_route=%2Fwp%2Fv2%2Fcomments&post=4290"}],"version-history":[{"count":3,"href":"https:\/\/www.littorelles.org\/index.php?rest_route=\/wp\/v2\/pages\/4290\/revisions"}],"predecessor-version":[{"id":4737,"href":"https:\/\/www.littorelles.org\/index.php?rest_route=\/wp\/v2\/pages\/4290\/revisions\/4737"}],"wp:attachment":[{"href":"https:\/\/www.littorelles.org\/index.php?rest_route=%2Fwp%2Fv2%2Fmedia&parent=4290"}],"curies":[{"name":"wp","href":"https:\/\/api.w.org\/{rel}","templated":true}]}}