{"id":4066,"date":"2024-07-31T10:44:15","date_gmt":"2024-07-31T09:44:15","guid":{"rendered":"http:\/\/littorelles.org\/?page_id=4066"},"modified":"2024-07-31T10:44:15","modified_gmt":"2024-07-31T09:44:15","slug":"surrealisme-a-bruxelles","status":"publish","type":"page","link":"https:\/\/www.littorelles.org\/?page_id=4066","title":{"rendered":"Surr\u00e9alisme \u00e0 Bruxelles"},"content":{"rendered":"\n<h1 class=\"wp-block-heading\">Bizarre, loufoque, envo\u00fbtant : 2024, le Surr\u00e9alisme a f\u00eat\u00e9 ses 100 ans dans 2 expositions \u00e0 Bruxelles<\/h1>\n\n\n\n<p><em>Ces&nbsp; expositions \u00e9taient agr\u00e9ables et surprenantes &#8211; les guides nous ont admirablement d\u00e9cortiqu\u00e9 les subtilit\u00e9s de ces \u0153uvres&#8230;..&nbsp; D\u00e9cid\u00e9ment les peintres belges nous \u00e9tonneront toujours&#8230;<\/em>Plus qu\u2019un mouvement, c\u2019est une r\u00e9volution qui ambitionne de bouleverser la vie pour mettre l\u2019imagination au pouvoir\u2026<\/p>\n\n\n\n<p><strong><em>\u00ab&nbsp;Imagine&nbsp;\u00bb<\/em><\/strong><\/p>\n\n\n\n<p><em>Une immersion dans la po\u00e9sie surr\u00e9aliste \u00e0 travers le r\u00eave, le labyrinthe, la m\u00e9tamorphose, du subconscient avec des grands noms du surr\u00e9alisme comme CHIRICO, SALVADOR DALI, JOAN MIRO, MAN RAY, MAX ERNST\u2026.<\/em><\/p>\n\n\n\n<p><strong><em>\u00ab Histoire de ne pas rire. Le Surr\u00e9alisme en Belgique \u00bb,<\/em><\/strong><em>&nbsp;Bruxelles, Bozar \u2013 Palais des Beaux-Arts.<\/em><\/p>\n\n\n\n<p><em>Le titre faisant \u00e9cho \u00e0 l\u2019ouvrage du po\u00e8te Paul Noug\u00e9 \u00e9dit\u00e9 par Marcel Mari\u00ebn en 1956, inscrit la manifestation dans une dynamique o\u00f9 l\u2019humour espi\u00e8gle se conjugue \u00e0 la subtile provocation.&nbsp; \u00ab Histoire de ne pas rire \u00bb pr\u00e9sente une s\u00e9lection vari\u00e9e d\u2019\u0153uvres sign\u00e9es par des artistes comme Ren\u00e9 Magritte, Jane Graverol, Marcel Mari\u00ebn, Rachel Baes, E.L.T. Mesens, Leo Dohmen, Paul Delvaux, et aussi des figures majeures comme Max Ernst, Salvador Dal\u00ed, Giorgio De Chirico. Elle pr\u00e9sente environ 260 peintures, objets, dessins, collages, photographies<\/em><\/p>\n\n\n\n<p><a href=\"https:\/\/fr.euronews.com\/video\/2024\/02\/22\/les-100-ans-du-surrealisme-belge-les-deux-expositions-a-ne-pas-rater\">https:\/\/fr.euronews.com\/video\/2024\/02\/22\/les-100-ans-du-surrealisme-belge-les-deux-expositions-a-ne-pas-rater<\/a><\/p>\n\n\n\n<figure class=\"wp-block-gallery has-nested-images columns-default is-cropped wp-block-gallery-1 is-layout-flex wp-block-gallery-is-layout-flex\">\n<figure class=\"wp-block-image size-large\"><a href=\"http:\/\/www.littorelles.org\/wp-content\/uploads\/2024\/07\/IMG_6618.jpg\"><img decoding=\"async\" data-id=\"4101\" src=\"http:\/\/www.littorelles.org\/wp-content\/uploads\/2024\/07\/IMG_6618.jpg\" alt=\"\" class=\"wp-image-4101\"\/><\/a><\/figure>\n\n\n\n<figure class=\"wp-block-image size-large\"><a href=\"http:\/\/www.littorelles.org\/wp-content\/uploads\/2024\/07\/IMG_6527.jpg\"><img decoding=\"async\" data-id=\"4106\" src=\"http:\/\/www.littorelles.org\/wp-content\/uploads\/2024\/07\/IMG_6527.jpg\" alt=\"\" class=\"wp-image-4106\"\/><\/a><\/figure>\n\n\n\n<figure class=\"wp-block-image size-large\"><a href=\"http:\/\/www.littorelles.org\/wp-content\/uploads\/2024\/07\/IMG_6599.jpg\"><img decoding=\"async\" data-id=\"4105\" src=\"http:\/\/www.littorelles.org\/wp-content\/uploads\/2024\/07\/IMG_6599.jpg\" alt=\"\" class=\"wp-image-4105\"\/><\/a><\/figure>\n\n\n\n<figure class=\"wp-block-image size-large\"><a href=\"http:\/\/www.littorelles.org\/wp-content\/uploads\/2024\/07\/IMG_6585.jpg\"><img decoding=\"async\" data-id=\"4151\" src=\"http:\/\/www.littorelles.org\/wp-content\/uploads\/2024\/07\/IMG_6585.jpg\" alt=\"\" class=\"wp-image-4151\"\/><\/a><\/figure>\n\n\n\n<figure class=\"wp-block-image size-large\"><a href=\"http:\/\/www.littorelles.org\/wp-content\/uploads\/2024\/07\/IMG_6602.jpg\"><img decoding=\"async\" data-id=\"4152\" src=\"http:\/\/www.littorelles.org\/wp-content\/uploads\/2024\/07\/IMG_6602.jpg\" alt=\"\" class=\"wp-image-4152\"\/><\/a><\/figure>\n\n\n\n<figure class=\"wp-block-image size-large\"><a href=\"http:\/\/www.littorelles.org\/wp-content\/uploads\/2024\/07\/IMG_6644.jpg\"><img decoding=\"async\" data-id=\"4149\" src=\"http:\/\/www.littorelles.org\/wp-content\/uploads\/2024\/07\/IMG_6644.jpg\" alt=\"\" class=\"wp-image-4149\"\/><\/a><\/figure>\n\n\n\n<figure class=\"wp-block-image size-large\"><a href=\"http:\/\/www.littorelles.org\/wp-content\/uploads\/2024\/07\/imagi.jpg\"><img decoding=\"async\" data-id=\"4071\" src=\"http:\/\/www.littorelles.org\/wp-content\/uploads\/2024\/07\/imagi-1024x576.jpg\" alt=\"\" class=\"wp-image-4071\"\/><\/a><\/figure>\n\n\n\n<figure class=\"wp-block-image size-large\"><a href=\"http:\/\/www.littorelles.org\/wp-content\/uploads\/2024\/07\/8-3.jpg\"><img decoding=\"async\" data-id=\"4067\" src=\"http:\/\/www.littorelles.org\/wp-content\/uploads\/2024\/07\/8-3.jpg\" alt=\"\" class=\"wp-image-4067\"\/><\/a><\/figure>\n\n\n\n<figure class=\"wp-block-image size-large\"><a href=\"http:\/\/www.littorelles.org\/wp-content\/uploads\/2024\/07\/loufoque.jpg\"><img decoding=\"async\" data-id=\"4069\" src=\"http:\/\/www.littorelles.org\/wp-content\/uploads\/2024\/07\/loufoque.jpg\" alt=\"\" class=\"wp-image-4069\"\/><\/a><\/figure>\n\n\n\n<figure class=\"wp-block-image size-large\"><a href=\"http:\/\/www.littorelles.org\/wp-content\/uploads\/2024\/07\/IMG_6552.jpg\"><img decoding=\"async\" data-id=\"4147\" src=\"http:\/\/www.littorelles.org\/wp-content\/uploads\/2024\/07\/IMG_6552.jpg\" alt=\"\" class=\"wp-image-4147\"\/><\/a><\/figure>\n\n\n\n<figure class=\"wp-block-image size-large\"><a href=\"http:\/\/www.littorelles.org\/wp-content\/uploads\/2024\/07\/IMG_6566.jpg\"><img decoding=\"async\" data-id=\"4150\" src=\"http:\/\/www.littorelles.org\/wp-content\/uploads\/2024\/07\/IMG_6566.jpg\" alt=\"\" class=\"wp-image-4150\"\/><\/a><\/figure>\n\n\n\n<figure class=\"wp-block-image size-large\"><a href=\"http:\/\/www.littorelles.org\/wp-content\/uploads\/2024\/07\/IMG_6574.jpg\"><img decoding=\"async\" data-id=\"4148\" src=\"http:\/\/www.littorelles.org\/wp-content\/uploads\/2024\/07\/IMG_6574.jpg\" alt=\"\" class=\"wp-image-4148\"\/><\/a><\/figure>\n\n\n\n<figure class=\"wp-block-image size-large\"><a href=\"http:\/\/www.littorelles.org\/wp-content\/uploads\/2024\/07\/dali.-grande.jpg\"><img decoding=\"async\" data-id=\"4072\" src=\"http:\/\/www.littorelles.org\/wp-content\/uploads\/2024\/07\/dali.-grande.jpg\" alt=\"\" class=\"wp-image-4072\"\/><\/a><\/figure>\n\n\n\n<figure class=\"wp-block-image size-large\"><a href=\"http:\/\/www.littorelles.org\/wp-content\/uploads\/2024\/07\/loufoque-5.jpeg\"><img decoding=\"async\" data-id=\"4070\" src=\"http:\/\/www.littorelles.org\/wp-content\/uploads\/2024\/07\/loufoque-5.jpeg\" alt=\"\" class=\"wp-image-4070\"\/><\/a><\/figure>\n\n\n\n<figure class=\"wp-block-image size-large\"><a href=\"http:\/\/www.littorelles.org\/wp-content\/uploads\/2024\/07\/loufoque2.jpg\"><img decoding=\"async\" data-id=\"4068\" src=\"http:\/\/www.littorelles.org\/wp-content\/uploads\/2024\/07\/loufoque2.jpg\" alt=\"\" class=\"wp-image-4068\"\/><\/a><\/figure>\n\n\n\n<figure class=\"wp-block-image size-large\"><a href=\"http:\/\/www.littorelles.org\/wp-content\/uploads\/2024\/07\/louque6.jpg\"><img decoding=\"async\" data-id=\"4073\" src=\"http:\/\/www.littorelles.org\/wp-content\/uploads\/2024\/07\/louque6.jpg\" alt=\"\" class=\"wp-image-4073\"\/><\/a><\/figure>\n\n\n\n<figure class=\"wp-block-image size-large\"><a href=\"http:\/\/www.littorelles.org\/wp-content\/uploads\/2024\/07\/rire.jpg\"><img decoding=\"async\" data-id=\"4074\" src=\"http:\/\/www.littorelles.org\/wp-content\/uploads\/2024\/07\/rire-712x1024.jpg\" alt=\"\" class=\"wp-image-4074\"\/><\/a><\/figure>\n\n\n\n<figure class=\"wp-block-image size-large\"><a href=\"http:\/\/www.littorelles.org\/wp-content\/uploads\/2024\/07\/rire3.jpg\"><img decoding=\"async\" data-id=\"4075\" src=\"http:\/\/www.littorelles.org\/wp-content\/uploads\/2024\/07\/rire3.jpg\" alt=\"\" class=\"wp-image-4075\"\/><\/a><\/figure>\n\n\n\n<figure class=\"wp-block-image size-large\"><a href=\"http:\/\/www.littorelles.org\/wp-content\/uploads\/2024\/07\/rire4.jpg\"><img decoding=\"async\" data-id=\"4076\" src=\"http:\/\/www.littorelles.org\/wp-content\/uploads\/2024\/07\/rire4.jpg\" alt=\"\" class=\"wp-image-4076\"\/><\/a><\/figure>\n\n\n\n<figure class=\"wp-block-image size-large\"><a href=\"http:\/\/www.littorelles.org\/wp-content\/uploads\/2024\/07\/rire5.jpg\"><img decoding=\"async\" data-id=\"4077\" src=\"http:\/\/www.littorelles.org\/wp-content\/uploads\/2024\/07\/rire5.jpg\" alt=\"\" class=\"wp-image-4077\"\/><\/a><\/figure>\n\n\n\n<figure class=\"wp-block-image size-large\"><a href=\"http:\/\/www.littorelles.org\/wp-content\/uploads\/2024\/07\/The-Fireside-Angel.jpg\"><img decoding=\"async\" data-id=\"4078\" src=\"http:\/\/www.littorelles.org\/wp-content\/uploads\/2024\/07\/The-Fireside-Angel.jpg\" alt=\"\" class=\"wp-image-4078\"\/><\/a><\/figure>\n\n\n\n<figure class=\"wp-block-image size-large\"><a href=\"http:\/\/www.littorelles.org\/wp-content\/uploads\/2024\/07\/IMG_6677.jpg\"><img decoding=\"async\" data-id=\"4098\" src=\"http:\/\/www.littorelles.org\/wp-content\/uploads\/2024\/07\/IMG_6677.jpg\" alt=\"\" class=\"wp-image-4098\"\/><\/a><\/figure>\n\n\n\n<figure class=\"wp-block-image size-large\"><a href=\"http:\/\/www.littorelles.org\/wp-content\/uploads\/2024\/07\/IMG_6640.jpg\"><img decoding=\"async\" data-id=\"4099\" src=\"http:\/\/www.littorelles.org\/wp-content\/uploads\/2024\/07\/IMG_6640.jpg\" alt=\"\" class=\"wp-image-4099\"\/><\/a><\/figure>\n\n\n\n<figure class=\"wp-block-image size-large\"><a href=\"http:\/\/www.littorelles.org\/wp-content\/uploads\/2024\/07\/IMG_6642.jpg\"><img decoding=\"async\" data-id=\"4100\" src=\"http:\/\/www.littorelles.org\/wp-content\/uploads\/2024\/07\/IMG_6642.jpg\" alt=\"\" class=\"wp-image-4100\"\/><\/a><\/figure>\n\n\n\n<figure class=\"wp-block-image size-large\"><a href=\"http:\/\/www.littorelles.org\/wp-content\/uploads\/2024\/07\/IMG_6634.jpg\"><img decoding=\"async\" data-id=\"4103\" src=\"http:\/\/www.littorelles.org\/wp-content\/uploads\/2024\/07\/IMG_6634.jpg\" alt=\"\" class=\"wp-image-4103\"\/><\/a><\/figure>\n\n\n\n<figure class=\"wp-block-image size-large\"><a href=\"http:\/\/www.littorelles.org\/wp-content\/uploads\/2024\/07\/IMG_6622.jpg\"><img decoding=\"async\" data-id=\"4102\" src=\"http:\/\/www.littorelles.org\/wp-content\/uploads\/2024\/07\/IMG_6622.jpg\" alt=\"\" class=\"wp-image-4102\"\/><\/a><\/figure>\n\n\n\n<figure class=\"wp-block-image size-large\"><a href=\"http:\/\/www.littorelles.org\/wp-content\/uploads\/2024\/07\/IMG_6541.jpg\"><img decoding=\"async\" data-id=\"4104\" src=\"http:\/\/www.littorelles.org\/wp-content\/uploads\/2024\/07\/IMG_6541.jpg\" alt=\"\" class=\"wp-image-4104\"\/><\/a><\/figure>\n\n\n\n<figure class=\"wp-block-image size-large\"><a href=\"http:\/\/www.littorelles.org\/wp-content\/uploads\/2024\/07\/IMG_6534.jpg\"><img decoding=\"async\" data-id=\"4107\" src=\"http:\/\/www.littorelles.org\/wp-content\/uploads\/2024\/07\/IMG_6534.jpg\" alt=\"\" class=\"wp-image-4107\"\/><\/a><\/figure>\n<\/figure>\n","protected":false},"excerpt":{"rendered":"<p>Bizarre, loufoque, envo\u00fbtant : 2024, le Surr\u00e9alisme a f\u00eat\u00e9 ses 100 ans dans 2 expositions \u00e0 Bruxelles Ces&nbsp; expositions \u00e9taient agr\u00e9ables et surprenantes &#8211; les guides nous ont admirablement d\u00e9cortiqu\u00e9 les subtilit\u00e9s de ces \u0153uvres&#8230;..&nbsp; D\u00e9cid\u00e9ment les peintres belges nous \u00e9tonneront toujours&#8230;Plus qu\u2019un mouvement, c\u2019est une r\u00e9volution qui ambitionne de bouleverser la vie pour mettre &hellip; <a href=\"https:\/\/www.littorelles.org\/?page_id=4066\" class=\"more-link\">Continuer la lecture de <span class=\"screen-reader-text\">Surr\u00e9alisme \u00e0 Bruxelles<\/span> <span class=\"meta-nav\">&rarr;<\/span><\/a><\/p>\n","protected":false},"author":1,"featured_media":0,"parent":4012,"menu_order":0,"comment_status":"closed","ping_status":"closed","template":"","meta":{"ngg_post_thumbnail":0,"footnotes":""},"class_list":["post-4066","page","type-page","status-publish","hentry"],"_links":{"self":[{"href":"https:\/\/www.littorelles.org\/index.php?rest_route=\/wp\/v2\/pages\/4066","targetHints":{"allow":["GET"]}}],"collection":[{"href":"https:\/\/www.littorelles.org\/index.php?rest_route=\/wp\/v2\/pages"}],"about":[{"href":"https:\/\/www.littorelles.org\/index.php?rest_route=\/wp\/v2\/types\/page"}],"author":[{"embeddable":true,"href":"https:\/\/www.littorelles.org\/index.php?rest_route=\/wp\/v2\/users\/1"}],"replies":[{"embeddable":true,"href":"https:\/\/www.littorelles.org\/index.php?rest_route=%2Fwp%2Fv2%2Fcomments&post=4066"}],"version-history":[{"count":0,"href":"https:\/\/www.littorelles.org\/index.php?rest_route=\/wp\/v2\/pages\/4066\/revisions"}],"up":[{"embeddable":true,"href":"https:\/\/www.littorelles.org\/index.php?rest_route=\/wp\/v2\/pages\/4012"}],"wp:attachment":[{"href":"https:\/\/www.littorelles.org\/index.php?rest_route=%2Fwp%2Fv2%2Fmedia&parent=4066"}],"curies":[{"name":"wp","href":"https:\/\/api.w.org\/{rel}","templated":true}]}}