{"id":4059,"date":"2024-07-31T10:32:52","date_gmt":"2024-07-31T09:32:52","guid":{"rendered":"http:\/\/littorelles.org\/?page_id=4059"},"modified":"2024-07-31T10:32:52","modified_gmt":"2024-07-31T09:32:52","slug":"roubaix-tourcoing-journee-impressionniste","status":"publish","type":"page","link":"https:\/\/www.littorelles.org\/?page_id=4059","title":{"rendered":"Roubaix Tourcoing Journ\u00e9e impressionniste"},"content":{"rendered":"\n<p>Le matin&nbsp;&nbsp;nous visitons le Mus\u00e9e de la Piscine \u00e0 Roubaix, c\u2019est toujours un plaisir de revenir dans ce magnifique lieu m\u00eame si l\u2019exposition est peu importante en nombre d\u2019\u0153uvres pr\u00eat\u00e9es\u2026<\/p>\n\n\n\n<figure class=\"wp-block-embed is-type-video is-provider-youtube wp-block-embed-youtube wp-embed-aspect-16-9 wp-has-aspect-ratio\"><div class=\"wp-block-embed__wrapper\">\n<iframe loading=\"lazy\" title=\"Les Enfants (impressionnistes) du mus\u00e9e d&#039;Orsay vont \u00e0 La Piscine...\" width=\"604\" height=\"340\" src=\"https:\/\/www.youtube.com\/embed\/uuqbcMSEwP0?feature=oembed\" frameborder=\"0\" allow=\"accelerometer; autoplay; clipboard-write; encrypted-media; gyroscope; picture-in-picture; web-share\" referrerpolicy=\"strict-origin-when-cross-origin\" allowfullscreen><\/iframe>\n<\/div><\/figure>\n\n\n\n<p>Apr\u00e8s un d\u00e9jeuner vraiment tr\u00e8s sympathique au Couvent de Roubaix, lieu incroyable et culturel&nbsp;<\/p>\n\n\n\n<p><strong>Peindre la nature. Paysages impressionnistes du mus\u00e9e d\u2019Orsay \u00e0 Roubaix<\/strong><\/p>\n\n\n\n<p>Pour la premi\u00e8re fois, 58 chefs-d\u2019\u0153uvre des collections nationales sign\u00e9s Monet, Sisley, Renoir, Pissarro, C\u00e9zanne, Caillebotte, Signac, Gauguin ou Bonnard, seront pr\u00eat\u00e9s \u00e0 une exposition en r\u00e9gion, faisant de cette manifestation l\u2019\u00e9v\u00e8nement majeur des \u00ab 150 ans de l\u2019impressionnisme \u00bb.<\/p>\n\n\n\n<p>Comment le paysage impressionniste est-il n\u00e9 ? Quelle est la sp\u00e9cificit\u00e9 du regard pos\u00e9 par Monet et ses amis sur les paysages qui leur \u00e9taient contemporains ? Comment ces peintures traduisent-elles les mutations du rapport des hommes et des femmes \u00e0 leur environnement au 19e si\u00e8cle et comment entrent-elles en r\u00e9sonance avec nos pr\u00e9occupations actuelles ? De quelle mani\u00e8re le paysage impressionniste a-t-il ouvert la voie \u00e0 d\u2019autres audaces picturales ? Pour r\u00e9pondre \u00e0 ces questions, le parcours est organis\u00e9 en cinq sections.<\/p>\n\n\n\n<p>Dans une premi\u00e8re salle, le creuset du paysage r\u00e9aliste et le d\u00e9veloppement de la peinture de plein air&nbsp;; une deuxi\u00e8me section de l\u2019exposition explore les \u00ab motifs \u00bb de pr\u00e9dilection des impressionnistes \u2013 Monet, Sisley, Pissarro ou encore Renoir \u2013 pendant les ann\u00e9es 1870, comme les bords de Seine et son activit\u00e9 fluviale, les campagnes d\u2019\u00cele-de-France, les jardins et la vill\u00e9giature<\/p>\n\n\n\n<p>La troisi\u00e8me section montre comment, \u00e0 partir des ann\u00e9es 1880, les impressionnistes, et particuli\u00e8rement Monet, se concentrent progressivement sur des paysages \u00ab purs \u00bb et sur des effets atmosph\u00e9riques et lumineux toujours plus complexes.<\/p>\n\n\n\n<p>La quatri\u00e8me section de l\u2019exposition aborde l\u2019\u00e9volution de l\u2019art du paysage apr\u00e8s l\u2019impressionnisme, de Seurat \u00e0 Mondrian en passant par Redon, Gauguin ou Bonnard. \u00c0 partir des audaces de touches et de couleurs de leurs a\u00een\u00e9s impressionnistes, ces artistes explorent d\u2019autres territoires.<\/p>\n\n\n\n<p><a href=\"https:\/\/www.facebook.com\/watch\/?v=810503997618404\">https:\/\/www.facebook.com\/watch\/?v=810503997618404<\/a><\/p>\n\n\n\n<figure class=\"wp-block-embed is-type-video is-provider-youtube wp-block-embed-youtube wp-embed-aspect-16-9 wp-has-aspect-ratio\"><div class=\"wp-block-embed__wrapper\">\n<iframe loading=\"lazy\" title=\"Exposition \u00ab Peindre la nature \u00bb Paysages impressionnistes au MUba \u00e0 Tourcoing\" width=\"604\" height=\"340\" src=\"https:\/\/www.youtube.com\/embed\/iuDKRccPb3Y?feature=oembed\" frameborder=\"0\" allow=\"accelerometer; autoplay; clipboard-write; encrypted-media; gyroscope; picture-in-picture; web-share\" referrerpolicy=\"strict-origin-when-cross-origin\" allowfullscreen><\/iframe>\n<\/div><\/figure>\n\n\n\n<figure class=\"wp-block-gallery has-nested-images columns-default is-cropped wp-block-gallery-1 is-layout-flex wp-block-gallery-is-layout-flex\">\n<figure class=\"wp-block-image size-large\"><a href=\"http:\/\/www.littorelles.org\/wp-content\/uploads\/2024\/07\/IMG_8407.jpg\"><img decoding=\"async\" data-id=\"4090\" src=\"http:\/\/www.littorelles.org\/wp-content\/uploads\/2024\/07\/IMG_8407.jpg\" alt=\"\" class=\"wp-image-4090\"\/><\/a><\/figure>\n\n\n\n<figure class=\"wp-block-image size-large\"><a href=\"http:\/\/www.littorelles.org\/wp-content\/uploads\/2024\/07\/roubaix.jpg\"><img decoding=\"async\" data-id=\"4061\" src=\"http:\/\/www.littorelles.org\/wp-content\/uploads\/2024\/07\/roubaix-1024x580.jpg\" alt=\"\" class=\"wp-image-4061\"\/><\/a><\/figure>\n\n\n\n<figure class=\"wp-block-image size-large\"><a href=\"http:\/\/www.littorelles.org\/wp-content\/uploads\/2024\/07\/couvent-de-roubaix-2.jpg\"><img decoding=\"async\" data-id=\"4062\" src=\"http:\/\/www.littorelles.org\/wp-content\/uploads\/2024\/07\/couvent-de-roubaix-2-1024x771.jpg\" alt=\"\" class=\"wp-image-4062\"\/><\/a><\/figure>\n\n\n\n<figure class=\"wp-block-image size-large\"><a href=\"http:\/\/www.littorelles.org\/wp-content\/uploads\/2024\/07\/couvent-de-roubaix.jpg\"><img decoding=\"async\" data-id=\"4064\" src=\"http:\/\/www.littorelles.org\/wp-content\/uploads\/2024\/07\/couvent-de-roubaix-1024x576.jpg\" alt=\"\" class=\"wp-image-4064\"\/><\/a><\/figure>\n\n\n\n<figure class=\"wp-block-image size-large\"><a href=\"http:\/\/www.littorelles.org\/wp-content\/uploads\/2024\/07\/roubaix-2.jpg\"><img decoding=\"async\" data-id=\"4060\" src=\"http:\/\/www.littorelles.org\/wp-content\/uploads\/2024\/07\/roubaix-2.jpg\" alt=\"\" class=\"wp-image-4060\"\/><\/a><\/figure>\n\n\n\n<figure class=\"wp-block-image size-large\"><a href=\"http:\/\/www.littorelles.org\/wp-content\/uploads\/2024\/07\/tourcoing.jpg\"><img decoding=\"async\" data-id=\"4063\" src=\"http:\/\/www.littorelles.org\/wp-content\/uploads\/2024\/07\/tourcoing.jpg\" alt=\"\" class=\"wp-image-4063\"\/><\/a><\/figure>\n\n\n\n<figure class=\"wp-block-image size-large\"><a href=\"http:\/\/www.littorelles.org\/wp-content\/uploads\/2024\/07\/IMG_8444.jpg\"><img decoding=\"async\" data-id=\"4091\" src=\"http:\/\/www.littorelles.org\/wp-content\/uploads\/2024\/07\/IMG_8444.jpg\" alt=\"\" class=\"wp-image-4091\"\/><\/a><\/figure>\n\n\n\n<figure class=\"wp-block-image size-large\"><a href=\"http:\/\/www.littorelles.org\/wp-content\/uploads\/2024\/07\/IMG_8434.jpg\"><img decoding=\"async\" data-id=\"4092\" src=\"http:\/\/www.littorelles.org\/wp-content\/uploads\/2024\/07\/IMG_8434.jpg\" alt=\"\" class=\"wp-image-4092\"\/><\/a><\/figure>\n\n\n\n<figure class=\"wp-block-image size-large\"><a href=\"http:\/\/www.littorelles.org\/wp-content\/uploads\/2024\/07\/IMG_8440.jpg\"><img decoding=\"async\" data-id=\"4095\" src=\"http:\/\/www.littorelles.org\/wp-content\/uploads\/2024\/07\/IMG_8440.jpg\" alt=\"\" class=\"wp-image-4095\"\/><\/a><\/figure>\n\n\n\n<figure class=\"wp-block-image size-large\"><a href=\"http:\/\/www.littorelles.org\/wp-content\/uploads\/2024\/07\/IMG_8425.jpg\"><img decoding=\"async\" data-id=\"4093\" src=\"http:\/\/www.littorelles.org\/wp-content\/uploads\/2024\/07\/IMG_8425.jpg\" alt=\"\" class=\"wp-image-4093\"\/><\/a><\/figure>\n\n\n\n<figure class=\"wp-block-image size-large\"><a href=\"http:\/\/www.littorelles.org\/wp-content\/uploads\/2024\/07\/IMG_8404.jpg\"><img decoding=\"async\" data-id=\"4094\" src=\"http:\/\/www.littorelles.org\/wp-content\/uploads\/2024\/07\/IMG_8404.jpg\" alt=\"\" class=\"wp-image-4094\"\/><\/a><\/figure>\n\n\n\n<figure class=\"wp-block-image size-large\"><a href=\"http:\/\/www.littorelles.org\/wp-content\/uploads\/2024\/07\/IMG_8403.jpg\"><img decoding=\"async\" data-id=\"4096\" src=\"http:\/\/www.littorelles.org\/wp-content\/uploads\/2024\/07\/IMG_8403.jpg\" alt=\"\" class=\"wp-image-4096\"\/><\/a><\/figure>\n<\/figure>\n","protected":false},"excerpt":{"rendered":"<p>Le matin&nbsp;&nbsp;nous visitons le Mus\u00e9e de la Piscine \u00e0 Roubaix, c\u2019est toujours un plaisir de revenir dans ce magnifique lieu m\u00eame si l\u2019exposition est peu importante en nombre d\u2019\u0153uvres pr\u00eat\u00e9es\u2026 Apr\u00e8s un d\u00e9jeuner vraiment tr\u00e8s sympathique au Couvent de Roubaix, lieu incroyable et culturel&nbsp; Peindre la nature. Paysages impressionnistes du mus\u00e9e d\u2019Orsay \u00e0 Roubaix Pour &hellip; <a href=\"https:\/\/www.littorelles.org\/?page_id=4059\" class=\"more-link\">Continuer la lecture de <span class=\"screen-reader-text\">Roubaix Tourcoing Journ\u00e9e impressionniste<\/span> <span class=\"meta-nav\">&rarr;<\/span><\/a><\/p>\n","protected":false},"author":1,"featured_media":0,"parent":4012,"menu_order":0,"comment_status":"closed","ping_status":"closed","template":"","meta":{"ngg_post_thumbnail":0,"footnotes":""},"class_list":["post-4059","page","type-page","status-publish","hentry"],"_links":{"self":[{"href":"https:\/\/www.littorelles.org\/index.php?rest_route=\/wp\/v2\/pages\/4059","targetHints":{"allow":["GET"]}}],"collection":[{"href":"https:\/\/www.littorelles.org\/index.php?rest_route=\/wp\/v2\/pages"}],"about":[{"href":"https:\/\/www.littorelles.org\/index.php?rest_route=\/wp\/v2\/types\/page"}],"author":[{"embeddable":true,"href":"https:\/\/www.littorelles.org\/index.php?rest_route=\/wp\/v2\/users\/1"}],"replies":[{"embeddable":true,"href":"https:\/\/www.littorelles.org\/index.php?rest_route=%2Fwp%2Fv2%2Fcomments&post=4059"}],"version-history":[{"count":0,"href":"https:\/\/www.littorelles.org\/index.php?rest_route=\/wp\/v2\/pages\/4059\/revisions"}],"up":[{"embeddable":true,"href":"https:\/\/www.littorelles.org\/index.php?rest_route=\/wp\/v2\/pages\/4012"}],"wp:attachment":[{"href":"https:\/\/www.littorelles.org\/index.php?rest_route=%2Fwp%2Fv2%2Fmedia&parent=4059"}],"curies":[{"name":"wp","href":"https:\/\/api.w.org\/{rel}","templated":true}]}}