{"id":4040,"date":"2024-07-31T10:14:53","date_gmt":"2024-07-31T09:14:53","guid":{"rendered":"http:\/\/littorelles.org\/?page_id=4040"},"modified":"2024-07-31T10:14:53","modified_gmt":"2024-07-31T09:14:53","slug":"exposition-ou-sont-les-femmes","status":"publish","type":"page","link":"https:\/\/www.littorelles.org\/?page_id=4040","title":{"rendered":"Exposition : O\u00f9 sont les femmes ?"},"content":{"rendered":"\n<p>Un vrai privil\u00e8ge que cette sortie lilloise !<\/p>\n\n\n\n<p>Alice Fleury la directrice des collections du Palais des Beaux Arts de Lille et Commissaire de l&rsquo;exposition nous a fait une visite comment\u00e9e de l&rsquo;exposition&nbsp;<strong>\u00ab\u00a0O\u00f9 sont les Femmes\u00a0\u00bb<\/strong><\/p>\n\n\n\n<p>Un parcours agr\u00e9able et vari\u00e9<\/p>\n\n\n\n<p>\u00ab&nbsp;Con\u00e7ue comme une enqu\u00eate, l\u2019exposition \u00ab O\u00f9 sont les femmes ? \u00bb se consacrait aux \u0153uvres des artistes femmes&nbsp;&nbsp;dans les collections du Palais des Beaux-Arts de Lille, dont la plupart ont rarement \u00e9t\u00e9 expos\u00e9es auparavant au mus\u00e9e. Sur pr\u00e8s de 60 000 \u0153uvres conserv\u00e9es, seulement 135 sont attribu\u00e9es \u00e0 des artistes femmes. Hormis quelques grands noms (Genevi\u00e8ve Asse, Camille Claudel, Sonia Delaunay, Marie Laurencin&#8230;), le travail de ces 80 artistes pr\u00e9sentes dans les collections lilloises est souvent m\u00e9connu, voire inconnu.<\/p>\n\n\n\n<p>Compos\u00e9e d\u2019une centaine d\u2019\u0153uvres pour la plupart sorties de r\u00e9serves, l\u2019exposition retrace les trajectoires vari\u00e9es de ces cr\u00e9atrices, dont le travail couvre une p\u00e9riode allant du 17e si\u00e8cle \u00e0 nos jours.&nbsp;\u00bb<\/p>\n\n\n\n<figure class=\"wp-block-gallery has-nested-images columns-default is-cropped wp-block-gallery-1 is-layout-flex wp-block-gallery-is-layout-flex\">\n<figure class=\"wp-block-image size-large\"><a href=\"http:\/\/www.littorelles.org\/wp-content\/uploads\/2024\/07\/IMG_5498.jpg\"><img decoding=\"async\" data-id=\"4086\" src=\"http:\/\/www.littorelles.org\/wp-content\/uploads\/2024\/07\/IMG_5498.jpg\" alt=\"\" class=\"wp-image-4086\"\/><\/a><\/figure>\n\n\n\n<figure class=\"wp-block-image size-large\"><a href=\"http:\/\/www.littorelles.org\/wp-content\/uploads\/2024\/07\/femmes6.jpg\"><img decoding=\"async\" data-id=\"4046\" src=\"http:\/\/www.littorelles.org\/wp-content\/uploads\/2024\/07\/femmes6.jpg\" alt=\"\" class=\"wp-image-4046\"\/><\/a><\/figure>\n\n\n\n<figure class=\"wp-block-image size-large\"><a href=\"http:\/\/www.littorelles.org\/wp-content\/uploads\/2024\/07\/femmes-4.jpg\"><img decoding=\"async\" data-id=\"4041\" src=\"http:\/\/www.littorelles.org\/wp-content\/uploads\/2024\/07\/femmes-4-1024x576.jpg\" alt=\"\" class=\"wp-image-4041\"\/><\/a><\/figure>\n\n\n\n<figure class=\"wp-block-image size-large\"><a href=\"http:\/\/www.littorelles.org\/wp-content\/uploads\/2024\/07\/femmes-5.jpg\"><img decoding=\"async\" data-id=\"4044\" src=\"http:\/\/www.littorelles.org\/wp-content\/uploads\/2024\/07\/femmes-5.jpg\" alt=\"\" class=\"wp-image-4044\"\/><\/a><\/figure>\n\n\n\n<figure class=\"wp-block-image size-large\"><a href=\"http:\/\/www.littorelles.org\/wp-content\/uploads\/2024\/07\/femmes.jpg\"><img decoding=\"async\" data-id=\"4042\" src=\"http:\/\/www.littorelles.org\/wp-content\/uploads\/2024\/07\/femmes.jpg\" alt=\"\" class=\"wp-image-4042\"\/><\/a><\/figure>\n\n\n\n<figure class=\"wp-block-image size-large\"><a href=\"http:\/\/www.littorelles.org\/wp-content\/uploads\/2024\/07\/femmes1.jpg\"><img decoding=\"async\" data-id=\"4045\" src=\"http:\/\/www.littorelles.org\/wp-content\/uploads\/2024\/07\/femmes1.jpg\" alt=\"\" class=\"wp-image-4045\"\/><\/a><\/figure>\n\n\n\n<figure class=\"wp-block-image size-large\"><a href=\"http:\/\/www.littorelles.org\/wp-content\/uploads\/2024\/07\/IMG_5539.jpg\"><img decoding=\"async\" data-id=\"4082\" src=\"http:\/\/www.littorelles.org\/wp-content\/uploads\/2024\/07\/IMG_5539.jpg\" alt=\"\" class=\"wp-image-4082\"\/><\/a><\/figure>\n\n\n\n<figure class=\"wp-block-image size-large\"><a href=\"http:\/\/www.littorelles.org\/wp-content\/uploads\/2024\/07\/IMG_5530.jpg\"><img decoding=\"async\" data-id=\"4085\" src=\"http:\/\/www.littorelles.org\/wp-content\/uploads\/2024\/07\/IMG_5530.jpg\" alt=\"\" class=\"wp-image-4085\"\/><\/a><\/figure>\n\n\n\n<figure class=\"wp-block-image size-large\"><a href=\"http:\/\/www.littorelles.org\/wp-content\/uploads\/2024\/07\/IMG_5507.jpg\"><img decoding=\"async\" data-id=\"4081\" src=\"http:\/\/www.littorelles.org\/wp-content\/uploads\/2024\/07\/IMG_5507.jpg\" alt=\"\" class=\"wp-image-4081\"\/><\/a><\/figure>\n\n\n\n<figure class=\"wp-block-image size-large\"><a href=\"http:\/\/www.littorelles.org\/wp-content\/uploads\/2024\/07\/IMG_5527.jpg\"><img decoding=\"async\" data-id=\"4083\" src=\"http:\/\/www.littorelles.org\/wp-content\/uploads\/2024\/07\/IMG_5527.jpg\" alt=\"\" class=\"wp-image-4083\"\/><\/a><\/figure>\n\n\n\n<figure class=\"wp-block-image size-large\"><a href=\"http:\/\/www.littorelles.org\/wp-content\/uploads\/2024\/07\/IMG_5501.jpg\"><img decoding=\"async\" data-id=\"4080\" src=\"http:\/\/www.littorelles.org\/wp-content\/uploads\/2024\/07\/IMG_5501.jpg\" alt=\"\" class=\"wp-image-4080\"\/><\/a><\/figure>\n\n\n\n<figure class=\"wp-block-image size-large\"><a href=\"http:\/\/www.littorelles.org\/wp-content\/uploads\/2024\/07\/IMG_5503.jpg\"><img decoding=\"async\" data-id=\"4084\" src=\"http:\/\/www.littorelles.org\/wp-content\/uploads\/2024\/07\/IMG_5503.jpg\" alt=\"\" class=\"wp-image-4084\"\/><\/a><\/figure>\n\n\n\n<figure class=\"wp-block-image size-large\"><a href=\"http:\/\/www.littorelles.org\/wp-content\/uploads\/2024\/07\/IMG_5497.jpg\"><img decoding=\"async\" data-id=\"4087\" src=\"http:\/\/www.littorelles.org\/wp-content\/uploads\/2024\/07\/IMG_5497.jpg\" alt=\"\" class=\"wp-image-4087\"\/><\/a><\/figure>\n<\/figure>\n","protected":false},"excerpt":{"rendered":"<p>Un vrai privil\u00e8ge que cette sortie lilloise ! Alice Fleury la directrice des collections du Palais des Beaux Arts de Lille et Commissaire de l&rsquo;exposition nous a fait une visite comment\u00e9e de l&rsquo;exposition&nbsp;\u00ab\u00a0O\u00f9 sont les Femmes\u00a0\u00bb Un parcours agr\u00e9able et vari\u00e9 \u00ab&nbsp;Con\u00e7ue comme une enqu\u00eate, l\u2019exposition \u00ab O\u00f9 sont les femmes ? \u00bb se consacrait &hellip; <a href=\"https:\/\/www.littorelles.org\/?page_id=4040\" class=\"more-link\">Continuer la lecture de <span class=\"screen-reader-text\">Exposition : O\u00f9 sont les femmes ?<\/span> <span class=\"meta-nav\">&rarr;<\/span><\/a><\/p>\n","protected":false},"author":1,"featured_media":0,"parent":4012,"menu_order":0,"comment_status":"closed","ping_status":"closed","template":"","meta":{"ngg_post_thumbnail":0,"footnotes":""},"class_list":["post-4040","page","type-page","status-publish","hentry"],"_links":{"self":[{"href":"https:\/\/www.littorelles.org\/index.php?rest_route=\/wp\/v2\/pages\/4040","targetHints":{"allow":["GET"]}}],"collection":[{"href":"https:\/\/www.littorelles.org\/index.php?rest_route=\/wp\/v2\/pages"}],"about":[{"href":"https:\/\/www.littorelles.org\/index.php?rest_route=\/wp\/v2\/types\/page"}],"author":[{"embeddable":true,"href":"https:\/\/www.littorelles.org\/index.php?rest_route=\/wp\/v2\/users\/1"}],"replies":[{"embeddable":true,"href":"https:\/\/www.littorelles.org\/index.php?rest_route=%2Fwp%2Fv2%2Fcomments&post=4040"}],"version-history":[{"count":0,"href":"https:\/\/www.littorelles.org\/index.php?rest_route=\/wp\/v2\/pages\/4040\/revisions"}],"up":[{"embeddable":true,"href":"https:\/\/www.littorelles.org\/index.php?rest_route=\/wp\/v2\/pages\/4012"}],"wp:attachment":[{"href":"https:\/\/www.littorelles.org\/index.php?rest_route=%2Fwp%2Fv2%2Fmedia&parent=4040"}],"curies":[{"name":"wp","href":"https:\/\/api.w.org\/{rel}","templated":true}]}}