{"id":4025,"date":"2024-07-31T10:11:19","date_gmt":"2024-07-31T09:11:19","guid":{"rendered":"http:\/\/littorelles.org\/?page_id=4025"},"modified":"2024-07-31T10:11:19","modified_gmt":"2024-07-31T09:11:19","slug":"lexposition-universelle-de-1931-de-jean-claude-bonnier","status":"publish","type":"page","link":"https:\/\/www.littorelles.org\/?page_id=4025","title":{"rendered":"L\u2019exposition universelle de 1931 de jean Claude Bonnier"},"content":{"rendered":"\n<p><strong>L\u2019exposition universelle de 1931 de jean Claude Bonnier<\/strong><\/p>\n\n\n\n<p>Ce fut un&nbsp;&nbsp;grand succ\u00e8s,&nbsp;&nbsp;&nbsp;avec beaucoup de visiteurs qui s\u2019est b\u00e2ti sur une sorte de mythe&nbsp;:&nbsp;&nbsp;le fleuron de la colonisation fran\u00e7aise.<\/p>\n\n\n\n<p>Comme un tour du monde&nbsp;&nbsp;en un jour,&nbsp;&nbsp;du c\u00f4t\u00e9 de la porte dor\u00e9e.<\/p>\n\n\n\n<p>Paris dans la liesse,&nbsp;&nbsp;avec&nbsp;&nbsp;200 pavillons sur 110 ha \u2013 une avenue des colonies \u2013un parc zoologique et des spectacles \u2013 un \u00e9clairage nocturne des b\u00e2timents \u2013 des produits d\u00e9riv\u00e9s \u2013 un&nbsp;&nbsp;aquarium colonial&nbsp;: 8 millions de visiteurs,&nbsp;&nbsp;succ\u00e8s incontestable&nbsp;!<\/p>\n\n\n\n<p><strong>PALAIS des colonies&nbsp;&nbsp;seul monument t\u00e9moin ,&nbsp;<\/strong>&nbsp;un chef d\u2019\u0153uvre de l\u2019art d\u00e9co, tout est \u00e0 la gloire de la colonisation, avec les all\u00e9gories et les valeurs apport\u00e9es par la France aux colonies&nbsp;: ART \u2013 PAIX \u2013 TRAVAIL&nbsp;&nbsp;\u2013 COMMERCE \u2013 INDUSTRIE \u2013 LIBERTE \u2013 JUSTICE \u2013 SCIENCE avec un regard dur la population de l\u2019empire, ces peuples qui peuvent acc\u00e9der \u00e0 un degr\u00e9 sup\u00e9rieur<\/p>\n\n\n\n<p>Cependant cette apoth\u00e9ose de la France Imp\u00e9riale, si elle a s\u00e9duit un tr\u00e8s grand public s\u00e9duit,&nbsp;&nbsp;elle&nbsp;&nbsp;a \u00e9t\u00e9 tr\u00e8s contest\u00e9e (le zoo humain par exemple et le mouvement surr\u00e9aliste) et il n\u2019en reste rien,&nbsp;&nbsp;au contraire l\u2019essentiel des \u0153uvres ont \u00e9t\u00e9 mises en retrait car pas vraiment \u00e0 la gloire de la France<\/p>\n\n\n\n<figure class=\"wp-block-gallery has-nested-images columns-default is-cropped wp-block-gallery-1 is-layout-flex wp-block-gallery-is-layout-flex\">\n<figure class=\"wp-block-image size-large\"><a href=\"http:\/\/www.littorelles.org\/wp-content\/uploads\/2024\/07\/1-2.jpg\"><img decoding=\"async\" data-id=\"4032\" src=\"http:\/\/www.littorelles.org\/wp-content\/uploads\/2024\/07\/1-2.jpg\" alt=\"\" class=\"wp-image-4032\"\/><\/a><\/figure>\n\n\n\n<figure class=\"wp-block-image size-large\"><a href=\"http:\/\/www.littorelles.org\/wp-content\/uploads\/2024\/07\/2-1.jpg\"><img decoding=\"async\" data-id=\"4033\" src=\"http:\/\/www.littorelles.org\/wp-content\/uploads\/2024\/07\/2-1.jpg\" alt=\"\" class=\"wp-image-4033\"\/><\/a><\/figure>\n\n\n\n<figure class=\"wp-block-image size-large\"><a href=\"http:\/\/www.littorelles.org\/wp-content\/uploads\/2024\/07\/5-2.jpg\"><img decoding=\"async\" data-id=\"4035\" src=\"http:\/\/www.littorelles.org\/wp-content\/uploads\/2024\/07\/5-2.jpg\" alt=\"\" class=\"wp-image-4035\"\/><\/a><\/figure>\n\n\n\n<figure class=\"wp-block-image size-large\"><a href=\"http:\/\/www.littorelles.org\/wp-content\/uploads\/2024\/07\/6-2.jpg\"><img decoding=\"async\" data-id=\"4034\" src=\"http:\/\/www.littorelles.org\/wp-content\/uploads\/2024\/07\/6-2.jpg\" alt=\"\" class=\"wp-image-4034\"\/><\/a><\/figure>\n\n\n\n<figure class=\"wp-block-image size-large\"><a href=\"http:\/\/www.littorelles.org\/wp-content\/uploads\/2024\/07\/7-2.jpg\"><img decoding=\"async\" data-id=\"4036\" src=\"http:\/\/www.littorelles.org\/wp-content\/uploads\/2024\/07\/7-2-1024x683.jpg\" alt=\"\" class=\"wp-image-4036\"\/><\/a><\/figure>\n\n\n\n<figure class=\"wp-block-image size-large\"><a href=\"http:\/\/www.littorelles.org\/wp-content\/uploads\/2024\/07\/8-2.jpg\"><img decoding=\"async\" data-id=\"4037\" src=\"http:\/\/www.littorelles.org\/wp-content\/uploads\/2024\/07\/8-2-1024x722.jpg\" alt=\"\" class=\"wp-image-4037\"\/><\/a><\/figure>\n\n\n\n<figure class=\"wp-block-image size-large\"><a href=\"http:\/\/www.littorelles.org\/wp-content\/uploads\/2024\/07\/11-1.png\"><img decoding=\"async\" data-id=\"4038\" src=\"http:\/\/www.littorelles.org\/wp-content\/uploads\/2024\/07\/11-1.png\" alt=\"\" class=\"wp-image-4038\"\/><\/a><\/figure>\n<\/figure>\n","protected":false},"excerpt":{"rendered":"<p>L\u2019exposition universelle de 1931 de jean Claude Bonnier Ce fut un&nbsp;&nbsp;grand succ\u00e8s,&nbsp;&nbsp;&nbsp;avec beaucoup de visiteurs qui s\u2019est b\u00e2ti sur une sorte de mythe&nbsp;:&nbsp;&nbsp;le fleuron de la colonisation fran\u00e7aise. Comme un tour du monde&nbsp;&nbsp;en un jour,&nbsp;&nbsp;du c\u00f4t\u00e9 de la porte dor\u00e9e. Paris dans la liesse,&nbsp;&nbsp;avec&nbsp;&nbsp;200 pavillons sur 110 ha \u2013 une avenue des colonies \u2013un parc &hellip; <a href=\"https:\/\/www.littorelles.org\/?page_id=4025\" class=\"more-link\">Continuer la lecture de <span class=\"screen-reader-text\">L\u2019exposition universelle de 1931 de jean Claude Bonnier<\/span> <span class=\"meta-nav\">&rarr;<\/span><\/a><\/p>\n","protected":false},"author":1,"featured_media":0,"parent":4012,"menu_order":0,"comment_status":"closed","ping_status":"closed","template":"","meta":{"ngg_post_thumbnail":0,"footnotes":""},"class_list":["post-4025","page","type-page","status-publish","hentry"],"_links":{"self":[{"href":"https:\/\/www.littorelles.org\/index.php?rest_route=\/wp\/v2\/pages\/4025","targetHints":{"allow":["GET"]}}],"collection":[{"href":"https:\/\/www.littorelles.org\/index.php?rest_route=\/wp\/v2\/pages"}],"about":[{"href":"https:\/\/www.littorelles.org\/index.php?rest_route=\/wp\/v2\/types\/page"}],"author":[{"embeddable":true,"href":"https:\/\/www.littorelles.org\/index.php?rest_route=\/wp\/v2\/users\/1"}],"replies":[{"embeddable":true,"href":"https:\/\/www.littorelles.org\/index.php?rest_route=%2Fwp%2Fv2%2Fcomments&post=4025"}],"version-history":[{"count":0,"href":"https:\/\/www.littorelles.org\/index.php?rest_route=\/wp\/v2\/pages\/4025\/revisions"}],"up":[{"embeddable":true,"href":"https:\/\/www.littorelles.org\/index.php?rest_route=\/wp\/v2\/pages\/4012"}],"wp:attachment":[{"href":"https:\/\/www.littorelles.org\/index.php?rest_route=%2Fwp%2Fv2%2Fmedia&parent=4025"}],"curies":[{"name":"wp","href":"https:\/\/api.w.org\/{rel}","templated":true}]}}