{"id":4012,"date":"2024-07-31T09:59:56","date_gmt":"2024-07-31T08:59:56","guid":{"rendered":"http:\/\/littorelles.org\/?page_id=4012"},"modified":"2025-02-17T12:17:55","modified_gmt":"2025-02-17T11:17:55","slug":"2024-2","status":"publish","type":"page","link":"https:\/\/www.littorelles.org\/?page_id=4012","title":{"rendered":"2024"},"content":{"rendered":"\n<ul class=\"wp-block-list\">\n<li><a href=\"https:\/\/www.littorelles.org\/?page_id=4015\">BELGIQUE &#8211; Paul DELVAUX et ENSOR<\/a><\/li>\n\n\n\n<li><a href=\"https:\/\/www.littorelles.org\/?page_id=4317\">Chefs-d&rsquo;\u0153uvre de la collection Torlonia<\/a><\/li>\n\n\n\n<li><a href=\"https:\/\/www.littorelles.org\/?page_id=4345\">Cor\u00e9e au pays de la jeunesse \u00e9ternelle<\/a><\/li>\n\n\n\n<li><a href=\"https:\/\/www.littorelles.org\/?page_id=4040\">Exposition : O\u00f9 sont les femmes ?<\/a><\/li>\n\n\n\n<li><a href=\"https:\/\/www.littorelles.org\/?page_id=4025\">L\u2019exposition universelle de 1931 de jean Claude Bonnier<\/a><\/li>\n\n\n\n<li><a href=\"https:\/\/www.littorelles.org\/?page_id=4370\">La Chine des Tang et L&rsquo;Or des Ming au Mus\u00e9e Guimet<\/a><\/li>\n\n\n\n<li><a href=\"https:\/\/www.littorelles.org\/?page_id=4360\">La g\u00e9ostrat\u00e9gie des Etats Unis<\/a><\/li>\n\n\n\n<li><a href=\"https:\/\/www.littorelles.org\/?page_id=4307\">la saga des grands magasins<\/a><\/li>\n\n\n\n<li><a href=\"https:\/\/www.littorelles.org\/?page_id=4335\">Le Harc\u00e8lement conf\u00e9rence de C\u00e9line Houzet-Aerts<\/a><\/li>\n\n\n\n<li><a href=\"https:\/\/www.littorelles.org\/?page_id=4048\">Les couleurs de l&rsquo;Impressionnisme Conf\u00e9rence de Christian DEFEBVRE<\/a><\/li>\n\n\n\n<li><a href=\"https:\/\/www.littorelles.org\/?page_id=3991\">Les jeux Olympiques<\/a><\/li>\n\n\n\n<li><a href=\"https:\/\/www.littorelles.org\/?page_id=4391\">Manoir et Ch\u00e2teau de famille dans le Sussex<\/a><\/li>\n\n\n\n<li><a href=\"https:\/\/www.littorelles.org\/?page_id=4292\">Parcours Street Art \u00e0 Boulogne sur Mer<\/a><\/li>\n\n\n\n<li><a href=\"https:\/\/www.littorelles.org\/?page_id=4059\">Roubaix Tourcoing Journ\u00e9e impressionniste<\/a><\/li>\n\n\n\n<li><a href=\"https:\/\/www.littorelles.org\/?page_id=4066\">Surr\u00e9alisme \u00e0 Bruxelles<\/a><\/li>\n\n\n\n<li><a href=\"https:\/\/www.littorelles.org\/?page_id=4393\">Yuima Nakazato, au del\u00e0 de la couture<\/a><\/li>\n<\/ul>\n\n\n\n<p><\/p>\n\n\n\n<hr class=\"wp-block-separator has-alpha-channel-opacity\"\/>\n\n\n\n<ul class=\"wp-block-list\">\n<li><strong>Le lundi 16 septembre 2024 : <\/strong>Conf\u00e9rence de Mr Nicolas FELLIERS \u00ab L&rsquo;affirmation de l&rsquo;art am\u00e9ricain \u00bb \u00e0 14h30 puis A. G.&nbsp; \u00e0 17h. (Brigitte Responsable)<br><\/li>\n\n\n\n<li><strong>Le&nbsp; jeudi 19 septembre 2024&nbsp; : <\/strong>BOULOGNE Ch\u00e2teau Mus\u00e9e avec les objets d\u2019Alaska et balade STREET ART (Anne responsable)<br><\/li>\n\n\n\n<li><strong>Le 1er octobre 2024 : <\/strong>Conf\u00e9rence<strong> <\/strong>Un Air de famille \u00ab&nbsp;Ma vie \u00e0 Washington&nbsp;\u00bb de marie Christine LIVERMORE et&nbsp; \u00ab\u00a0Causerie sur Mathilde DELATTRE\u00a0\u00bb avec le DR Eric Ledru biographe de l&rsquo;artiste (Christine responsable) \u2013 Holiday Inn Coquelles 14h 15<br><\/li>\n\n\n\n<li><strong>Le Mardi 8 octobre&nbsp; 2024&nbsp; : <\/strong>ANGLETERRE Manoir et Ch\u00e2teau de famille dans le Sussex&nbsp; &#8211;&nbsp; Attention&nbsp; PASSEPORT obligatoire&nbsp;! (Anne responsable)<br><\/li>\n\n\n\n<li><strong>Le lundi 14 octobre&nbsp; 2024&nbsp; : <\/strong>\u00e0 Holiday Inn de Coquelles&nbsp; : Christian<strong> <\/strong>Defebvre \u00ab\u00a0G\u00e9ostrat\u00e9gie des Etats Unis\u00a0\u00bb&nbsp; (Christine responsable) Holiday Inn de Coquelles 14h 15<\/li>\n<\/ul>\n\n\n\n<ul class=\"wp-block-list\">\n<li><strong>le mardi 22 octobre 2024 : <\/strong>\u00ab\u00a0Comment accompagner son enfant \u00e0 se positionner sereinement face aux autres ?\u00a0\u00bb intervention de C\u00e9line&nbsp; Houzet-Aerts (Anne responsable) Holiday Inn 14h 15<br><\/li>\n\n\n\n<li><strong>le mercredi 6 novembre Mus\u00e9e de la Dentelle <\/strong>(Christine responsable) RDV Musee 14h&nbsp;<br><\/li>\n\n\n\n<li><strong>Mardi 19 novembre 2024&nbsp; : <\/strong>Conf\u00e9rence de JC BONNIER \u00ab\u00a0Chefs-d\u2019\u0153uvre de la collection TORLONIA (Anne responsable) Holiday inn de Coquelles 14h 15<br><\/li>\n\n\n\n<li><strong>Mercredi 27 novembre<\/strong> &nbsp; :Mus\u00e9e Guimet\/Cit\u00e9 de l\u2019Architecture (Anne responsable) Rendez-vous sur place Mus\u00e9e Guimet<br><\/li>\n\n\n\n<li><strong>Jeudi 5 d\u00e9cembre<\/strong>&nbsp;: Go\u00fbter de No\u00ebl (\u00e0 pr\u00e9ciser) (Christine responsable)<\/li>\n<\/ul>\n","protected":false},"excerpt":{"rendered":"","protected":false},"author":1,"featured_media":0,"parent":0,"menu_order":1,"comment_status":"closed","ping_status":"closed","template":"","meta":{"ngg_post_thumbnail":0,"footnotes":""},"class_list":["post-4012","page","type-page","status-publish","hentry"],"_links":{"self":[{"href":"https:\/\/www.littorelles.org\/index.php?rest_route=\/wp\/v2\/pages\/4012","targetHints":{"allow":["GET"]}}],"collection":[{"href":"https:\/\/www.littorelles.org\/index.php?rest_route=\/wp\/v2\/pages"}],"about":[{"href":"https:\/\/www.littorelles.org\/index.php?rest_route=\/wp\/v2\/types\/page"}],"author":[{"embeddable":true,"href":"https:\/\/www.littorelles.org\/index.php?rest_route=\/wp\/v2\/users\/1"}],"replies":[{"embeddable":true,"href":"https:\/\/www.littorelles.org\/index.php?rest_route=%2Fwp%2Fv2%2Fcomments&post=4012"}],"version-history":[{"count":1,"href":"https:\/\/www.littorelles.org\/index.php?rest_route=\/wp\/v2\/pages\/4012\/revisions"}],"predecessor-version":[{"id":4484,"href":"https:\/\/www.littorelles.org\/index.php?rest_route=\/wp\/v2\/pages\/4012\/revisions\/4484"}],"wp:attachment":[{"href":"https:\/\/www.littorelles.org\/index.php?rest_route=%2Fwp%2Fv2%2Fmedia&parent=4012"}],"curies":[{"name":"wp","href":"https:\/\/api.w.org\/{rel}","templated":true}]}}