{"id":3991,"date":"2024-07-31T09:58:57","date_gmt":"2024-07-31T08:58:57","guid":{"rendered":"http:\/\/littorelles.org\/?page_id=3991"},"modified":"2024-07-31T09:58:57","modified_gmt":"2024-07-31T08:58:57","slug":"les-jeux-olympiques","status":"publish","type":"page","link":"https:\/\/www.littorelles.org\/?page_id=3991","title":{"rendered":"Les jeux Olympiques"},"content":{"rendered":"\n<p><strong><em>Pour cl\u00f4turer l\u2019ann\u00e9e, nous avons propos\u00e9 aux Littor\u2019elles de d\u00e9couvrir un lieu magique&nbsp;: le Domaine WE \u00e0 Wierre Effroy. Le temps \u00e9tait magnifique et nous avons appr\u00e9ci\u00e9 les diff\u00e9rents pavillon et salles de r\u00e9ception. Dans cette excellente ambiance Jean Claude Bonnier a donn\u00e9 sa conf\u00e9rence sur LES JEUX Olympiques. Nous avons ensuite eu un agr\u00e9able go\u00fbter.&nbsp;&nbsp;<\/em><\/strong><\/p>\n\n\n\n<p>R\u00e9sum\u00e9 de la conf\u00e9rence&nbsp;: \u00ab&nbsp;En Gr\u00e8ce pendant 12 si\u00e8cles ont eu lieu les jeux \u00e0 OLYMPIE d\u2019o\u00f9 les Olympiades&nbsp;; ces concours gymnique, hippiques et musicaux et r\u00e9serv\u00e9s aux grecs, libres de naissance. Les vainqueurs recevaient une couronne de feuilles d\u2019olivier et aussi une amphore d\u2019huile d\u2019olive&nbsp;&nbsp;(retrouv\u00e9es dans les tombes)<\/p>\n\n\n\n<p>393 fin des jeux en Gr\u00e8ce et le site d\u2019Olympie est abandonn\u00e9<\/p>\n\n\n\n<p>1896 La renaissance des jeux olympiques&nbsp;; ils se sont d\u00e9roul\u00e9s \u00e0 Ath\u00e8nes (Gr\u00e8ce). Ce sont les tous premiers Jeux olympiques depuis l&rsquo;Antiquit\u00e9 ; ils ont \u00e9t\u00e9 restaur\u00e9s par le Fran\u00e7ais Pierre de Coubertin<\/p>\n\n\n\n<p>1900 et 1924 jeux Olympiques \u00e0 PARIS&nbsp;; avec l\u2019av\u00e8nement des loisirs ces jeux ont un vif succ\u00e8s<\/p>\n\n\n\n<p>Cela entra\u00eene une \u00e9volution de la p\u00e9dagogie dans le sport. Pierre de Coubertin a des id\u00e9es pr\u00e9cises et devient un soutien de tout ce qui peut r\u00e9g\u00e9n\u00e9rer la jeunesse fran\u00e7aise, le d\u00e9veloppement du sport a une dimension politique au point que Jean Jaur\u00e8s s\u2019alarme\u2026 car il y a une ambigu\u00eft\u00e9 entre l\u2019id\u00e9al et l\u2019id\u00e9e de comp\u00e9tition. Le couronnement de la feuille d\u2019olivier pourrait \u00eatre compar\u00e9 \u00e0 un prix Nobel (exaltation du m\u00e9rite de l\u2019individu)<\/p>\n\n\n\n<p>L\u2019organisation de la structure est un peu enr\u00e9giment\u00e9e et tout a un impact \u00e9conomique<\/p>\n\n\n\n<p>Les jeux ont aujourd\u2019hui sont un \u00e9v\u00e9nement plan\u00e9taire, m\u00eame un d\u00e9lire plan\u00e9taire si on en juge les montants des budgets et ont un impact sur l\u2019environnement positif&nbsp;&nbsp;(par exemple le r\u00e9am\u00e9nagement de la Plaine Saint denis) ou n\u00e9gatif (la piste de bobsleigh qui ne sert plus)<\/p>\n\n\n\n<p>Les jeux antiques reposaient sur une \u00e9thique et une philosophie aujourd\u2019hui c\u2019est aussi un \u00e9v\u00e9nement de prestige et \u00e9conomique&nbsp;: antiquit\u00e9 moderne ou modernit\u00e9 antique&nbsp;?&nbsp;\u00bb<\/p>\n\n\n\n<figure class=\"wp-block-gallery has-nested-images columns-default is-cropped wp-block-gallery-1 is-layout-flex wp-block-gallery-is-layout-flex\">\n<figure class=\"wp-block-image size-large\"><a href=\"http:\/\/www.littorelles.org\/wp-content\/uploads\/2024\/07\/IMG_E9711.jpg\"><img decoding=\"async\" data-id=\"4119\" src=\"http:\/\/www.littorelles.org\/wp-content\/uploads\/2024\/07\/IMG_E9711.jpg\" alt=\"\" class=\"wp-image-4119\"\/><\/a><\/figure>\n\n\n\n<figure class=\"wp-block-image size-large\"><a href=\"http:\/\/www.littorelles.org\/wp-content\/uploads\/2024\/07\/IMG_0837.jpg\"><img decoding=\"async\" data-id=\"4110\" src=\"http:\/\/www.littorelles.org\/wp-content\/uploads\/2024\/07\/IMG_0837.jpg\" alt=\"\" class=\"wp-image-4110\"\/><\/a><\/figure>\n\n\n\n<figure class=\"wp-block-image size-large\"><a href=\"http:\/\/www.littorelles.org\/wp-content\/uploads\/2024\/07\/IMG_0857.jpg\"><img decoding=\"async\" data-id=\"4116\" src=\"http:\/\/www.littorelles.org\/wp-content\/uploads\/2024\/07\/IMG_0857.jpg\" alt=\"\" class=\"wp-image-4116\"\/><\/a><\/figure>\n\n\n\n<figure class=\"wp-block-image size-large\"><a href=\"http:\/\/www.littorelles.org\/wp-content\/uploads\/2024\/07\/IMG_0868.jpg\"><img decoding=\"async\" data-id=\"4117\" src=\"http:\/\/www.littorelles.org\/wp-content\/uploads\/2024\/07\/IMG_0868.jpg\" alt=\"\" class=\"wp-image-4117\"\/><\/a><\/figure>\n\n\n\n<figure class=\"wp-block-image size-large\"><a href=\"http:\/\/www.littorelles.org\/wp-content\/uploads\/2024\/07\/IMG_E0838.jpg\"><img decoding=\"async\" data-id=\"4118\" src=\"http:\/\/www.littorelles.org\/wp-content\/uploads\/2024\/07\/IMG_E0838.jpg\" alt=\"\" class=\"wp-image-4118\"\/><\/a><\/figure>\n\n\n\n<figure class=\"wp-block-image size-large\"><a href=\"http:\/\/www.littorelles.org\/wp-content\/uploads\/2024\/07\/00.jpeg\"><img decoding=\"async\" data-id=\"3992\" src=\"http:\/\/www.littorelles.org\/wp-content\/uploads\/2024\/07\/00.jpeg\" alt=\"\" class=\"wp-image-3992\"\/><\/a><\/figure>\n\n\n\n<figure class=\"wp-block-image size-large\"><a href=\"http:\/\/www.littorelles.org\/wp-content\/uploads\/2024\/07\/0.jpg\"><img decoding=\"async\" data-id=\"3993\" src=\"http:\/\/www.littorelles.org\/wp-content\/uploads\/2024\/07\/0.jpg\" alt=\"\" class=\"wp-image-3993\"\/><\/a><\/figure>\n\n\n\n<figure class=\"wp-block-image size-large\"><a href=\"http:\/\/www.littorelles.org\/wp-content\/uploads\/2024\/07\/1.jpg\"><img decoding=\"async\" data-id=\"3997\" src=\"http:\/\/www.littorelles.org\/wp-content\/uploads\/2024\/07\/1.jpg\" alt=\"\" class=\"wp-image-3997\"\/><\/a><\/figure>\n\n\n\n<figure class=\"wp-block-image size-large\"><a href=\"http:\/\/www.littorelles.org\/wp-content\/uploads\/2024\/07\/2.jpg\"><img decoding=\"async\" data-id=\"3996\" src=\"http:\/\/www.littorelles.org\/wp-content\/uploads\/2024\/07\/2.jpg\" alt=\"\" class=\"wp-image-3996\"\/><\/a><\/figure>\n\n\n\n<figure class=\"wp-block-image size-large\"><a href=\"http:\/\/www.littorelles.org\/wp-content\/uploads\/2024\/07\/3.jpg\"><img decoding=\"async\" data-id=\"3995\" src=\"http:\/\/www.littorelles.org\/wp-content\/uploads\/2024\/07\/3.jpg\" alt=\"\" class=\"wp-image-3995\"\/><\/a><\/figure>\n\n\n\n<figure class=\"wp-block-image size-large\"><a href=\"http:\/\/www.littorelles.org\/wp-content\/uploads\/2024\/07\/4.jpg\"><img decoding=\"async\" data-id=\"3994\" src=\"http:\/\/www.littorelles.org\/wp-content\/uploads\/2024\/07\/4.jpg\" alt=\"\" class=\"wp-image-3994\"\/><\/a><\/figure>\n\n\n\n<figure class=\"wp-block-image size-large\"><a href=\"http:\/\/www.littorelles.org\/wp-content\/uploads\/2024\/07\/IMG_0816.jpg\"><img decoding=\"async\" data-id=\"4111\" src=\"http:\/\/www.littorelles.org\/wp-content\/uploads\/2024\/07\/IMG_0816.jpg\" alt=\"\" class=\"wp-image-4111\"\/><\/a><\/figure>\n\n\n\n<figure class=\"wp-block-image size-large\"><a href=\"http:\/\/www.littorelles.org\/wp-content\/uploads\/2024\/07\/IMG_0828.jpg\"><img decoding=\"async\" data-id=\"4112\" src=\"http:\/\/www.littorelles.org\/wp-content\/uploads\/2024\/07\/IMG_0828.jpg\" alt=\"\" class=\"wp-image-4112\"\/><\/a><\/figure>\n\n\n\n<figure class=\"wp-block-image size-large\"><a href=\"http:\/\/www.littorelles.org\/wp-content\/uploads\/2024\/07\/IMG_0835.jpg\"><img decoding=\"async\" data-id=\"4114\" src=\"http:\/\/www.littorelles.org\/wp-content\/uploads\/2024\/07\/IMG_0835.jpg\" alt=\"\" class=\"wp-image-4114\"\/><\/a><\/figure>\n\n\n\n<figure class=\"wp-block-image size-large\"><a href=\"http:\/\/www.littorelles.org\/wp-content\/uploads\/2024\/07\/5.jpg\"><img decoding=\"async\" data-id=\"3998\" src=\"http:\/\/www.littorelles.org\/wp-content\/uploads\/2024\/07\/5-1024x703.jpg\" alt=\"\" class=\"wp-image-3998\"\/><\/a><\/figure>\n\n\n\n<figure class=\"wp-block-image size-large\"><a href=\"http:\/\/www.littorelles.org\/wp-content\/uploads\/2024\/07\/6.jpg\"><img decoding=\"async\" data-id=\"3999\" src=\"http:\/\/www.littorelles.org\/wp-content\/uploads\/2024\/07\/6-1024x683.jpg\" alt=\"\" class=\"wp-image-3999\"\/><\/a><\/figure>\n\n\n\n<figure class=\"wp-block-image size-large\"><a href=\"http:\/\/www.littorelles.org\/wp-content\/uploads\/2024\/07\/14.jpg\"><img decoding=\"async\" data-id=\"4001\" src=\"http:\/\/www.littorelles.org\/wp-content\/uploads\/2024\/07\/14-1024x576.jpg\" alt=\"\" class=\"wp-image-4001\"\/><\/a><\/figure>\n\n\n\n<figure class=\"wp-block-image size-large\"><a href=\"http:\/\/www.littorelles.org\/wp-content\/uploads\/2024\/07\/7.jpg\"><img decoding=\"async\" data-id=\"4002\" src=\"http:\/\/www.littorelles.org\/wp-content\/uploads\/2024\/07\/7-612x1024.jpg\" alt=\"\" class=\"wp-image-4002\"\/><\/a><\/figure>\n\n\n\n<figure class=\"wp-block-image size-large\"><a href=\"http:\/\/www.littorelles.org\/wp-content\/uploads\/2024\/07\/8.jpg\"><img decoding=\"async\" data-id=\"4000\" src=\"http:\/\/www.littorelles.org\/wp-content\/uploads\/2024\/07\/8.jpg\" alt=\"\" class=\"wp-image-4000\"\/><\/a><\/figure>\n\n\n\n<figure class=\"wp-block-image size-large\"><a href=\"http:\/\/www.littorelles.org\/wp-content\/uploads\/2024\/07\/9.jpg\"><img decoding=\"async\" data-id=\"4003\" src=\"http:\/\/www.littorelles.org\/wp-content\/uploads\/2024\/07\/9.jpg\" alt=\"\" class=\"wp-image-4003\"\/><\/a><\/figure>\n\n\n\n<figure class=\"wp-block-image size-large\"><a href=\"http:\/\/www.littorelles.org\/wp-content\/uploads\/2024\/07\/10.jpg\"><img decoding=\"async\" data-id=\"4004\" src=\"http:\/\/www.littorelles.org\/wp-content\/uploads\/2024\/07\/10.jpg\" alt=\"\" class=\"wp-image-4004\"\/><\/a><figcaption class=\"wp-element-caption\">1699267 baron Pierre de Coubertin (1863-1937) French pedagogue and historian, best known as the modernizer of the Olympic Games as soon as 1894. He founded the International Olympic Committee (IOC) of which he was President in 1896-1925, here c. 1895; (add.info.: baron Pierre de Coubertin (1863-1937) French pedagogue and historian, best known as the modernizer of the Olympic Games as soon as 1894. He founded the International Olympic Committee (IOC) of which he was president in 1896-1925, here c. 1895);  it is possible that some works by this artist may be protected by third party rights in some territories.<\/figcaption><\/figure>\n\n\n\n<figure class=\"wp-block-image size-large\"><a href=\"http:\/\/www.littorelles.org\/wp-content\/uploads\/2024\/07\/11.jpg\"><img decoding=\"async\" data-id=\"4005\" src=\"http:\/\/www.littorelles.org\/wp-content\/uploads\/2024\/07\/11.jpg\" alt=\"\" class=\"wp-image-4005\"\/><\/a><\/figure>\n\n\n\n<figure class=\"wp-block-image size-large\"><a href=\"http:\/\/www.littorelles.org\/wp-content\/uploads\/2024\/07\/12.jpg\"><img decoding=\"async\" data-id=\"4006\" src=\"http:\/\/www.littorelles.org\/wp-content\/uploads\/2024\/07\/12.jpg\" alt=\"\" class=\"wp-image-4006\"\/><\/a><\/figure>\n\n\n\n<figure class=\"wp-block-image size-large\"><a href=\"http:\/\/www.littorelles.org\/wp-content\/uploads\/2024\/07\/13.jpeg\"><img decoding=\"async\" data-id=\"4007\" src=\"http:\/\/www.littorelles.org\/wp-content\/uploads\/2024\/07\/13.jpeg\" alt=\"\" class=\"wp-image-4007\"\/><\/a><figcaption class=\"wp-element-caption\">verschwommene Sportler beim Start im Sprint der Leichtathletik<\/figcaption><\/figure>\n\n\n\n<figure class=\"wp-block-image size-large\"><a href=\"http:\/\/www.littorelles.org\/wp-content\/uploads\/2024\/07\/15.jpg\"><img decoding=\"async\" data-id=\"4008\" src=\"http:\/\/www.littorelles.org\/wp-content\/uploads\/2024\/07\/15.jpg\" alt=\"\" class=\"wp-image-4008\"\/><\/a><\/figure>\n\n\n\n<figure class=\"wp-block-image size-large\"><a href=\"http:\/\/www.littorelles.org\/wp-content\/uploads\/2024\/07\/IMG_0813.jpg\"><img decoding=\"async\" data-id=\"4115\" src=\"http:\/\/www.littorelles.org\/wp-content\/uploads\/2024\/07\/IMG_0813.jpg\" alt=\"\" class=\"wp-image-4115\"\/><\/a><\/figure>\n\n\n\n<figure class=\"wp-block-image size-large\"><a href=\"http:\/\/www.littorelles.org\/wp-content\/uploads\/2024\/07\/IMG_0815.jpg\"><img decoding=\"async\" data-id=\"4113\" src=\"http:\/\/www.littorelles.org\/wp-content\/uploads\/2024\/07\/IMG_0815.jpg\" alt=\"\" class=\"wp-image-4113\"\/><\/a><\/figure>\n\n\n\n<figure class=\"wp-block-image size-large\"><a href=\"http:\/\/www.littorelles.org\/wp-content\/uploads\/2024\/07\/16.jpg\"><img decoding=\"async\" data-id=\"4009\" src=\"http:\/\/www.littorelles.org\/wp-content\/uploads\/2024\/07\/16.jpg\" alt=\"\" class=\"wp-image-4009\"\/><\/a><\/figure>\n<\/figure>\n","protected":false},"excerpt":{"rendered":"<p>Pour cl\u00f4turer l\u2019ann\u00e9e, nous avons propos\u00e9 aux Littor\u2019elles de d\u00e9couvrir un lieu magique&nbsp;: le Domaine WE \u00e0 Wierre Effroy. Le temps \u00e9tait magnifique et nous avons appr\u00e9ci\u00e9 les diff\u00e9rents pavillon et salles de r\u00e9ception. Dans cette excellente ambiance Jean Claude Bonnier a donn\u00e9 sa conf\u00e9rence sur LES JEUX Olympiques. Nous avons ensuite eu un agr\u00e9able &hellip; <a href=\"https:\/\/www.littorelles.org\/?page_id=3991\" class=\"more-link\">Continuer la lecture de <span class=\"screen-reader-text\">Les jeux Olympiques<\/span> <span class=\"meta-nav\">&rarr;<\/span><\/a><\/p>\n","protected":false},"author":1,"featured_media":0,"parent":4012,"menu_order":0,"comment_status":"closed","ping_status":"closed","template":"","meta":{"ngg_post_thumbnail":0,"footnotes":""},"class_list":["post-3991","page","type-page","status-publish","hentry"],"_links":{"self":[{"href":"https:\/\/www.littorelles.org\/index.php?rest_route=\/wp\/v2\/pages\/3991","targetHints":{"allow":["GET"]}}],"collection":[{"href":"https:\/\/www.littorelles.org\/index.php?rest_route=\/wp\/v2\/pages"}],"about":[{"href":"https:\/\/www.littorelles.org\/index.php?rest_route=\/wp\/v2\/types\/page"}],"author":[{"embeddable":true,"href":"https:\/\/www.littorelles.org\/index.php?rest_route=\/wp\/v2\/users\/1"}],"replies":[{"embeddable":true,"href":"https:\/\/www.littorelles.org\/index.php?rest_route=%2Fwp%2Fv2%2Fcomments&post=3991"}],"version-history":[{"count":0,"href":"https:\/\/www.littorelles.org\/index.php?rest_route=\/wp\/v2\/pages\/3991\/revisions"}],"up":[{"embeddable":true,"href":"https:\/\/www.littorelles.org\/index.php?rest_route=\/wp\/v2\/pages\/4012"}],"wp:attachment":[{"href":"https:\/\/www.littorelles.org\/index.php?rest_route=%2Fwp%2Fv2%2Fmedia&parent=3991"}],"curies":[{"name":"wp","href":"https:\/\/api.w.org\/{rel}","templated":true}]}}