{"id":3950,"date":"2024-02-22T11:17:49","date_gmt":"2024-02-22T10:17:49","guid":{"rendered":"https:\/\/littorelles.org\/?page_id=3950"},"modified":"2024-02-22T11:17:49","modified_gmt":"2024-02-22T10:17:49","slug":"le-baroque-et-jean-baptiste-rameau","status":"publish","type":"page","link":"https:\/\/www.littorelles.org\/?page_id=3950","title":{"rendered":"Le Baroque et Jean Baptiste Rameau"},"content":{"rendered":"\n<p><em><strong>Sylvie Aerts, musicienne accomplie, nous a fait appr\u00e9cier le musicien baroque Jean Baptiste Rameau en le rempla\u00e7ant dans son \u00e9poque<\/strong><\/em><\/p>\n\n\n\n<p>\u00ab\u00a0Jean-Philippe Rameau est un compositeur fran\u00e7ais consid\u00e9r\u00e9 comme l&rsquo;un des premiers grands musiciens fran\u00e7ais de l&rsquo;histoire. I<\/p>\n\n\n\n<p>Jean-Philippe Rameau na\u00eet le 25 septembre 1683 \u00e0&nbsp;<a href=\"https:\/\/www.linternaute.com\/ville\/dijon\/ville-21231\" target=\"_blank\" rel=\"noreferrer noopener\">Dijon<\/a>, dans une famille bourgeoise issue de la noblesse provinciale. Ce fils d&rsquo;organiste est rapidement initi\u00e9 \u00e0 la ma\u00eetrise du clavier. La l\u00e9gende veut que son talent lui ait permis de ma\u00eetriser le d\u00e9chiffrage des notes plus vite que celui des mots. Ce jeune homme brillant plaque pourtant ses \u00e9tudes de droit \u00e0 l&rsquo;adolescence en faveur de la musique. Son p\u00e8re r\u00e9pond favorablement \u00e0 cette ambition et l&rsquo;envoie en Italie, mais le jeune homme revient quelques mois plus tard. Il d\u00e9m\u00e9nage alors souvent, au gr\u00e9 des besoins en organiste des cath\u00e9drales et des \u00e9glises.<\/p>\n\n\n\n<p>Ce n&rsquo;est qu&rsquo;en 1706 qu&rsquo;il d\u00e9barque pour la premi\u00e8re fois \u00e0&nbsp;<a href=\"https:\/\/www.linternaute.com\/ville\/paris\/ville-75056\" target=\"_blank\" rel=\"noreferrer noopener\">Paris<\/a>. C&rsquo;est \u00e0 la capitale qu&rsquo;il trouve l&rsquo;opportunit\u00e9 de publier ses compositions les plus abouties. Apr\u00e8s quelques ann\u00e9es suppl\u00e9mentaires de voyages, il prend d\u00e9finitivement ses quartiers \u00e0 Paris en 1722 il devient c\u00e9l\u00e8bre et&nbsp; compose en&nbsp; 1733 \u00ab\u00a0Les Indes galantes\u00a0\u00bb ou \u00ab\u00a0Castor et Pollux\u00a0\u00bb. Acteur majeur de la musique lyrique dans les ann\u00e9es 1740, il s&rsquo;oppose \u00e0 partir de 1752 au philosophe&nbsp;<a href=\"https:\/\/www.linternaute.fr\/biographie\/litterature\/1775286-jean-jacques-rousseau-biographie-courte-dates-citations\/\" target=\"_blank\" rel=\"noreferrer noopener\">Jean-Jacques Rousseau<\/a>. Ce dernier d\u00e9fend la l\u00e9g\u00e8ret\u00e9 de l&rsquo;op\u00e9ra italien et son accessibilit\u00e9 au grand public, alors que Rameau pr\u00f4ne, lui, la complexit\u00e9 de la composition fran\u00e7aise. Jean-Philippe Rameau meurt avec ses id\u00e9es en 1764, apr\u00e8s avoir compos\u00e9 son dernier op\u00e9ra, \u00ab\u00a0Les Bor\u00e9ades\u00a0\u00bb.<\/p>\n\n\n\n<p>Sylvie nous a fait \u00e9couter des passages des Bor\u00e9ades et la musique de Rameau a s\u00e9duit les participantes\u00a0<em>\u00ab\u00a0Ultime trag\u00e9die lyrique de Rameau,\u00a0Les Bor\u00e9ades\u00a0\u00e9taient destin\u00e9es aux F\u00eates Royales c\u00e9l\u00e9brant la fin de la Guerre de Sept Ans. La disparition du musicien quelques semaines apr\u00e8s le d\u00e9but des r\u00e9p\u00e9titions plongea l\u2019ouvrage dans l\u2019oubli o\u00f9 il resta pendant pr\u00e8s de 250 ans jusqu\u2019\u00e0 sa renaissance en 1964 et sa pr\u00e9sentation en sc\u00e8ne au Festival d\u2019Aix au d\u00e9but des ann\u00e9es 80 puis son entr\u00e9e au r\u00e9pertoire de l\u2019Op\u00e9ra de Paris en 2003.\u00a0Et pourtant,\u00a0Les Bor\u00e9ades\u00a0sont sans nul doute parmi les pages les plus accomplies de Rameau\u00a0: le drame est puissant, l\u2019\u00e9criture pour l\u2019orchestre et le ch\u0153ur d\u2019une folle virtuosit\u00e9 et l\u2019invention m\u00e9lodique permanente.\u00a0\u00bb\u00a0<\/em><\/p>\n\n\n\n<p><a href=\"https:\/\/www.youtube.com\/watch?v=HEkNuFbe5o0&amp;t=51s\" target=\"_blank\" rel=\"noreferrer noopener\">Jean Philippe Rameau, le ma\u00eetre du baroque (Documentaire\/ Documentary ENG SUB) (youtube.com)<\/a><\/p>\n\n\n\n<p><a href=\"https:\/\/www.youtube.com\/watch?v=PjVbFmuYcIk&amp;t=699s\" target=\"_blank\" rel=\"noreferrer noopener\">Rameau: Les Bor\u00e9ades \u2013 Suite \u2219 hr-Sinfonieorchester \u2219 Riccardo Minasi (youtube.com)<\/a><\/p>\n\n\n\n<p><a href=\"https:\/\/www.youtube.com\/watch?v=CzyecqpUcEo&amp;t=31s\" target=\"_blank\" rel=\"noreferrer noopener\">La Nuit &#8211; D&rsquo;apr\u00e8s Jean-Philippe Rameau (Hymne \u00e0 la nuit) (youtube.com)<\/a><\/p>\n\n\n\n<figure class=\"wp-block-gallery has-nested-images columns-default is-cropped wp-block-gallery-1 is-layout-flex wp-block-gallery-is-layout-flex\">\n<figure class=\"wp-block-image size-large\"><a href=\"https:\/\/littorelles.org\/wp-content\/uploads\/2024\/02\/unnamed.jpg\"><img decoding=\"async\" data-id=\"3952\" src=\"https:\/\/littorelles.org\/wp-content\/uploads\/2024\/02\/unnamed.jpg\" alt=\"\" class=\"wp-image-3952\"\/><\/a><\/figure>\n\n\n\n<figure class=\"wp-block-image size-large\"><a href=\"https:\/\/littorelles.org\/wp-content\/uploads\/2024\/02\/sylvie-a.jpg\"><img decoding=\"async\" data-id=\"3951\" src=\"https:\/\/littorelles.org\/wp-content\/uploads\/2024\/02\/sylvie-a.jpg\" alt=\"\" class=\"wp-image-3951\"\/><\/a><\/figure>\n\n\n\n<figure class=\"wp-block-image size-large\"><a href=\"https:\/\/littorelles.org\/wp-content\/uploads\/2024\/02\/sylvie.jpg\"><img decoding=\"async\" data-id=\"3953\" src=\"https:\/\/littorelles.org\/wp-content\/uploads\/2024\/02\/sylvie.jpg\" alt=\"\" class=\"wp-image-3953\"\/><\/a><\/figure>\n\n\n\n<figure class=\"wp-block-image size-large\"><a href=\"https:\/\/littorelles.org\/wp-content\/uploads\/2024\/02\/sylvie3.jpg\"><img decoding=\"async\" data-id=\"3954\" src=\"https:\/\/littorelles.org\/wp-content\/uploads\/2024\/02\/sylvie3.jpg\" alt=\"\" class=\"wp-image-3954\"\/><\/a><\/figure>\n<\/figure>\n","protected":false},"excerpt":{"rendered":"<p>Sylvie Aerts, musicienne accomplie, nous a fait appr\u00e9cier le musicien baroque Jean Baptiste Rameau en le rempla\u00e7ant dans son \u00e9poque \u00ab\u00a0Jean-Philippe Rameau est un compositeur fran\u00e7ais consid\u00e9r\u00e9 comme l&rsquo;un des premiers grands musiciens fran\u00e7ais de l&rsquo;histoire. I Jean-Philippe Rameau na\u00eet le 25 septembre 1683 \u00e0&nbsp;Dijon, dans une famille bourgeoise issue de la noblesse provinciale. Ce &hellip; <a href=\"https:\/\/www.littorelles.org\/?page_id=3950\" class=\"more-link\">Continuer la lecture de <span class=\"screen-reader-text\">Le Baroque et Jean Baptiste Rameau<\/span> <span class=\"meta-nav\">&rarr;<\/span><\/a><\/p>\n","protected":false},"author":1,"featured_media":0,"parent":3766,"menu_order":0,"comment_status":"closed","ping_status":"closed","template":"","meta":{"ngg_post_thumbnail":0,"footnotes":""},"class_list":["post-3950","page","type-page","status-publish","hentry"],"_links":{"self":[{"href":"https:\/\/www.littorelles.org\/index.php?rest_route=\/wp\/v2\/pages\/3950","targetHints":{"allow":["GET"]}}],"collection":[{"href":"https:\/\/www.littorelles.org\/index.php?rest_route=\/wp\/v2\/pages"}],"about":[{"href":"https:\/\/www.littorelles.org\/index.php?rest_route=\/wp\/v2\/types\/page"}],"author":[{"embeddable":true,"href":"https:\/\/www.littorelles.org\/index.php?rest_route=\/wp\/v2\/users\/1"}],"replies":[{"embeddable":true,"href":"https:\/\/www.littorelles.org\/index.php?rest_route=%2Fwp%2Fv2%2Fcomments&post=3950"}],"version-history":[{"count":0,"href":"https:\/\/www.littorelles.org\/index.php?rest_route=\/wp\/v2\/pages\/3950\/revisions"}],"up":[{"embeddable":true,"href":"https:\/\/www.littorelles.org\/index.php?rest_route=\/wp\/v2\/pages\/3766"}],"wp:attachment":[{"href":"https:\/\/www.littorelles.org\/index.php?rest_route=%2Fwp%2Fv2%2Fmedia&parent=3950"}],"curies":[{"name":"wp","href":"https:\/\/api.w.org\/{rel}","templated":true}]}}