{"id":3888,"date":"2024-02-22T10:19:46","date_gmt":"2024-02-22T09:19:46","guid":{"rendered":"https:\/\/littorelles.org\/?page_id=3888"},"modified":"2024-02-22T10:19:46","modified_gmt":"2024-02-22T09:19:46","slug":"la-spoliation-doeuvres-dart-en-france-pendant-la-2eme-guerre-mondiale","status":"publish","type":"page","link":"https:\/\/www.littorelles.org\/?page_id=3888","title":{"rendered":"La spoliation d\u2019\u0153uvres d\u2019art en France pendant la 2\u00e8me guerre mondiale\u00a0"},"content":{"rendered":"\n<p><em>L\u2019art joue un r\u00f4le capital dans la politique de l\u2019Allemagne nazie&nbsp;: rejet de l\u2019art moderne jug\u00e9 \u00ab&nbsp;d\u00e9g\u00e9n\u00e9r\u00e9&nbsp;\u00bb, cr\u00e9ation du F\u00fchrerMuseum (Linz), accaparement des biens des pays europ\u00e9ens vaincus\u2026<\/em><\/p>\n\n\n\n<p><em>En France, d\u00e8s ao\u00fbt 1940, l\u2019ambassadeur allemand Otto Abetz saisit les biens de galeristes et collectionneurs juifs. Puis, le pillage est men\u00e9 par l\u2019Einsatzstab Reichsleiter Rosenberg, aid\u00e9 des politiques du r\u00e9gime de Vichy, comme l\u2019aryanisation des biens. Les objets \u00ab&nbsp;confisqu\u00e9s&nbsp;\u00bb transitent au Louvre puis, d\u00e8s octobre 1940, au Jeu de paume o\u00f9 l\u2019attach\u00e9e de conservation Rose Valland note secr\u00e8tement les mouvements d\u2019\u0153uvres.<\/em><\/p>\n\n\n\n<p><em>60&nbsp;000 des 100&nbsp;000 objets d\u2019art exp\u00e9di\u00e9s en Allemagne reviennent \u00e0 la Lib\u00e9ration gr\u00e2ce aux Alli\u00e9s et aux Monuments Men. 45 000 sont rendus aux familles gr\u00e2ce \u00e0 la Commission de R\u00e9cup\u00e9ration Artistique. 13&nbsp;000 rest\u00e9s sans propri\u00e9taire sont alors dispers\u00e9s lors de ventes par les Domaines. Les 2000 \u0153uvres restantes sont confi\u00e9es aux Mus\u00e9es Nationaux qui doivent les exposer, en vue d&rsquo;identifier leur propri\u00e9taire. Or, aujourd\u2019hui, 99 % d\u2019entre elles, toujours pr\u00e9sent\u00e9es au Louvre, au mus\u00e9e d\u2019Orsay et dans des mus\u00e9es en &nbsp;r\u00e9gion, attendent leur \u00e9ventuelle restitution.<\/em><em><\/em><\/p>\n\n\n\n<p>Comment se sont organis\u00e9es les spoliations d\u2019\u0153uvres d\u2019art sous l\u2019Occupation ? Dans quelle mesure la pers\u00e9cution et la d\u00e9portation des juifs va aussi b\u00e9n\u00e9ficier \u00e0 certains professionnels du march\u00e9 de l\u2019art ? Qui \u00e9tait Rose Valland, t\u00e9moin cl\u00e9 des pillages d\u2019\u0153uvres d\u2019art ? Et comment favoriser la restitution de ces \u0153uvres ?<\/p>\n\n\n\n<p>Mr Nicolas Feliers a tent\u00e9 de r\u00e9pondre \u00e0 toutes ces questions dans sa brillante intervention.<\/p>\n\n\n\n<p><a href=\"https:\/\/www.francetvinfo.fr\/culture\/patrimoine\/histoire-rose-valland-la-resistante-qui-a-restitue-60-000-oeuvres-d-art-volees-par-les-nazis_4243117.html\">https:\/\/www.francetvinfo.fr\/culture\/patrimoine\/histoire-rose-valland-la-resistante-qui-a-restitue-60-000-oeuvres-d-art-volees-par-les-nazis_4243117.html<\/a><\/p>\n\n\n\n<figure class=\"wp-block-gallery has-nested-images columns-default is-cropped wp-block-gallery-1 is-layout-flex wp-block-gallery-is-layout-flex\">\n<figure class=\"wp-block-image size-large\"><a href=\"https:\/\/littorelles.org\/wp-content\/uploads\/2024\/02\/Mr-FELLIERS.jpg\"><img decoding=\"async\" data-id=\"3889\" src=\"https:\/\/littorelles.org\/wp-content\/uploads\/2024\/02\/Mr-FELLIERS.jpg\" alt=\"\" class=\"wp-image-3889\"\/><\/a><\/figure>\n\n\n\n<figure class=\"wp-block-image size-large\"><a href=\"https:\/\/littorelles.org\/wp-content\/uploads\/2024\/02\/rose-valland.jpg\"><img decoding=\"async\" data-id=\"3893\" src=\"https:\/\/littorelles.org\/wp-content\/uploads\/2024\/02\/rose-valland.jpg\" alt=\"\" class=\"wp-image-3893\"\/><\/a><\/figure>\n\n\n\n<figure class=\"wp-block-image size-large\"><a href=\"https:\/\/littorelles.org\/wp-content\/uploads\/2024\/02\/musee-hitler.jpg\"><img decoding=\"async\" data-id=\"3892\" src=\"https:\/\/littorelles.org\/wp-content\/uploads\/2024\/02\/musee-hitler.jpg\" alt=\"\" class=\"wp-image-3892\"\/><\/a><figcaption class=\"wp-element-caption\">Sch\u00f6nes Deutschland\nDas Haus der Deutschen Kunst in M\u00fcnchen.<\/figcaption><\/figure>\n\n\n\n<figure class=\"wp-block-image size-large\"><a href=\"https:\/\/littorelles.org\/wp-content\/uploads\/2024\/02\/musee-munich.jpg\"><img decoding=\"async\" data-id=\"3891\" src=\"https:\/\/littorelles.org\/wp-content\/uploads\/2024\/02\/musee-munich.jpg\" alt=\"\" class=\"wp-image-3891\"\/><\/a><\/figure>\n\n\n\n<figure class=\"wp-block-image size-large\"><a href=\"https:\/\/littorelles.org\/wp-content\/uploads\/2024\/02\/vols-nazi.jpg\"><img decoding=\"async\" data-id=\"3890\" src=\"https:\/\/littorelles.org\/wp-content\/uploads\/2024\/02\/vols-nazi-1024x576.jpg\" alt=\"\" class=\"wp-image-3890\"\/><\/a><\/figure>\n<\/figure>\n","protected":false},"excerpt":{"rendered":"<p>L\u2019art joue un r\u00f4le capital dans la politique de l\u2019Allemagne nazie&nbsp;: rejet de l\u2019art moderne jug\u00e9 \u00ab&nbsp;d\u00e9g\u00e9n\u00e9r\u00e9&nbsp;\u00bb, cr\u00e9ation du F\u00fchrerMuseum (Linz), accaparement des biens des pays europ\u00e9ens vaincus\u2026 En France, d\u00e8s ao\u00fbt 1940, l\u2019ambassadeur allemand Otto Abetz saisit les biens de galeristes et collectionneurs juifs. Puis, le pillage est men\u00e9 par l\u2019Einsatzstab Reichsleiter Rosenberg, aid\u00e9 &hellip; <a href=\"https:\/\/www.littorelles.org\/?page_id=3888\" class=\"more-link\">Continuer la lecture de <span class=\"screen-reader-text\">La spoliation d\u2019\u0153uvres d\u2019art en France pendant la 2\u00e8me guerre mondiale\u00a0<\/span> <span class=\"meta-nav\">&rarr;<\/span><\/a><\/p>\n","protected":false},"author":1,"featured_media":0,"parent":3766,"menu_order":0,"comment_status":"closed","ping_status":"closed","template":"","meta":{"ngg_post_thumbnail":0,"footnotes":""},"class_list":["post-3888","page","type-page","status-publish","hentry"],"_links":{"self":[{"href":"https:\/\/www.littorelles.org\/index.php?rest_route=\/wp\/v2\/pages\/3888","targetHints":{"allow":["GET"]}}],"collection":[{"href":"https:\/\/www.littorelles.org\/index.php?rest_route=\/wp\/v2\/pages"}],"about":[{"href":"https:\/\/www.littorelles.org\/index.php?rest_route=\/wp\/v2\/types\/page"}],"author":[{"embeddable":true,"href":"https:\/\/www.littorelles.org\/index.php?rest_route=\/wp\/v2\/users\/1"}],"replies":[{"embeddable":true,"href":"https:\/\/www.littorelles.org\/index.php?rest_route=%2Fwp%2Fv2%2Fcomments&post=3888"}],"version-history":[{"count":0,"href":"https:\/\/www.littorelles.org\/index.php?rest_route=\/wp\/v2\/pages\/3888\/revisions"}],"up":[{"embeddable":true,"href":"https:\/\/www.littorelles.org\/index.php?rest_route=\/wp\/v2\/pages\/3766"}],"wp:attachment":[{"href":"https:\/\/www.littorelles.org\/index.php?rest_route=%2Fwp%2Fv2%2Fmedia&parent=3888"}],"curies":[{"name":"wp","href":"https:\/\/api.w.org\/{rel}","templated":true}]}}