{"id":3876,"date":"2024-02-22T10:14:14","date_gmt":"2024-02-22T09:14:14","guid":{"rendered":"https:\/\/littorelles.org\/?page_id=3876"},"modified":"2024-02-22T10:14:14","modified_gmt":"2024-02-22T09:14:14","slug":"bruges-de-si-vieilles-pierres-art-et-architecture","status":"publish","type":"page","link":"https:\/\/www.littorelles.org\/?page_id=3876","title":{"rendered":"Bruges de si vieilles Pierres : art et architecture"},"content":{"rendered":"\n<p>C\u2019est une Promenade du Moyen Age \u00e0 la Renaissance que nous avons fait le matin \u00e0 BRUGES<\/p>\n\n\n\n<p>&nbsp;Nous avons eu une visite comment\u00e9e de l\u2019H\u00f4pital Saint Jean&nbsp;; il&nbsp;&nbsp;fait partie du paysage historique de Bruges depuis l\u2019\u00e9poque bourguignonne. Construit en briques rouge \u00e0 partir de 1150, cet ensemble de halles parall\u00e8les \u00e0 quelques m\u00e8tres seulement d\u2019un des canaux principaux de la ville et de l\u2019\u00c9glise Notre-Dame est un des plus importants complexes hospitaliers de toute l\u2019Europe du moyen-\u00e2ge.<\/p>\n\n\n\n<p>Cette conf\u00e9rence guid\u00e9e retra\u00e7ait fort la vie \u00e0 Bruges&nbsp;&nbsp;au XII\u00e8me si\u00e8cle et ensuite<\/p>\n\n\n\n<p>Apr\u00e8s un d\u00e9jeuner tr\u00e8s appr\u00e9ci\u00e9 \u00e0 la brasserie du \u00ab&nbsp;Concertgebouw&nbsp;\u00bb, nous avons d\u00e9couvert le fonctionnement d\u2019une grande salle de concert du Concertgebouw et pris&nbsp;&nbsp;la mesure de son acoustique exceptionnelle, nous avons \u00e9t\u00e9 surpris&nbsp;&nbsp;par la collection d\u2019art contemporain.&nbsp;&nbsp;Cerise sur le g\u00e2teau, la vue panoramique est \u00e0 couper le souffle de la ville depuis la terrasse sur le toit<\/p>\n\n\n\n<p>Le contraste de 2 \u00e9poques pour une superbe ville !<\/p>\n\n\n\n<figure class=\"wp-block-gallery has-nested-images columns-default is-cropped wp-block-gallery-1 is-layout-flex wp-block-gallery-is-layout-flex\">\n<figure class=\"wp-block-image size-medium\"><a href=\"https:\/\/littorelles.org\/wp-content\/uploads\/2024\/02\/concert2.jpg\"><img decoding=\"async\" data-id=\"3877\" src=\"https:\/\/littorelles.org\/wp-content\/uploads\/2024\/02\/concert2-300x225.jpg\" alt=\"\" class=\"wp-image-3877\"\/><\/a><\/figure>\n\n\n\n<figure class=\"wp-block-image size-large\"><a href=\"https:\/\/littorelles.org\/wp-content\/uploads\/2024\/02\/concert6.jpg\"><img decoding=\"async\" data-id=\"3878\" src=\"https:\/\/littorelles.org\/wp-content\/uploads\/2024\/02\/concert6.jpg\" alt=\"\" class=\"wp-image-3878\"\/><\/a><\/figure>\n\n\n\n<figure class=\"wp-block-image size-large\"><a href=\"https:\/\/littorelles.org\/wp-content\/uploads\/2024\/02\/brugesphoto2.jpg\"><img decoding=\"async\" data-id=\"3879\" src=\"https:\/\/littorelles.org\/wp-content\/uploads\/2024\/02\/brugesphoto2-1024x576.jpg\" alt=\"\" class=\"wp-image-3879\"\/><\/a><\/figure>\n\n\n\n<figure class=\"wp-block-image size-large\"><a href=\"https:\/\/littorelles.org\/wp-content\/uploads\/2024\/02\/concert1.jpg\"><img decoding=\"async\" data-id=\"3880\" src=\"https:\/\/littorelles.org\/wp-content\/uploads\/2024\/02\/concert1.jpg\" alt=\"\" class=\"wp-image-3880\"\/><\/a><\/figure>\n\n\n\n<figure class=\"wp-block-image size-large\"><a href=\"https:\/\/littorelles.org\/wp-content\/uploads\/2024\/02\/concert4.jpg\"><img decoding=\"async\" data-id=\"3881\" src=\"https:\/\/littorelles.org\/wp-content\/uploads\/2024\/02\/concert4.jpg\" alt=\"\" class=\"wp-image-3881\"\/><\/a><\/figure>\n\n\n\n<figure class=\"wp-block-image size-large\"><a href=\"https:\/\/littorelles.org\/wp-content\/uploads\/2024\/02\/concert5.jpg\"><img decoding=\"async\" data-id=\"3883\" src=\"https:\/\/littorelles.org\/wp-content\/uploads\/2024\/02\/concert5.jpg\" alt=\"\" class=\"wp-image-3883\"\/><\/a><\/figure>\n\n\n\n<figure class=\"wp-block-image size-large\"><a href=\"https:\/\/littorelles.org\/wp-content\/uploads\/2024\/02\/Bruges-Eglise-ND3.jpg\"><img decoding=\"async\" data-id=\"3882\" src=\"https:\/\/littorelles.org\/wp-content\/uploads\/2024\/02\/Bruges-Eglise-ND3.jpg\" alt=\"\" class=\"wp-image-3882\"\/><\/a><\/figure>\n\n\n\n<figure class=\"wp-block-image size-large\"><a href=\"https:\/\/littorelles.org\/wp-content\/uploads\/2024\/02\/bruges-eglise-Notre-dame-2.jpg\"><img decoding=\"async\" data-id=\"3884\" src=\"https:\/\/littorelles.org\/wp-content\/uploads\/2024\/02\/bruges-eglise-Notre-dame-2.jpg\" alt=\"\" class=\"wp-image-3884\"\/><\/a><\/figure>\n\n\n\n<figure class=\"wp-block-image size-large\"><a href=\"https:\/\/littorelles.org\/wp-content\/uploads\/2024\/02\/Bruges-eglise-notre-dame.jpg\"><img decoding=\"async\" data-id=\"3885\" src=\"https:\/\/littorelles.org\/wp-content\/uploads\/2024\/02\/Bruges-eglise-notre-dame-680x1024.jpg\" alt=\"\" class=\"wp-image-3885\"\/><\/a><\/figure>\n\n\n\n<figure class=\"wp-block-image size-large\"><a href=\"https:\/\/littorelles.org\/wp-content\/uploads\/2024\/02\/concerborow.webp\"><img decoding=\"async\" data-id=\"3886\" src=\"https:\/\/littorelles.org\/wp-content\/uploads\/2024\/02\/concerborow-1024x576.webp\" alt=\"\" class=\"wp-image-3886\"\/><\/a><\/figure>\n<\/figure>\n","protected":false},"excerpt":{"rendered":"<p>C\u2019est une Promenade du Moyen Age \u00e0 la Renaissance que nous avons fait le matin \u00e0 BRUGES &nbsp;Nous avons eu une visite comment\u00e9e de l\u2019H\u00f4pital Saint Jean&nbsp;; il&nbsp;&nbsp;fait partie du paysage historique de Bruges depuis l\u2019\u00e9poque bourguignonne. Construit en briques rouge \u00e0 partir de 1150, cet ensemble de halles parall\u00e8les \u00e0 quelques m\u00e8tres seulement d\u2019un &hellip; <a href=\"https:\/\/www.littorelles.org\/?page_id=3876\" class=\"more-link\">Continuer la lecture de <span class=\"screen-reader-text\">Bruges de si vieilles Pierres : art et architecture<\/span> <span class=\"meta-nav\">&rarr;<\/span><\/a><\/p>\n","protected":false},"author":1,"featured_media":0,"parent":3766,"menu_order":0,"comment_status":"closed","ping_status":"closed","template":"","meta":{"ngg_post_thumbnail":0,"footnotes":""},"class_list":["post-3876","page","type-page","status-publish","hentry"],"_links":{"self":[{"href":"https:\/\/www.littorelles.org\/index.php?rest_route=\/wp\/v2\/pages\/3876","targetHints":{"allow":["GET"]}}],"collection":[{"href":"https:\/\/www.littorelles.org\/index.php?rest_route=\/wp\/v2\/pages"}],"about":[{"href":"https:\/\/www.littorelles.org\/index.php?rest_route=\/wp\/v2\/types\/page"}],"author":[{"embeddable":true,"href":"https:\/\/www.littorelles.org\/index.php?rest_route=\/wp\/v2\/users\/1"}],"replies":[{"embeddable":true,"href":"https:\/\/www.littorelles.org\/index.php?rest_route=%2Fwp%2Fv2%2Fcomments&post=3876"}],"version-history":[{"count":0,"href":"https:\/\/www.littorelles.org\/index.php?rest_route=\/wp\/v2\/pages\/3876\/revisions"}],"up":[{"embeddable":true,"href":"https:\/\/www.littorelles.org\/index.php?rest_route=\/wp\/v2\/pages\/3766"}],"wp:attachment":[{"href":"https:\/\/www.littorelles.org\/index.php?rest_route=%2Fwp%2Fv2%2Fmedia&parent=3876"}],"curies":[{"name":"wp","href":"https:\/\/api.w.org\/{rel}","templated":true}]}}