{"id":3851,"date":"2024-02-22T10:07:50","date_gmt":"2024-02-22T09:07:50","guid":{"rendered":"https:\/\/littorelles.org\/?page_id=3851"},"modified":"2024-02-22T10:07:50","modified_gmt":"2024-02-22T09:07:50","slug":"echappee-dans-le-kent-a-hever-castle","status":"publish","type":"page","link":"https:\/\/www.littorelles.org\/?page_id=3851","title":{"rendered":"\u00c9chapp\u00e9e dans le Kent \u00e0 HEVER Castle"},"content":{"rendered":"\n<p>Quelle r\u00e9ussite cette excursion en Angleterre,&nbsp;&nbsp;apr\u00e8s les difficult\u00e9s du Brexit&nbsp;&nbsp;et du covid. Nous avons savour\u00e9 cette escapade dans le Kent, le ch\u00e2teau de Hever Castle&nbsp; !<\/p>\n\n\n\n<p>A notre rythme et&nbsp;&nbsp;sans stress, nous avons profit\u00e9 de cette journ\u00e9e&nbsp;; nous avons visit\u00e9 le magnifique ch\u00e2teau meubl\u00e9 de l\u2019\u00e9poque d\u2019Anne de Boleyn puis d\u2019influences diff\u00e9rentes au cours des si\u00e8cles<\/p>\n\n\n\n<p>Pendant pr\u00e8s d\u2019un si\u00e8cle, de 1462 \u00e0 1539, Hever Castle a \u00e9t\u00e9 la propri\u00e9t\u00e9 de la famille d\u2019Anne Boleyn, seconde \u00e9pouse d\u2019Henry VIII. Apr\u00e8s l\u2019ex\u00e9cution d\u2019Anne Boleyn et la disgr\u00e2ce de sa famille, c\u2019est Henry VIII qui en devient propri\u00e9taire. Il l\u2019offrira plus tard \u00e0 sa quatri\u00e8me \u00e9pouse, Anne de Cl\u00e8ves.<\/p>\n\n\n\n<p>Nous avons \u00e9cout\u00e9 le guide jardinier du domaine et sommes partis \u00e0 la d\u00e9couverte\u00a0\u00a0des jardins : les jardins clos, la roseraie, les lacs, les jardins italiens, la Pagode et\u00a0 le\u00a0\u00a0labyrinthe d\u2019eau<\/p>\n\n\n\n<figure class=\"wp-block-gallery has-nested-images columns-default is-cropped wp-block-gallery-1 is-layout-flex wp-block-gallery-is-layout-flex\">\n<figure class=\"wp-block-image size-large\"><a href=\"https:\/\/littorelles.org\/wp-content\/uploads\/2024\/02\/hever_castle_henri-viii.jpg\"><img decoding=\"async\" data-id=\"3948\" src=\"https:\/\/littorelles.org\/wp-content\/uploads\/2024\/02\/hever_castle_henri-viii.jpg\" alt=\"\" class=\"wp-image-3948\"\/><\/a><\/figure>\n\n\n\n<figure class=\"wp-block-image size-large\"><a href=\"https:\/\/littorelles.org\/wp-content\/uploads\/2024\/02\/hever_castle-1.jpg\"><img decoding=\"async\" data-id=\"3932\" src=\"https:\/\/littorelles.org\/wp-content\/uploads\/2024\/02\/hever_castle-1.jpg\" alt=\"\" class=\"wp-image-3932\"\/><\/a><\/figure>\n\n\n\n<figure class=\"wp-block-image size-large\"><a href=\"https:\/\/littorelles.org\/wp-content\/uploads\/2024\/02\/hever_castle_anne.jpg\"><img decoding=\"async\" data-id=\"3947\" src=\"https:\/\/littorelles.org\/wp-content\/uploads\/2024\/02\/hever_castle_anne.jpg\" alt=\"\" class=\"wp-image-3947\"\/><\/a><\/figure>\n\n\n\n<figure class=\"wp-block-image size-large\"><a href=\"https:\/\/littorelles.org\/wp-content\/uploads\/2024\/02\/hever_castle_2471-1-rotated.jpg\"><img decoding=\"async\" data-id=\"3934\" src=\"https:\/\/littorelles.org\/wp-content\/uploads\/2024\/02\/hever_castle_2471-1-rotated.jpg\" alt=\"\" class=\"wp-image-3934\"\/><\/a><\/figure>\n\n\n\n<figure class=\"wp-block-image size-large\"><a href=\"https:\/\/littorelles.org\/wp-content\/uploads\/2024\/02\/hever_castle_2567-rotated.jpg\"><img decoding=\"async\" data-id=\"3930\" src=\"https:\/\/littorelles.org\/wp-content\/uploads\/2024\/02\/hever_castle_2567-rotated.jpg\" alt=\"\" class=\"wp-image-3930\"\/><\/a><\/figure>\n\n\n\n<figure class=\"wp-block-image size-large\"><a href=\"https:\/\/littorelles.org\/wp-content\/uploads\/2024\/02\/hever_castle_2581-rotated.jpg\"><img decoding=\"async\" data-id=\"3929\" src=\"https:\/\/littorelles.org\/wp-content\/uploads\/2024\/02\/hever_castle_2581-rotated.jpg\" alt=\"\" class=\"wp-image-3929\"\/><\/a><\/figure>\n\n\n\n<figure class=\"wp-block-image size-large\"><a href=\"https:\/\/littorelles.org\/wp-content\/uploads\/2024\/02\/hever_castle_2573.jpg\"><img decoding=\"async\" data-id=\"3931\" src=\"https:\/\/littorelles.org\/wp-content\/uploads\/2024\/02\/hever_castle_2573.jpg\" alt=\"\" class=\"wp-image-3931\"\/><\/a><\/figure>\n\n\n\n<figure class=\"wp-block-image size-large\"><a href=\"https:\/\/littorelles.org\/wp-content\/uploads\/2024\/02\/hever_castle_2578-1.jpg\"><img decoding=\"async\" data-id=\"3943\" src=\"https:\/\/littorelles.org\/wp-content\/uploads\/2024\/02\/hever_castle_2578-1.jpg\" alt=\"\" class=\"wp-image-3943\"\/><\/a><\/figure>\n\n\n\n<figure class=\"wp-block-image size-large\"><a href=\"https:\/\/littorelles.org\/wp-content\/uploads\/2024\/02\/hever_castle_2472-1.jpg\"><img decoding=\"async\" data-id=\"3933\" src=\"https:\/\/littorelles.org\/wp-content\/uploads\/2024\/02\/hever_castle_2472-1.jpg\" alt=\"\" class=\"wp-image-3933\"\/><\/a><\/figure>\n\n\n\n<figure class=\"wp-block-image size-large\"><a href=\"https:\/\/littorelles.org\/wp-content\/uploads\/2024\/02\/hever_castle_2477-1-rotated.jpg\"><img decoding=\"async\" data-id=\"3935\" src=\"https:\/\/littorelles.org\/wp-content\/uploads\/2024\/02\/hever_castle_2477-1-rotated.jpg\" alt=\"\" class=\"wp-image-3935\"\/><\/a><\/figure>\n\n\n\n<figure class=\"wp-block-image size-large\"><a href=\"https:\/\/littorelles.org\/wp-content\/uploads\/2024\/02\/hever_castle_2529-1-rotated.jpg\"><img decoding=\"async\" data-id=\"3940\" src=\"https:\/\/littorelles.org\/wp-content\/uploads\/2024\/02\/hever_castle_2529-1-rotated.jpg\" alt=\"\" class=\"wp-image-3940\"\/><\/a><\/figure>\n\n\n\n<figure class=\"wp-block-image size-large\"><a href=\"https:\/\/littorelles.org\/wp-content\/uploads\/2024\/02\/hever_castle_2519-1-rotated.jpg\"><img decoding=\"async\" data-id=\"3939\" src=\"https:\/\/littorelles.org\/wp-content\/uploads\/2024\/02\/hever_castle_2519-1-rotated.jpg\" alt=\"\" class=\"wp-image-3939\"\/><\/a><\/figure>\n\n\n\n<figure class=\"wp-block-image size-large\"><a href=\"https:\/\/littorelles.org\/wp-content\/uploads\/2024\/02\/hever_castle_2498-1.jpg\"><img decoding=\"async\" data-id=\"3937\" src=\"https:\/\/littorelles.org\/wp-content\/uploads\/2024\/02\/hever_castle_2498-1.jpg\" alt=\"\" class=\"wp-image-3937\"\/><\/a><\/figure>\n\n\n\n<figure class=\"wp-block-image size-large\"><a href=\"https:\/\/littorelles.org\/wp-content\/uploads\/2024\/02\/hever_castle_2502-1-rotated.jpg\"><img decoding=\"async\" data-id=\"3938\" src=\"https:\/\/littorelles.org\/wp-content\/uploads\/2024\/02\/hever_castle_2502-1-rotated.jpg\" alt=\"\" class=\"wp-image-3938\"\/><\/a><\/figure>\n\n\n\n<figure class=\"wp-block-image size-large\"><a href=\"https:\/\/littorelles.org\/wp-content\/uploads\/2024\/02\/hever_castle_2507-1-rotated.jpg\"><img decoding=\"async\" data-id=\"3936\" src=\"https:\/\/littorelles.org\/wp-content\/uploads\/2024\/02\/hever_castle_2507-1-rotated.jpg\" alt=\"\" class=\"wp-image-3936\"\/><\/a><\/figure>\n\n\n\n<figure class=\"wp-block-image size-large\"><a href=\"https:\/\/littorelles.org\/wp-content\/uploads\/2024\/02\/hever_castle_2561-1-rotated.jpg\"><img decoding=\"async\" data-id=\"3942\" src=\"https:\/\/littorelles.org\/wp-content\/uploads\/2024\/02\/hever_castle_2561-1-rotated.jpg\" alt=\"\" class=\"wp-image-3942\"\/><\/a><\/figure>\n\n\n\n<figure class=\"wp-block-image size-large\"><a href=\"https:\/\/littorelles.org\/wp-content\/uploads\/2024\/02\/hever_castle_2563-1-rotated.jpg\"><img decoding=\"async\" data-id=\"3941\" src=\"https:\/\/littorelles.org\/wp-content\/uploads\/2024\/02\/hever_castle_2563-1-rotated.jpg\" alt=\"\" class=\"wp-image-3941\"\/><\/a><\/figure>\n\n\n\n<figure class=\"wp-block-image size-large\"><a href=\"https:\/\/littorelles.org\/wp-content\/uploads\/2024\/02\/hever_castle_2610-1-rotated.jpg\"><img decoding=\"async\" data-id=\"3944\" src=\"https:\/\/littorelles.org\/wp-content\/uploads\/2024\/02\/hever_castle_2610-1-rotated.jpg\" alt=\"\" class=\"wp-image-3944\"\/><\/a><\/figure>\n\n\n\n<figure class=\"wp-block-image size-large\"><a href=\"https:\/\/littorelles.org\/wp-content\/uploads\/2024\/02\/hever_castle_2613-1-rotated.jpg\"><img decoding=\"async\" data-id=\"3945\" src=\"https:\/\/littorelles.org\/wp-content\/uploads\/2024\/02\/hever_castle_2613-1-rotated.jpg\" alt=\"\" class=\"wp-image-3945\"\/><\/a><\/figure>\n\n\n\n<figure class=\"wp-block-image size-large\"><a href=\"https:\/\/littorelles.org\/wp-content\/uploads\/2024\/02\/hever_castle_2614-1-rotated.jpg\"><img decoding=\"async\" data-id=\"3946\" src=\"https:\/\/littorelles.org\/wp-content\/uploads\/2024\/02\/hever_castle_2614-1-rotated.jpg\" alt=\"\" class=\"wp-image-3946\"\/><\/a><\/figure>\n<\/figure>\n","protected":false},"excerpt":{"rendered":"<p>Quelle r\u00e9ussite cette excursion en Angleterre,&nbsp;&nbsp;apr\u00e8s les difficult\u00e9s du Brexit&nbsp;&nbsp;et du covid. Nous avons savour\u00e9 cette escapade dans le Kent, le ch\u00e2teau de Hever Castle&nbsp; ! A notre rythme et&nbsp;&nbsp;sans stress, nous avons profit\u00e9 de cette journ\u00e9e&nbsp;; nous avons visit\u00e9 le magnifique ch\u00e2teau meubl\u00e9 de l\u2019\u00e9poque d\u2019Anne de Boleyn puis d\u2019influences diff\u00e9rentes au cours des &hellip; <a href=\"https:\/\/www.littorelles.org\/?page_id=3851\" class=\"more-link\">Continuer la lecture de <span class=\"screen-reader-text\">\u00c9chapp\u00e9e dans le Kent \u00e0 HEVER Castle<\/span> <span class=\"meta-nav\">&rarr;<\/span><\/a><\/p>\n","protected":false},"author":1,"featured_media":0,"parent":3766,"menu_order":0,"comment_status":"closed","ping_status":"closed","template":"","meta":{"ngg_post_thumbnail":0,"footnotes":""},"class_list":["post-3851","page","type-page","status-publish","hentry"],"_links":{"self":[{"href":"https:\/\/www.littorelles.org\/index.php?rest_route=\/wp\/v2\/pages\/3851","targetHints":{"allow":["GET"]}}],"collection":[{"href":"https:\/\/www.littorelles.org\/index.php?rest_route=\/wp\/v2\/pages"}],"about":[{"href":"https:\/\/www.littorelles.org\/index.php?rest_route=\/wp\/v2\/types\/page"}],"author":[{"embeddable":true,"href":"https:\/\/www.littorelles.org\/index.php?rest_route=\/wp\/v2\/users\/1"}],"replies":[{"embeddable":true,"href":"https:\/\/www.littorelles.org\/index.php?rest_route=%2Fwp%2Fv2%2Fcomments&post=3851"}],"version-history":[{"count":0,"href":"https:\/\/www.littorelles.org\/index.php?rest_route=\/wp\/v2\/pages\/3851\/revisions"}],"up":[{"embeddable":true,"href":"https:\/\/www.littorelles.org\/index.php?rest_route=\/wp\/v2\/pages\/3766"}],"wp:attachment":[{"href":"https:\/\/www.littorelles.org\/index.php?rest_route=%2Fwp%2Fv2%2Fmedia&parent=3851"}],"curies":[{"name":"wp","href":"https:\/\/api.w.org\/{rel}","templated":true}]}}