{"id":3788,"date":"2023-07-22T00:22:30","date_gmt":"2023-07-21T23:22:30","guid":{"rendered":"https:\/\/littorelles.org\/?page_id=3788"},"modified":"2023-07-22T00:22:30","modified_gmt":"2023-07-21T23:22:30","slug":"dunkerque-prenons-le-large","status":"publish","type":"page","link":"https:\/\/www.littorelles.org\/?page_id=3788","title":{"rendered":"Dunkerque, prenons le large !"},"content":{"rendered":"\n<p>La Gastronomie \u00e0 bord des paquebots, exposition au mus\u00e9e portuaire de Dunkerque<\/p>\n\n\n\n<p>La c\u00e9l\u00e8bre compagnie transatlantique a us\u00e9 de tous les arts pour conqu\u00e9rir durant pr\u00e8s d&rsquo;un si\u00e8cle une client\u00e8le cosmopolite \u00e0 la recherche d&rsquo;un cadre d&rsquo;exception. Cr\u00e9ant un univers digne des plus grands palaces continentaux, elle a contribu\u00e9 \u00e0 forger sur l&rsquo;atlantique un mod\u00e8le de luxe et d&rsquo;\u00e9l\u00e9gance \u00e0 la fran\u00e7aise qui perdure aujourd&rsquo;hui dans l&rsquo;imaginaire collectif<\/p>\n\n\n\n<p>Nous avons admir\u00e9 les films d&rsquo;\u00e9poque, les vaisselles,les menus, les d\u00e9cors en comprenant tous les d\u00e9fis pour les approvisionnements de vivres, les prouesses gustatives et les services luxueux \u00e0 bord<br>Apr\u00e8s une visite conf\u00e9rence exceptionnelle, nous avons d\u00e9jeun\u00e9 au restaurant voisin \u00ab\u00a0le Puzzle\u00a0\u00bb qui, d&rsquo;un avis g\u00e9n\u00e9ral, nous a concoct\u00e9 un menu raffin\u00e9<\/p>\n\n\n\n<p>Puis nous sommes all\u00e9s au surprenant b\u00e2timent du FRAC qui f\u00eatait son 40\u00e8me anniversaire, nous avons appr\u00e9ci\u00e9 la vue sur Malo et Dunkerque et toutes les oeuvres contemporaines expos\u00e9es plus intrigantes les unes que les autres<\/p>\n\n\n\n<figure class=\"wp-block-gallery has-nested-images columns-default is-cropped wp-block-gallery-1 is-layout-flex wp-block-gallery-is-layout-flex\">\n<figure class=\"wp-block-image size-large\"><a href=\"https:\/\/littorelles.org\/wp-content\/uploads\/2023\/07\/IMG_3749-rotated.jpg\"><img decoding=\"async\" data-id=\"3792\" src=\"https:\/\/littorelles.org\/wp-content\/uploads\/2023\/07\/IMG_3749-rotated.jpg\" alt=\"\" class=\"wp-image-3792\"\/><\/a><\/figure>\n\n\n\n<figure class=\"wp-block-image size-large\"><a href=\"https:\/\/littorelles.org\/wp-content\/uploads\/2023\/07\/IMG_3756-rotated.jpg\"><img decoding=\"async\" data-id=\"3791\" src=\"https:\/\/littorelles.org\/wp-content\/uploads\/2023\/07\/IMG_3756-rotated.jpg\" alt=\"\" class=\"wp-image-3791\"\/><\/a><\/figure>\n\n\n\n<figure class=\"wp-block-image size-large\"><a href=\"https:\/\/littorelles.org\/wp-content\/uploads\/2023\/07\/IMG_3759-rotated.jpg\"><img decoding=\"async\" data-id=\"3794\" src=\"https:\/\/littorelles.org\/wp-content\/uploads\/2023\/07\/IMG_3759-rotated.jpg\" alt=\"\" class=\"wp-image-3794\"\/><\/a><\/figure>\n\n\n\n<figure class=\"wp-block-image size-large\"><a href=\"https:\/\/littorelles.org\/wp-content\/uploads\/2023\/07\/IMG_3761-rotated.jpg\"><img decoding=\"async\" data-id=\"3789\" src=\"https:\/\/littorelles.org\/wp-content\/uploads\/2023\/07\/IMG_3761-rotated.jpg\" alt=\"\" class=\"wp-image-3789\"\/><\/a><\/figure>\n\n\n\n<figure class=\"wp-block-image size-large\"><a href=\"https:\/\/littorelles.org\/wp-content\/uploads\/2023\/07\/IMG_3764.jpg\"><img decoding=\"async\" data-id=\"3790\" src=\"https:\/\/littorelles.org\/wp-content\/uploads\/2023\/07\/IMG_3764.jpg\" alt=\"\" class=\"wp-image-3790\"\/><\/a><\/figure>\n\n\n\n<figure class=\"wp-block-image size-large\"><a href=\"https:\/\/littorelles.org\/wp-content\/uploads\/2023\/07\/IMG_3792-rotated.jpg\"><img decoding=\"async\" data-id=\"3793\" src=\"https:\/\/littorelles.org\/wp-content\/uploads\/2023\/07\/IMG_3792-rotated.jpg\" alt=\"\" class=\"wp-image-3793\"\/><\/a><\/figure>\n\n\n\n<figure class=\"wp-block-image size-large\"><a href=\"https:\/\/littorelles.org\/wp-content\/uploads\/2023\/07\/IMG_3821.jpg\"><img decoding=\"async\" data-id=\"3797\" src=\"https:\/\/littorelles.org\/wp-content\/uploads\/2023\/07\/IMG_3821.jpg\" alt=\"\" class=\"wp-image-3797\"\/><\/a><\/figure>\n\n\n\n<figure class=\"wp-block-image size-large\"><a href=\"https:\/\/littorelles.org\/wp-content\/uploads\/2023\/07\/IMG_3834-rotated.jpg\"><img decoding=\"async\" data-id=\"3795\" src=\"https:\/\/littorelles.org\/wp-content\/uploads\/2023\/07\/IMG_3834-rotated.jpg\" alt=\"\" class=\"wp-image-3795\"\/><\/a><\/figure>\n\n\n\n<figure class=\"wp-block-image size-large\"><a href=\"https:\/\/littorelles.org\/wp-content\/uploads\/2023\/07\/IMG_3835-rotated.jpg\"><img decoding=\"async\" data-id=\"3798\" src=\"https:\/\/littorelles.org\/wp-content\/uploads\/2023\/07\/IMG_3835-rotated.jpg\" alt=\"\" class=\"wp-image-3798\"\/><\/a><\/figure>\n\n\n\n<figure class=\"wp-block-image size-large\"><a href=\"https:\/\/littorelles.org\/wp-content\/uploads\/2023\/07\/IMG_3836-rotated.jpg\"><img decoding=\"async\" data-id=\"3796\" src=\"https:\/\/littorelles.org\/wp-content\/uploads\/2023\/07\/IMG_3836-rotated.jpg\" alt=\"\" class=\"wp-image-3796\"\/><\/a><\/figure>\n\n\n\n<figure class=\"wp-block-image size-large\"><a href=\"https:\/\/littorelles.org\/wp-content\/uploads\/2023\/07\/IMG_3866-rotated.jpg\"><img decoding=\"async\" data-id=\"3799\" src=\"https:\/\/littorelles.org\/wp-content\/uploads\/2023\/07\/IMG_3866-rotated.jpg\" alt=\"\" class=\"wp-image-3799\"\/><\/a><\/figure>\n\n\n\n<figure class=\"wp-block-image size-large\"><a href=\"https:\/\/littorelles.org\/wp-content\/uploads\/2023\/07\/IMG_3879-rotated.jpg\"><img decoding=\"async\" data-id=\"3800\" src=\"https:\/\/littorelles.org\/wp-content\/uploads\/2023\/07\/IMG_3879-rotated.jpg\" alt=\"\" class=\"wp-image-3800\"\/><\/a><\/figure>\n<\/figure>\n","protected":false},"excerpt":{"rendered":"<p>La Gastronomie \u00e0 bord des paquebots, exposition au mus\u00e9e portuaire de Dunkerque La c\u00e9l\u00e8bre compagnie transatlantique a us\u00e9 de tous les arts pour conqu\u00e9rir durant pr\u00e8s d&rsquo;un si\u00e8cle une client\u00e8le cosmopolite \u00e0 la recherche d&rsquo;un cadre d&rsquo;exception. Cr\u00e9ant un univers digne des plus grands palaces continentaux, elle a contribu\u00e9 \u00e0 forger sur l&rsquo;atlantique un mod\u00e8le &hellip; <a href=\"https:\/\/www.littorelles.org\/?page_id=3788\" class=\"more-link\">Continuer la lecture de <span class=\"screen-reader-text\">Dunkerque, prenons le large !<\/span> <span class=\"meta-nav\">&rarr;<\/span><\/a><\/p>\n","protected":false},"author":1,"featured_media":0,"parent":3766,"menu_order":0,"comment_status":"closed","ping_status":"closed","template":"","meta":{"ngg_post_thumbnail":0,"footnotes":""},"class_list":["post-3788","page","type-page","status-publish","hentry"],"_links":{"self":[{"href":"https:\/\/www.littorelles.org\/index.php?rest_route=\/wp\/v2\/pages\/3788","targetHints":{"allow":["GET"]}}],"collection":[{"href":"https:\/\/www.littorelles.org\/index.php?rest_route=\/wp\/v2\/pages"}],"about":[{"href":"https:\/\/www.littorelles.org\/index.php?rest_route=\/wp\/v2\/types\/page"}],"author":[{"embeddable":true,"href":"https:\/\/www.littorelles.org\/index.php?rest_route=\/wp\/v2\/users\/1"}],"replies":[{"embeddable":true,"href":"https:\/\/www.littorelles.org\/index.php?rest_route=%2Fwp%2Fv2%2Fcomments&post=3788"}],"version-history":[{"count":0,"href":"https:\/\/www.littorelles.org\/index.php?rest_route=\/wp\/v2\/pages\/3788\/revisions"}],"up":[{"embeddable":true,"href":"https:\/\/www.littorelles.org\/index.php?rest_route=\/wp\/v2\/pages\/3766"}],"wp:attachment":[{"href":"https:\/\/www.littorelles.org\/index.php?rest_route=%2Fwp%2Fv2%2Fmedia&parent=3788"}],"curies":[{"name":"wp","href":"https:\/\/api.w.org\/{rel}","templated":true}]}}