{"id":3745,"date":"2023-07-22T00:05:16","date_gmt":"2023-07-21T23:05:16","guid":{"rendered":"https:\/\/littorelles.org\/?page_id=3745"},"modified":"2023-07-22T00:05:16","modified_gmt":"2023-07-21T23:05:16","slug":"oskar-kokoschka","status":"publish","type":"page","link":"https:\/\/www.littorelles.org\/?page_id=3745","title":{"rendered":"Oskar KOKOSCHKA"},"content":{"rendered":"\n<p>Nous avons partag\u00e9 une brillante conf\u00e9rence de Nicolas FELIERS relatant l&rsquo;oeuvre et la vie d&rsquo;OSKAR KOKOSCHKA<\/p>\n\n\n\n<figure class=\"wp-block-image size-full is-resized\"><a href=\"https:\/\/littorelles.org\/wp-content\/uploads\/2023\/07\/Nicolas_FELIERS.png\"><img loading=\"lazy\" decoding=\"async\" src=\"https:\/\/littorelles.org\/wp-content\/uploads\/2023\/07\/Nicolas_FELIERS.png\" alt=\"Nicolas FELIERS\" class=\"wp-image-3746\" width=\"210\" height=\"210\"\/><\/a><\/figure>\n\n\n\n<p>\u00ab\u00a0N\u00e9 le 1er mars 1886 \u00e0 P\u00f6chlarn, non loin de Vienne, en Autriche-Hongrie, il est le portraitiste qui sonde l&rsquo;\u00e2me de ses mod\u00e8les comme un diable. Il est l&rsquo;amoureux fou d&rsquo;Alma Malher, le peintre exalt\u00e9 qui la repr\u00e9sente dans La Fianc\u00e9e du vent (1913), puis l&rsquo;amant d\u00e9\u00e7u et th\u00e9\u00e2tral, au point d&rsquo;en faire faire, par une costumi\u00e8re de th\u00e9\u00e2tre, une poup\u00e9e en fourrure grandeur nature, apr\u00e8s leur \u00e2cre s\u00e9paration. Et le fervent Europ\u00e9en, mort \u00e0 93 ans, le 22 f\u00e9vrier 1980 \u00e0 Montreux en Suisse.<br>Oskar Kokoschka, cet inconnu ? Il est pourtant un peintre tr\u00e8s pr\u00e9sent dans les collections viennoises, du Belv\u00e9d\u00e8re au Mus\u00e9e Leopold. Il est en gloire dans les collections permanentes du Mus\u00e9e Jenisch de Vevey, en Suisse, gr\u00e2ce \u00e0 la Fondation Oskar Kokoschka cr\u00e9\u00e9e en 1988 sur l&rsquo;instigation de la veuve de l&rsquo;artiste, Olda Palkovsk\u00e1. Avec l&rsquo;accroissement progressif des collections, la Fondation Oskar Kokoschka compte aujourd&rsquo;hui plus de 2.300 \u0153uvres, peintures, aquarelles, dessins, ainsi que la quasi-totalit\u00e9 de l&rsquo;\u0153uvre lithographi\u00e9. Elle poss\u00e8de \u00e9galement un ensemble important d&rsquo;objets ayant appartenu \u00e0 l&rsquo;artiste, qui lui servaient de r\u00e9pertoire d&rsquo;inspiration pour ses diff\u00e9rents travaux.<br>Il reste malgr\u00e9 tout un artiste singulier et presque inclassable, souvent laiss\u00e9 dans l&rsquo;ombre des peintres imm\u00e9diatement reconnaissables que sont Gustav Klimt, son mentor, et Egon Schiele qu&rsquo;il a inspir\u00e9 par son audace et sa jeunesse offensive.\u00a0\u00bb<br>France culture<\/p>\n\n\n\n<figure class=\"wp-block-embed is-type-video is-provider-youtube wp-block-embed-youtube wp-embed-aspect-16-9 wp-has-aspect-ratio\"><div class=\"wp-block-embed__wrapper\">\n<iframe loading=\"lazy\" title=\"Oskar Kokoschka au mus\u00e9e d&#039;Art Moderne : \u00e9tude des mains dans la peinture d&#039;Oskar Kokoschka\" width=\"604\" height=\"340\" src=\"https:\/\/www.youtube.com\/embed\/BcJIMJl7HNs?feature=oembed\" frameborder=\"0\" allow=\"accelerometer; autoplay; clipboard-write; encrypted-media; gyroscope; picture-in-picture; web-share\" referrerpolicy=\"strict-origin-when-cross-origin\" allowfullscreen><\/iframe>\n<\/div><\/figure>\n\n\n\n<figure class=\"wp-block-gallery has-nested-images columns-default is-cropped wp-block-gallery-1 is-layout-flex wp-block-gallery-is-layout-flex\">\n<figure class=\"wp-block-image size-large\"><a href=\"https:\/\/littorelles.org\/wp-content\/uploads\/2023\/07\/bAffeck-et-violence-Kokoshka.jpg\"><img decoding=\"async\" data-id=\"3751\" src=\"https:\/\/littorelles.org\/wp-content\/uploads\/2023\/07\/bAffeck-et-violence-Kokoshka-1024x707.jpg\" alt=\"\" class=\"wp-image-3751\"\/><\/a><\/figure>\n\n\n\n<figure class=\"wp-block-image size-large\"><a href=\"https:\/\/littorelles.org\/wp-content\/uploads\/2023\/07\/kokoschka-la-fiancee-du-venbt.jpg\"><img decoding=\"async\" data-id=\"3750\" src=\"https:\/\/littorelles.org\/wp-content\/uploads\/2023\/07\/kokoschka-la-fiancee-du-venbt.jpg\" alt=\"\" class=\"wp-image-3750\"\/><\/a><\/figure>\n\n\n\n<figure class=\"wp-block-image size-large\"><a href=\"https:\/\/littorelles.org\/wp-content\/uploads\/2023\/07\/kokoschka-gitta-wallerstein-1921.jpg\"><img decoding=\"async\" data-id=\"3747\" src=\"https:\/\/littorelles.org\/wp-content\/uploads\/2023\/07\/kokoschka-gitta-wallerstein-1921.jpg\" alt=\"\" class=\"wp-image-3747\"\/><\/a><\/figure>\n\n\n\n<figure class=\"wp-block-image size-large\"><a href=\"https:\/\/littorelles.org\/wp-content\/uploads\/2023\/07\/kokoska-lart-de-la-grimace.jpg\"><img decoding=\"async\" data-id=\"3748\" src=\"https:\/\/littorelles.org\/wp-content\/uploads\/2023\/07\/kokoska-lart-de-la-grimace-1024x576.jpg\" alt=\"\" class=\"wp-image-3748\"\/><\/a><\/figure>\n\n\n\n<figure class=\"wp-block-image size-large\"><a href=\"https:\/\/littorelles.org\/wp-content\/uploads\/2023\/07\/kokoska-un-fauve-a-Vienne.jpg\"><img decoding=\"async\" data-id=\"3749\" src=\"https:\/\/littorelles.org\/wp-content\/uploads\/2023\/07\/kokoska-un-fauve-a-Vienne.jpg\" alt=\"\" class=\"wp-image-3749\"\/><\/a><\/figure>\n\n\n\n<figure class=\"wp-block-image size-large\"><a href=\"https:\/\/littorelles.org\/wp-content\/uploads\/2023\/07\/kokoska-thesee-et-Antiope.jpg\"><img decoding=\"async\" data-id=\"3752\" src=\"https:\/\/littorelles.org\/wp-content\/uploads\/2023\/07\/kokoska-thesee-et-Antiope.jpg\" alt=\"\" class=\"wp-image-3752\"\/><\/a><\/figure>\n<\/figure>\n","protected":false},"excerpt":{"rendered":"<p>Nous avons partag\u00e9 une brillante conf\u00e9rence de Nicolas FELIERS relatant l&rsquo;oeuvre et la vie d&rsquo;OSKAR KOKOSCHKA \u00ab\u00a0N\u00e9 le 1er mars 1886 \u00e0 P\u00f6chlarn, non loin de Vienne, en Autriche-Hongrie, il est le portraitiste qui sonde l&rsquo;\u00e2me de ses mod\u00e8les comme un diable. Il est l&rsquo;amoureux fou d&rsquo;Alma Malher, le peintre exalt\u00e9 qui la repr\u00e9sente dans &hellip; <a href=\"https:\/\/www.littorelles.org\/?page_id=3745\" class=\"more-link\">Continuer la lecture de <span class=\"screen-reader-text\">Oskar KOKOSCHKA<\/span> <span class=\"meta-nav\">&rarr;<\/span><\/a><\/p>\n","protected":false},"author":1,"featured_media":0,"parent":3766,"menu_order":0,"comment_status":"closed","ping_status":"closed","template":"","meta":{"ngg_post_thumbnail":0,"footnotes":""},"class_list":["post-3745","page","type-page","status-publish","hentry"],"_links":{"self":[{"href":"https:\/\/www.littorelles.org\/index.php?rest_route=\/wp\/v2\/pages\/3745","targetHints":{"allow":["GET"]}}],"collection":[{"href":"https:\/\/www.littorelles.org\/index.php?rest_route=\/wp\/v2\/pages"}],"about":[{"href":"https:\/\/www.littorelles.org\/index.php?rest_route=\/wp\/v2\/types\/page"}],"author":[{"embeddable":true,"href":"https:\/\/www.littorelles.org\/index.php?rest_route=\/wp\/v2\/users\/1"}],"replies":[{"embeddable":true,"href":"https:\/\/www.littorelles.org\/index.php?rest_route=%2Fwp%2Fv2%2Fcomments&post=3745"}],"version-history":[{"count":0,"href":"https:\/\/www.littorelles.org\/index.php?rest_route=\/wp\/v2\/pages\/3745\/revisions"}],"up":[{"embeddable":true,"href":"https:\/\/www.littorelles.org\/index.php?rest_route=\/wp\/v2\/pages\/3766"}],"wp:attachment":[{"href":"https:\/\/www.littorelles.org\/index.php?rest_route=%2Fwp%2Fv2%2Fmedia&parent=3745"}],"curies":[{"name":"wp","href":"https:\/\/api.w.org\/{rel}","templated":true}]}}