{"id":3706,"date":"2023-02-05T21:36:45","date_gmt":"2023-02-05T20:36:45","guid":{"rendered":"https:\/\/littorelles.org\/?page_id=3706"},"modified":"2023-02-05T21:36:45","modified_gmt":"2023-02-05T20:36:45","slug":"le-theatre-de-la-grece-ancienne","status":"publish","type":"page","link":"https:\/\/www.littorelles.org\/?page_id=3706","title":{"rendered":"Le th\u00e9\u00e2tre de la Gr\u00e8ce ancienne"},"content":{"rendered":"\n<p>Jean Claude Bonnier nous a fait un brillant expos\u00e9 sur le th\u00e9\u00e2tre grec.<\/p>\n\n\n\n<figure class=\"wp-block-embed is-type-video is-provider-youtube wp-block-embed-youtube wp-embed-aspect-16-9 wp-has-aspect-ratio\"><div class=\"wp-block-embed__wrapper\">\n<iframe loading=\"lazy\" title=\"Le th\u00e9\u00e2tre grec 1 Promenade \u00e0 Ath\u00e8nes\" width=\"604\" height=\"340\" src=\"https:\/\/www.youtube.com\/embed\/yuOSYOeSVco?feature=oembed\" frameborder=\"0\" allow=\"accelerometer; autoplay; clipboard-write; encrypted-media; gyroscope; picture-in-picture; web-share\" referrerpolicy=\"strict-origin-when-cross-origin\" allowfullscreen><\/iframe>\n<\/div><\/figure>\n\n\n\n<p>\u00ab\u00a0Le th\u00e9\u00e2tre est l&rsquo;un des spectacles les plus anciens et les plus codifi\u00e9s dans notre monde occidental. Le th\u00e9\u00e2tre grec en particulier est souvent plac\u00e9 \u00e0 l&rsquo;origine du th\u00e9\u00e2tre et m\u00eame de la civilisation<\/p>\n\n\n\n<p>Jean Claude Bonnier nous a men\u00e9 \u00e0 une r\u00e9flexion dans quelques-uns des plus beaux lieux de spectacle de la Gr\u00e8ce antique. Le th\u00e9\u00e2tre grec est \u00e0 la fois une activit\u00e9 civique, une cr\u00e9ation litt\u00e9raire, un art de vivre et un divertissement<\/p>\n\n\n\n<figure class=\"wp-block-embed is-type-video is-provider-youtube wp-block-embed-youtube wp-embed-aspect-4-3 wp-has-aspect-ratio\"><div class=\"wp-block-embed__wrapper\">\n<iframe loading=\"lazy\" title=\"Ce qu&#039;est le the\u0301a\u0302tre grec\" width=\"604\" height=\"453\" src=\"https:\/\/www.youtube.com\/embed\/jbNz5wuO56c?feature=oembed\" frameborder=\"0\" allow=\"accelerometer; autoplay; clipboard-write; encrypted-media; gyroscope; picture-in-picture; web-share\" referrerpolicy=\"strict-origin-when-cross-origin\" allowfullscreen><\/iframe>\n<\/div><\/figure>\n\n\n\n<figure class=\"wp-block-gallery has-nested-images columns-default is-cropped wp-block-gallery-1 is-layout-flex wp-block-gallery-is-layout-flex\">\n<figure class=\"wp-block-image size-large\"><a href=\"https:\/\/littorelles.org\/wp-content\/uploads\/2023\/02\/Dodona_theater.jpg\"><img decoding=\"async\" data-id=\"3707\" src=\"https:\/\/littorelles.org\/wp-content\/uploads\/2023\/02\/Dodona_theater.jpg\" alt=\"\" class=\"wp-image-3707\"\/><\/a><\/figure>\n\n\n\n<figure class=\"wp-block-image size-large\"><a href=\"https:\/\/littorelles.org\/wp-content\/uploads\/2023\/02\/images_jcb.jpg\"><img decoding=\"async\" data-id=\"3708\" src=\"https:\/\/littorelles.org\/wp-content\/uploads\/2023\/02\/images_jcb.jpg\" alt=\"\" class=\"wp-image-3708\"\/><\/a><\/figure>\n\n\n\n<figure class=\"wp-block-image size-large\"><a href=\"https:\/\/littorelles.org\/wp-content\/uploads\/2023\/02\/index.jpg\"><img decoding=\"async\" data-id=\"3709\" src=\"https:\/\/littorelles.org\/wp-content\/uploads\/2023\/02\/index.jpg\" alt=\"\" class=\"wp-image-3709\"\/><\/a><\/figure>\n\n\n\n<figure class=\"wp-block-image size-large\"><a href=\"https:\/\/littorelles.org\/wp-content\/uploads\/2023\/02\/theatre-grec-epidaure2.jpg\"><img decoding=\"async\" data-id=\"3710\" src=\"https:\/\/littorelles.org\/wp-content\/uploads\/2023\/02\/theatre-grec-epidaure2-1024x477.jpg\" alt=\"\" class=\"wp-image-3710\"\/><\/a><\/figure>\n<\/figure>\n","protected":false},"excerpt":{"rendered":"<p>Jean Claude Bonnier nous a fait un brillant expos\u00e9 sur le th\u00e9\u00e2tre grec. \u00ab\u00a0Le th\u00e9\u00e2tre est l&rsquo;un des spectacles les plus anciens et les plus codifi\u00e9s dans notre monde occidental. Le th\u00e9\u00e2tre grec en particulier est souvent plac\u00e9 \u00e0 l&rsquo;origine du th\u00e9\u00e2tre et m\u00eame de la civilisation Jean Claude Bonnier nous a men\u00e9 \u00e0 une &hellip; <a href=\"https:\/\/www.littorelles.org\/?page_id=3706\" class=\"more-link\">Continuer la lecture de <span class=\"screen-reader-text\">Le th\u00e9\u00e2tre de la Gr\u00e8ce ancienne<\/span> <span class=\"meta-nav\">&rarr;<\/span><\/a><\/p>\n","protected":false},"author":1,"featured_media":0,"parent":3460,"menu_order":0,"comment_status":"closed","ping_status":"closed","template":"","meta":{"ngg_post_thumbnail":0,"footnotes":""},"class_list":["post-3706","page","type-page","status-publish","hentry"],"_links":{"self":[{"href":"https:\/\/www.littorelles.org\/index.php?rest_route=\/wp\/v2\/pages\/3706","targetHints":{"allow":["GET"]}}],"collection":[{"href":"https:\/\/www.littorelles.org\/index.php?rest_route=\/wp\/v2\/pages"}],"about":[{"href":"https:\/\/www.littorelles.org\/index.php?rest_route=\/wp\/v2\/types\/page"}],"author":[{"embeddable":true,"href":"https:\/\/www.littorelles.org\/index.php?rest_route=\/wp\/v2\/users\/1"}],"replies":[{"embeddable":true,"href":"https:\/\/www.littorelles.org\/index.php?rest_route=%2Fwp%2Fv2%2Fcomments&post=3706"}],"version-history":[{"count":0,"href":"https:\/\/www.littorelles.org\/index.php?rest_route=\/wp\/v2\/pages\/3706\/revisions"}],"up":[{"embeddable":true,"href":"https:\/\/www.littorelles.org\/index.php?rest_route=\/wp\/v2\/pages\/3460"}],"wp:attachment":[{"href":"https:\/\/www.littorelles.org\/index.php?rest_route=%2Fwp%2Fv2%2Fmedia&parent=3706"}],"curies":[{"name":"wp","href":"https:\/\/api.w.org\/{rel}","templated":true}]}}