{"id":37,"date":"2013-11-06T02:56:28","date_gmt":"2013-11-06T01:56:28","guid":{"rendered":"http:\/\/localhost:81\/littorelles\/?page_id=37"},"modified":"2025-07-03T15:19:27","modified_gmt":"2025-07-03T14:19:27","slug":"themes","status":"publish","type":"page","link":"https:\/\/www.littorelles.org\/?page_id=37","title":{"rendered":"Th\u00e8mes"},"content":{"rendered":"\n<ul class=\"wp-block-list\"><li><a href=\"littorelles.org\/?page_id=39\">Angleterre<\/a><ul><li><a href=\"littorelles.org\/?page_id=2436\">Angleterre, Charleston Housse et Farley Farm (Sussex)<\/a><\/li><li><a href=\"littorelles.org\/?page_id=41\">Bacon Rothko, Conf\u00e9rence et pr\u00e9paration de la journ\u00e9e \u00e0 Londres<\/a><\/li><li><a href=\"littorelles.org\/?page_id=43\">Concert au Royal Albert Hall, le Messie de Haendel<\/a><\/li><li><a href=\"littorelles.org\/?page_id=45\">Deux g\u00e9ants \u00e0 Londres BACON et Rothko<\/a><\/li><li><a href=\"littorelles.org\/?page_id=47\">Glamour des Stars \u2013 Glamour de la Monarchie Britanique<\/a><\/li><li><a href=\"littorelles.org\/?page_id=49\">Hampstead, un quartier de Londres hors des circuits touristiques<\/a><\/li><li><a href=\"littorelles.org\/?page_id=53\">La Tamise pour fil d\u2019Ariane \u2013 Ham House<\/a><\/li><li><a href=\"littorelles.org\/?page_id=57\">London with a french touch<\/a><\/li><li><a href=\"littorelles.org\/?page_id=574\">Londres cosmopolite, Londres insolite, Londres au c\u0153ur du monde<\/a><\/li><li><a href=\"littorelles.org\/?page_id=798\">Ravissement dans les jardins anglais du Kent et de East Sussex<\/a><\/li><li><a href=\"littorelles.org\/?page_id=67\">The Best of London for Littor\u2019Elles \u2013 The Wallace Collection<\/a><\/li><li><a href=\"littorelles.org\/?page_id=488\">Un No\u00ebl de conte de f\u00e9es \u00e0 LEEDS<\/a><\/li><li><a href=\"littorelles.org\/?page_id=1221\">Une journ\u00e9e d\u2019Hiver \u00e0 Londres<\/a><\/li><li><a href=\"littorelles.org\/?page_id=2468\">Qui connait, en France, le BLOOMSBURY \u2013 Conf\u00e9rence de Mr Guy T\u00e9telain<\/a><\/li><\/ul><\/li><li><a href=\"littorelles.org\/?page_id=104\">Art et Mus\u00e9es<\/a><ul><li><a href=\"littorelles.org\/?page_id=957\">Babel et Fables du paysage flamand \u00e0 LILLE<\/a><\/li><li><a href=\"littorelles.org\/?page_id=110\">Courbet \u00ab L\u2019image de la v\u00e9rit\u00e9 \u00bb<\/a><\/li><li><a href=\"littorelles.org\/?page_id=126\">DALI \u2013 Conf\u00e9rence de Mme VAN LAER<\/a><\/li><li><a href=\"littorelles.org\/?page_id=112\">Degas Sculpteur<\/a><\/li><li><a href=\"littorelles.org\/?page_id=114\">Gand, Mus\u00e9e du Design et Floralies<\/a><\/li><li><a href=\"littorelles.org\/?page_id=116\">Histoire de l\u2019impressionnisme par Mme VAN LAER<\/a><\/li><li><a href=\"littorelles.org\/?page_id=322\">L\u2019Europe Lille XXL \u2013 Gare St Sauveur et Tri Postal<\/a><\/li><li><a href=\"littorelles.org\/?page_id=120\">La femme chez Gustav Klimt<\/a><\/li><li><a href=\"littorelles.org\/?page_id=571\">Le CARAVAGE Conf\u00e9rence de Monique VANLAER<\/a><\/li><li><a href=\"littorelles.org\/?page_id=124\">Le Jugendstil<\/a><\/li><li><a href=\"littorelles.org\/?page_id=795\">Le LOUVRE LENS<\/a><\/li><li><a href=\"littorelles.org\/?page_id=2510\">Les fr\u00e8res Le Nain<\/a><\/li><li><a href=\"littorelles.org\/?page_id=1037\">LILLE La com\u00e9die humaine<\/a><\/li><li><a href=\"littorelles.org\/?page_id=132\">Marc Chagall \u2013 La terre est si lumineuse | Lille 3000<\/a><\/li><li><a href=\"littorelles.org\/?page_id=134\">Paris : Saison Russe, Saison Viennoise<\/a><\/li><li><a href=\"littorelles.org\/?page_id=801\">R\u00e9trospective Jean ROULLAND<\/a><\/li><li><a href=\"littorelles.org\/?page_id=895\">Salvador Dali<\/a><\/li><li><a href=\"littorelles.org\/?page_id=835\">Une journ\u00e9e r\u00e9gionale de charme \u00e0 Desvres et Saint Omer<\/a><\/li><li><a href=\"littorelles.org\/?page_id=1434\">viola<\/a><\/li><li><a href=\"littorelles.org\/?page_id=146\">YANN TERRIEN -Le regard port\u00e9 sur la femme par les grands cin\u00e9astes<\/a><\/li><\/ul><\/li><li><a href=\"littorelles.org\/?page_id=148\">Belgique<\/a><ul><li><a href=\"littorelles.org\/?page_id=1135\">Une journ\u00e9e \u00e0 Ostende<\/a><\/li><li><a href=\"littorelles.org\/?page_id=150\">Anvers et Middleheim<\/a><\/li><li><a href=\"littorelles.org\/?page_id=152\">Bruges, de Van Eyck \u00e0 Durer<\/a><\/li><li><a href=\"littorelles.org\/?page_id=156\">Damme, paysages flamands<\/a><\/li><li><a href=\"littorelles.org\/?page_id=158\">Hainaut et Wallonie<\/a><\/li><li><a href=\"littorelles.org\/?page_id=160\">Journ\u00e9e Art Nouveau \u00e0 Bruxelles<\/a><\/li><li><a href=\"littorelles.org\/?page_id=1297\">Mus\u00e9e FIN de Si\u00e8cle \u00e0 Bruxelles<\/a><\/li><li><a href=\"littorelles.org\/?page_id=1275\">ZURBARAN \u2013 Bruxelles d\u00e9voile Courbes et Volumes<\/a><\/li><\/ul><\/li><li><a href=\"littorelles.org\/?page_id=175\">Cultures et civilisations<\/a><ul><li><a href=\"littorelles.org\/?page_id=182\">Alexandre Del Valle : \u00ab La Turquie dans l\u2019Europe, Cheval de Troie islamiste ? \u00bb<\/a><\/li><li><a href=\"littorelles.org\/?page_id=914\">Demain mariage pour tous \u2013 conf\u00e9rence de Caroline Matrat<\/a><\/li><li><a href=\"littorelles.org\/?page_id=186\">Ikebana<\/a><\/li><li><a href=\"littorelles.org\/?page_id=192\">L\u2019Eau sur les routes de la Soie \u2013 Conf\u00e9rence d\u2019Arnaud Bertrand<\/a><\/li><li><a href=\"littorelles.org\/?page_id=579\">La femme indienne \u2013 Conf\u00e9rence de Douglas Gressieux<\/a><\/li><li><a href=\"littorelles.org\/?page_id=200\">La Russie \u00e0 l\u2019Avant-Garde (1900-1935)<\/a><\/li><li><a href=\"littorelles.org\/?page_id=204\">La Russie d\u2019Hier et aujourd\u2019hui : histoire, tradition et vie quotidienne<\/a><\/li><li><a href=\"littorelles.org\/?page_id=1192\">Les Masques d\u2019Alaska<\/a><\/li><li><a href=\"littorelles.org\/?page_id=208\">Mille facettes du S\u00e9n\u00e9gal, Zoom sur les Talib\u00e9s<\/a><\/li><li><a href=\"littorelles.org\/?page_id=1362\">Napol\u00e9on et les femmes \u2013 Conf\u00e9rence de Christian Berquier<\/a><\/li><li><a href=\"littorelles.org\/?page_id=210\">Porcelaine de Chine<\/a><\/li><\/ul><\/li><li><a href=\"littorelles.org\/?page_id=219\">Histoire des Sciences et des Id\u00e9es<\/a><ul><li><a href=\"littorelles.org\/?page_id=221\">\u00ab Le r\u00f4le du juge dans la soci\u00e9t\u00e9 contemporaine \u00bb par Me Jocelyne Rubantel<\/a><\/li><li><a href=\"littorelles.org\/?page_id=225\">Dunkerque, les grands horizons<\/a><\/li><li><a href=\"littorelles.org\/?page_id=229\">Histoire de vaccins \u2013 conf\u00e9rence et visite du Mus\u00e9e<\/a><\/li><li><a href=\"littorelles.org\/?page_id=548\">L\u2019Electricit\u00e9 et les Centrales Nucl\u00e9aires \u2013 Conf\u00e9rence de Bernard Lachery<\/a><\/li><li><a href=\"littorelles.org\/?page_id=231\">La pilule empoisonn\u00e9e de l\u2019endettement public conf\u00e9rence de Jean Louis Formosa<\/a><\/li><\/ul><\/li><li><a href=\"littorelles.org\/?page_id=240\">Ile de France\/ Picardie<\/a><ul><li><a href=\"littorelles.org\/?page_id=1254\">Bill VIOLA au Grand Palais \u00e0 Paris<\/a><\/li><li><a href=\"littorelles.org\/?page_id=955\">Compi\u00e8gne, Royal et Imp\u00e9rial<\/a><\/li><li><a href=\"littorelles.org\/?page_id=916\">Une journ\u00e9e onirique \u00e0 Paris \u2013 le march\u00e9 aux puces de St ouen<\/a><\/li><li><a href=\"littorelles.org\/?page_id=256\">Versailles<\/a><\/li><li><a href=\"littorelles.org\/?page_id=1079\">Versailles \u2013 les meubles d\u2019argent<\/a><\/li><\/ul><\/li><li><a href=\"littorelles.org\/?page_id=262\">Modes et Saveurs<\/a><ul><li><a href=\"littorelles.org\/?page_id=264\">\u00ab&nbsp;A Royal Christmas Day&nbsp;\u00bb \u00e0 Hesdin l\u2019abb\u00e9<\/a><\/li><li><a href=\"littorelles.org\/?page_id=266\">\u00ab&nbsp;Heure Exquise&nbsp;\u00bb avec Nobuko Takahashi<\/a><\/li><li><a href=\"littorelles.org\/?page_id=268\">A table avec George Sand \u2013 D\u00e9jeuner de No\u00ebl<\/a><\/li><li><a href=\"littorelles.org\/?page_id=270\">Calais \u00ab Robes de R\u00eaves, R\u00eaves de robes \u00bb<\/a><\/li><li><a href=\"littorelles.org\/?page_id=272\">Conf\u00e9rence-Diner au Lyc\u00e9e L\u00e9onard de Vinci \u00e0 Calais<\/a><\/li><li><a href=\"littorelles.org\/?page_id=274\">D\u00e9jeuner au Logis de la porte de Gand \u00ab&nbsp;La Terrasse des Remparts&nbsp;\u00bb<\/a><\/li><li><a href=\"littorelles.org\/?page_id=577\">L\u2019art de vivre et bien \u00eatre selon l\u2019AYURVEDA avec Natalia PROOPS<\/a><\/li><\/ul><\/li><li><a href=\"littorelles.org\/?page_id=300\">Nord\/Pas de Calais<\/a><ul><li><a href=\"littorelles.org\/?page_id=302\">Agatha Ruiz de la Prada : un coup de coeur \u2013 Lille XXL<\/a><\/li><li><a href=\"littorelles.org\/?page_id=304\">Balade \u00e0 Wimereux, perle de la c\u00f4te d\u2019Opale<\/a><\/li><li><a href=\"littorelles.org\/?page_id=314\">Chroniques d\u2019une ville magique : Montreuil Sur Mer<\/a><\/li><li><a href=\"littorelles.org\/?page_id=316\">Cit\u00e9 Internationale de la Mode et de la Dentelle \u00e0 Calais<\/a><\/li><li><a href=\"littorelles.org\/?page_id=551\">Happy Brithday, Galerie Perrotin au TRI POSTAL de LILLE<\/a><\/li><li><a href=\"littorelles.org\/?page_id=326\">Lille 2004 \u2013 Murano<\/a><\/li><li><a href=\"littorelles.org\/?page_id=328\">Lille 2004 Capitale Europ\u00e9enne de la Culture<\/a><\/li><li><a href=\"littorelles.org\/?page_id=310\">Ombre et Lumi\u00e8re \u2013 Usine de dentelle de Calais<\/a><\/li><li><a href=\"littorelles.org\/?page_id=330\">Visite guid\u00e9e de L\u2019Op\u00e9ra de Lille<\/a><\/li><\/ul><\/li><li><a href=\"littorelles.org\/?page_id=333\">Parcs et Jardins<\/a><ul><li><a href=\"littorelles.org\/?page_id=337\">Des jardins et coins secrets de Belgique<\/a><\/li><li><a href=\"littorelles.org\/?page_id=343\">Les cinq sens \u2013 Abbaye de Valloires<\/a><\/li><li><a href=\"littorelles.org\/?page_id=345\">Les cinq sens \u2013 Si Maizicourt m\u2019\u00e9tait cont\u00e9\u2026<\/a><\/li><\/ul><\/li><\/ul>\n","protected":false},"excerpt":{"rendered":"<p>Angleterre Angleterre, Charleston Housse et Farley Farm (Sussex) Bacon Rothko, Conf\u00e9rence et pr\u00e9paration de la journ\u00e9e \u00e0 Londres Concert au Royal Albert Hall, le Messie de Haendel Deux g\u00e9ants \u00e0 Londres BACON et Rothko Glamour des Stars \u2013 Glamour de la Monarchie Britanique Hampstead, un quartier de Londres hors des circuits touristiques La Tamise pour &hellip; <a href=\"https:\/\/www.littorelles.org\/?page_id=37\" class=\"more-link\">Continuer la lecture de <span class=\"screen-reader-text\">Th\u00e8mes<\/span> <span class=\"meta-nav\">&rarr;<\/span><\/a><\/p>\n","protected":false},"author":1,"featured_media":0,"parent":0,"menu_order":7,"comment_status":"closed","ping_status":"closed","template":"","meta":{"ngg_post_thumbnail":0,"footnotes":""},"class_list":["post-37","page","type-page","status-publish","hentry"],"_links":{"self":[{"href":"https:\/\/www.littorelles.org\/index.php?rest_route=\/wp\/v2\/pages\/37","targetHints":{"allow":["GET"]}}],"collection":[{"href":"https:\/\/www.littorelles.org\/index.php?rest_route=\/wp\/v2\/pages"}],"about":[{"href":"https:\/\/www.littorelles.org\/index.php?rest_route=\/wp\/v2\/types\/page"}],"author":[{"embeddable":true,"href":"https:\/\/www.littorelles.org\/index.php?rest_route=\/wp\/v2\/users\/1"}],"replies":[{"embeddable":true,"href":"https:\/\/www.littorelles.org\/index.php?rest_route=%2Fwp%2Fv2%2Fcomments&post=37"}],"version-history":[{"count":1,"href":"https:\/\/www.littorelles.org\/index.php?rest_route=\/wp\/v2\/pages\/37\/revisions"}],"predecessor-version":[{"id":4596,"href":"https:\/\/www.littorelles.org\/index.php?rest_route=\/wp\/v2\/pages\/37\/revisions\/4596"}],"wp:attachment":[{"href":"https:\/\/www.littorelles.org\/index.php?rest_route=%2Fwp%2Fv2%2Fmedia&parent=37"}],"curies":[{"name":"wp","href":"https:\/\/api.w.org\/{rel}","templated":true}]}}