{"id":3619,"date":"2023-02-05T21:07:49","date_gmt":"2023-02-05T20:07:49","guid":{"rendered":"https:\/\/littorelles.org\/?page_id=3619"},"modified":"2023-02-05T21:07:49","modified_gmt":"2023-02-05T20:07:49","slug":"dejeuner-de-lavent-2023","status":"publish","type":"page","link":"https:\/\/www.littorelles.org\/?page_id=3619","title":{"rendered":"D\u00e9jeuner de l&rsquo;Avent 2023"},"content":{"rendered":"\n<figure class=\"wp-block-embed is-type-video is-provider-youtube wp-block-embed-youtube wp-embed-aspect-16-9 wp-has-aspect-ratio\"><div class=\"wp-block-embed__wrapper\">\n<iframe loading=\"lazy\" title=\"Stage@Seven: Anne-Sophie Bertrand \u2013 Hindemith, Debussy, Faur\u00e9, Liszt, Hasselmans\" width=\"604\" height=\"340\" src=\"https:\/\/www.youtube.com\/embed\/G22r1qybH7E?feature=oembed\" frameborder=\"0\" allow=\"accelerometer; autoplay; clipboard-write; encrypted-media; gyroscope; picture-in-picture; web-share\" referrerpolicy=\"strict-origin-when-cross-origin\" allowfullscreen><\/iframe>\n<\/div><\/figure>\n\n\n\n<p><br>Anne Sophie Bertrand a merveilleusement donn\u00e9 son r\u00e9cital \u00ab\u00a0TRANSATLANTIQUES\u00a0\u00bb pour les Littor&rsquo;elles &#8211; ce fut un moment d\u00e9licieux et partag\u00e9.<\/p>\n\n\n\n<p>Nous avons \u00e9galement eu \u00a0\u00bb un d\u00e9jeuner de l&rsquo;Avent\u00a0\u00bb particuli\u00e8rement agr\u00e9able, amical et raffin\u00e9 aux Jardins de la Matelote de Terlincthun &#8211; Une tr\u00e8s belle journ\u00e9e de l&rsquo;avis de toutes les participantes<\/p>\n\n\n\n<p>A la fin du concert Anne Sophie nous a pr\u00e9sent\u00e9 sa Harpe et ses secrets pour obtenir des sons m\u00e9lodieux<\/p>\n\n\n\n<figure class=\"wp-block-embed is-type-video is-provider-youtube wp-block-embed-youtube wp-embed-aspect-16-9 wp-has-aspect-ratio\"><div class=\"wp-block-embed__wrapper\">\n<iframe loading=\"lazy\" title=\"Young Person&#039;s Guide: Anne-Sophie Bertrand \u2013 Harfe\" width=\"604\" height=\"340\" src=\"https:\/\/www.youtube.com\/embed\/UABF8epGILQ?feature=oembed\" frameborder=\"0\" allow=\"accelerometer; autoplay; clipboard-write; encrypted-media; gyroscope; picture-in-picture; web-share\" referrerpolicy=\"strict-origin-when-cross-origin\" allowfullscreen><\/iframe>\n<\/div><\/figure>\n\n\n\n<figure class=\"wp-block-gallery has-nested-images columns-default is-cropped wp-block-gallery-1 is-layout-flex wp-block-gallery-is-layout-flex\">\n<figure class=\"wp-block-image size-large\"><a href=\"https:\/\/littorelles.org\/wp-content\/uploads\/2023\/02\/n-rotated.jpg\"><img decoding=\"async\" data-id=\"3622\" src=\"https:\/\/littorelles.org\/wp-content\/uploads\/2023\/02\/n-rotated.jpg\" alt=\"\" class=\"wp-image-3622\"\/><\/a><\/figure>\n\n\n\n<figure class=\"wp-block-image size-large\"><a href=\"https:\/\/littorelles.org\/wp-content\/uploads\/2023\/02\/z-rotated.jpg\"><img decoding=\"async\" data-id=\"3621\" src=\"https:\/\/littorelles.org\/wp-content\/uploads\/2023\/02\/z-rotated.jpg\" alt=\"\" class=\"wp-image-3621\"\/><\/a><\/figure>\n\n\n\n<figure class=\"wp-block-image size-large\"><a href=\"https:\/\/littorelles.org\/wp-content\/uploads\/2023\/02\/c.jpg\"><img decoding=\"async\" data-id=\"3626\" src=\"https:\/\/littorelles.org\/wp-content\/uploads\/2023\/02\/c.jpg\" alt=\"\" class=\"wp-image-3626\"\/><\/a><\/figure>\n\n\n\n<figure class=\"wp-block-image size-large\"><a href=\"https:\/\/littorelles.org\/wp-content\/uploads\/2023\/02\/A.jpg\"><img decoding=\"async\" data-id=\"3624\" src=\"https:\/\/littorelles.org\/wp-content\/uploads\/2023\/02\/A.jpg\" alt=\"\" class=\"wp-image-3624\"\/><\/a><\/figure>\n\n\n\n<figure class=\"wp-block-image size-large\"><a href=\"https:\/\/littorelles.org\/wp-content\/uploads\/2023\/02\/b.jpg\"><img decoding=\"async\" data-id=\"3625\" src=\"https:\/\/littorelles.org\/wp-content\/uploads\/2023\/02\/b.jpg\" alt=\"\" class=\"wp-image-3625\"\/><\/a><\/figure>\n\n\n\n<figure class=\"wp-block-image size-large\"><a href=\"https:\/\/littorelles.org\/wp-content\/uploads\/2023\/02\/m.jpg\"><img decoding=\"async\" data-id=\"3620\" src=\"https:\/\/littorelles.org\/wp-content\/uploads\/2023\/02\/m.jpg\" alt=\"\" class=\"wp-image-3620\"\/><\/a><\/figure>\n\n\n\n<figure class=\"wp-block-image size-large\"><a href=\"https:\/\/littorelles.org\/wp-content\/uploads\/2023\/02\/d.jpg\"><img decoding=\"async\" data-id=\"3627\" src=\"https:\/\/littorelles.org\/wp-content\/uploads\/2023\/02\/d.jpg\" alt=\"\" class=\"wp-image-3627\"\/><\/a><\/figure>\n\n\n\n<figure class=\"wp-block-image size-large\"><a href=\"https:\/\/littorelles.org\/wp-content\/uploads\/2023\/02\/e.jpg\"><img decoding=\"async\" data-id=\"3628\" src=\"https:\/\/littorelles.org\/wp-content\/uploads\/2023\/02\/e.jpg\" alt=\"\" class=\"wp-image-3628\"\/><\/a><\/figure>\n\n\n\n<figure class=\"wp-block-image size-large\"><a href=\"https:\/\/littorelles.org\/wp-content\/uploads\/2023\/02\/f.jpg\"><img decoding=\"async\" data-id=\"3629\" src=\"https:\/\/littorelles.org\/wp-content\/uploads\/2023\/02\/f.jpg\" alt=\"\" class=\"wp-image-3629\"\/><\/a><\/figure>\n\n\n\n<figure class=\"wp-block-image size-large\"><a href=\"https:\/\/littorelles.org\/wp-content\/uploads\/2023\/02\/g.jpg\"><img decoding=\"async\" data-id=\"3630\" src=\"https:\/\/littorelles.org\/wp-content\/uploads\/2023\/02\/g.jpg\" alt=\"\" class=\"wp-image-3630\"\/><\/a><\/figure>\n\n\n\n<figure class=\"wp-block-image size-large\"><a href=\"https:\/\/littorelles.org\/wp-content\/uploads\/2023\/02\/h.jpg\"><img decoding=\"async\" data-id=\"3631\" src=\"https:\/\/littorelles.org\/wp-content\/uploads\/2023\/02\/h.jpg\" alt=\"\" class=\"wp-image-3631\"\/><\/a><\/figure>\n\n\n\n<figure class=\"wp-block-image size-large\"><a href=\"https:\/\/littorelles.org\/wp-content\/uploads\/2023\/02\/i.jpg\"><img decoding=\"async\" data-id=\"3632\" src=\"https:\/\/littorelles.org\/wp-content\/uploads\/2023\/02\/i.jpg\" alt=\"\" class=\"wp-image-3632\"\/><\/a><\/figure>\n\n\n\n<figure class=\"wp-block-image size-large\"><a href=\"https:\/\/littorelles.org\/wp-content\/uploads\/2023\/02\/y.jpg\"><img decoding=\"async\" data-id=\"3623\" src=\"https:\/\/littorelles.org\/wp-content\/uploads\/2023\/02\/y.jpg\" alt=\"\" class=\"wp-image-3623\"\/><\/a><\/figure>\n\n\n\n<figure class=\"wp-block-image size-large\"><a href=\"https:\/\/littorelles.org\/wp-content\/uploads\/2023\/02\/j.jpg\"><img decoding=\"async\" data-id=\"3635\" src=\"https:\/\/littorelles.org\/wp-content\/uploads\/2023\/02\/j.jpg\" alt=\"\" class=\"wp-image-3635\"\/><\/a><\/figure>\n\n\n\n<figure class=\"wp-block-image size-large\"><a href=\"https:\/\/littorelles.org\/wp-content\/uploads\/2023\/02\/k.jpg\"><img decoding=\"async\" data-id=\"3633\" src=\"https:\/\/littorelles.org\/wp-content\/uploads\/2023\/02\/k.jpg\" alt=\"\" class=\"wp-image-3633\"\/><\/a><\/figure>\n\n\n\n<figure class=\"wp-block-image size-full\"><a href=\"littorelles.org\/wp-content\/uploads\/2023\/02\/y.jpg\"><img decoding=\"async\" data-id=\"3623\" src=\"littorelles.org\/wp-content\/uploads\/2023\/02\/y.jpg\" alt=\"\" class=\"wp-image-3623\"\/><\/a><\/figure>\n<\/figure>\n","protected":false},"excerpt":{"rendered":"<p>Anne Sophie Bertrand a merveilleusement donn\u00e9 son r\u00e9cital \u00ab\u00a0TRANSATLANTIQUES\u00a0\u00bb pour les Littor&rsquo;elles &#8211; ce fut un moment d\u00e9licieux et partag\u00e9. Nous avons \u00e9galement eu \u00a0\u00bb un d\u00e9jeuner de l&rsquo;Avent\u00a0\u00bb particuli\u00e8rement agr\u00e9able, amical et raffin\u00e9 aux Jardins de la Matelote de Terlincthun &#8211; Une tr\u00e8s belle journ\u00e9e de l&rsquo;avis de toutes les participantes A la fin &hellip; <a href=\"https:\/\/www.littorelles.org\/?page_id=3619\" class=\"more-link\">Continuer la lecture de <span class=\"screen-reader-text\">D\u00e9jeuner de l&rsquo;Avent 2023<\/span> <span class=\"meta-nav\">&rarr;<\/span><\/a><\/p>\n","protected":false},"author":1,"featured_media":0,"parent":3460,"menu_order":0,"comment_status":"closed","ping_status":"closed","template":"","meta":{"ngg_post_thumbnail":0,"footnotes":""},"class_list":["post-3619","page","type-page","status-publish","hentry"],"_links":{"self":[{"href":"https:\/\/www.littorelles.org\/index.php?rest_route=\/wp\/v2\/pages\/3619","targetHints":{"allow":["GET"]}}],"collection":[{"href":"https:\/\/www.littorelles.org\/index.php?rest_route=\/wp\/v2\/pages"}],"about":[{"href":"https:\/\/www.littorelles.org\/index.php?rest_route=\/wp\/v2\/types\/page"}],"author":[{"embeddable":true,"href":"https:\/\/www.littorelles.org\/index.php?rest_route=\/wp\/v2\/users\/1"}],"replies":[{"embeddable":true,"href":"https:\/\/www.littorelles.org\/index.php?rest_route=%2Fwp%2Fv2%2Fcomments&post=3619"}],"version-history":[{"count":0,"href":"https:\/\/www.littorelles.org\/index.php?rest_route=\/wp\/v2\/pages\/3619\/revisions"}],"up":[{"embeddable":true,"href":"https:\/\/www.littorelles.org\/index.php?rest_route=\/wp\/v2\/pages\/3460"}],"wp:attachment":[{"href":"https:\/\/www.littorelles.org\/index.php?rest_route=%2Fwp%2Fv2%2Fmedia&parent=3619"}],"curies":[{"name":"wp","href":"https:\/\/api.w.org\/{rel}","templated":true}]}}