{"id":360,"date":"2014-01-30T01:53:43","date_gmt":"2014-01-30T00:53:43","guid":{"rendered":"http:\/\/littorelles.org\/?page_id=360"},"modified":"2025-12-18T16:59:46","modified_gmt":"2025-12-18T15:59:46","slug":"programme","status":"publish","type":"page","link":"https:\/\/www.littorelles.org\/?page_id=360","title":{"rendered":"Programme 2026"},"content":{"rendered":"\n<figure class=\"wp-block-image size-full\"><a href=\"https:\/\/www.littorelles.org\/wp-content\/uploads\/2025\/12\/pirates.webp\"><img loading=\"lazy\" decoding=\"async\" width=\"1200\" height=\"855\" src=\"https:\/\/www.littorelles.org\/wp-content\/uploads\/2025\/12\/pirates.webp\" alt=\"\" class=\"wp-image-4735\" srcset=\"https:\/\/www.littorelles.org\/wp-content\/uploads\/2025\/12\/pirates.webp 1200w, https:\/\/www.littorelles.org\/wp-content\/uploads\/2025\/12\/pirates-300x214.webp 300w, https:\/\/www.littorelles.org\/wp-content\/uploads\/2025\/12\/pirates-1024x730.webp 1024w, https:\/\/www.littorelles.org\/wp-content\/uploads\/2025\/12\/pirates-768x547.webp 768w\" sizes=\"auto, (max-width: 1200px) 100vw, 1200px\" \/><\/a><\/figure>\n\n\n\n<p><strong>&nbsp;<\/strong><\/p>\n\n\n\n<p class=\"has-large-font-size\"><\/p>\n\n\n\n<p><strong>Jeudi 22 janvier<\/strong><br>D\u00e9jeuner des Reines \u00e0 la Matelote de Boulogne sur Mer<br><em>Christine responsable<\/em><\/p>\n\n\n\n<p><strong>Mardi 3 f\u00e9vrier<\/strong><br>Rencontre musicale avec Fran\u00e7is POULENC, conf\u00e9rence de Sylvie AERTS<br><em>Brigitte responsable<\/em><\/p>\n\n\n\n<p><strong>Lundi 2 mars\u00a0<\/strong><br>Rencontre maritime avec les pirates et les corsaires, conf\u00e9rence de Florian Maurea<br><em>\u00a0Anne responsabl<\/em>e<\/p>\n\n\n\n<p><strong>Jeudi 12 mars<\/strong><br>Paris &#8211; Maison de Victor Hugo et Notre Dame de Paris &#8211; visites\u00a0guid\u00e9es\u00a0<br><em>Christine Responsable<\/em><\/p>\n\n\n\n<p><\/p>\n","protected":false},"excerpt":{"rendered":"<p>&nbsp; Jeudi 22 janvierD\u00e9jeuner des Reines \u00e0 la Matelote de Boulogne sur MerChristine responsable Mardi 3 f\u00e9vrierRencontre musicale avec Fran\u00e7is POULENC, conf\u00e9rence de Sylvie AERTSBrigitte responsable Lundi 2 mars\u00a0Rencontre maritime avec les pirates et les corsaires, conf\u00e9rence de Florian Maurea\u00a0Anne responsable Jeudi 12 marsParis &#8211; Maison de Victor Hugo et Notre Dame de Paris &#8211; &hellip; <a href=\"https:\/\/www.littorelles.org\/?page_id=360\" class=\"more-link\">Continuer la lecture de <span class=\"screen-reader-text\">Programme 2026<\/span> <span class=\"meta-nav\">&rarr;<\/span><\/a><\/p>\n","protected":false},"author":1,"featured_media":0,"parent":0,"menu_order":2,"comment_status":"closed","ping_status":"open","template":"","meta":{"ngg_post_thumbnail":0,"footnotes":""},"class_list":["post-360","page","type-page","status-publish","hentry"],"_links":{"self":[{"href":"https:\/\/www.littorelles.org\/index.php?rest_route=\/wp\/v2\/pages\/360","targetHints":{"allow":["GET"]}}],"collection":[{"href":"https:\/\/www.littorelles.org\/index.php?rest_route=\/wp\/v2\/pages"}],"about":[{"href":"https:\/\/www.littorelles.org\/index.php?rest_route=\/wp\/v2\/types\/page"}],"author":[{"embeddable":true,"href":"https:\/\/www.littorelles.org\/index.php?rest_route=\/wp\/v2\/users\/1"}],"replies":[{"embeddable":true,"href":"https:\/\/www.littorelles.org\/index.php?rest_route=%2Fwp%2Fv2%2Fcomments&post=360"}],"version-history":[{"count":5,"href":"https:\/\/www.littorelles.org\/index.php?rest_route=\/wp\/v2\/pages\/360\/revisions"}],"predecessor-version":[{"id":4736,"href":"https:\/\/www.littorelles.org\/index.php?rest_route=\/wp\/v2\/pages\/360\/revisions\/4736"}],"wp:attachment":[{"href":"https:\/\/www.littorelles.org\/index.php?rest_route=%2Fwp%2Fv2%2Fmedia&parent=360"}],"curies":[{"name":"wp","href":"https:\/\/api.w.org\/{rel}","templated":true}]}}