{"id":3512,"date":"2022-07-07T02:24:20","date_gmt":"2022-07-07T01:24:20","guid":{"rendered":"https:\/\/littorelles.org\/?page_id=3512"},"modified":"2022-07-07T02:24:20","modified_gmt":"2022-07-07T01:24:20","slug":"taiwan-et-moi-une-approche-de-la-civilisation-chinoise","status":"publish","type":"page","link":"https:\/\/www.littorelles.org\/?page_id=3512","title":{"rendered":"TA\u00cfWAN et MOI Une Approche de la civilisation Chinoise"},"content":{"rendered":"\n<p>\u00ab\u00a0Aujourd&rsquo;hui le monde entier conna\u00eet la Chine , civilisation plurimill\u00e9naire, \u00e9blouissante et gigantesque partenaire commercial. Mais qui devine les richesses de la petite d\u00e9mocratie de Ta\u00a8wan, dont la superficie d\u00e9passe \u00e0 peine celle de la Belgique.Une \u00eele aux for\u00eats primaires,&nbsp; aux vari\u00e9t\u00e9s infinies de bougainvilliers et des papillons, elle pr\u00e9serve les tr\u00e9sors les plus pr\u00e9cieux des Empereurs de l&rsquo;Empire du Milieu, mais aussi quelques une de ses traditions culinaires ancestrales, de m\u00eame que des saveurs oubli\u00e9es du portugal, et du Japon, pays qui s&rsquo;y sont install\u00e9s pour un temps\u00a0\u00bb<\/p>\n\n\n\n<p>Constance Barreault, aujourd&rsquo;hui sp\u00e9cialiste d&rsquo;art et de la civilisation asiatiques, nous a relat\u00e9 sa d\u00e9couverte de TA\u00cfWAN : l&rsquo;histoire, l&rsquo;importance du dragon et ses divers symboles, la r\u00e9ussite \u00e9conomique, le danger de son voisin la Chine, le peuple travailleur,&nbsp; les influences des divers conqu\u00e9rants,&nbsp; l&rsquo;agriculture (riz-noix de b\u00e9tel), les artistes Ta\u00efwanais contemporains, son d\u00e9sir d&rsquo;attirer les touristes par la culture&#8230;.<\/p>\n\n\n\n<p>Une apr\u00e8s midi d\u00e9couverte passionnante sur un sujet sensible en g\u00e9opolitique<\/p>\n\n\n\n<figure class=\"wp-block-gallery has-nested-images columns-default is-cropped wp-block-gallery-1 is-layout-flex wp-block-gallery-is-layout-flex\">\n<figure class=\"wp-block-image size-large is-style-default\"><a href=\"https:\/\/littorelles.org\/wp-content\/uploads\/2022\/07\/IMG_2818-rotated.jpg\"><img decoding=\"async\" data-id=\"3516\" src=\"https:\/\/littorelles.org\/wp-content\/uploads\/2022\/07\/IMG_2818-rotated.jpg\" alt=\"\" class=\"wp-image-3516\"\/><\/a><\/figure>\n\n\n\n<figure class=\"wp-block-image size-large is-style-default\"><a href=\"https:\/\/littorelles.org\/wp-content\/uploads\/2022\/07\/IMG_2820-rotated.jpg\"><img decoding=\"async\" data-id=\"3514\" src=\"https:\/\/littorelles.org\/wp-content\/uploads\/2022\/07\/IMG_2820-rotated.jpg\" alt=\"\" class=\"wp-image-3514\"\/><\/a><\/figure>\n\n\n\n<figure class=\"wp-block-image size-large is-style-default\"><a href=\"https:\/\/littorelles.org\/wp-content\/uploads\/2022\/07\/IMG_2815-rotated.jpg\"><img decoding=\"async\" data-id=\"3513\" src=\"https:\/\/littorelles.org\/wp-content\/uploads\/2022\/07\/IMG_2815-rotated.jpg\" alt=\"\" class=\"wp-image-3513\"\/><\/a><\/figure>\n\n\n\n<figure class=\"wp-block-image size-large is-style-default\"><a href=\"https:\/\/littorelles.org\/wp-content\/uploads\/2022\/07\/IMG_2821.jpg\"><img decoding=\"async\" data-id=\"3515\" src=\"https:\/\/littorelles.org\/wp-content\/uploads\/2022\/07\/IMG_2821.jpg\" alt=\"\" class=\"wp-image-3515\"\/><\/a><\/figure>\n<\/figure>\n","protected":false},"excerpt":{"rendered":"<p>\u00ab\u00a0Aujourd&rsquo;hui le monde entier conna\u00eet la Chine , civilisation plurimill\u00e9naire, \u00e9blouissante et gigantesque partenaire commercial. Mais qui devine les richesses de la petite d\u00e9mocratie de Ta\u00a8wan, dont la superficie d\u00e9passe \u00e0 peine celle de la Belgique.Une \u00eele aux for\u00eats primaires,&nbsp; aux vari\u00e9t\u00e9s infinies de bougainvilliers et des papillons, elle pr\u00e9serve les tr\u00e9sors les plus pr\u00e9cieux &hellip; <a href=\"https:\/\/www.littorelles.org\/?page_id=3512\" class=\"more-link\">Continuer la lecture de <span class=\"screen-reader-text\">TA\u00cfWAN et MOI Une Approche de la civilisation Chinoise<\/span> <span class=\"meta-nav\">&rarr;<\/span><\/a><\/p>\n","protected":false},"author":1,"featured_media":0,"parent":3460,"menu_order":0,"comment_status":"closed","ping_status":"closed","template":"","meta":{"ngg_post_thumbnail":0,"footnotes":""},"class_list":["post-3512","page","type-page","status-publish","hentry"],"_links":{"self":[{"href":"https:\/\/www.littorelles.org\/index.php?rest_route=\/wp\/v2\/pages\/3512","targetHints":{"allow":["GET"]}}],"collection":[{"href":"https:\/\/www.littorelles.org\/index.php?rest_route=\/wp\/v2\/pages"}],"about":[{"href":"https:\/\/www.littorelles.org\/index.php?rest_route=\/wp\/v2\/types\/page"}],"author":[{"embeddable":true,"href":"https:\/\/www.littorelles.org\/index.php?rest_route=\/wp\/v2\/users\/1"}],"replies":[{"embeddable":true,"href":"https:\/\/www.littorelles.org\/index.php?rest_route=%2Fwp%2Fv2%2Fcomments&post=3512"}],"version-history":[{"count":0,"href":"https:\/\/www.littorelles.org\/index.php?rest_route=\/wp\/v2\/pages\/3512\/revisions"}],"up":[{"embeddable":true,"href":"https:\/\/www.littorelles.org\/index.php?rest_route=\/wp\/v2\/pages\/3460"}],"wp:attachment":[{"href":"https:\/\/www.littorelles.org\/index.php?rest_route=%2Fwp%2Fv2%2Fmedia&parent=3512"}],"curies":[{"name":"wp","href":"https:\/\/api.w.org\/{rel}","templated":true}]}}