{"id":3483,"date":"2022-07-07T02:18:22","date_gmt":"2022-07-07T01:18:22","guid":{"rendered":"https:\/\/littorelles.org\/?page_id=3483"},"modified":"2022-07-07T02:18:22","modified_gmt":"2022-07-07T01:18:22","slug":"une-journee-de-printemps-au-domaine-royal-de-mariemont","status":"publish","type":"page","link":"https:\/\/www.littorelles.org\/?page_id=3483","title":{"rendered":"Une journ\u00e9e de printemps au domaine Royal de Mariemont"},"content":{"rendered":"\n<p>Raoul WAROQIE avait la passion des grandes civilisations d&rsquo;Europe et d&rsquo;Asie&nbsp; et du pass\u00e9 de sa r\u00e9gion ; tout au long de sa vie il a rassembl\u00e9 des objets de fa\u00e7on \u00e9clectique<br>En 1975 un mus\u00e9e a \u00e9t\u00e9 inaugur\u00e9 ; le b\u00e2timent est sobre, bien \u00e9clair\u00e9 et nous avons d\u00e9couvert des tr\u00e9sors.En effet Raoul WAROQUE a consacr\u00e9 une grande partie de sa fortune pour acqu\u00e9rir des chef-d&rsquo;\u0153uvre de l&rsquo;antiquit\u00e9 : des fresques de Pomp\u00e9\u00ef, des statues grecques ou romaines, des antiquit\u00e9s \u00e9gyptiennes&#8230;.Sa passion \u00e9galement pour l&rsquo;Orient nous a permis de d\u00e9couvrir des oeuvres chinoises et japonaises&nbsp;<br>Il s&rsquo;est int\u00e9ress\u00e9 aussi au pass\u00e9 de sa r\u00e9gion , le Hainaut,&nbsp; avec des collections gallo-romaines et m\u00e9rovingiennes mais aussi de tr\u00e8s belles collections de porcelaines de Tournai principalement&#8230;Nous avons eu deux conf\u00e9renci\u00e8res exceptionnelles pour nous parler de ces \u0153uvres vari\u00e9es..&nbsp;<br>L&rsquo;exposition temporaire sur la femme chinoise nous a donn\u00e9 un portrait moderne de la femme chinoise, bien loin des st\u00e9r\u00e9otypes h\u00e9rit\u00e9s de la fin du 19\u00e8me sic\u00e8cle..Sachant qu&rsquo;une femme sur 5 est chinoise, le sort des femme est li\u00e9 \u00e0 la politique de ce pays et \u00e0 chaque \u00e9poque elle a du lutter pour y trouver sa place(Pieds band\u00e9s, limitation des naissances, travail des champs..)La pluie s&rsquo;\u00e9tant arr\u00eat\u00e9e, nous avons eu le temps de visiter cet incroyable parc avec des arbres majestueux<br>Ce fut une journ\u00e9e tr\u00e8s appr\u00e9ci\u00e9e<\/p>\n\n\n\n<figure class=\"wp-block-gallery has-nested-images columns-default is-cropped wp-block-gallery-1 is-layout-flex wp-block-gallery-is-layout-flex\">\n<figure class=\"wp-block-image size-large is-style-default\"><a href=\"https:\/\/littorelles.org\/wp-content\/uploads\/2022\/07\/1-rotated.jpg\"><img decoding=\"async\" data-id=\"3485\" src=\"https:\/\/littorelles.org\/wp-content\/uploads\/2022\/07\/1-rotated.jpg\" alt=\"\" class=\"wp-image-3485\"\/><\/a><\/figure>\n\n\n\n<figure class=\"wp-block-image size-large is-style-default\"><a href=\"https:\/\/littorelles.org\/wp-content\/uploads\/2022\/07\/2.jpg\"><img decoding=\"async\" data-id=\"3484\" src=\"https:\/\/littorelles.org\/wp-content\/uploads\/2022\/07\/2.jpg\" alt=\"\" class=\"wp-image-3484\"\/><\/a><\/figure>\n\n\n\n<figure class=\"wp-block-image size-large is-style-default\"><a href=\"https:\/\/littorelles.org\/wp-content\/uploads\/2022\/07\/3-bis-rotated.jpg\"><img decoding=\"async\" data-id=\"3488\" src=\"https:\/\/littorelles.org\/wp-content\/uploads\/2022\/07\/3-bis-rotated.jpg\" alt=\"\" class=\"wp-image-3488\"\/><\/a><\/figure>\n\n\n\n<figure class=\"wp-block-image size-large is-style-default\"><a href=\"https:\/\/littorelles.org\/wp-content\/uploads\/2022\/07\/3.jpg\"><img decoding=\"async\" data-id=\"3487\" src=\"https:\/\/littorelles.org\/wp-content\/uploads\/2022\/07\/3.jpg\" alt=\"\" class=\"wp-image-3487\"\/><\/a><\/figure>\n\n\n\n<figure class=\"wp-block-image size-large is-style-default\"><a href=\"https:\/\/littorelles.org\/wp-content\/uploads\/2022\/07\/4.jpg\"><img decoding=\"async\" data-id=\"3486\" src=\"https:\/\/littorelles.org\/wp-content\/uploads\/2022\/07\/4.jpg\" alt=\"\" class=\"wp-image-3486\"\/><\/a><\/figure>\n\n\n\n<figure class=\"wp-block-image size-large is-style-default\"><a href=\"https:\/\/littorelles.org\/wp-content\/uploads\/2022\/07\/5-rotated.jpg\"><img decoding=\"async\" data-id=\"3489\" src=\"https:\/\/littorelles.org\/wp-content\/uploads\/2022\/07\/5-rotated.jpg\" alt=\"\" class=\"wp-image-3489\"\/><\/a><\/figure>\n\n\n\n<figure class=\"wp-block-image size-large is-style-default\"><a href=\"https:\/\/littorelles.org\/wp-content\/uploads\/2022\/07\/6-bis.jpg\"><img decoding=\"async\" data-id=\"3490\" src=\"https:\/\/littorelles.org\/wp-content\/uploads\/2022\/07\/6-bis.jpg\" alt=\"\" class=\"wp-image-3490\"\/><\/a><\/figure>\n\n\n\n<figure class=\"wp-block-image size-large is-style-default\"><a href=\"https:\/\/littorelles.org\/wp-content\/uploads\/2022\/07\/6.jpg\"><img decoding=\"async\" data-id=\"3492\" src=\"https:\/\/littorelles.org\/wp-content\/uploads\/2022\/07\/6.jpg\" alt=\"\" class=\"wp-image-3492\"\/><\/a><\/figure>\n\n\n\n<figure class=\"wp-block-image size-large is-style-default\"><a href=\"https:\/\/littorelles.org\/wp-content\/uploads\/2022\/07\/7-bis-rotated.jpg\"><img decoding=\"async\" data-id=\"3493\" src=\"https:\/\/littorelles.org\/wp-content\/uploads\/2022\/07\/7-bis-rotated.jpg\" alt=\"\" class=\"wp-image-3493\"\/><\/a><\/figure>\n\n\n\n<figure class=\"wp-block-image size-large is-style-default\"><a href=\"https:\/\/littorelles.org\/wp-content\/uploads\/2022\/07\/7.jpg\"><img decoding=\"async\" data-id=\"3491\" src=\"https:\/\/littorelles.org\/wp-content\/uploads\/2022\/07\/7.jpg\" alt=\"\" class=\"wp-image-3491\"\/><\/a><\/figure>\n\n\n\n<figure class=\"wp-block-image size-large is-style-default\"><a href=\"https:\/\/littorelles.org\/wp-content\/uploads\/2022\/07\/14-1-rotated.jpg\"><img decoding=\"async\" data-id=\"3543\" src=\"https:\/\/littorelles.org\/wp-content\/uploads\/2022\/07\/14-1-rotated.jpg\" alt=\"\" class=\"wp-image-3543\"\/><\/a><\/figure>\n\n\n\n<figure class=\"wp-block-image size-large is-style-default\"><a href=\"https:\/\/littorelles.org\/wp-content\/uploads\/2022\/07\/16-rotated.jpg\"><img decoding=\"async\" data-id=\"3542\" src=\"https:\/\/littorelles.org\/wp-content\/uploads\/2022\/07\/16-rotated.jpg\" alt=\"\" class=\"wp-image-3542\"\/><\/a><\/figure>\n\n\n\n<figure class=\"wp-block-image size-large is-style-default\"><a href=\"https:\/\/littorelles.org\/wp-content\/uploads\/2022\/07\/17-rotated.jpg\"><img decoding=\"async\" data-id=\"3541\" src=\"https:\/\/littorelles.org\/wp-content\/uploads\/2022\/07\/17-rotated.jpg\" alt=\"\" class=\"wp-image-3541\"\/><\/a><\/figure>\n\n\n\n<figure class=\"wp-block-image size-large is-style-default\"><a href=\"https:\/\/littorelles.org\/wp-content\/uploads\/2022\/07\/18.jpg\"><img decoding=\"async\" data-id=\"3540\" src=\"https:\/\/littorelles.org\/wp-content\/uploads\/2022\/07\/18.jpg\" alt=\"\" class=\"wp-image-3540\"\/><\/a><\/figure>\n\n\n\n<figure class=\"wp-block-image size-large is-style-default\"><a href=\"https:\/\/littorelles.org\/wp-content\/uploads\/2022\/07\/19-rotated.jpg\"><img decoding=\"async\" data-id=\"3544\" src=\"https:\/\/littorelles.org\/wp-content\/uploads\/2022\/07\/19-rotated.jpg\" alt=\"\" class=\"wp-image-3544\"\/><\/a><\/figure>\n\n\n\n<figure class=\"wp-block-image size-large is-style-default\"><a href=\"https:\/\/littorelles.org\/wp-content\/uploads\/2022\/07\/8-1.jpg\"><img decoding=\"async\" data-id=\"3545\" src=\"https:\/\/littorelles.org\/wp-content\/uploads\/2022\/07\/8-1.jpg\" alt=\"\" class=\"wp-image-3545\"\/><\/a><\/figure>\n\n\n\n<figure class=\"wp-block-image size-large is-style-default\"><a href=\"https:\/\/littorelles.org\/wp-content\/uploads\/2022\/07\/9-rotated.jpg\"><img decoding=\"async\" data-id=\"3546\" src=\"https:\/\/littorelles.org\/wp-content\/uploads\/2022\/07\/9-rotated.jpg\" alt=\"\" class=\"wp-image-3546\"\/><\/a><\/figure>\n\n\n\n<figure class=\"wp-block-image size-large is-style-default\"><a href=\"https:\/\/littorelles.org\/wp-content\/uploads\/2022\/07\/10-1-rotated.jpg\"><img decoding=\"async\" data-id=\"3547\" src=\"https:\/\/littorelles.org\/wp-content\/uploads\/2022\/07\/10-1-rotated.jpg\" alt=\"\" class=\"wp-image-3547\"\/><\/a><\/figure>\n\n\n\n<figure class=\"wp-block-image size-large is-style-default\"><a href=\"https:\/\/littorelles.org\/wp-content\/uploads\/2022\/07\/12-1.jpg\"><img decoding=\"async\" data-id=\"3548\" src=\"https:\/\/littorelles.org\/wp-content\/uploads\/2022\/07\/12-1.jpg\" alt=\"\" class=\"wp-image-3548\"\/><\/a><\/figure>\n\n\n\n<figure class=\"wp-block-image size-large is-style-default\"><a href=\"https:\/\/littorelles.org\/wp-content\/uploads\/2022\/07\/13-1.jpg\"><img decoding=\"async\" data-id=\"3549\" src=\"https:\/\/littorelles.org\/wp-content\/uploads\/2022\/07\/13-1.jpg\" alt=\"\" class=\"wp-image-3549\"\/><\/a><\/figure>\n\n\n\n<figure class=\"wp-block-image size-large is-style-default\"><a href=\"https:\/\/littorelles.org\/wp-content\/uploads\/2022\/07\/20-rotated.jpg\"><img decoding=\"async\" data-id=\"3551\" src=\"https:\/\/littorelles.org\/wp-content\/uploads\/2022\/07\/20-rotated.jpg\" alt=\"\" class=\"wp-image-3551\"\/><\/a><\/figure>\n\n\n\n<figure class=\"wp-block-image size-large is-style-default\"><a href=\"https:\/\/littorelles.org\/wp-content\/uploads\/2022\/07\/21.jpg\"><img decoding=\"async\" data-id=\"3550\" src=\"https:\/\/littorelles.org\/wp-content\/uploads\/2022\/07\/21.jpg\" alt=\"\" class=\"wp-image-3550\"\/><\/a><\/figure>\n\n\n\n<figure class=\"wp-block-image size-large is-style-default\"><a href=\"https:\/\/littorelles.org\/wp-content\/uploads\/2022\/07\/22-rotated.jpg\"><img decoding=\"async\" data-id=\"3552\" src=\"https:\/\/littorelles.org\/wp-content\/uploads\/2022\/07\/22-rotated.jpg\" alt=\"\" class=\"wp-image-3552\"\/><\/a><\/figure>\n<\/figure>\n","protected":false},"excerpt":{"rendered":"<p>Raoul WAROQIE avait la passion des grandes civilisations d&rsquo;Europe et d&rsquo;Asie&nbsp; et du pass\u00e9 de sa r\u00e9gion ; tout au long de sa vie il a rassembl\u00e9 des objets de fa\u00e7on \u00e9clectiqueEn 1975 un mus\u00e9e a \u00e9t\u00e9 inaugur\u00e9 ; le b\u00e2timent est sobre, bien \u00e9clair\u00e9 et nous avons d\u00e9couvert des tr\u00e9sors.En effet Raoul WAROQUE a &hellip; <a href=\"https:\/\/www.littorelles.org\/?page_id=3483\" class=\"more-link\">Continuer la lecture de <span class=\"screen-reader-text\">Une journ\u00e9e de printemps au domaine Royal de Mariemont<\/span> <span class=\"meta-nav\">&rarr;<\/span><\/a><\/p>\n","protected":false},"author":1,"featured_media":0,"parent":3460,"menu_order":0,"comment_status":"closed","ping_status":"closed","template":"","meta":{"ngg_post_thumbnail":0,"footnotes":""},"class_list":["post-3483","page","type-page","status-publish","hentry"],"_links":{"self":[{"href":"https:\/\/www.littorelles.org\/index.php?rest_route=\/wp\/v2\/pages\/3483","targetHints":{"allow":["GET"]}}],"collection":[{"href":"https:\/\/www.littorelles.org\/index.php?rest_route=\/wp\/v2\/pages"}],"about":[{"href":"https:\/\/www.littorelles.org\/index.php?rest_route=\/wp\/v2\/types\/page"}],"author":[{"embeddable":true,"href":"https:\/\/www.littorelles.org\/index.php?rest_route=\/wp\/v2\/users\/1"}],"replies":[{"embeddable":true,"href":"https:\/\/www.littorelles.org\/index.php?rest_route=%2Fwp%2Fv2%2Fcomments&post=3483"}],"version-history":[{"count":0,"href":"https:\/\/www.littorelles.org\/index.php?rest_route=\/wp\/v2\/pages\/3483\/revisions"}],"up":[{"embeddable":true,"href":"https:\/\/www.littorelles.org\/index.php?rest_route=\/wp\/v2\/pages\/3460"}],"wp:attachment":[{"href":"https:\/\/www.littorelles.org\/index.php?rest_route=%2Fwp%2Fv2%2Fmedia&parent=3483"}],"curies":[{"name":"wp","href":"https:\/\/api.w.org\/{rel}","templated":true}]}}