{"id":3401,"date":"2022-02-14T03:39:04","date_gmt":"2022-02-14T02:39:04","guid":{"rendered":"https:\/\/littorelles.org\/?page_id=3401"},"modified":"2022-02-14T03:39:04","modified_gmt":"2022-02-14T02:39:04","slug":"experience-goya-2021-lille","status":"publish","type":"page","link":"https:\/\/www.littorelles.org\/?page_id=3401","title":{"rendered":"Exp\u00e9rience Goya 2021 &#8211; LILLE"},"content":{"rendered":"\n<p>Une occasion agr\u00e9able de se retrouver \u00e0 Lille pour l&rsquo;exposition GOYA &#8211; \u00e0 partir d&rsquo;une oeuvre du Mus\u00e9e de Lille &#8211; nous accompagnons le parcours du peintre et sa p\u00e9riode noire avec la reconstitution de sa maison<br>Une exp\u00e9rience immersive, esth\u00e9tique et sensorielle (vid\u00e9os, ambiances sonores\u2026)<\/p>\n\n\n\n<figure class=\"wp-block-embed is-type-video is-provider-youtube wp-block-embed-youtube wp-embed-aspect-4-3 wp-has-aspect-ratio\"><div class=\"wp-block-embed__wrapper\">\n<iframe loading=\"lazy\" title=\"Tout savoir sur Goya aux Beaux-Arts de Lille\" width=\"604\" height=\"453\" src=\"https:\/\/www.youtube.com\/embed\/RC1Wuvyv5T4?feature=oembed\" frameborder=\"0\" allow=\"accelerometer; autoplay; clipboard-write; encrypted-media; gyroscope; picture-in-picture; web-share\" referrerpolicy=\"strict-origin-when-cross-origin\" allowfullscreen><\/iframe>\n<\/div><\/figure>\n\n\n\n<p><\/p>\n\n\n\n<h2 class=\"wp-block-heading\" id=\"autour-de-deux-oeuvres\">Autour de deux \u0153uvres<\/h2>\n\n\n\n<p id=\"partant-de-la-vie-et-de-l-oeuvre-du-peintre-experience-goya-raconte-l-histoire-extraordinaire-de-deux-chefs-d-oeuvre-enigmatiques-du-palais-des-beaux-arts-les-vieilles-et-les-jeunes-realises-en-des-temps-troubles-la-guerre-entre-la-france-et-l-espagne-ces-tableaux-avaient-encore-des-choses-a-reveler\">Partant de la vie et de l\u2019\u0153uvre du peintre, Exp\u00e9rience Goya raconte l\u2019histoire extraordinaire de deux chefs-d\u2019\u0153uvre \u00e9nigmatiques du Palais des Beaux-arts : Les Vieilles et Les Jeunes. R\u00e9alis\u00e9s en des temps troubl\u00e9s (la guerre entre la France et l\u2019Espagne), ces tableaux avaient encore des choses \u00e0 r\u00e9v\u00e9ler.<\/p>\n\n\n\n<h2 class=\"wp-block-heading\" id=\"peintures-films-musique\">Peintures, films, musique\u2026<\/h2>\n\n\n\n<p>Dans cette expo, qui r\u00e9unit plus de 80 \u0153uvres, les sens sont presque tous en \u00e9bullition. Aux peintures et dessins expos\u00e9s se joignent des textes (notamment d\u2019hommes de lettres, comme Th\u00e9ophile Gautier ou Andr\u00e9 Malraux), documents d\u2019archives (lettres, esquisses\u2026), films (autour des \u0153uvres de l\u2019artiste ou inspir\u00e9s par son univers, passant de Leone \u00e0 Welles ou encore Forman), sculptures et vid\u00e9os (contemplatives ou explicatives)<\/p>\n\n\n\n<figure class=\"wp-block-gallery has-nested-images columns-default is-cropped wp-block-gallery-1 is-layout-flex wp-block-gallery-is-layout-flex\">\n<figure class=\"wp-block-image size-large is-style-default\"><a href=\"https:\/\/littorelles.org\/wp-content\/uploads\/2022\/02\/IMG_0187.jpg\"><img decoding=\"async\" data-id=\"3405\" src=\"https:\/\/littorelles.org\/wp-content\/uploads\/2022\/02\/IMG_0187.jpg\" alt=\"\" class=\"wp-image-3405\"\/><\/a><\/figure>\n\n\n\n<figure class=\"wp-block-image size-large is-style-default\"><a href=\"https:\/\/littorelles.org\/wp-content\/uploads\/2022\/02\/IMG_0192-rotated.jpg\"><img decoding=\"async\" data-id=\"3402\" src=\"https:\/\/littorelles.org\/wp-content\/uploads\/2022\/02\/IMG_0192-rotated.jpg\" alt=\"\" class=\"wp-image-3402\"\/><\/a><\/figure>\n\n\n\n<figure class=\"wp-block-image size-large is-style-default\"><a href=\"https:\/\/littorelles.org\/wp-content\/uploads\/2022\/02\/IMG_0200-rotated.jpg\"><img decoding=\"async\" data-id=\"3403\" src=\"https:\/\/littorelles.org\/wp-content\/uploads\/2022\/02\/IMG_0200-rotated.jpg\" alt=\"\" class=\"wp-image-3403\"\/><\/a><\/figure>\n\n\n\n<figure class=\"wp-block-image size-large is-style-default\"><a href=\"https:\/\/littorelles.org\/wp-content\/uploads\/2022\/02\/IMG_0212-rotated.jpg\"><img decoding=\"async\" data-id=\"3406\" src=\"https:\/\/littorelles.org\/wp-content\/uploads\/2022\/02\/IMG_0212-rotated.jpg\" alt=\"\" class=\"wp-image-3406\"\/><\/a><\/figure>\n\n\n\n<figure class=\"wp-block-image size-large is-style-default\"><a href=\"https:\/\/littorelles.org\/wp-content\/uploads\/2022\/02\/IMG_0215.jpg\"><img decoding=\"async\" data-id=\"3404\" src=\"https:\/\/littorelles.org\/wp-content\/uploads\/2022\/02\/IMG_0215.jpg\" alt=\"\" class=\"wp-image-3404\"\/><\/a><\/figure>\n\n\n\n<figure class=\"wp-block-image size-large is-style-default\"><a href=\"https:\/\/littorelles.org\/wp-content\/uploads\/2022\/02\/IMG_0229-rotated.jpg\"><img decoding=\"async\" data-id=\"3407\" src=\"https:\/\/littorelles.org\/wp-content\/uploads\/2022\/02\/IMG_0229-rotated.jpg\" alt=\"\" class=\"wp-image-3407\"\/><\/a><\/figure>\n\n\n\n<figure class=\"wp-block-image size-large is-style-default\"><a href=\"https:\/\/littorelles.org\/wp-content\/uploads\/2022\/02\/IMG_0248-rotated.jpg\"><img decoding=\"async\" data-id=\"3408\" src=\"https:\/\/littorelles.org\/wp-content\/uploads\/2022\/02\/IMG_0248-rotated.jpg\" alt=\"\" class=\"wp-image-3408\"\/><\/a><\/figure>\n\n\n\n<figure class=\"wp-block-image size-large is-style-default\"><a href=\"https:\/\/littorelles.org\/wp-content\/uploads\/2022\/02\/IMG_0249-rotated.jpg\"><img decoding=\"async\" data-id=\"3412\" src=\"https:\/\/littorelles.org\/wp-content\/uploads\/2022\/02\/IMG_0249-rotated.jpg\" alt=\"\" class=\"wp-image-3412\"\/><\/a><\/figure>\n\n\n\n<figure class=\"wp-block-image size-large is-style-default\"><a href=\"https:\/\/littorelles.org\/wp-content\/uploads\/2022\/02\/IMG_0252-rotated.jpg\"><img decoding=\"async\" data-id=\"3409\" src=\"https:\/\/littorelles.org\/wp-content\/uploads\/2022\/02\/IMG_0252-rotated.jpg\" alt=\"\" class=\"wp-image-3409\"\/><\/a><\/figure>\n\n\n\n<figure class=\"wp-block-image size-large is-style-default\"><a href=\"https:\/\/littorelles.org\/wp-content\/uploads\/2022\/02\/IMG_0253-rotated.jpg\"><img decoding=\"async\" data-id=\"3410\" src=\"https:\/\/littorelles.org\/wp-content\/uploads\/2022\/02\/IMG_0253-rotated.jpg\" alt=\"\" class=\"wp-image-3410\"\/><\/a><\/figure>\n\n\n\n<figure class=\"wp-block-image size-large is-style-default\"><a href=\"https:\/\/littorelles.org\/wp-content\/uploads\/2022\/02\/IMG_0261-rotated.jpg\"><img decoding=\"async\" data-id=\"3411\" src=\"https:\/\/littorelles.org\/wp-content\/uploads\/2022\/02\/IMG_0261-rotated.jpg\" alt=\"\" class=\"wp-image-3411\"\/><\/a><\/figure>\n<\/figure>\n","protected":false},"excerpt":{"rendered":"<p>Une occasion agr\u00e9able de se retrouver \u00e0 Lille pour l&rsquo;exposition GOYA &#8211; \u00e0 partir d&rsquo;une oeuvre du Mus\u00e9e de Lille &#8211; nous accompagnons le parcours du peintre et sa p\u00e9riode noire avec la reconstitution de sa maisonUne exp\u00e9rience immersive, esth\u00e9tique et sensorielle (vid\u00e9os, ambiances sonores\u2026) Autour de deux \u0153uvres Partant de la vie et de &hellip; <a href=\"https:\/\/www.littorelles.org\/?page_id=3401\" class=\"more-link\">Continuer la lecture de <span class=\"screen-reader-text\">Exp\u00e9rience Goya 2021 &#8211; LILLE<\/span> <span class=\"meta-nav\">&rarr;<\/span><\/a><\/p>\n","protected":false},"author":1,"featured_media":0,"parent":3280,"menu_order":0,"comment_status":"closed","ping_status":"closed","template":"","meta":{"ngg_post_thumbnail":0,"footnotes":""},"class_list":["post-3401","page","type-page","status-publish","hentry"],"_links":{"self":[{"href":"https:\/\/www.littorelles.org\/index.php?rest_route=\/wp\/v2\/pages\/3401","targetHints":{"allow":["GET"]}}],"collection":[{"href":"https:\/\/www.littorelles.org\/index.php?rest_route=\/wp\/v2\/pages"}],"about":[{"href":"https:\/\/www.littorelles.org\/index.php?rest_route=\/wp\/v2\/types\/page"}],"author":[{"embeddable":true,"href":"https:\/\/www.littorelles.org\/index.php?rest_route=\/wp\/v2\/users\/1"}],"replies":[{"embeddable":true,"href":"https:\/\/www.littorelles.org\/index.php?rest_route=%2Fwp%2Fv2%2Fcomments&post=3401"}],"version-history":[{"count":0,"href":"https:\/\/www.littorelles.org\/index.php?rest_route=\/wp\/v2\/pages\/3401\/revisions"}],"up":[{"embeddable":true,"href":"https:\/\/www.littorelles.org\/index.php?rest_route=\/wp\/v2\/pages\/3280"}],"wp:attachment":[{"href":"https:\/\/www.littorelles.org\/index.php?rest_route=%2Fwp%2Fv2%2Fmedia&parent=3401"}],"curies":[{"name":"wp","href":"https:\/\/api.w.org\/{rel}","templated":true}]}}